{"id":107,"date":"2018-10-09T14:21:28","date_gmt":"2018-10-09T14:21:28","guid":{"rendered":"https:\/\/ffyh.unc.edu.ar\/sae\/?page_id=107"},"modified":"2026-02-12T16:23:23","modified_gmt":"2026-02-12T16:23:23","slug":"estudiantes-vocacionales","status":"publish","type":"page","link":"https:\/\/ffyh.unc.edu.ar\/sae\/tramites-administrativos\/estudiantes-vocacionales\/","title":{"rendered":"Estudiantes Vocacionales"},"content":{"rendered":"<h2><b>VOCACIONAL<\/b><\/h2>\n<p><span style=\"font-weight: 400\"> \u00a0\u00a0\u00a0\u00a0\u00a0\u00a0\u00a0\u00a0\u00a0\u00a0\u00a0\u00a0Es una figura que posibilita a une <\/span><span style=\"font-weight: 400\">estudiante o egresade argentine de alguna carrera de nivel superior del pa\u00eds <\/span><span style=\"font-weight: 400\">que desea completar o actualizar conocimiento, cursar asignaturas de las distintas carreras de grado que ofrece nuestra Unidad Acad\u00e9mica (u otras de la UNC).<\/span><\/p>\n<hr \/>\n<p style=\"text-align: center\"><strong>Procedimiento de recepci\u00f3n de Solicitudes de Inscripci\u00f3n y evaluaci\u00f3n de <\/strong><strong>ESTUDIANTES VOCACIONALES para espacios curriculares de las Carreras de Grado\u00a0<\/strong><\/p>\n<div class=\"entry-content\">\n<p style=\"text-align: center\"><strong>1\u00ba Cuatrimestre y anuales de 2026*<\/strong><\/p>\n<p>La Facultad de Filosof\u00eda y Humanidades abre inscripciones para cursar en condici\u00f3n de Estudiantes Vocacionales a los espacios curriculares de las carreras de grado, que se dictar\u00e1n en el Primer semestre y anuales del ciclo lectivo 2026.<\/p>\n<\/div>\n<div class=\"entry-content\">\n<p>Las inscripciones se llevar\u00e1n a cabo\u00a0<strong>desde el 18 al 27 de Febrero de 2026<\/strong><\/p>\n<\/div>\n<p>Conoc\u00e9 los requisitos y la informaci\u00f3n para inscribirte en el siguiente link:<\/p>\n<p><a href=\"https:\/\/ffyh.unc.edu.ar\/academica\/alumnxs-vocacionales\/\">ALUMNXS VOCACIONALES &#8211; SACA\u00a0<\/a><\/p>\n<p>&nbsp;<\/p>\n<p><strong>Reglamentaciones:<\/strong><\/p>\n<ul>\n<li><a href=\"https:\/\/blogs.ffyh.unc.edu.ar\/casaVerde\/files\/2022\/09\/OHCS_5_1999.pdf\" target=\"_blank\" rel=\"noopener\">OHCS 5\/1999<\/a><\/li>\n<li><a href=\"https:\/\/blogs.ffyh.unc.edu.ar\/casaVerde\/files\/2022\/09\/RR_1146_2000.pdf\">RR_1146_2000<\/a><\/li>\n<li><a href=\"https:\/\/blogs.ffyh.unc.edu.ar\/casaVerde\/files\/2022\/09\/OHCS_17_2008.pdf\" target=\"_blank\" rel=\"noopener\">OHCS 17\/2008<\/a><\/li>\n<\/ul>\n<p>&nbsp;<\/p>\n","protected":false},"excerpt":{"rendered":"<p>VOCACIONAL \u00a0\u00a0\u00a0\u00a0\u00a0\u00a0\u00a0\u00a0\u00a0\u00a0\u00a0\u00a0Es una figura que posibilita a une estudiante o egresade argentine de alguna carrera de nivel superior del pa\u00eds<\/p>\n","protected":false},"author":27,"featured_media":0,"parent":8,"menu_order":0,"comment_status":"closed","ping_status":"closed","template":"","meta":{"_acf_changed":false,"saved_in_kubio":false,"colormag_page_container_layout":"default_layout","colormag_page_sidebar_layout":"default_layout","_monsterinsights_skip_tracking":false,"_monsterinsights_sitenote_active":false,"_monsterinsights_sitenote_note":"","_monsterinsights_sitenote_category":0,"footnotes":""},"class_list":["post-107","page","type-page","status-publish","hentry"],"acf":[],"kubio_ai_page_context":{"short_desc":"","purpose":"general"},"_links":{"self":[{"href":"https:\/\/ffyh.unc.edu.ar\/sae\/wp-json\/wp\/v2\/pages\/107","targetHints":{"allow":["GET"]}}],"collection":[{"href":"https:\/\/ffyh.unc.edu.ar\/sae\/wp-json\/wp\/v2\/pages"}],"about":[{"href":"https:\/\/ffyh.unc.edu.ar\/sae\/wp-json\/wp\/v2\/types\/page"}],"author":[{"embeddable":true,"href":"https:\/\/ffyh.unc.edu.ar\/sae\/wp-json\/wp\/v2\/users\/27"}],"replies":[{"embeddable":true,"href":"https:\/\/ffyh.unc.edu.ar\/sae\/wp-json\/wp\/v2\/comments?post=107"}],"version-history":[{"count":11,"href":"https:\/\/ffyh.unc.edu.ar\/sae\/wp-json\/wp\/v2\/pages\/107\/revisions"}],"predecessor-version":[{"id":2398,"href":"https:\/\/ffyh.unc.edu.ar\/sae\/wp-json\/wp\/v2\/pages\/107\/revisions\/2398"}],"up":[{"embeddable":true,"href":"https:\/\/ffyh.unc.edu.ar\/sae\/wp-json\/wp\/v2\/pages\/8"}],"wp:attachment":[{"href":"https:\/\/ffyh.unc.edu.ar\/sae\/wp-json\/wp\/v2\/media?parent=107"}],"curies":[{"name":"wp","href":"https:\/\/api.w.org\/{rel}","templated":true}]}}