{"id":110,"date":"2018-10-09T14:34:13","date_gmt":"2018-10-09T14:34:13","guid":{"rendered":"https:\/\/ffyh.unc.edu.ar\/sae\/?page_id=110"},"modified":"2026-02-24T14:34:41","modified_gmt":"2026-02-24T14:34:41","slug":"pases-y-equivalencias","status":"publish","type":"page","link":"https:\/\/ffyh.unc.edu.ar\/sae\/tramites-administrativos\/pases-y-equivalencias\/","title":{"rendered":"Pases y Equivalencias"},"content":{"rendered":"<h4 class=\"entry-title\">Instructivo para solicitud de Pases y\/o Equivalencias<\/h4>\n<p><strong>Reglamentaci\u00f3n para solicitud de Pases y\/o Equivalencias\u00a0<a href=\"http:\/\/blogs.ffyh.unc.edu.ar\/casaVerde\/2015\/06\/11\/procedimientos-para-solicitudes-de-pases-y-equivalencias\/ohcs_10_2018-1-pases-y-equivalencias\/\" rel=\"attachment wp-att-2770\">OHCS_10_2018-1 PASES Y EQUIVALENCIAS<\/a><\/strong><\/p>\n<p><strong>\u00c9pocas establecidas en\u00a0<a href=\"https:\/\/ffyh.unc.edu.ar\/calendario-academico\/\">calendario acad\u00e9mico FFyH<\/a> para realizar el tr\u00e1mite en 2026:<\/strong><\/p>\n<table style=\"height: 460px\" width=\"800\">\n<tbody>\n<tr>\n<td width=\"88\"><strong>Fechas<\/strong><\/td>\n<td width=\"185\"><strong>Actividad<\/strong><\/td>\n<td width=\"185\"><strong>A cargo de<\/strong><\/td>\n<td width=\"155\"><strong>Presentar en<\/strong><\/td>\n<\/tr>\n<tr>\n<td width=\"88\">1\u00ba cuatrimestre<\/p>\n<p>18\/02\/26 al 29\/05\/26<\/td>\n<td width=\"185\">Solicitud de Pases y Equivalencias Externas<\/td>\n<td width=\"185\">\u00c1rea de Ense\u00f1anza<\/td>\n<td width=\"155\">Mesa de Entradas \u00c1rea Operativa FFyH<\/p>\n<p>V\u00eda Internet<\/td>\n<\/tr>\n<tr>\n<td width=\"88\">2\u00ba cuatrimestre<\/p>\n<p>01\/10\/26 al 09\/10\/26<\/td>\n<td width=\"185\">Solicitud de Pases y Equivalencias Externas<\/td>\n<td width=\"185\">\u00c1rea de Ense\u00f1anza<\/td>\n<td width=\"155\">Mesa de Entradas \u00c1rea Operativa FFyH<\/p>\n<p>V\u00eda Internet<\/td>\n<\/tr>\n<tr>\n<td width=\"88\"><strong>Ingreso 2026<\/strong><\/p>\n<p>25\/11\/2025 al 15\/12\/2025 hasta las 13hs<\/td>\n<td width=\"185\">Solicitud de equivalencia Curso de Nivelaci\u00f3n 2026<\/td>\n<td width=\"185\">Estudiantes<\/td>\n<td width=\"155\">Despacho de Alumnxs<\/p>\n<p>V\u00eda Internet (se solicita al momento de inscribirse al INGRESO 2026)<\/p>\n<p>M\u00e1s informaci\u00f3n: <a href=\"https:\/\/blogs.ffyh.unc.edu.ar\/ingreso\/2021\/10\/28\/eximicion-del-curso-de-nivelacion\/\">Eximici\u00f3n del Curso de Nivelaci\u00f3n<\/a><\/p>\n<p>&nbsp;<\/td>\n<\/tr>\n<\/tbody>\n<\/table>\n<h4><\/h4>\n<div class=\"entry-content clearfix\">\n<h5><strong>Instructivos\u00a0<\/strong>para gestionar las solicitudes seg\u00fan los casos:<\/h5>\n<p><strong>1) PASES DE UNIVERSIDAD Y EQUIVALENCIAS<\/strong><\/p>\n<p>Para estudiantes provenientes de otras UNIVERSIDADES ARGENTINAS o de UNIVERSIDADES EXTRANJERAS oficialmente reconocidas seg\u00fan\u00a0<a href=\"https:\/\/sitio.ffyh.unc.edu.ar\/casaverde\/2015\/06\/11\/procedimientos-para-solicitudes-de-pases-y-equivalencias\/ohcs_10_2018-1-pases-y-equivalencias\/\">Ordenanza HCS 10\/18<\/a>, deber\u00e1 presentar \u201cFormulario A\u201d de solicitud de pase de Universidad y equivalencias completo y firmado en formato digital al mail de Mesa de Entradas de la FFyH:\u00a0<a href=\"mailto:mesadeentradas@ffyh.unc.edu.ar\">mesadeentradas@ffyh.unc.edu.ar<\/a>\u00a0con\u00a0 la siguiente documentaci\u00f3n obligatoria para iniciar el Expediente el\u00e9ctr\u00f3nico por GDE:<\/p>\n<h6><strong>REQUISITOS<\/strong><\/h6>\n<ul>\n<li><a href=\"https:\/\/sitio.ffyh.unc.edu.ar\/casaverde\/wp-content\/blogs.dir\/25\/files\/sites\/14\/2021\/02\/SOLICITUD-DE-PASE-Y-EQUIVALENCIA-FORMULARIO-A-final.pdf\">Formulario A<\/a><\/li>\n<li>DNI O Pasaporte<\/li>\n<li>Certificado de estudios con calificaciones y escala de notas, fecha, legalizado y firmado por la Autoridad competente de la\u00a0<strong>Universidad de origen.<\/strong><\/li>\n<li>Programas legalizados y firmados por la Autoridad competente de la<strong>\u00a0Universidad de origen.<\/strong><\/li>\n<li>Plan de estudios de la carrera legalizado y firmado por la Autoridad competente de la<strong>\u00a0Universidad de origen.<\/strong><\/li>\n<li>Resoluci\u00f3n Ministerial que otorga reconocimiento oficial y validez nacional al t\u00edtulo.<\/li>\n<li>Certificado anal\u00edtico de estudios secundarios terminados.<\/li>\n<li>Certificado de no sanci\u00f3n disciplinaria emitido por la instituci\u00f3n<\/li>\n<li>Certificado de\u00a0<strong>cancelaci\u00f3n de matr\u00edcula de la Universidad de origen<\/strong>\u00a0s\u00f3lo para los casos que solicitan pase que conduce al mismo t\u00edtulo.<\/li>\n<\/ul>\n<h6><strong>Reglamentaci\u00f3n para solicitud de Pases y\/o Equivalencias:<\/strong><\/h6>\n<ul>\n<li><strong><a href=\"https:\/\/sitio.ffyh.unc.edu.ar\/casaverde\/2015\/06\/11\/procedimientos-para-solicitudes-de-pases-y-equivalencias\/ohcs_10_2018-1-pases-y-equivalencias\/\" rel=\"attachment wp-att-2770\">OHCS_10_2018-1 PASES Y EQUIVALENCIAS<\/a><\/strong><\/li>\n<li><strong><a href=\"https:\/\/sitio.ffyh.unc.edu.ar\/casaverde\/wp-content\/blogs.dir\/25\/files\/sites\/14\/2021\/02\/0042614-2017_Anexo-OHCS_10_18.pdf\">ANEXO I<\/a><\/strong>\u00a00042614-2017- de la Resoluci\u00f3n HCS 10\/18: REQUISITOS PASE Y EQUIVALENCIAS seg\u00fan corresponda el caso.<\/li>\n<\/ul>\n<p><b>IMPORTANTE:\u00a0<\/b><em>Si solicitas\u00a0<strong>Pase de Universidad y equivalencias no te tenes que preinscribir para el ingreso 2025,<\/strong>\u00a0cuando se emita la Resoluci\u00f3n\u00a0de Pase, Despacho de alumnxs se comunicar\u00e1 al correo informado\u00a0en el formulario explicando los pasos para la Matriculaci\u00f3n\u00a0Definitiva.<\/em><\/p>\n<hr \/>\n<h6><a href=\"https:\/\/sitio.ffyh.unc.edu.ar\/casaverde\/estudiantes\/pases-equivalencias\/modalidad-para-rendir-coloquios-de-equivalencias-parciales\/\"><strong>MODALIDAD PARA RENDIR COLOQUIOS DE EQUIVALENCIAS PARCIALES<\/strong><\/a><\/h6>\n<\/div>\n<div class=\"entry-content clearfix\">\n<hr \/>\n<p><strong>2) SOLICITUD DE EQUIVALENCIAS de otras Universidades o de la misma UNC.\u00a0<\/strong><\/p>\n<\/div>\n<div><\/div>\n<p class=\"entry-content clearfix\">Si gestiona solamente solicitud de \u201c<strong>equivalencias externas<\/strong>\u201d de materias aprobadas en otra unidad acad\u00e9mica de la UNC o en otras UNIVERSIDADES ARGENTINAS o en UNIVERSIDADES EXTRANJERAS oficialmente reconocidas,\u00a0 deber\u00e1 completar\u00a0<strong>\u201cFormulario B\u201d<\/strong>\u00a0de solicitud de \u00a0Equivalencias completo y firmado en formato digital al mail de Mesa de Entradas de la FFyH:\u00a0<a href=\"mailto:mesadeentradas@ffyh.unc.edu.ar\">mesadeentradas@ffyh.unc.edu.ar<\/a>\u00a0con\u00a0 la siguiente documentaci\u00f3n obligatoria para iniciar el Expediente electr\u00f3nico por GDE:<\/p>\n<h6><strong>REQUISITOS:<\/strong><\/h6>\n<ul>\n<li><a href=\"https:\/\/sitio.ffyh.unc.edu.ar\/casaverde\/wp-content\/blogs.dir\/25\/files\/sites\/14\/2023\/05\/Formulario-B-REDUCIDO-FINAL.pdf\">Formulario B<\/a><\/li>\n<li>DNI O Pasaporte<\/li>\n<li>Certificado de estudios con calificaciones y escala de notas, fecha, legalizado y firmado por la Autoridad competente de la\u00a0<strong>Universidad de origen.<\/strong><\/li>\n<li>Programas legalizados y firmados por la Autoridad competente de la\u00a0<strong>Universidad de origen.<\/strong><\/li>\n<li>Plan de estudios de la carrera legalizado y firmado por la Autoridad competente de la\u00a0<strong>Universidad de origen.<\/strong><\/li>\n<li>Resoluci\u00f3n Ministerial que otorga reconocimiento oficial y validez nacional al t\u00edtulo.<\/li>\n<\/ul>\n<p><a href=\"https:\/\/sitio.ffyh.unc.edu.ar\/casaverde\/wp-content\/blogs.dir\/25\/files\/sites\/14\/2021\/02\/0042614-2017_Anexo-OHCS_10_18.pdf\"><strong>ANEXO I<\/strong>\u00a00042614-2017<\/a>\u00a0<strong>de la Resoluci\u00f3n HCS 10\/18<\/strong>:\u00a0<strong>REQUISITOS EQUIVALENCIAS<\/strong>\u00a0seg\u00fan corresponda.<\/p>\n<p>&nbsp;<\/p>\n<p class=\"entry-content clearfix\"><strong>En estos casos NO deber\u00e1n presentar<\/strong>\u00a0Certificado Anal\u00edtico de nivel medio ni cancelaci\u00f3n de matr\u00edcula de la Universidad de origen.<\/p>\n<div class=\"entry-content clearfix\">\n<p>&nbsp;<\/p>\n<hr \/>\n<p><a href=\"https:\/\/sitio.ffyh.unc.edu.ar\/casaverde\/estudiantes\/pases-equivalencias\/modalidad-para-rendir-coloquios-de-equivalencias-parciales\/\"><strong>MODALIDAD PARA RENDIR COLOQUIOS DE EQUIVALENCIAS PARCIALES<\/strong><\/a><\/p>\n<hr \/>\n<\/div>\n<div><\/div>\n<h6 class=\"entry-content clearfix\"><strong>3) SOLICITUD DE CAMBIO DE PLAN DE ESTUDIOS Y EQUIVALENCIAS<\/strong><\/h6>\n<p>Si gestiona Cambio de Plan de Estudios al activo vigente y reconocimiento de espacios curriculares, deber\u00e1 presentar en formato digital al mail de Mesa de Entradas de la FFyH:\u00a0<a href=\"mailto:mesadeentradas@ffyh.unc.edu.ar\">mesadeentradas@ffyh.unc.edu.ar<\/a>\u00a0\u00a0 la siguiente documentaci\u00f3n obligatoria para iniciar el Expediente el\u00e9ctr\u00f3nico por GDE:<\/p>\n<h6><strong>REQUISITOS:<\/strong><\/h6>\n<ul>\n<li><a href=\"https:\/\/sitio.ffyh.unc.edu.ar\/casaverde\/wp-content\/blogs.dir\/25\/files\/sites\/14\/2021\/02\/FORMULARIO-C_Solicitud-de-cambio-de-plan-de-estudios.pdf\">Formulario C<\/a><\/li>\n<li>Foto DNI O Pasaporte<\/li>\n<li>Certificado de estudios con calificaciones y escala de notas, fecha, legalizado y firmado por la FFyH<\/li>\n<\/ul>\n<p>&nbsp;<\/p>\n<p><strong>3.1) SOLICITUD DE CAMBIO DE PLAN DE ESTUDIOS Y EQUIVALENCIAS de\u00a0Profesorado\u00a0en Letras Cl\u00e1sicas (Plan 1986 \u2013\u00a0RM 1371\/12) a\u00a0Profesorado Universitario en Letras Cl\u00e1sicas\u00a0(Plan 2024 \u2013 RM 114\/23)<\/strong><\/p>\n<p>&nbsp;<\/p>\n<p>Si gestiona Cambio de Plan de Estudios al activo vigente y reconocimiento de espacios curriculares, deber\u00e1 presentar en formato digital al mail de Mesa de Entradas de la FFyH:\u00a0<a href=\"mailto:mesadeentradas@ffyh.unc.edu.ar\">mesadeentradas@ffyh.unc.edu.ar<\/a>\u00a0\u00a0 la siguiente documentaci\u00f3n obligatoria para iniciar el Expediente el\u00e9ctr\u00f3nico por GDE:<\/p>\n<p><strong>REQUISITOS:<\/strong><\/p>\n<ul>\n<li><a href=\"https:\/\/sitio.ffyh.unc.edu.ar\/casaverde\/wp-content\/blogs.dir\/25\/files\/sites\/14\/2024\/03\/FORMULARIO-CAMBIO-DE-PLAN-418-a-419.pdf\">Formulario de solicitud<\/a><\/li>\n<li>Foto DNI O Pasaporte<\/li>\n<li>Historia acad\u00e9mica descargada de Guaran\u00ed<\/li>\n<\/ul>\n<p>&nbsp;<\/p>\n<p><strong>3.2) SOLICITUD DE CAMBIO DE PLAN DE ESTUDIOS Y EQUIVALENCIAS de\u00a0Profesorado\u00a0en Letras Modernas (Plan 2002 \u2013\u00a0RM 310\/03)\u00a0 a\u00a0Profesorado Universitario en Letras Modernas\u00a0(Plan 2024 \u2013 RM 74\/23)<\/strong><\/p>\n<p>Si gestiona Cambio de Plan de Estudios al activo vigente y reconocimiento de espacios curriculares, deber\u00e1 presentar en formato digital al mail de Mesa de Entradas de la FFyH:\u00a0<a href=\"mailto:mesadeentradas@ffyh.unc.edu.ar\">mesadeentradas@ffyh.unc.edu.ar<\/a>\u00a0\u00a0 la siguiente documentaci\u00f3n obligatoria para iniciar el Expediente el\u00e9ctr\u00f3nico por GDE:<\/p>\n<h6><strong>REQUISITOS:<\/strong><\/h6>\n<ul>\n<li><a href=\"https:\/\/sitio.ffyh.unc.edu.ar\/casaverde\/wp-content\/blogs.dir\/25\/files\/sites\/14\/2024\/03\/FORMULARIO-CAMBIO-DE-PLAN-428-a-429.pdf\">Formulario de solicitud<\/a><\/li>\n<li>Foto DNI O Pasaporte<\/li>\n<li>Historia acad\u00e9mica descargada de Guaran\u00ed<\/li>\n<\/ul>\n<hr \/>\n<p><strong>4) EQUIVALENCIAS POR CONVENIOS INTERNACIONALES \u2013<a href=\"https:\/\/sitio.ffyh.unc.edu.ar\/casaverde\/wp-content\/blogs.dir\/25\/files\/sites\/14\/2021\/02\/OHCS_4_2011.pdf\">Ordenanza HCS 4\/11<\/a>\u2013\u00a0<\/strong>(Completar\u00a0<a href=\"https:\/\/sitio.ffyh.unc.edu.ar\/casaverde\/wp-content\/blogs.dir\/25\/files\/sites\/14\/2021\/02\/OHCS_4_2011_Anexo-III.pdf\">Formulario Anexo III RHCS 04\/11<\/a>)<\/p>\n<p>Si gestiona reconocimiento por haber cursado parte de sus estudios en una universidad extranjera dentro del marco de los diferentes programas de movilidad gestionados por la Prosecretar\u00eda de Relaciones Internacionales (PRI) o mediante convenios de intercambio estudiantil bilaterales o multilaterales comprendidos en la\u00a0<a href=\"https:\/\/sitio.ffyh.unc.edu.ar\/casaverde\/wp-content\/blogs.dir\/25\/files\/sites\/14\/2021\/02\/OHCS_4_2011.pdf\">Ordenanza HCS 4\/11<\/a>, finalizada la estancia en la universidad de destino, el estudiante deber\u00e1 solicitar a la PRI de la FFyH, el certificado de calificaciones que ha sido enviado desde \u00e9sa universidad a la nuestra y proceder\u00e1 a presentar en formato digital al mail de Mesa de Entradas de la FFyH:\u00a0<a href=\"mailto:mesadeentradas@ffyh.unc.edu.ar\">mesadeentradas@ffyh.unc.edu.ar<\/a>\u00a0la siguiente documentaci\u00f3n obligatoria para iniciar el Expediente el\u00e9ctr\u00f3nico por GDE:<\/p>\n<p><strong>REQUISITOS:<\/strong><\/p>\n<ul>\n<li>Formulario de solicitud de reconocimiento acad\u00e9mico que figura como\u00a0<a href=\"https:\/\/sitio.ffyh.unc.edu.ar\/casaverde\/wp-content\/blogs.dir\/25\/files\/sites\/14\/2021\/02\/OHCS_4_2011_Anexo-III.pdf\">Anexo III<\/a>.<\/li>\n<li>Los programas de las asignaturas cursadas y aprobadas (firmadas y selladas por la autoridad competente en la universidad de destino). Si correspondiere, se deber\u00e1n adjuntar los programas traducidos al espa\u00f1ol.<\/li>\n<li>La Escala de Calificaciones (firmada y sellada por la universidad de destino).<\/li>\n<li>El respectivo formulario de CE o el CE modificado, si fuese el caso.<\/li>\n<\/ul>\n<hr \/>\n<h6><strong>5)<\/strong>\u00a0<strong>EQUIVALENCIAS INTERNAS<\/strong><\/h6>\n<p>El\/la interesado\/a deber\u00e1 completar el\u00a0<a href=\"https:\/\/forms.gle\/WCbHRKGwodyx9c9B8\">formulario web<\/a>\u00a0en el que se encuentran los distintos casos que se detallan a continuaci\u00f3n. Por cualquier otro caso, no contemplado en los \u00edtems anteriores, enviar un correo al Dpto Equivalencias de Oficial\u00eda de la FFyH (oficialia@ffyh.unc.edu.ar) para recibir el asesoramiento correspondiente.<\/p>\n<h6><strong>Estar\u00e1n comprendidas las siguientes situaciones para su solicitud:<\/strong><\/h6>\n<ul>\n<li>Estudiantes que hayan aprobado materias dictadas por una misma c\u00e1tedra para dos o m\u00e1s escuelas de esta Facultad con Resoluci\u00f3n Decanal de equivalencia o entre carreras de la misma escuela.<\/li>\n<li>Estudiantes que hayan aprobaron materias como Alumnxs Vocacionales y comiencen a cursar la Carrera correspondiente completa. (<a href=\"https:\/\/sitio.ffyh.unc.edu.ar\/casaverde\/wp-content\/blogs.dir\/25\/files\/sites\/14\/2021\/02\/OHCS_17_2008.pdf\">OHCS 17\/08<\/a>\u00a0y\u00a0<a href=\"https:\/\/sitio.ffyh.unc.edu.ar\/casaverde\/wp-content\/blogs.dir\/25\/files\/sites\/14\/2021\/02\/RR_1146_2000.pdf\">RR 1146\/00<\/a>\u00a0y\u00a0<a href=\"https:\/\/sitio.ffyh.unc.edu.ar\/casaverde\/wp-content\/blogs.dir\/25\/files\/sites\/14\/2021\/02\/regimen_de_alumnos_FFyH.pdf\">Regimen de Alumnos de la FFyH<\/a>)<\/li>\n<li>Estudiantes que acrediten haber aprobado examen de alg\u00fan idioma en los siguientes casos:\n<ul>\n<li>Reconocidos internacionalmente seg\u00fan\u00a0<a href=\"https:\/\/sitio.ffyh.unc.edu.ar\/casaverde\/wp-content\/blogs.dir\/25\/files\/sites\/14\/2021\/06\/OHCS_8_2015.pdf\">Ord. 08\/15<\/a>\u00a0modificada por\u00a0<a href=\"https:\/\/sitio.ffyh.unc.edu.ar\/casaverde\/wp-content\/blogs.dir\/25\/files\/sites\/14\/2022\/12\/OHCS_3_2019-Idiomas.pdf\" target=\"_blank\" rel=\"noopener\">OHCS_3_2019\u00a0<\/a>\u00a0\u00a0<a href=\"https:\/\/sitio.ffyh.unc.edu.ar\/casaverde\/wp-content\/blogs.dir\/25\/files\/sites\/14\/2022\/12\/Anexo_OHCS_3_2019.pdf\" target=\"_blank\" rel=\"noopener\">Anexo_OHCS_3_2019<\/a><\/li>\n<li>Reconocidos en\u00a0<a href=\"https:\/\/sitio.ffyh.unc.edu.ar\/casaverde\/wp-content\/blogs.dir\/25\/files\/sites\/14\/2021\/02\/RES_246_2013.pdf\">Resoluci\u00f3n HCD 246\/13<\/a>, ampliada por\u00a0<a href=\"https:\/\/sitio.ffyh.unc.edu.ar\/casaverde\/wp-content\/blogs.dir\/25\/files\/sites\/14\/2021\/02\/RES_181_2014.pdf\">Resol. HCD 181\/14.<\/a><\/li>\n<\/ul>\n<\/li>\n<li>EQUIVALENCIAS INTERNAS POR CAMBIO DE VERSI\u00d3N DE PLAN DE ESTUDIOS, se deber\u00e1 adjuntar la DDJJ que corresponda a su carrera:\n<ul>\n<li><a href=\"https:\/\/sitio.ffyh.unc.edu.ar\/casaverde\/wp-content\/blogs.dir\/25\/files\/sites\/14\/2021\/02\/Declaracion-Jurada_401.pdf\">Formulario Declaraci\u00f3n Jurada Carrera Lic. en Filosof\u00eda<\/a>\u00a0\u2013<a href=\"https:\/\/sitio.ffyh.unc.edu.ar\/casaverde\/wp-content\/blogs.dir\/25\/files\/sites\/14\/2021\/02\/RES_843_2019.pdf\">\u00a0RD 843\/19\u00a0<\/a>\u2013<\/li>\n<li><a href=\"https:\/\/sitio.ffyh.unc.edu.ar\/casaverde\/wp-content\/blogs.dir\/25\/files\/sites\/14\/2021\/02\/Declaracion-Jurada_421.pdf\">Formulario Declaraci\u00f3n Jurada Carrera Lic. en Letras Modernas<\/a>\u00a0\u2013\u00a0<a href=\"https:\/\/sitio.ffyh.unc.edu.ar\/casaverde\/wp-content\/blogs.dir\/25\/files\/sites\/14\/2021\/02\/RES_883_2019.pdf\">RD 883\/19<\/a>\u00a0\u2013<\/li>\n<li><a href=\"https:\/\/sitio.ffyh.unc.edu.ar\/casaverde\/wp-content\/blogs.dir\/25\/files\/sites\/14\/2021\/02\/Declaracion-Jurada_428.pdf\">Formulario Declaraci\u00f3n Jurada Carrera Prof. en Letras Modernas<\/a>\u00a0\u2013\u00a0<a href=\"https:\/\/sitio.ffyh.unc.edu.ar\/casaverde\/wp-content\/blogs.dir\/25\/files\/sites\/14\/2021\/02\/RES_936_2019.pdf\">RD 936\/19<\/a>\u00a0\u2013<\/li>\n<li><a href=\"https:\/\/sitio.ffyh.unc.edu.ar\/casaverde\/wp-content\/blogs.dir\/25\/files\/sites\/14\/2022\/11\/Declaracion-Jurada_411.pdf\">Formulario Declaracion-Jurada_Carrera Lic. en Letras Cl\u00e1sicas-RD-961-19<\/a><\/li>\n<li><a href=\"https:\/\/sitio.ffyh.unc.edu.ar\/casaverde\/wp-content\/blogs.dir\/25\/files\/sites\/14\/2021\/03\/Declaracion-Jurada_441.pdf\">Formulario Declaraci\u00f3n Jurada Carrera Lic. en Historia<\/a>\u00a0\u2013\u00a0<a href=\"https:\/\/sitio.ffyh.unc.edu.ar\/casaverde\/wp-content\/blogs.dir\/25\/files\/sites\/14\/2021\/02\/RES_320_2020.pdf\">RD 320\/20<\/a>\u00a0\u2013<\/li>\n<li><a href=\"https:\/\/sitio.ffyh.unc.edu.ar\/casaverde\/wp-content\/blogs.dir\/25\/files\/sites\/14\/2021\/03\/Declaracion-Jurada_458.pdf\">Formulario Declaraci\u00f3n Jurada Carrera Prof. en Ciencias de la Educaci\u00f3n<\/a>\u00a0\u2013\u00a0<a href=\"https:\/\/sitio.ffyh.unc.edu.ar\/casaverde\/wp-content\/blogs.dir\/25\/files\/sites\/14\/2021\/02\/RES_237_2020.pdf\">RD 237\/20<\/a>\u00a0\u2013<\/li>\n<li><a href=\"https:\/\/sitio.ffyh.unc.edu.ar\/casaverde\/wp-content\/blogs.dir\/25\/files\/sites\/14\/2021\/02\/Declaracion-Jurada_491.pdf\">Formulario Declaraci\u00f3n Jurada Carrera Lic. en Geograf\u00eda<\/a>\u00a0\u2013\u00a0<a href=\"https:\/\/sitio.ffyh.unc.edu.ar\/casaverde\/wp-content\/blogs.dir\/25\/files\/sites\/14\/2021\/02\/RES_1447_2019.pdf\">RD 1447\/19<\/a>\u00a0\u2013<\/li>\n<li><a href=\"https:\/\/sitio.ffyh.unc.edu.ar\/casaverde\/wp-content\/blogs.dir\/25\/files\/sites\/14\/2021\/05\/Declaracion-Jurada_482.pdf\">Formulario Declaraci\u00f3n Jurada Carrera Lic. en Archivolog\u00eda<\/a>\u00a0\u2013\u00a0<a href=\"https:\/\/sitio.ffyh.unc.edu.ar\/casaverde\/wp-content\/blogs.dir\/25\/files\/sites\/14\/2021\/05\/RES_62_2020.pdf\">RD 62\/2020<\/a>\u00a0\u2013<a href=\"http:\/\/declaracion-jurada-rd-62-20.pdf\/\">Declaracion-Jurada-RD-62-20.pdf<\/a><\/li>\n<\/ul>\n<\/li>\n<li>Equivalencias ENTRE Lic. en Geograf\u00eda y Prof. Universitario de Geograf\u00eda\n<ul>\n<li>Equivalencias entre Licenciatura en Geograf\u00eda y Profesorado Universitario en Geograf\u00eda por casos contemplados en\u00a0<a href=\"https:\/\/digesto.unc.edu.ar\/bitstream\/handle\/123456789\/420348\/RES_612_2022.pdf?sequence=1&amp;isAllowed=y\">RHCD 612\/2022<\/a>\u00a0deben completar la\u00a0<a href=\"https:\/\/sitio.ffyh.unc.edu.ar\/casaverde\/wp-content\/blogs.dir\/25\/files\/sites\/14\/2024\/02\/Declaracion-Jurada_491_498_RHCD612-2022_RHCD199-2023.pdf\">DDJJ<\/a>\u00a0\u00a0 para la solicitud<\/li>\n<li>Para equivalencias no contempladas en la RHCD 612\/2022, se debe solicitar equivalencia interna.<\/li>\n<\/ul>\n<\/li>\n<\/ul>\n<hr \/>\n<div class=\"entry-content clearfix\">\n<p><strong>6) EQUIVALENCIAS INTERNAS DE CASOS ESPECIALES NO PREVISTOS.<\/strong>Se establece que cualquier situaci\u00f3n no prevista en los tipos descriptos en los puntos 1 a 5, ser\u00e1 elevada a la Secretar\u00eda Acad\u00e9mica de la Facultad para su consideraci\u00f3n y efectos.<\/p>\n<\/div>\n<hr \/>\n<p><strong>SOLICITUD DE EXIMICI\u00d3N DEL CURSO DE NIVELACI\u00d3N<\/strong><\/p>\n<p>Ver la informaci\u00f3n <a href=\"https:\/\/sitio.ffyh.unc.edu.ar\/ingreso\/2021\/10\/28\/eximicion-del-curso-de-nivelacion\/\">AQU\u00cd<\/a><\/p>\n<p>&nbsp;<\/p>\n","protected":false},"excerpt":{"rendered":"<p>Instructivo para solicitud de Pases y\/o Equivalencias Reglamentaci\u00f3n para solicitud de Pases y\/o Equivalencias\u00a0OHCS_10_2018-1 PASES Y EQUIVALENCIAS \u00c9pocas establecidas en\u00a0calendario<\/p>\n","protected":false},"author":27,"featured_media":0,"parent":8,"menu_order":0,"comment_status":"closed","ping_status":"closed","template":"","meta":{"_acf_changed":false,"saved_in_kubio":false,"colormag_page_container_layout":"default_layout","colormag_page_sidebar_layout":"default_layout","_monsterinsights_skip_tracking":false,"_monsterinsights_sitenote_active":false,"_monsterinsights_sitenote_note":"","_monsterinsights_sitenote_category":0,"footnotes":""},"class_list":["post-110","page","type-page","status-publish","hentry"],"acf":[],"kubio_ai_page_context":{"short_desc":"","purpose":"general"},"_links":{"self":[{"href":"https:\/\/ffyh.unc.edu.ar\/sae\/wp-json\/wp\/v2\/pages\/110","targetHints":{"allow":["GET"]}}],"collection":[{"href":"https:\/\/ffyh.unc.edu.ar\/sae\/wp-json\/wp\/v2\/pages"}],"about":[{"href":"https:\/\/ffyh.unc.edu.ar\/sae\/wp-json\/wp\/v2\/types\/page"}],"author":[{"embeddable":true,"href":"https:\/\/ffyh.unc.edu.ar\/sae\/wp-json\/wp\/v2\/users\/27"}],"replies":[{"embeddable":true,"href":"https:\/\/ffyh.unc.edu.ar\/sae\/wp-json\/wp\/v2\/comments?post=110"}],"version-history":[{"count":18,"href":"https:\/\/ffyh.unc.edu.ar\/sae\/wp-json\/wp\/v2\/pages\/110\/revisions"}],"predecessor-version":[{"id":2412,"href":"https:\/\/ffyh.unc.edu.ar\/sae\/wp-json\/wp\/v2\/pages\/110\/revisions\/2412"}],"up":[{"embeddable":true,"href":"https:\/\/ffyh.unc.edu.ar\/sae\/wp-json\/wp\/v2\/pages\/8"}],"wp:attachment":[{"href":"https:\/\/ffyh.unc.edu.ar\/sae\/wp-json\/wp\/v2\/media?parent=110"}],"curies":[{"name":"wp","href":"https:\/\/api.w.org\/{rel}","templated":true}]}}