{"id":114,"date":"2018-10-09T14:38:52","date_gmt":"2018-10-09T14:38:52","guid":{"rendered":"https:\/\/ffyh.unc.edu.ar\/sae\/?page_id=114"},"modified":"2025-10-08T18:32:55","modified_gmt":"2025-10-08T18:32:55","slug":"licencias-estudiantiles","status":"publish","type":"page","link":"https:\/\/ffyh.unc.edu.ar\/sae\/tramites-administrativos\/licencias-estudiantiles\/","title":{"rendered":"Licencias Estudiantiles"},"content":{"rendered":"<p>Le\u00e9 atentamente los tipos de licencias y causales establecidos,al finalizar encontrar\u00e1s la documentaci\u00f3n que ten\u00e9s que enviar y un link para descargar el formulario de solicitud de licencia.<\/p>\n<h4 style=\"text-align: center\">El Reglamento Interno de Licencias Estudiantiles para la Facultad de Filosof\u00eda y Humanidades <span dir=\"ltr\" role=\"presentation\">establece <strong>dos tipos de licencia estudiantil,<\/strong> no excluyentes entre s\u00ed:<\/span><\/h4>\n<ul>\n<li>\u00a0<strong><span dir=\"ltr\" role=\"presentation\">Licencia\u00a0<\/span><span dir=\"ltr\" role=\"presentation\">con\u00a0<\/span><span dir=\"ltr\" role=\"presentation\">suspensi\u00f3n\u00a0<\/span><span dir=\"ltr\" role=\"presentation\">de\u00a0<\/span><span dir=\"ltr\" role=\"presentation\">actividad\u00a0<\/span><\/strong><span dir=\"ltr\" role=\"presentation\"><strong>acad\u00e9mica:<\/strong> suspende todo tipo de <\/span><span dir=\"ltr\" role=\"presentation\">actividad\u00a0<\/span><span dir=\"ltr\" role=\"presentation\">acad\u00e9mica\u00a0<\/span><span dir=\"ltr\" role=\"presentation\">de le <\/span><span dir=\"ltr\" role=\"presentation\">estudiante\u00a0<\/span><span dir=\"ltr\" role=\"presentation\">que\u00a0<\/span><span dir=\"ltr\" role=\"presentation\">haya\u00a0<\/span><span dir=\"ltr\" role=\"presentation\">solicitado\u00a0<\/span><span dir=\"ltr\" role=\"presentation\">este\u00a0<\/span><span dir=\"ltr\" role=\"presentation\">derecho, <\/span><span dir=\"ltr\" role=\"presentation\">manteniendo\u00a0<\/span><span dir=\"ltr\" role=\"presentation\">las\u00a0<\/span><span dir=\"ltr\" role=\"presentation\">condiciones\u00a0<\/span><span dir=\"ltr\" role=\"presentation\">acad\u00e9micas\u00a0<\/span><span dir=\"ltr\" role=\"presentation\">de\u00a0<\/span><span dir=\"ltr\" role=\"presentation\">cursado\u00a0<\/span><span dir=\"ltr\" role=\"presentation\">obtenidas <\/span><span dir=\"ltr\" role=\"presentation\">al <\/span><span dir=\"ltr\" role=\"presentation\">momento de la solicitud y por el lapso que establezca la presente.\u00a0 <\/span><\/li>\n<\/ul>\n<p style=\"padding-left: 40px\">El plazo m\u00e1ximo de otorgamiento de la licencia ser\u00e1 de seis (6) meses; pudiendo renovarse la misma cuantas veces fuera necesario en el caso en que se mantenga la causal. Luego de finalizado el plazo de la licencia, y considerando el calendario acad\u00e9mico, le estudiante contar\u00e1 con 4 turnos regulares y\/o 2 turnos promocionales para rendir los ex\u00e1menes de los espacios curriculares cuya situaci\u00f3n acad\u00e9mica hubiere sido suspendida. El plazo de licencia otorgado no ser\u00e1 computado en el tiempo de duraci\u00f3n de su carrera.<\/p>\n<ul>\n<li>\u00a0<strong><span dir=\"ltr\" role=\"presentation\">Licencia\u00a0<\/span><span dir=\"ltr\" role=\"presentation\">durante\u00a0<\/span><span dir=\"ltr\" role=\"presentation\">el\u00a0<\/span><span dir=\"ltr\" role=\"presentation\">cursado:\u00a0<\/span><\/strong><span dir=\"ltr\" role=\"presentation\">se\u00a0<\/span><span dir=\"ltr\" role=\"presentation\">limita\u00a0<\/span><span dir=\"ltr\" role=\"presentation\">a un plazo m\u00e1ximo de 15 d\u00edas h\u00e1biles, sin renovaci\u00f3n, <\/span><span dir=\"ltr\" role=\"presentation\">dentro\u00a0<\/span><span dir=\"ltr\" role=\"presentation\">del\u00a0<\/span><span dir=\"ltr\" role=\"presentation\">periodo\u00a0<\/span><span dir=\"ltr\" role=\"presentation\">de\u00a0<\/span><span dir=\"ltr\" role=\"presentation\">cursado\u00a0<\/span><span dir=\"ltr\" role=\"presentation\">de\u00a0<\/span><span dir=\"ltr\" role=\"presentation\">un\u00a0<\/span><span dir=\"ltr\" role=\"presentation\">espacio curricular sin suspensi\u00f3n de la <\/span><span dir=\"ltr\" role=\"presentation\">actividad\u00a0<\/span><span dir=\"ltr\" role=\"presentation\">acad\u00e9mica\u00a0<\/span><span dir=\"ltr\" role=\"presentation\">y\u00a0<\/span><span dir=\"ltr\" role=\"presentation\">permite\u00a0<\/span><span dir=\"ltr\" role=\"presentation\">reprogramar\u00a0<\/span><span dir=\"ltr\" role=\"presentation\">evaluaciones\u00a0<\/span><span dir=\"ltr\" role=\"presentation\">perdidas\u00a0<\/span><span dir=\"ltr\" role=\"presentation\">durante\u00a0<\/span><span dir=\"ltr\" role=\"presentation\">ese <\/span><span dir=\"ltr\" role=\"presentation\">per\u00edodo.\u00a0<\/span><\/li>\n<\/ul>\n<p style=\"padding-left: 40px\"><span dir=\"ltr\" role=\"presentation\">Aquellos espacios curriculares que implican pr\u00e1cticas extra \u00e1ulicas o asistencia obligatoria a clases para su regularizaci\u00f3n deber\u00e1n contemplar una metodolog\u00eda alternativa para los casos de licencia durante el per\u00edodo de cursado.<\/span><\/p>\n<p>&nbsp;<\/p>\n<h4 style=\"text-align: center\"><strong>Son causales de otorgamiento de las licencias estudiantiles los casos que se mencionan a continuaci\u00f3n:<\/strong><\/h4>\n<p><span style=\"color: #800080\"><strong>A) Embarazo o posparto:<\/strong> <\/span>Dicha licencia se acordar\u00e1 a petici\u00f3n de la persona gestante mediante presentaci\u00f3n de Formulario de Solicitud (Anexo II) y certificaci\u00f3n de autoridad m\u00e9dica competente que as\u00ed lo aconseje. Tendr\u00e1 una duraci\u00f3n m\u00e1xima de ciento ochenta (180) d\u00edas, los que podr\u00e1n fraccionarse por tercios o mitades seg\u00fan lo aconsejado por le profesional interviniente.<br \/>\nPara solicitar la licencia pre-parto deber\u00e1 presentar certificado m\u00e9dico-ginecol\u00f3gico en el que conste la fecha probable del parto.<br \/>\nPara solicitar la licencia post-parto deber\u00e1 presentar certificado en el que conste el nacimiento, partida de nacimiento y\/o libreta de familia. En el caso de nacimiento sin vida o de fallecimiento del\/a reci\u00e9n nacido\/a, se deber\u00e1 presentar acta de defunci\u00f3n. La licencia post-parto se aplicar\u00e1 igualmente en estos casos.<br \/>\n<span style=\"color: #800080\"><strong>B) Para progenitores no gestantes:<\/strong> <\/span>Les estudiantes que hayan sido progenitores no gestantes podr\u00e1n gozar de una licencia estudiantil de hasta ciento ochenta (180) d\u00edas posteriores al nacimiento del hiie. Si la persona as\u00ed lo solicitara, dicho per\u00edodo podr\u00e1 ser fraccionado en sesenta (60) d\u00edas anteriores al nacimiento y ciento veinte (120) d\u00edas posteriores a \u00e9l. Para ello deber\u00e1 presentar partida de nacimiento y\/o libreta de familia junto al Formulario de Solicitud (Anexo II).<br \/>\n<span style=\"color: #800080\"><strong>C) Por adopci\u00f3n:<\/strong> <\/span>a tode estudiante que acredite que se le ha otorgado la guarda de une o m\u00e1s ni\u00f1es con fines de adopci\u00f3n, se le conceder\u00e1 licencia por un t\u00e9rmino de ciento ochenta (180) d\u00edas corridos a partir del d\u00eda siguiente a aquel en que se hiciera efectiva la decisi\u00f3n judicial por la que se confiere la guarda. A tales fines, deber\u00e1 presentar documentaci\u00f3n respaldatoria junto al Formulario de Solicitud (Anexo II).<br \/>\n<span style=\"color: #800080\"><strong>D) Interrupci\u00f3n del embarazo:<\/strong> <\/span>en caso de interrupci\u00f3n del embarazo, la persona podr\u00e1 solicitar una licencia de treinta (30) d\u00edas corridos, a partir de ocurrido el hecho. A tales efectos, deber\u00e1 presentar certificado m\u00e9dico junto al Formulario de Solicitud (Anexo II).<br \/>\n<span style=\"color: #800080\"><strong>E) Eventos acad\u00e9micos, cient\u00edficos, deportivos y culturales:<\/strong><\/span> se acordar\u00e1 por el plazo que dure el evento y le estudiante deber\u00e1 acreditar al momento de la solicitud la documentaci\u00f3n que certifique su intervenci\u00f3n en dicho evento. Se deber\u00e1 presentar la certificaci\u00f3n correspondiente junto al Formulario de Solicitud (Anexo II) con quince (15) d\u00edas de antelaci\u00f3n.<br \/>\n<span style=\"color: #800080\"><strong>F) Actividades curriculares en universidades o instituciones de prestigio en el extranjero o en territorio nacional:<\/strong> <\/span>Dichas licencias se validar\u00e1n con el certificado correspondiente otorgado por la instituci\u00f3n de destino. Dicho certificado deber\u00e1 presentarse con quince (15) d\u00edas de antelaci\u00f3n. En los casos en que las actividades se realicen en el marco del intercambio (movilidad) estudiantil nacional o internacional, las licencias se otorgar\u00e1n mediante presentaci\u00f3n de Formulario de Solicitud (Anexo II) y documentaci\u00f3n oficial que acredite la duraci\u00f3n total de la estancia acad\u00e9mica.<br \/>\n<span style=\"color: #800080\"><strong>G) Accidentes e intervenciones quir\u00fargicas que por su naturaleza lo justifiquen y el per\u00edodo de rehabilitaci\u00f3n de las mismas:<\/strong><\/span> Dicha licencia se acordar\u00e1 mediante presentaci\u00f3n del Formulario de Solicitud (Anexo II), y certificaci\u00f3n m\u00e9dica correspondiente. Su duraci\u00f3n quedar\u00e1 sujeta a lo aconsejado por le profesional interviniente o la Direcci\u00f3n de Salud (UNC).<br \/>\n<span style=\"color: #800080\"><strong>H) Padecimiento subjetivo, enfermedades infectocontagiosas y recidivas de enfermedades cr\u00f3nicas por el plazo que dure el riesgo de contagio y\/o su tratamiento:<\/strong> <\/span>Dicha licencia se acordar\u00e1 mediante presentaci\u00f3n de Formulario de Solicitud (Anexo II), certificaci\u00f3n de le profesional tratante correspondiente y\/o acreditaci\u00f3n de diagn\u00f3stico. Su duraci\u00f3n quedar\u00e1 sujeta a lo aconsejado por le profesional interviniente o por la Direcci\u00f3n de Salud (UNC).<br \/>\n<span style=\"color: #800080\"><strong>I) Enfermedad o incapacidad de familiar a cargo:<\/strong><\/span> Dicha licencia se otorgar\u00e1 cuando un miembro del grupo familiar que est\u00e9 a cargo le estudiante se encuentre enferme o accidentade y requiera la atenci\u00f3n personal le estudiante. Incluye el caso de estudiantes que tengan a su cargo a le c\u00f3nyuge, conviviente o a parientes directos, que sufran enfermedad, que provoquen disminuci\u00f3n, impedimento f\u00edsico y\/o ps\u00edquico que limite o anule su capacidad para obrar por s\u00ed misme, o que requieran cuarentena, constituyendo le estudiante su \u00fanica compa\u00f1\u00eda. En el caso de la enfermedad o accidente del familiar a cargo, la duraci\u00f3n de la licencia ser\u00e1 establecida por la sugerencia de le profesional interviniente. En el caso del requerimiento de la atenci\u00f3n personal de le estudiante, la duraci\u00f3n de la licencia ser\u00e1 establecida seg\u00fan lo que cada estudiante solicite, sin exceder la duraci\u00f3n m\u00e1xima de la licencia. Dichas situaciones deber\u00e1n ser constatadas mediante presentaci\u00f3n de Formulario de Solicitud (Anexo II), Certificado m\u00e9dico y comprobante de residencia de le estudiante y le familiar a cargo, o mediante presentaci\u00f3n de declaraci\u00f3n jurada.<br \/>\n<span style=\"color: #800080\"><strong>J) Por situaciones de violencia de g\u00e9nero:<\/strong> <\/span>cualquier estudiante que se encuentre afectade por situaciones de violencia de g\u00e9nero, podr\u00e1 solicitar licencia. El Formulario de Solicitud (Anexo II) deber\u00e1 acompa\u00f1arse con la constancia de haber realizado denuncia o exposici\u00f3n en las instituciones correspondientes, o bien con una certificaci\u00f3n emitida por alguno de los organismos dispuestos para la atenci\u00f3n de la violencia de g\u00e9nero por los poderes ejecutivos provincial o municipales, mesas locales de violencia, centros de salud, comisar\u00edas de la mujer, oficinas de atenci\u00f3n a la v\u00edctima, universidades o equipos t\u00e9cnicos del Poder Judicial. En todos los casos, deber\u00e1 la Facultad preservar el derecho a la intimidad de las personas solicitantes, codificando el tratamiento de la solicitud de manera especial. Al solicitarse licencia por esta causal, la Facultad pondr\u00e1 a disposici\u00f3n de la persona afectada los recursos del Programa de G\u00e9nero, Sexualidades y Educaci\u00f3n Sexual Integral de la FFyH. El plazo de la licencia, sea continua o discontinua, se determinar\u00e1 en funci\u00f3n de la situaci\u00f3n particular manifestada, ajust\u00e1ndose a lo estipulado en art\u00edculo 3\u00b0 y 4o de la presente reglamentaci\u00f3n, y sin perjuicio de que se consideren justificadas inasistencias inmediatamente anteriores originadas en los mismos hechos.<br \/>\n<span style=\"color: #800080\"><strong>K) Fallecimiento de le c\u00f3nyuge o conviviente hijo\/a o parientes:<\/strong><\/span> corresponder\u00e1 el otorgamiento de licencia en los siguientes casos: 1- fallecimiento de le c\u00f3nyuge o conviviente, hiie o parientes consangu\u00edneos de primer grado, treinta (30) d\u00edas corridos. 2- Fallecimiento de parientes consangu\u00edneos en segundo grado, quince (15) d\u00edas corridos. La licencia comenzar\u00e1 a partir del primer d\u00eda h\u00e1bil posterior al del fallecimiento. Le solicitante deber\u00e1 presentar el Formulario de Solicitud (Anexo II) y el certificado de defunci\u00f3n.<br \/>\n<strong><span style=\"color: #800080\">L) Contratos de trabajo no permanente que impliquen la necesidad de radicarse temporalmente fuera de la sede en que cursa sus estudios, en el pa\u00eds o en el exterior:<\/span> <\/strong>La licencia se otorgar\u00e1 por el per\u00edodo que conste en el contrato de trabajo o por el m\u00e1ximo de seis (6) meses, seg\u00fan consta en el art\u00edculo 4 de esta reglamentaci\u00f3n. A los fines del otorgamiento de la licencia, deber\u00e1 presentarse Formulario de Solicitud (Anexo II) y copia del contrato de trabajo u otra documentaci\u00f3n que certifique la condici\u00f3n laboral.<\/p>\n<p>&nbsp;<\/p>\n<h4 style=\"text-align: center\"><strong>\u00bfQu\u00e9 presentar para el otorgamiento de la licencia?<\/strong><\/h4>\n<p>La siguiente documentaci\u00f3n deber\u00e1 ser presentada por correo electr\u00f3nico a<strong> Mesa de Entradas de la Facultad<em> mesadeentradas@ffyh.unc.edu.ar :<\/em><\/strong><\/p>\n<ul>\n<li>Formulario de solicitud de licencia estudiantil (Anexo II), <strong>en donde se expliquen las causales de la petici\u00f3n<\/strong> y se <strong>especifiquen los espacios que tienen regulares<\/strong> al momento de solicitar la licencia (tanto las materias que tienen promocionadas o regularizadas, como las que est\u00e9n cursando en ese momento);<\/li>\n<li>Fotocopia de DNI;<\/li>\n<li>Reporte Acad\u00e9mico extra\u00eddo del Sistema Guaran\u00ed;<\/li>\n<li>Toda la documentaci\u00f3n respaldatoria de los causales explicados en los puntos A a L.<\/li>\n<\/ul>\n<h3>Documentaci\u00f3n para descargar:<\/h3>\n<ul>\n<li>Informaci\u00f3n completa: <a href=\"https:\/\/ffyh.unc.edu.ar\/sae\/tramites-administrativos\/licencias-estudiantiles\/rhcd-2021-237\/\" rel=\"attachment wp-att-834\">RHCD-2021-237<\/a> y <a href=\"https:\/\/ffyh.unc.edu.ar\/sae\/tramites-administrativos\/licencias-estudiantiles\/anexo-i\/\" rel=\"attachment wp-att-835\">ANEXO-I<\/a><\/li>\n<li><a href=\"https:\/\/ffyh.unc.edu.ar\/sae\/tramites-administrativos\/licencias-estudiantiles\/anexo-ii-formulario-de-solicitud-de-licencia-estudiantil-1\/\" rel=\"attachment wp-att-836\">ANEXO II Formulario de Solicitud de Licencia Estudiantil-1<\/a><\/li>\n<\/ul>\n<p>&nbsp;<\/p>\n<p>&nbsp;<\/p>\n<p>&nbsp;<\/p>\n","protected":false},"excerpt":{"rendered":"<p>Le\u00e9 atentamente los tipos de licencias y causales establecidos,al finalizar encontrar\u00e1s la documentaci\u00f3n que ten\u00e9s que enviar y un link<\/p>\n","protected":false},"author":27,"featured_media":0,"parent":8,"menu_order":0,"comment_status":"closed","ping_status":"closed","template":"","meta":{"_acf_changed":false,"colormag_page_container_layout":"default_layout","colormag_page_sidebar_layout":"default_layout","_monsterinsights_skip_tracking":false,"_monsterinsights_sitenote_active":false,"_monsterinsights_sitenote_note":"","_monsterinsights_sitenote_category":0,"footnotes":""},"class_list":["post-114","page","type-page","status-publish","hentry"],"acf":[],"_links":{"self":[{"href":"https:\/\/ffyh.unc.edu.ar\/sae\/wp-json\/wp\/v2\/pages\/114","targetHints":{"allow":["GET"]}}],"collection":[{"href":"https:\/\/ffyh.unc.edu.ar\/sae\/wp-json\/wp\/v2\/pages"}],"about":[{"href":"https:\/\/ffyh.unc.edu.ar\/sae\/wp-json\/wp\/v2\/types\/page"}],"author":[{"embeddable":true,"href":"https:\/\/ffyh.unc.edu.ar\/sae\/wp-json\/wp\/v2\/users\/27"}],"replies":[{"embeddable":true,"href":"https:\/\/ffyh.unc.edu.ar\/sae\/wp-json\/wp\/v2\/comments?post=114"}],"version-history":[{"count":12,"href":"https:\/\/ffyh.unc.edu.ar\/sae\/wp-json\/wp\/v2\/pages\/114\/revisions"}],"predecessor-version":[{"id":2206,"href":"https:\/\/ffyh.unc.edu.ar\/sae\/wp-json\/wp\/v2\/pages\/114\/revisions\/2206"}],"up":[{"embeddable":true,"href":"https:\/\/ffyh.unc.edu.ar\/sae\/wp-json\/wp\/v2\/pages\/8"}],"wp:attachment":[{"href":"https:\/\/ffyh.unc.edu.ar\/sae\/wp-json\/wp\/v2\/media?parent=114"}],"curies":[{"name":"wp","href":"https:\/\/api.w.org\/{rel}","templated":true}]}}