{"id":118,"date":"2018-10-10T14:10:05","date_gmt":"2018-10-10T14:10:05","guid":{"rendered":"https:\/\/ffyh.unc.edu.ar\/sae\/?page_id=118"},"modified":"2025-12-15T20:02:16","modified_gmt":"2025-12-15T20:02:16","slug":"estudiantes-de-origen-extranjero","status":"publish","type":"page","link":"https:\/\/ffyh.unc.edu.ar\/sae\/tramites-administrativos\/estudiantes-de-origen-extranjero\/","title":{"rendered":"Estudiantes de origen extranjero"},"content":{"rendered":"<p><span style=\"font-weight: 400\">En nuestra facultad cursan muches estudiantes de origen extranjero, ya sea realizando carreras completas o estancias de intercambio.<\/span><\/p>\n<p><span style=\"font-weight: 400\">Para tener acceso a la informaci\u00f3n general de tr\u00e1mites relacionados dirigite a: <\/span><a href=\"https:\/\/www.unc.edu.ar\/extranjeros\/\"><span style=\"font-weight: 400\">https:\/\/www.unc.edu.ar\/extranjeros\/<\/span><\/a><\/p>\n<p>&nbsp;<\/p>\n<p><b>Contactos para consultas: <\/b><\/p>\n<ul>\n<li style=\"font-weight: 400\"><a href=\"https:\/\/ffyh.unc.edu.ar\/prii\/\"><span style=\"font-weight: 400\">Prosecretar\u00eda de Relaciones Internacionales de la FFyH<\/span><\/a><span style=\"font-weight: 400\">: Pabell\u00f3n Residencial, planta baja. <\/span><\/li>\n<\/ul>\n<p style=\"padding-left: 40px\">Correo electr\u00f3nico: interfilo@ffyh.unc.edu.ar<\/p>\n<p style=\"padding-left: 40px\">Horario de atenci\u00f3n al p\u00fablico:<\/p>\n<p style=\"padding-left: 280px\">Martes 15hs a 18hs<br \/>\nMi\u00e9rcoles 10hs a 13hs<\/p>\n<p style=\"padding-left: 40px\">Tel\u00e9fono: 0351-5353610 int 50045.<\/p>\n<ul>\n<li style=\"font-weight: 400\"><span style=\"font-weight: 400\">Prosecretar\u00eda de Relaciones Internacionales de la UNC<\/span><span style=\"font-weight: 400\">: <\/span><a href=\"https:\/\/www.unc.edu.ar\/internacionales\/\"><span style=\"font-weight: 400\">www.pri.unc.edu.ar<\/span><\/a><\/li>\n<\/ul>\n<p>&nbsp;<\/p>\n<p><b>Ingreso y radicaci\u00f3n en Argentina<\/b><\/p>\n<p><span style=\"font-weight: 400\">Para consultar los requisitos a presentar para ingresar y\/o radicarse en el pa\u00eds, consultar los diferentes reg\u00edmenes de visas seg\u00fan cada pa\u00eds de origen, recomendamos ingresar a: <\/span><a href=\"http:\/\/www.migraciones.gov.ar\/accesible\/\"><span style=\"font-weight: 400\">http:\/\/www.migraciones.gov.ar\/accesible\/<\/span><\/a><\/p>\n<p><span style=\"font-weight: 400\">Direcci\u00f3n Nacional de Migraciones (Delegaci\u00f3n en la Ciudad de C\u00f3rdoba): Caseros 676, Tel. 0351-4222740 \/ 4264206 \/ 423-6879.<\/span><\/p>\n<p>Si est\u00e1s cursando tu carrera en otra Universidad Nacional y quer\u00e9s hacer el pase a la UNC o quer\u00e9s hacer un pedido equivalencias de materias entre carreras, aqu\u00ed podr\u00e1s encontrar toda la informaci\u00f3n para iniciar el tr\u00e1mite.<\/p>\n<p>&nbsp;<\/p>\n<p>Para solicitar Pase de Universidad o Equivalencias de una Universidad Extranjera a la UNC , consult\u00e1 toda la informaci\u00f3n <a href=\"https:\/\/ffyh.unc.edu.ar\/sae\/tramites-administrativos\/pases-y-equivalencias\/\">aqu\u00ed<\/a>.<\/p>\n","protected":false},"excerpt":{"rendered":"<p>En nuestra facultad cursan muches estudiantes de origen extranjero, ya sea realizando carreras completas o estancias de intercambio. Para tener<\/p>\n","protected":false},"author":27,"featured_media":0,"parent":8,"menu_order":0,"comment_status":"closed","ping_status":"closed","template":"","meta":{"_acf_changed":false,"colormag_page_container_layout":"default_layout","colormag_page_sidebar_layout":"default_layout","_monsterinsights_skip_tracking":false,"_monsterinsights_sitenote_active":false,"_monsterinsights_sitenote_note":"","_monsterinsights_sitenote_category":0,"footnotes":""},"class_list":["post-118","page","type-page","status-publish","hentry"],"acf":[],"_links":{"self":[{"href":"https:\/\/ffyh.unc.edu.ar\/sae\/wp-json\/wp\/v2\/pages\/118","targetHints":{"allow":["GET"]}}],"collection":[{"href":"https:\/\/ffyh.unc.edu.ar\/sae\/wp-json\/wp\/v2\/pages"}],"about":[{"href":"https:\/\/ffyh.unc.edu.ar\/sae\/wp-json\/wp\/v2\/types\/page"}],"author":[{"embeddable":true,"href":"https:\/\/ffyh.unc.edu.ar\/sae\/wp-json\/wp\/v2\/users\/27"}],"replies":[{"embeddable":true,"href":"https:\/\/ffyh.unc.edu.ar\/sae\/wp-json\/wp\/v2\/comments?post=118"}],"version-history":[{"count":6,"href":"https:\/\/ffyh.unc.edu.ar\/sae\/wp-json\/wp\/v2\/pages\/118\/revisions"}],"predecessor-version":[{"id":2333,"href":"https:\/\/ffyh.unc.edu.ar\/sae\/wp-json\/wp\/v2\/pages\/118\/revisions\/2333"}],"up":[{"embeddable":true,"href":"https:\/\/ffyh.unc.edu.ar\/sae\/wp-json\/wp\/v2\/pages\/8"}],"wp:attachment":[{"href":"https:\/\/ffyh.unc.edu.ar\/sae\/wp-json\/wp\/v2\/media?parent=118"}],"curies":[{"name":"wp","href":"https:\/\/api.w.org\/{rel}","templated":true}]}}