{"id":12,"date":"2018-07-23T17:40:48","date_gmt":"2018-07-23T17:40:48","guid":{"rendered":"https:\/\/ffyh.unc.edu.ar\/sae\/?page_id=12"},"modified":"2026-03-03T18:33:53","modified_gmt":"2026-03-03T18:33:53","slug":"regimen-de-estudiante-trabajador-y-o-con-familiares-a-cargo","status":"publish","type":"page","link":"https:\/\/ffyh.unc.edu.ar\/sae\/regimen-de-estudiante-trabajador-y-o-con-familiares-a-cargo\/","title":{"rendered":"Certificado \u00danico para Estudiantes (CUE)"},"content":{"rendered":"<div class=\"below-entry-meta\">\n<h2 style=\"text-align: left\"><span style=\"font-weight: 400;text-align: left;font-size: 16px\">Desde 2026 entr\u00f3 en vigencia el nuevo <\/span><em style=\"font-weight: 400;text-align: left;font-size: 16px\"><strong>R\u00e9gimen de Estudiantes.<\/strong><\/em><\/h2>\n<p>Este nuevo r\u00e9gimen actualiza y unifica las normativas vinculadas al cursado, la evaluaci\u00f3n y los derechos estudiantiles.<br \/>\nEs fundamental que cada estudiante lea el r\u00e9gimen completo con atenci\u00f3n, ya que introduce modificaciones importantes respecto de la normativa vigente hasta el momento.<\/p>\n<p>Pueden ver informaci\u00f3n importante sobre lo que contempla este nuevo r\u00e9gimen de cursada <a href=\"https:\/\/sitio.ffyh.unc.edu.ar\/casaverde\/2025\/12\/22\/nuevo-regimen-de-estudiantes-vigente-desde-2026\/\">AQU\u00cd<\/a>.<\/p>\n<p>A continuaci\u00f3n, van a encontrar la informaci\u00f3n vinculada al Certificado \u00danico para Estudiantes (CUE).<\/p>\n<p>Es importante mencionar que este Certificado viene a reemplazar el RET, Certificado que se daba bajo el \u00a0<a href=\"http:\/\/ffyh.unc.edu.ar\/sae\/wp-content\/uploads\/sites\/30\/2018\/12\/RES_172_2012.pdf\">R\u00e9gimen de Estudiante Trabajador y\/o con familiares a cargo (descargar) .<\/a><\/p>\n<\/div>\n<h1><\/h1>\n<h1 style=\"text-align: center\"><span style=\"color: #000000\"><strong>CUE 2026<\/strong><\/span><\/h1>\n<p style=\"text-align: center\"><b>POR FAVOR LEER CON ATENCI\u00d3N ESTA INFORMACI\u00d3N ANTES DE LLENAR EL FORMULARIO<\/b><\/p>\n<ul>\n<li>Este formulario est\u00e1 destinado tanto a ingresantes como a estudiantes avanzades.<\/li>\n<li>La informaci\u00f3n que pongas en este formulario tiene valor de <b>DECLARACI\u00d3N JURADA<\/b><\/li>\n<li>El certificado que recib\u00eds al llenar este formulario tendr\u00e1 valor para todo el <b>a\u00f1o lectivo 2026.<\/b><\/li>\n<\/ul>\n<h4 style=\"text-align: left\">\u00bfC\u00f3mo se llena?<\/h4>\n<p style=\"text-align: left\"><strong>1\u00b7Ten\u00e9s que completar los campos de <a href=\"https:\/\/docs.google.com\/forms\/d\/e\/1FAIpQLSfRNhY9j4fXv_x_oyWUmln1gBPoxEX_BP83RUVtZHSZgcGWoA\/viewform\">este formulario<\/a><\/strong> y presionar \u00abenviar\u00bb.\u00a0 Sugerimos <b>REVISAR<\/b> los datos antes de enviarlo ya que luego no podr\u00e1s modificarlos.<\/p>\n<p><strong>2\u00b7<\/strong>Una vez completado el formulario, deber\u00e1s <strong>enviar la siguiente documentaci\u00f3n v\u00eda mail<\/strong> a la Secretar\u00eda de Asuntos Estudiantiles (<a href=\"mailto:saefilo@ffyh.unc.edu.ar\">saefilo@ffyh.unc.edu.ar<\/a>) con el <b>asunto \u00abCUE 2026\u00bb y tu nombre completo.<\/b><\/p>\n<div>\n<ul>\n<li><b>Trabajo registrado: <\/b>foto de certificado de trabajo, recibo de sueldo o comprobante de monotributo.<\/li>\n<li><b>Trabajo no registrado\/informal:<\/b> foto de nota del\/la empleador\/a o declaraci\u00f3n jurada en la Polic\u00eda.<\/li>\n<li><b>Familiar a cargo:<\/b> libreta de familia, partida de nacimiento de hijos\/as o DNI del familiar a cargo.<\/li>\n<\/ul>\n<div><b>SOLO DEB\u00c9S ENVIAR LA DOCUMENTACI\u00d3N QUE SE AJUSTE A TU CAUSAL DE INSCRIPCI\u00d3N AL CUE.<\/b><\/div>\n<p>Es muy importante que incluyas una cuenta de e-mail correctamente tipeada. All\u00ed te enviaremos el certificado.<\/p>\n<\/div>\n","protected":false},"excerpt":{"rendered":"<p>Desde 2026 entr\u00f3 en vigencia el nuevo R\u00e9gimen de Estudiantes. Este nuevo r\u00e9gimen actualiza y unifica las normativas vinculadas al<\/p>\n","protected":false},"author":1,"featured_media":0,"parent":0,"menu_order":0,"comment_status":"closed","ping_status":"closed","template":"","meta":{"_acf_changed":false,"colormag_page_container_layout":"default_layout","colormag_page_sidebar_layout":"default_layout","_monsterinsights_skip_tracking":false,"_monsterinsights_sitenote_active":false,"_monsterinsights_sitenote_note":"","_monsterinsights_sitenote_category":0,"footnotes":""},"class_list":["post-12","page","type-page","status-publish","hentry"],"acf":[],"_links":{"self":[{"href":"https:\/\/ffyh.unc.edu.ar\/sae\/wp-json\/wp\/v2\/pages\/12","targetHints":{"allow":["GET"]}}],"collection":[{"href":"https:\/\/ffyh.unc.edu.ar\/sae\/wp-json\/wp\/v2\/pages"}],"about":[{"href":"https:\/\/ffyh.unc.edu.ar\/sae\/wp-json\/wp\/v2\/types\/page"}],"author":[{"embeddable":true,"href":"https:\/\/ffyh.unc.edu.ar\/sae\/wp-json\/wp\/v2\/users\/1"}],"replies":[{"embeddable":true,"href":"https:\/\/ffyh.unc.edu.ar\/sae\/wp-json\/wp\/v2\/comments?post=12"}],"version-history":[{"count":54,"href":"https:\/\/ffyh.unc.edu.ar\/sae\/wp-json\/wp\/v2\/pages\/12\/revisions"}],"predecessor-version":[{"id":2418,"href":"https:\/\/ffyh.unc.edu.ar\/sae\/wp-json\/wp\/v2\/pages\/12\/revisions\/2418"}],"wp:attachment":[{"href":"https:\/\/ffyh.unc.edu.ar\/sae\/wp-json\/wp\/v2\/media?parent=12"}],"curies":[{"name":"wp","href":"https:\/\/api.w.org\/{rel}","templated":true}]}}