{"id":120,"date":"2018-10-10T14:39:13","date_gmt":"2018-10-10T14:39:13","guid":{"rendered":"https:\/\/ffyh.unc.edu.ar\/sae\/?page_id=120"},"modified":"2026-04-29T19:05:49","modified_gmt":"2026-04-29T19:05:49","slug":"ingreso-de-estudiantes-mayores-de-25-anos","status":"publish","type":"page","link":"https:\/\/ffyh.unc.edu.ar\/sae\/tramites-administrativos\/ingreso-de-estudiantes-mayores-de-25-anos\/","title":{"rendered":"Ingreso de estudiantes mayores de 25 a\u00f1os con estudios obligatorios incompletos"},"content":{"rendered":"<h3 style=\"text-align: center\"><\/h3>\n<blockquote><p>La Ley de Educaci\u00f3n Superior 24521\/95 prev\u00e9 en su Art. 7o que las personas mayores de 25 a\u00f1os, que no tengan completos sus estudios de nivel secundario, puedan ingresar a las instituciones de Nivel Superior excepcionalmente siempre que demuestren, a trav\u00e9s de las evaluaciones que en su caso se establezcan, que tienen preparaci\u00f3n y\/o experiencia laboral acorde con los estudios que se proponen iniciar, as\u00ed como aptitudes y conocimientos suficientes para cursarlos satisfactoriamente.<br \/>\nOHCS-2019-6-E-UNC-REC de la UNC (Ordenanza disponible haciendo click<a href=\"https:\/\/drive.google.com\/file\/d\/1JhZAf4w1Pl2gXpONLCw7QwwoUiVeSzuy\/view\"> OHCS_6_2019.pdf<\/a>).<\/p><\/blockquote>\n<h3 style=\"text-align: center\"><strong>-Ingreso CICLO 2026-<\/strong><\/h3>\n<p><span style=\"font-weight: 400\">Las Secretar\u00edas Acad\u00e9mica y de Asuntos Estudiantiles de la FFyH informan que <\/span><b>hasta el 15 de mayo del corriente<\/b><span style=\"font-weight: 400\">, se encuentran abiertas las inscripciones para que personas mayores de 25 a\u00f1os con estudios obligatorios incompletos puedan solicitar acceso a carreras de grado y pregrado de la UNC. Estas inscripciones se dan en el marco de lo dispuesto en el art\u00edculo 7\u00ba de la Ley de Educaci\u00f3n Superior que establece una excepci\u00f3n al requisito de poseer t\u00edtulo secundario para ingresar a la universidad, aplicable a quienes posean cierta preparaci\u00f3n y\/o experiencia laboral acorde con los estudios que se proponen iniciar y acrediten saberes b\u00e1sicos para poder iniciar el cursado.<\/span><\/p>\n<p><span style=\"font-weight: 400\">Las\/os aspirantes que tengan intenci\u00f3n de iniciar alguna carrera de la FFyH en este marco, deber\u00e1n anotarse en el formulario correspondiente dentro del plazo establecido y adjuntar all\u00ed la documentaci\u00f3n solicitada. Se puede consultar la <\/span><b>oferta de carreras<\/b><span style=\"font-weight: 400\"> de nuestra Facultad <\/span><a href=\"https:\/\/sitio.ffyh.unc.edu.ar\/ingreso\/antropologia\/\"><span style=\"font-weight: 400\">aqu\u00ed<\/span><\/a><span style=\"font-weight: 400\">.\u00a0<\/span><\/p>\n<p><span style=\"font-weight: 400\">Una vez validadas sus postulaciones, la Facultad enviar\u00e1 el listado de aspirantes al \u00c1rea Central de la Universidad, desde donde se les ofrecer\u00e1n tutor\u00edas y clases de apoyo presenciales y virtuales como preparaci\u00f3n para la aprobaci\u00f3n de dos ex\u00e1menes que les ser\u00e1n requeridos: uno de comprensi\u00f3n y producci\u00f3n en lengua castellana y otro de matem\u00e1ticas. El cronograma tanto de las clases y tutor\u00edas como de los ex\u00e1menes ser\u00e1 informado a las\/os aspirantes por la Secretar\u00eda de Asuntos Acad\u00e9micos de la UNC v\u00eda correo electr\u00f3nico.<\/span><\/p>\n<p><b>Las\/os postulantes que aprueben los ex\u00e1menes, estar\u00e1n habilitados a realizar el curso de nivelaci\u00f3n 2027 de la carrera elegida.\u00a0<\/b><\/p>\n<p><span style=\"font-weight: 400\">Se puede acceder a m\u00e1s informaci\u00f3n en esta <\/span><a href=\"https:\/\/www.unc.edu.ar\/acad%C3%A9micas\/ingreso-para-mayores-de-25-a%C3%B1os-sin-secundario-completo\"><span style=\"font-weight: 400\">p\u00e1gina web<\/span><\/a><span style=\"font-weight: 400\">. Por consultas, comunicarse a <\/span><a href=\"mailto:mayoresde25@academicas.unc.edu.ar\"><span style=\"font-weight: 400\">mayoresde25@academicas.unc.edu.ar<\/span><\/a><\/p>\n<p>&nbsp;<\/p>\n<p><b>REQUISITOS PARA POSTULARSE<\/b><span style=\"font-weight: 400\"><br \/>\n<\/span><span style=\"font-weight: 400\">\u2013 Tener 25 a\u00f1os cumplidos al 30 de junio de 2026.<\/span><span style=\"font-weight: 400\"><br \/>\n<\/span><span style=\"font-weight: 400\">\u2013 Haber cursado estudios primarios; no haber finalizado la educaci\u00f3n secundaria.<\/span><\/p>\n<p><span style=\"font-weight: 400\">\u2013 Ser ciudadano\/a argentino\/a o ciudadano\/a extranjero\/a con DNI vigente expedido por autoridades argentinas.<\/span><\/p>\n<p><span style=\"font-weight: 400\">\u2013 Contar con formaci\u00f3n y\/o experiencia laboral relacionada con los estudios que se propone iniciar.<\/span><\/p>\n<p><span style=\"font-weight: 400\">\u2013 Haber rendido el examen CELU, en caso de que la lengua materna no sea el espa\u00f1ol o bien se haya realizado la escolaridad en otra lengua.<\/span><\/p>\n<p>&nbsp;<\/p>\n<p><b>PROCEDIMIENTO PARA POSTULARSE (dos pasos obligatorios)<\/b><\/p>\n<p><strong>1. Completar el <a href=\"https:\/\/forms.gle\/jXNLHeZxY9imi5Z38\">formulario de inscripci\u00f3n<\/a> en el que se debe adjuntar:\u00a0<\/strong><\/p>\n<p style=\"padding-left: 40px\"><b>a)<\/b><span style=\"font-weight: 400\">Nota dirigida a la m\u00e1xima autoridad de la FFyH precisando la carrera a la que desea ingresar y aclarando los motivos; se presenta junto a una Declaraci\u00f3n Jurada de antecedentes.<\/span><\/p>\n<p style=\"padding-left: 40px\"><b>b) <\/b><span style=\"font-weight: 400\">Copia de ambos lados del DNI expedido por autoridades argentinas.<\/span><span style=\"font-weight: 400\"><br \/>\n<\/span><b>c)<\/b><span style=\"font-weight: 400\">Certificado de estudios escolares: fotocopia autenticada de certificado anal\u00edtico de estudios secundarios incompletos o fotocopia de libro matriz autenticada por el\/la Directora del establecimiento de nivel secundario o certificado autenticado de estudios primarios cursados.<\/span><span style=\"font-weight: 400\"><br \/>\n<\/span><b>d) <\/b><span style=\"font-weight: 400\">Constancia\/s de formaci\u00f3n y\/o experiencia laboral consignada en la declaraci\u00f3n jurada.<\/span><\/p>\n<p style=\"padding-left: 40px\"><b>e)<\/b><span style=\"font-weight: 400\">Certificado CELU, s\u00f3lo en caso de que la lengua materna no sea el espa\u00f1ol, o bien haya realizado su escolaridad en otra lengua.<\/span><\/p>\n<p><b><\/b><strong>2. Responder el siguiente <a href=\"https:\/\/encuestas3.unc.edu.ar\/index.php?r=survey\/index&amp;sid=654154\">cuestionario<\/a>, elaborado por la Secretar\u00eda de Asuntos Acad\u00e9micos de la UNC.\u00a0<\/strong><\/p>\n<p>&nbsp;<\/p>\n<p><span style=\"font-weight: 400\">Las\/os aspirantes que tuvieran alguna dificultad para concretar la inscripci\u00f3n, pueden solicitar orientaci\u00f3n a la<\/span> <b>Secretar\u00eda de Asuntos Estudiantiles de la FFyH <\/b><span style=\"font-weight: 400\">antes de que finalice la convocatoria, a trav\u00e9s de las siguientes v\u00edas:<\/span><\/p>\n<p><span style=\"font-weight: 400\">&#8211; consulta por correo a <\/span><a href=\"mailto:saefilo@ffyh.unc.edu.ar\"><span style=\"font-weight: 400\">saefilo@ffyh.unc.edu.ar<\/span><\/a><span style=\"font-weight: 400\">;\u00a0<\/span><\/p>\n<p><span style=\"font-weight: 400\">&#8211; consulta presencial en la oficina de la SAE (Patio de Humanidades en Ciudad Universitaria) de lunes a jueves de 10 a 17 h. o los viernes de 11 a 15 h.;<\/span><\/p>\n<p><span style=\"font-weight: 400\">&#8211; consulta telef\u00f3nica al 5353610, interno 50221 (en los mismos d\u00edas y horario de atenci\u00f3n presencial).<\/span><\/p>\n<p>&nbsp;<\/p>\n","protected":false},"excerpt":{"rendered":"<p>La Ley de Educaci\u00f3n Superior 24521\/95 prev\u00e9 en su Art. 7o que las personas mayores de 25 a\u00f1os, que no<\/p>\n","protected":false},"author":27,"featured_media":0,"parent":8,"menu_order":0,"comment_status":"closed","ping_status":"closed","template":"","meta":{"_acf_changed":false,"colormag_page_container_layout":"default_layout","colormag_page_sidebar_layout":"default_layout","_monsterinsights_skip_tracking":false,"_monsterinsights_sitenote_active":false,"_monsterinsights_sitenote_note":"","_monsterinsights_sitenote_category":0,"footnotes":""},"class_list":["post-120","page","type-page","status-publish","hentry"],"acf":[],"_links":{"self":[{"href":"https:\/\/ffyh.unc.edu.ar\/sae\/wp-json\/wp\/v2\/pages\/120","targetHints":{"allow":["GET"]}}],"collection":[{"href":"https:\/\/ffyh.unc.edu.ar\/sae\/wp-json\/wp\/v2\/pages"}],"about":[{"href":"https:\/\/ffyh.unc.edu.ar\/sae\/wp-json\/wp\/v2\/types\/page"}],"author":[{"embeddable":true,"href":"https:\/\/ffyh.unc.edu.ar\/sae\/wp-json\/wp\/v2\/users\/27"}],"replies":[{"embeddable":true,"href":"https:\/\/ffyh.unc.edu.ar\/sae\/wp-json\/wp\/v2\/comments?post=120"}],"version-history":[{"count":26,"href":"https:\/\/ffyh.unc.edu.ar\/sae\/wp-json\/wp\/v2\/pages\/120\/revisions"}],"predecessor-version":[{"id":2452,"href":"https:\/\/ffyh.unc.edu.ar\/sae\/wp-json\/wp\/v2\/pages\/120\/revisions\/2452"}],"up":[{"embeddable":true,"href":"https:\/\/ffyh.unc.edu.ar\/sae\/wp-json\/wp\/v2\/pages\/8"}],"wp:attachment":[{"href":"https:\/\/ffyh.unc.edu.ar\/sae\/wp-json\/wp\/v2\/media?parent=120"}],"curies":[{"name":"wp","href":"https:\/\/api.w.org\/{rel}","templated":true}]}}