{"id":1217,"date":"2022-10-31T18:44:13","date_gmt":"2022-10-31T18:44:13","guid":{"rendered":"https:\/\/ffyh.unc.edu.ar\/sae\/?page_id=1217"},"modified":"2026-04-07T15:46:06","modified_gmt":"2026-04-07T15:46:06","slug":"laboratorio-de-informatica","status":"publish","type":"page","link":"https:\/\/ffyh.unc.edu.ar\/sae\/laboratorio-de-informatica\/","title":{"rendered":"Laboratorio de Inform\u00e1tica"},"content":{"rendered":"<p dir=\"ltr\"><strong>Ubicaci\u00f3n: <\/strong>Casa Verde, Planta baja <a href=\"https:\/\/maps.app.goo.gl\/ySiLvUmAQkE2ZAUS9\">(ubicaci\u00f3n en maps AC\u00c1)<\/a><\/p>\n<p dir=\"ltr\"><strong>Horarios de atenci\u00f3n 2026:<\/strong><\/p>\n<ul>\n<li>\u00a0Lunes y Jueves de  10 a 14hs\n<li> Martes, Mi\u00e9rcoles y Viernes de 11 a 15hs .<\/li>\n<\/ul>\n<p><strong>Conctacto: laboratorio.ffyh@gmail.com<\/strong><\/p>\n<p><strong>Coordinador: Ramiro P\u00e9rez.<\/strong><\/p>\n<p>En este espacio, les estudiantes podr\u00e1n acceder al uso de computadoras para el desarrollo de actividades vinculadas al cursado (lecturas de pdf, redacci\u00f3n de textos, elaboraci\u00f3n de presentaciones), y a la autogesti\u00f3n (guaran\u00ed, aula virtual, postulaci\u00f3n a becas, publicaciones, etc)<\/p>\n<p dir=\"ltr\">El laboratorio cuenta con un <em>coordinador<\/em>\u00a0del uso del espacio que adem\u00e1s brinda apoyo vinculado a:<\/p>\n<ul>\n<li dir=\"ltr\">\n<p dir=\"ltr\" role=\"presentation\">Asistencia para el uso de sistema guaran\u00ed y aulas virtuales.<\/p>\n<\/li>\n<li dir=\"ltr\">\n<p dir=\"ltr\" role=\"presentation\">Colaboraci\u00f3n en la gesti\u00f3n e inscripci\u00f3n a becas.<\/p>\n<\/li>\n<li dir=\"ltr\">\n<p dir=\"ltr\" role=\"presentation\">Asesoramiento en el uso de programas y aplicaciones que apoyen la producci\u00f3n de informes, proyectos, tesis y monograf\u00edas.<\/p>\n<\/li>\n<li dir=\"ltr\"><span class=\"a_GcMg font-feature-liga-off font-feature-clig-off font-feature-calt-off text-decoration-none text-strikethrough-none\">Uso de las tablets del Programa Conexi\u00f3n Humanidades.<\/span><\/li>\n<\/ul>\n<p>&nbsp;<\/p>\n<p>&nbsp;<\/p>\n<p>&nbsp;<\/p>\n","protected":false},"excerpt":{"rendered":"<p>Ubicaci\u00f3n: Casa Verde, Planta baja (ubicaci\u00f3n en maps AC\u00c1) Horarios de atenci\u00f3n 2026: \u00a0Lunes y Jueves de 10 a 14hs<\/p>\n","protected":false},"author":27,"featured_media":0,"parent":0,"menu_order":0,"comment_status":"closed","ping_status":"closed","template":"","meta":{"_acf_changed":false,"colormag_page_container_layout":"default_layout","colormag_page_sidebar_layout":"default_layout","_monsterinsights_skip_tracking":false,"_monsterinsights_sitenote_active":false,"_monsterinsights_sitenote_note":"","_monsterinsights_sitenote_category":0,"footnotes":""},"class_list":["post-1217","page","type-page","status-publish","hentry"],"acf":[],"_links":{"self":[{"href":"https:\/\/ffyh.unc.edu.ar\/sae\/wp-json\/wp\/v2\/pages\/1217","targetHints":{"allow":["GET"]}}],"collection":[{"href":"https:\/\/ffyh.unc.edu.ar\/sae\/wp-json\/wp\/v2\/pages"}],"about":[{"href":"https:\/\/ffyh.unc.edu.ar\/sae\/wp-json\/wp\/v2\/types\/page"}],"author":[{"embeddable":true,"href":"https:\/\/ffyh.unc.edu.ar\/sae\/wp-json\/wp\/v2\/users\/27"}],"replies":[{"embeddable":true,"href":"https:\/\/ffyh.unc.edu.ar\/sae\/wp-json\/wp\/v2\/comments?post=1217"}],"version-history":[{"count":38,"href":"https:\/\/ffyh.unc.edu.ar\/sae\/wp-json\/wp\/v2\/pages\/1217\/revisions"}],"predecessor-version":[{"id":2448,"href":"https:\/\/ffyh.unc.edu.ar\/sae\/wp-json\/wp\/v2\/pages\/1217\/revisions\/2448"}],"wp:attachment":[{"href":"https:\/\/ffyh.unc.edu.ar\/sae\/wp-json\/wp\/v2\/media?parent=1217"}],"curies":[{"name":"wp","href":"https:\/\/api.w.org\/{rel}","templated":true}]}}