{"id":1256,"date":"2022-11-23T18:20:51","date_gmt":"2022-11-23T18:20:51","guid":{"rendered":"https:\/\/ffyh.unc.edu.ar\/sae\/?page_id=1256"},"modified":"2025-08-25T15:45:59","modified_gmt":"2025-08-25T15:45:59","slug":"extension-de-la-regularidad","status":"publish","type":"page","link":"https:\/\/ffyh.unc.edu.ar\/sae\/extension-de-la-regularidad\/","title":{"rendered":"Extensi\u00f3n de la Regularidad"},"content":{"rendered":"<header class=\"cm-entry-header\">\n<h1 class=\"cm-entry-title\">Extensi\u00f3n de regularidad por RD N\u00ba 872\/2025<\/h1>\n<\/header>\n<div class=\"cm-entry-summary\">\n<p>La gesti\u00f3n de la Facultad de Filosof\u00eda y Humanidades acaba de emitir la RD 872\/2025 en funci\u00f3n de la medida de fuerza decretada por el gremio de docentes e investigadores de la Universidad Nacional de C\u00f3rdoba en relaci\u00f3n a la suspensi\u00f3n de los ex\u00e1menes correspondientes al mes de julio de 2025. La resoluci\u00f3n comprende a la totalidad de estudiantes de las carreras de grado y pregrado de la\u00a0F<span class=\"gmail_default\">acultad\u00a0<\/span>y tiene la finalidad central de resguardar de forma equitativa la cantidad de turnos de examen<span class=\"gmail_default\">\u00a0<\/span>comprendidos en la vigencia de 1 a\u00f1o de la condici\u00f3n de promoci\u00f3n<span class=\"gmail_default\">, de dos a\u00f1os en los casos del espacio curricular\u00a0\u00a0<\/span>Seminario -Taller<span class=\"gmail_default\">\u00a0<\/span><span class=\"gmail_default\">de Pr\u00e1ctica Docente y Residencia de las carreras de profesorados<\/span>\u00a0<span class=\"gmail_default\">,\u00a0<\/span>de la vigencia de tres a\u00f1os<span class=\"gmail_default\">\u00a0<\/span>de la condici\u00f3n de regularidad, como tambi\u00e9n la aplicaci\u00f3n de la extensi\u00f3n de la condici\u00f3n de<span class=\"gmail_default\">\u00a0<\/span>regularidad que posibilita la RHCD 353\/2014<span class=\"gmail_default\">. Adem\u00e1s contempla aquellos casos de estudiantes\u00a0<\/span>que obtuvieron una pr\u00f3rroga de su condici\u00f3n\u00a0<span class=\"gmail_default\">(promocional y\/o regular)\u00a0<\/span>en car\u00e1cter de excepcionalidad.<\/p>\n<div class=\"cm-posts clearfix\">\n<article id=\"post-4611\" class=\"post-4611 post type-post status-publish format-standard hentry category-general tag-estudiantes\">\n<div class=\"cm-post-content\">\n<div class=\"cm-entry-summary\">\n<div class=\"pdfjs-fullscreen\"><a href=\"https:\/\/sitio.ffyh.unc.edu.ar\/casaverde\/2025\/07\/04\/extension-de-regularidad-por-rd-no-872-2025\/\">Informaci\u00f3n Despacho de Alumnxs<\/a><\/div>\n<div><a href=\"https:\/\/ffyh.unc.edu.ar\/sae\/extension-de-la-regularidad\/rs-2025-00513192-unc-dec_ffyh\/\" rel=\"attachment wp-att-2151\">RS-2025-00513192-UNC-DEC_FFYH<\/a><\/div>\n<p>&nbsp;<\/p>\n<\/div>\n<\/div>\n<\/article>\n<\/div>\n<p>&nbsp;<\/p>\n<\/div>\n","protected":false},"excerpt":{"rendered":"<p>Extensi\u00f3n de regularidad por RD N\u00ba 872\/2025 La gesti\u00f3n de la Facultad de Filosof\u00eda y Humanidades acaba de emitir la<\/p>\n","protected":false},"author":27,"featured_media":0,"parent":0,"menu_order":0,"comment_status":"closed","ping_status":"closed","template":"","meta":{"_acf_changed":false,"colormag_page_container_layout":"default_layout","colormag_page_sidebar_layout":"default_layout","_monsterinsights_skip_tracking":false,"_monsterinsights_sitenote_active":false,"_monsterinsights_sitenote_note":"","_monsterinsights_sitenote_category":0,"footnotes":""},"class_list":["post-1256","page","type-page","status-publish","hentry"],"acf":[],"_links":{"self":[{"href":"https:\/\/ffyh.unc.edu.ar\/sae\/wp-json\/wp\/v2\/pages\/1256","targetHints":{"allow":["GET"]}}],"collection":[{"href":"https:\/\/ffyh.unc.edu.ar\/sae\/wp-json\/wp\/v2\/pages"}],"about":[{"href":"https:\/\/ffyh.unc.edu.ar\/sae\/wp-json\/wp\/v2\/types\/page"}],"author":[{"embeddable":true,"href":"https:\/\/ffyh.unc.edu.ar\/sae\/wp-json\/wp\/v2\/users\/27"}],"replies":[{"embeddable":true,"href":"https:\/\/ffyh.unc.edu.ar\/sae\/wp-json\/wp\/v2\/comments?post=1256"}],"version-history":[{"count":13,"href":"https:\/\/ffyh.unc.edu.ar\/sae\/wp-json\/wp\/v2\/pages\/1256\/revisions"}],"predecessor-version":[{"id":2152,"href":"https:\/\/ffyh.unc.edu.ar\/sae\/wp-json\/wp\/v2\/pages\/1256\/revisions\/2152"}],"wp:attachment":[{"href":"https:\/\/ffyh.unc.edu.ar\/sae\/wp-json\/wp\/v2\/media?parent=1256"}],"curies":[{"name":"wp","href":"https:\/\/api.w.org\/{rel}","templated":true}]}}