{"id":1290,"date":"2022-12-28T20:05:29","date_gmt":"2022-12-28T20:05:29","guid":{"rendered":"https:\/\/ffyh.unc.edu.ar\/sae\/?page_id=1290"},"modified":"2025-12-15T19:53:37","modified_gmt":"2025-12-15T19:53:37","slug":"calendario-academico-2023","status":"publish","type":"page","link":"https:\/\/ffyh.unc.edu.ar\/sae\/calendario-academico-2023\/","title":{"rendered":"Calendario Acad\u00e9mico 2026"},"content":{"rendered":"<header class=\"entry-header\"><\/header>\n<div class=\"entry-content\">\n<p>&nbsp;<\/p>\n<div class=\"entry-content\">\n<p><strong><a href=\"https:\/\/ffyh.unc.edu.ar\/wp-content\/uploads\/2025\/12\/calendario-academico-2026.jpeg\"><img loading=\"lazy\" decoding=\"async\" class=\"wp-image-32591 alignright\" src=\"https:\/\/ffyh.unc.edu.ar\/wp-content\/uploads\/2025\/12\/calendario-academico-2026-238x300.jpeg\" alt=\"\" width=\"196\" height=\"248\" \/><\/a>A trav\u00e9s de la Resoluci\u00f3n 629\/2025, el Consejo Directivo de la FFyH aprob\u00f3 el Calendario de Actividades Acad\u00e9micas para el a\u00f1o lectivo 2026.<\/strong><\/p>\n<p>&nbsp;<\/p>\n<p>Aqu\u00ed se pueden encontrar todas las actividades administrativas y acad\u00e9micas de Pregrado, Grado y Posgrado. Entre los aspectos relevantes, se establecen los periodos de clases de todas las Escuelas y Departamentos de la FFyH (Antropolog\u00eda, Archivolog\u00eda, Bibliotecolog\u00eda, Ciencias de la Educaci\u00f3n, Filosof\u00eda, Geograf\u00eda, Historia y Letras) y de carreras de Posgrado.<\/p>\n<p>Tambi\u00e9n se pueden consultar las fechas de colaciones de Pregrado, Grado y Posgrado, as\u00ed como sus respectivos periodos de recepci\u00f3n de solicitudes de diplomas; los turnos de ex\u00e1menes finales, los periodos de inscripci\u00f3n de\u00a0 ayudantes alumnxs y adscriptxs, de alumnxs vocacionales y los recesos de verano e invierno, entre otros aspectos.<\/p>\n<\/div>\n<\/div>\n<p><a href=\"https:\/\/ffyh.unc.edu.ar\/calendario-academico\/\">ACCED\u00c9 AL CALENDARIO 2026 AQU\u00cd<\/a><\/p>\n<div class=\"pdfemb-viewer\">\n<div class=\"pdfemb-pagescontainer grab-to-pan-grab\">\n<div class=\"pdfemb-inner-div pdfemb-page1\"><\/div>\n<\/div>\n<\/div>\n","protected":false},"excerpt":{"rendered":"<p>&nbsp; A trav\u00e9s de la Resoluci\u00f3n 629\/2025, el Consejo Directivo de la FFyH aprob\u00f3 el Calendario de Actividades Acad\u00e9micas para<\/p>\n","protected":false},"author":27,"featured_media":0,"parent":0,"menu_order":0,"comment_status":"closed","ping_status":"closed","template":"","meta":{"_acf_changed":false,"saved_in_kubio":false,"colormag_page_container_layout":"default_layout","colormag_page_sidebar_layout":"default_layout","_monsterinsights_skip_tracking":false,"_monsterinsights_sitenote_active":false,"_monsterinsights_sitenote_note":"","_monsterinsights_sitenote_category":0,"footnotes":""},"class_list":["post-1290","page","type-page","status-publish","hentry"],"acf":[],"kubio_ai_page_context":{"short_desc":"","purpose":"general"},"_links":{"self":[{"href":"https:\/\/ffyh.unc.edu.ar\/sae\/wp-json\/wp\/v2\/pages\/1290","targetHints":{"allow":["GET"]}}],"collection":[{"href":"https:\/\/ffyh.unc.edu.ar\/sae\/wp-json\/wp\/v2\/pages"}],"about":[{"href":"https:\/\/ffyh.unc.edu.ar\/sae\/wp-json\/wp\/v2\/types\/page"}],"author":[{"embeddable":true,"href":"https:\/\/ffyh.unc.edu.ar\/sae\/wp-json\/wp\/v2\/users\/27"}],"replies":[{"embeddable":true,"href":"https:\/\/ffyh.unc.edu.ar\/sae\/wp-json\/wp\/v2\/comments?post=1290"}],"version-history":[{"count":7,"href":"https:\/\/ffyh.unc.edu.ar\/sae\/wp-json\/wp\/v2\/pages\/1290\/revisions"}],"predecessor-version":[{"id":2328,"href":"https:\/\/ffyh.unc.edu.ar\/sae\/wp-json\/wp\/v2\/pages\/1290\/revisions\/2328"}],"wp:attachment":[{"href":"https:\/\/ffyh.unc.edu.ar\/sae\/wp-json\/wp\/v2\/media?parent=1290"}],"curies":[{"name":"wp","href":"https:\/\/api.w.org\/{rel}","templated":true}]}}