{"id":133,"date":"2018-10-10T16:19:59","date_gmt":"2018-10-10T16:19:59","guid":{"rendered":"https:\/\/ffyh.unc.edu.ar\/sae\/?page_id=133"},"modified":"2025-11-18T18:41:36","modified_gmt":"2025-11-18T18:41:36","slug":"salud","status":"publish","type":"page","link":"https:\/\/ffyh.unc.edu.ar\/sae\/vida-estudiantil\/salud\/","title":{"rendered":"Salud"},"content":{"rendered":"<p><span style=\"font-weight: 400\">La Direcci\u00f3n de Salud de la SAE-UNC brinda asistencia m\u00e9dica a les estudiantes, y facilita el acceso al sistema de salud. Se pueden realizar todas las consultas que sean necesarias de manera completamente gratuita, con s\u00f3lo presentar la libreta de estudiante o credencial. Cuando las atenciones no se encuentran en la Direcci\u00f3n de Salud de la SAE &#8211; UNC pod\u00e9s sumarte al Programa PASOS (Plan de Asistencia Social Solidaria) para atenderte en otros centros de salud.<\/span><\/p>\n<p><span style=\"font-weight: 400\">Los turnos se otorgan por orden de llegada. La atenci\u00f3n en Ginecolog\u00eda, Odontolog\u00eda, Salud Mental y Fisioterapia requieren la solicitud previa de turnos. En el caso de la atenci\u00f3n en salud mental los turnos se dan todas las semanas los d\u00edas jueves por orden de llegada en la Direcci\u00f3n de Salud de la SAE UNC.<\/span><\/p>\n<p><span style=\"font-weight: 400\">Tambi\u00e9n pod\u00e9s acercarte al consultorio amigable si ten\u00e9s consultas sobre tu salud sexual y reproductiva y las diversas formas de vivirla, y sobre c\u00f3mo identificar y prevenir situaciones de violencia de g\u00e9nero. Cheque\u00e1 horarios de atenci\u00f3n aqu\u00ed.<\/span><\/p>\n<p><strong>Est\u00e1 previsto un examen preventivo de salud para ingresantes de todas las carreras de la UNC, a actualizarse cada tres a\u00f1os. Pod\u00e9s encontrar m\u00e1s informaci\u00f3n <a href=\"https:\/\/www.unc.edu.ar\/node\/510\">AC\u00c1<\/a>.<\/strong><\/p>\n<p>&gt;<u><a href=\"https:\/\/www.unc.edu.ar\/vida-estudiantil\/requisitos-para-adherir-pasos\" target=\"_blank\" rel=\"noopener\"><strong>REQUISITOS PARA ADHERIRSE A PASOS<\/strong><\/a><\/u><\/p>\n<p>&nbsp;<\/p>\n<p><b>M\u00e1s Informaci\u00f3n:<\/b><\/p>\n<p><b>SAE UNC &#8211; Direcci\u00f3n de Salud &#8211; Av. Juan Filloy S\/N Ciudad Universitaria (<a href=\"https:\/\/share.google\/ay64oH3Oevj2pFJsw\">Ubicaci\u00f3n en maps AC\u00c1<\/a>).<\/b><\/p>\n<p><b>Tel\u00e9fono 535-3761 internos 15101\/15102.<\/b><\/p>\n","protected":false},"excerpt":{"rendered":"<p>La Direcci\u00f3n de Salud de la SAE-UNC brinda asistencia m\u00e9dica a les estudiantes, y facilita el acceso al sistema de<\/p>\n","protected":false},"author":27,"featured_media":0,"parent":21,"menu_order":0,"comment_status":"closed","ping_status":"closed","template":"","meta":{"_acf_changed":false,"saved_in_kubio":false,"colormag_page_container_layout":"default_layout","colormag_page_sidebar_layout":"default_layout","_monsterinsights_skip_tracking":false,"_monsterinsights_sitenote_active":false,"_monsterinsights_sitenote_note":"","_monsterinsights_sitenote_category":0,"footnotes":""},"class_list":["post-133","page","type-page","status-publish","hentry"],"acf":[],"kubio_ai_page_context":{"short_desc":"","purpose":"general"},"_links":{"self":[{"href":"https:\/\/ffyh.unc.edu.ar\/sae\/wp-json\/wp\/v2\/pages\/133","targetHints":{"allow":["GET"]}}],"collection":[{"href":"https:\/\/ffyh.unc.edu.ar\/sae\/wp-json\/wp\/v2\/pages"}],"about":[{"href":"https:\/\/ffyh.unc.edu.ar\/sae\/wp-json\/wp\/v2\/types\/page"}],"author":[{"embeddable":true,"href":"https:\/\/ffyh.unc.edu.ar\/sae\/wp-json\/wp\/v2\/users\/27"}],"replies":[{"embeddable":true,"href":"https:\/\/ffyh.unc.edu.ar\/sae\/wp-json\/wp\/v2\/comments?post=133"}],"version-history":[{"count":3,"href":"https:\/\/ffyh.unc.edu.ar\/sae\/wp-json\/wp\/v2\/pages\/133\/revisions"}],"predecessor-version":[{"id":2289,"href":"https:\/\/ffyh.unc.edu.ar\/sae\/wp-json\/wp\/v2\/pages\/133\/revisions\/2289"}],"up":[{"embeddable":true,"href":"https:\/\/ffyh.unc.edu.ar\/sae\/wp-json\/wp\/v2\/pages\/21"}],"wp:attachment":[{"href":"https:\/\/ffyh.unc.edu.ar\/sae\/wp-json\/wp\/v2\/media?parent=133"}],"curies":[{"name":"wp","href":"https:\/\/api.w.org\/{rel}","templated":true}]}}