{"id":138,"date":"2018-10-10T16:25:13","date_gmt":"2018-10-10T16:25:13","guid":{"rendered":"https:\/\/ffyh.unc.edu.ar\/sae\/?page_id=138"},"modified":"2025-12-15T20:04:02","modified_gmt":"2025-12-15T20:04:02","slug":"deportes","status":"publish","type":"page","link":"https:\/\/ffyh.unc.edu.ar\/sae\/vida-estudiantil\/deportes\/","title":{"rendered":"Deportes"},"content":{"rendered":"<p>&nbsp;<\/p>\n<p><span style=\"font-weight: 400\">La Universidad Nacional de C\u00f3rdoba a trav\u00e9s de la Direcci\u00f3n de Deportes de la UNC, ofrece la pr\u00e1ctica de diversas disciplinas deportivas que pueden realizarse a trav\u00e9s de los equipos que representan a las facultades o en las c\u00e1tedras deportivas de la UNC. <\/span><\/p>\n<p dir=\"ltr\"><span style=\"font-family: garamond, times new roman, serif;font-size: large\">Hay m\u00e1s de 20 disciplinas deportivas. Las mismas est\u00e1n destinadas a estudiantes, docentes, nodocentes universitaries y publico en general, a un costo anual, semestral o mensual accesible, seg\u00fan cada tipo de deporte.\u00a0<\/span><\/p>\n<p dir=\"ltr\">Tipos de actividades deportivas:<\/p>\n<ul>\n<li>Actividades recreativas<\/li>\n<li>Actividades competitivas<\/li>\n<li>Actividades formativas<\/li>\n<li>Deportes de Centros de Estudiantes (para estudiantes regulares de la UNC).<\/li>\n<\/ul>\n<p><strong>Encontr\u00e1 la informaci\u00f3n respecto a c\u00f3mo inscribirte, los aranceles, las disciplinas y horarios <a href=\"https:\/\/www.unc.edu.ar\/vida-estudiantil\/deportes-unc-2025\">AC\u00c1.<\/a><\/strong><\/p>\n<p>Si ten\u00e9s dudas pod\u00e9s dirigirte a la Direcci\u00f3n de Deportes de la UNC\u00a0<a style=\"font-family: garamond, 'times new roman', serif;font-size: large\" href=\"https:\/\/www.google.com\/maps?q=UNC+-+Secretar%C3%ADa+de+Asuntos+Estudiantiles+-+Direcci%C3%B3n+de+Deportes,+Av.+Cdad.+de+Valpara%C3%ADso,+C%C3%B3rdoba&amp;ftid=0x9432a31c347f9ac1:0xf78bb4eb4df3495c&amp;hl=es-US&amp;gl=us&amp;entry=gps&amp;lucs=s2se,a1&amp;shorturl=1\">(ubicaci\u00f3n en maps)<\/a>,o contactarte por mail a <a style=\"font-family: garamond, 'times new roman', serif;font-size: large\" href=\"mailto:Atpublico.deportes@estudiantiles.unc.edu.ar\" target=\"_blank\" rel=\"noopener\">\u00a0atpublico.deportes@estudiantiles.unc.edu.ar<\/a><\/p>\n<hr \/>\n<h4><strong>BECAS DEPORTIVAS:<\/strong><\/h4>\n<p>El sistema de Becas Deportivas exime a estudiantes que presenten dificultades socio-econ\u00f3micas, del pago de las cuotas\/aranceles vigentes para las pr\u00e1cticas deportivas recreativas en el ciclo lectivo 2025 (la beca es para una sola disciplina deportiva y al momento de comenzar la pr\u00e1ctica se deber\u00e1 contar con el apto f\u00edsico m\u00e9dico correspondiente).<\/p>\n<p>Las mismas est\u00e1n vigentes de Abril a Diciembre. Encontr\u00e1 la informaci\u00f3n sobre las convocatorias <a href=\"https:\/\/ffyh.unc.edu.ar\/sae\/becas-de-deportes\/\">AC\u00c1.<\/a><\/p>\n<div id=\":2dn\" class=\"ii gt\">\n<div id=\":2mp\" class=\"a3s aiL \">\n<div class=\"adL\"><\/div>\n<\/div>\n<\/div>\n<hr \/>\n<h4><b>Talleres deportivos de la Facultad de Filosof\u00eda y Humanidades<\/b><\/h4>\n<p>El entrenamiento es completamente gratuito y exclusivo para estudiantes regulares de la Facultad de Filosof\u00eda y Humanidades.<\/p>\n<p>Inscripciones:<\/p>\n<p style=\"padding-left: 40px\"><strong>Paso 1<\/strong><\/p>\n<ul>\n<li>Completar el <a href=\"https:\/\/forms.gle\/GhFQyCTvzqhVS7vD7\">FORMULARIO<\/a><\/li>\n<li>Completar la ficha m\u00e9dica de manera particular o en Direcci\u00f3n de Salud de la UNC. <a href=\"https:\/\/www.unc.edu.ar\/sites\/default\/files\/Ficha%20m%C3%A9dica%20deportes%202023.pdf\">FICHA M\u00c9DICA<\/a><\/li>\n<\/ul>\n<p style=\"padding-left: 40px\">Turnos presencialmente o enviando un mail<\/p>\n<p style=\"padding-left: 40px\">Direcci\u00f3n de Salud &#8211; Av. Juan Filloy S\/N (Ciudad Universitaria).<br \/>\nHorario: lunes a viernes de 8:00 a 17:30 hrs.<br \/>\nE-mail: admision@estudiantiles.unc.edu.ar<\/p>\n<ul>\n<li>Estudiantes con carnet deportivo vigente tendr\u00e1n que renovar los estudios unos d\u00edas antes del vencimiento.<\/li>\n<li>Estudiantes con Carnet de Olimp\u00edadas tendr\u00e1n que complementar con la ficha medica y la Ergometria (subir los estudios en el paso 2).<\/li>\n<li>Estudiantes nuevxs tienen que hacer ficha m\u00e9dica y todos los estudios o EMMAC.<\/li>\n<\/ul>\n<p style=\"padding-left: 40px\"><strong>Paso 2<\/strong><\/p>\n<ul>\n<li>Ser\u00e1 mediante el Portal del Deportista. Acced\u00e9 <a href=\"https:\/\/deportes.sae.unc.edu.ar\/login\">AC\u00c1.<\/a><\/li>\n<li>En el portal deberan seleccionar \u00abDeportes Centro de Estudiantes\u00bb completar sus datos, subir una foto carnet y certificado de alumno regular.<\/li>\n<li>Apto m\u00e9dico y credencial QR.<\/li>\n<\/ul>\n<ol>\n<li>Carnet deportivo vigente, deben que generar credencial QR.<\/li>\n<li>Carnet olimpiadas, deben subir ficha m\u00e9dica y ergometria, para generar la credencial.<\/li>\n<li>Estudiantes nuevxs, deben subir ficha m\u00e9dica y todos los estudios requeridos para generar la credencial.<\/li>\n<\/ol>\n<p>Los estudios m\u00e9dicos tardan en verificarse 1 o 2 d\u00edas h\u00e1biles.<\/p>\n<p>M\u00e1s informaci\u00f3n comunicarse con la<a href=\"https:\/\/www.instagram.com\/secdeportesceffyh\/\"> Secretar\u00eda de Deportes del Ceffyh<\/a><\/p>\n<hr \/>\n<h4><b>Olimp\u00edadas y preolimp\u00edadas<\/b><\/h4>\n<p><span style=\"font-weight: 400\">Les estudiantes pueden participar de los equipos y deportes individuales que representan a las facultades en los campeonatos universitarios. Esta participaci\u00f3n es gratuita y es coordinada por los Centros de Estudiantes de cada Facultad. <\/span><\/p>\n<p><span style=\"font-weight: 400\">M\u00e1s Informaci\u00f3n<\/span><\/p>\n<p><span style=\"font-weight: 400\">CEFFyH &#8211; Casa Verde <\/span><\/p>\n<p><span style=\"font-weight: 400\">Mail:<a href=\"mailto:centrodelosestudiantes.ffyh@gmail.com\"> centrodelosestudiantes.ffyh@gmail.com<\/a><\/span><\/p>\n<p><span style=\"font-weight: 400\">Facebook: <a href=\"https:\/\/www.facebook.com\/secdeportesceffyh\">Deporte Ffyh<\/a><\/span><\/p>\n<p><span style=\"font-weight: 400\">Instagram: <a href=\"https:\/\/www.instagram.com\/secdeportesceffyh\/\">secdeportesffyh<\/a><\/span><\/p>\n<p>&nbsp;<\/p>\n","protected":false},"excerpt":{"rendered":"<p>&nbsp; La Universidad Nacional de C\u00f3rdoba a trav\u00e9s de la Direcci\u00f3n de Deportes de la UNC, ofrece la pr\u00e1ctica de<\/p>\n","protected":false},"author":27,"featured_media":0,"parent":21,"menu_order":0,"comment_status":"closed","ping_status":"closed","template":"","meta":{"_acf_changed":false,"saved_in_kubio":false,"colormag_page_container_layout":"default_layout","colormag_page_sidebar_layout":"default_layout","_monsterinsights_skip_tracking":false,"_monsterinsights_sitenote_active":false,"_monsterinsights_sitenote_note":"","_monsterinsights_sitenote_category":0,"footnotes":""},"class_list":["post-138","page","type-page","status-publish","hentry"],"acf":[],"kubio_ai_page_context":{"short_desc":"","purpose":"general"},"_links":{"self":[{"href":"https:\/\/ffyh.unc.edu.ar\/sae\/wp-json\/wp\/v2\/pages\/138","targetHints":{"allow":["GET"]}}],"collection":[{"href":"https:\/\/ffyh.unc.edu.ar\/sae\/wp-json\/wp\/v2\/pages"}],"about":[{"href":"https:\/\/ffyh.unc.edu.ar\/sae\/wp-json\/wp\/v2\/types\/page"}],"author":[{"embeddable":true,"href":"https:\/\/ffyh.unc.edu.ar\/sae\/wp-json\/wp\/v2\/users\/27"}],"replies":[{"embeddable":true,"href":"https:\/\/ffyh.unc.edu.ar\/sae\/wp-json\/wp\/v2\/comments?post=138"}],"version-history":[{"count":23,"href":"https:\/\/ffyh.unc.edu.ar\/sae\/wp-json\/wp\/v2\/pages\/138\/revisions"}],"predecessor-version":[{"id":2334,"href":"https:\/\/ffyh.unc.edu.ar\/sae\/wp-json\/wp\/v2\/pages\/138\/revisions\/2334"}],"up":[{"embeddable":true,"href":"https:\/\/ffyh.unc.edu.ar\/sae\/wp-json\/wp\/v2\/pages\/21"}],"wp:attachment":[{"href":"https:\/\/ffyh.unc.edu.ar\/sae\/wp-json\/wp\/v2\/media?parent=138"}],"curies":[{"name":"wp","href":"https:\/\/api.w.org\/{rel}","templated":true}]}}