{"id":142,"date":"2018-10-10T16:26:48","date_gmt":"2018-10-10T16:26:48","guid":{"rendered":"https:\/\/ffyh.unc.edu.ar\/sae\/?page_id=142"},"modified":"2025-11-18T14:51:41","modified_gmt":"2025-11-18T14:51:41","slug":"comedor-universitario","status":"publish","type":"page","link":"https:\/\/ffyh.unc.edu.ar\/sae\/vida-estudiantil\/comedor-universitario\/","title":{"rendered":"Comedor Universitario"},"content":{"rendered":"<p style=\"font-weight: 300\">El Comedor Universitario se constituye como un espacio de acceso a la alimentaci\u00f3n saludable, de encuentro, debate y esparcimiento de la comunidad de la Universidad Nacional de C\u00f3rdoba (UNC), cuya gesti\u00f3n est\u00e1 a cargo de la Direcci\u00f3n de Nutrici\u00f3n y Servicios Alimentarios de la Secretar\u00eda de Bienestar Universitario y Modernizaci\u00f3n.<\/p>\n<p style=\"font-weight: 300\">Con el objetivo de influir positivamente en la salud y en los estilos de vida saludables\u00a0 propone a la comunidad universitaria,\u00a0 una alimentaci\u00f3n\u00a0 equilibrada, variada, inocua y a bajo costo; contribuyendo al logro de un mayor rendimiento acad\u00e9mico y a la prevenci\u00f3n de enfermedades cr\u00f3nicas. Adem\u00e1s,\u00a0 cuenta con el Programa UNC sin TACC; dirigido a la Poblaci\u00f3n Cel\u00edaca Universitaria.<br \/>\nOfrece adem\u00e1s un espacio de encuentro, donde se desarrollan m\u00faltiples intervenciones culturales, informativas y educativas; como as\u00ed tambi\u00e9n donde se puede realizar una amena pausa saludable en la jornada.<\/p>\n<p style=\"font-weight: 300\">En base a la Declaraci\u00f3n de Derechos Estudiantiles de la UNC (Declaraci\u00f3n 8\/2009 del H. Consejo Superior) y a la presentaci\u00f3n institucional de la Secretar\u00eda de Bienestar y Modernizaci\u00f3n de la UNC se desprende que, en t\u00e9rminos generales, el Comedor Universitario persigue los siguientes objetivos:<br \/>\n&#8211; Influir positivamente en la salud y en los estilos de vida saludables de la comunidad universitaria y de su entorno.<br \/>\n&#8211; Proponer a la comunidad universitaria, y a los estudiantes en particular, una alimentaci\u00f3n equilibrada, variada, inocua y a bajo costo.<br \/>\n&#8211; Contribuir al logro de un mejor rendimiento acad\u00e9mico y a la prevenci\u00f3n de enfermedades cr\u00f3nicas.<br \/>\n&#8211; Educar en h\u00e1bitos alimentarios saludables.<br \/>\n&#8211; Fomentar la construcci\u00f3n y consolidaci\u00f3n del ejercicio de la Ciudadan\u00eda Universitaria.<br \/>\n&#8211; Garantizar la permanencia de los\/as estudiantes, a trav\u00e9s de diversas pol\u00edticas como el sistema de becas y subsidios que disminuyen el costo de las raciones<\/p>\n<p style=\"font-weight: 300\"><b><strong>Horarios<\/strong><\/b><br \/>\nReserva: Lunes a viernes de\u00a0 8 a 11 h<br \/>\nCancelaci\u00f3n: Lunes a viernes de 8 a 11:10 h<br \/>\nAlmuerzo Ciudad Universitaria: Lunes a viernes de 12 a 14.30 h<br \/>\nAlmuerzo sede centro: Lunes a viernes de 12.30 a 14.30 h<\/p>\n<p style=\"font-weight: 300\"><b><strong>\u200bPrecios<\/strong><\/b><br \/>\nEstudiante: $2400<br \/>\nDocente \/ Nodocente: $4500<\/p>\n<p style=\"font-weight: 300\">Invitados:$5400<br \/>\n*Si sos estudiante de posgrado el valor de la raci\u00f3n corresponde al de docente \/ nodocente.<\/p>\n<p style=\"font-weight: 300\"><em><b><strong>Becas Nutrirse<\/strong><\/b><\/em><\/p>\n<p style=\"font-weight: 300\">En el caso de que quieras solicitar beca para el comedor, podr\u00e1s consultar la informaci\u00f3n correspondiente haciendo\u00a0<a href=\"https:\/\/www.unc.edu.ar\/vida-estudiantil\/becas-nutrirse-2025\">clic aqu\u00ed<\/a><\/p>\n<p>\u00bfC\u00f3mo funciona el servicio de comedor?<\/p>\n<ul style=\"font-weight: 300\">\n<li>Para consumir una raci\u00f3n de men\u00fa en el comedor, es necesario que tengas habilitado el servicio \u201cComedor\u201d a trav\u00e9s de\u00a0<a href=\"https:\/\/mi.unc.edu.ar\/\">https:\/\/mi.unc.edu.ar\/<\/a>\u00a0y cuentes con saldo disponible para una raci\u00f3n.<\/li>\n<li>Para ingresar al comedor y hacer uso de tu reserva deb\u00e9s presentarte con tu DNI.<\/li>\n<li>Deb\u00e9s ser estudiante regular 2025<\/li>\n<li>Debes llevar cubiertos y una botella o vaso para el agua.<\/li>\n<li>Si reservaste pero no vas a ir al comedor, es importante que canceles tu reserva para permitir que otra persona s\u00ed pueda hacer uso de esa raci\u00f3n. En caso de no cancelar la reserva y no asistir al comedor, el monto descontado no se reintegrar\u00e1.<\/li>\n<li>&#8211; Deb\u00e9s buscar tu almuerzo en la sede que reservaste durante la ma\u00f1ana. No se puede cambiar de sede una vez\u00a0reservado.<\/li>\n<\/ul>\n<p style=\"font-weight: 300\">Comensales SIN TACC:\u00a0deb\u00e9s realizar el proceso de inscripci\u00f3n y luego enviar un mail a\u00a0<a href=\"mailto:comedor@bienestar.unc.edu.ar\">comedor@bienestar.unc.edu.ar<\/a>\u00a0solicitando el men\u00fa diferenciado acompa\u00f1ado de la documentaci\u00f3n que acredite tal condici\u00f3n. El\u00a0<b><strong>asunto\u00a0<\/strong><\/b>del mail debe ser: MEN\u00da LIBRE DE GLUTEN<\/p>\n<p style=\"font-weight: 300\"><b><strong>Dudas o consultas<\/strong><\/b><br \/>\nContacto:\u00a0<a href=\"mailto:comedor@bienestar.unc.edu.ar\">comedor@bienestar.unc.edu.ar<\/a><br \/>\nMesa de ayuda presencial: todos los d\u00edas en el sal\u00f3n del Comedor Universitario.<\/p>\n<p><b><strong>Pod\u00e9s encontrar un video instructivo y un paso a paso en la web de la UNC:<\/strong><\/b><\/p>\n<p><a href=\"https:\/\/www.unc.edu.ar\/vida-estudiantil\/comedor-universitario-2025\">COMEDOR UNIVERSITARIO<\/a><\/p>\n<p>&nbsp;<\/p>\n<p>&nbsp;<\/p>\n<p>&nbsp;<\/p>\n<p>&nbsp;<\/p>\n","protected":false},"excerpt":{"rendered":"<p>El Comedor Universitario se constituye como un espacio de acceso a la alimentaci\u00f3n saludable, de encuentro, debate y esparcimiento de<\/p>\n","protected":false},"author":27,"featured_media":0,"parent":21,"menu_order":0,"comment_status":"closed","ping_status":"closed","template":"","meta":{"_acf_changed":false,"saved_in_kubio":false,"colormag_page_container_layout":"default_layout","colormag_page_sidebar_layout":"default_layout","_monsterinsights_skip_tracking":false,"_monsterinsights_sitenote_active":false,"_monsterinsights_sitenote_note":"","_monsterinsights_sitenote_category":0,"footnotes":""},"class_list":["post-142","page","type-page","status-publish","hentry"],"acf":[],"kubio_ai_page_context":{"short_desc":"","purpose":"general"},"_links":{"self":[{"href":"https:\/\/ffyh.unc.edu.ar\/sae\/wp-json\/wp\/v2\/pages\/142","targetHints":{"allow":["GET"]}}],"collection":[{"href":"https:\/\/ffyh.unc.edu.ar\/sae\/wp-json\/wp\/v2\/pages"}],"about":[{"href":"https:\/\/ffyh.unc.edu.ar\/sae\/wp-json\/wp\/v2\/types\/page"}],"author":[{"embeddable":true,"href":"https:\/\/ffyh.unc.edu.ar\/sae\/wp-json\/wp\/v2\/users\/27"}],"replies":[{"embeddable":true,"href":"https:\/\/ffyh.unc.edu.ar\/sae\/wp-json\/wp\/v2\/comments?post=142"}],"version-history":[{"count":8,"href":"https:\/\/ffyh.unc.edu.ar\/sae\/wp-json\/wp\/v2\/pages\/142\/revisions"}],"predecessor-version":[{"id":2287,"href":"https:\/\/ffyh.unc.edu.ar\/sae\/wp-json\/wp\/v2\/pages\/142\/revisions\/2287"}],"up":[{"embeddable":true,"href":"https:\/\/ffyh.unc.edu.ar\/sae\/wp-json\/wp\/v2\/pages\/21"}],"wp:attachment":[{"href":"https:\/\/ffyh.unc.edu.ar\/sae\/wp-json\/wp\/v2\/media?parent=142"}],"curies":[{"name":"wp","href":"https:\/\/api.w.org\/{rel}","templated":true}]}}