{"id":145,"date":"2018-10-10T16:28:39","date_gmt":"2018-10-10T16:28:39","guid":{"rendered":"https:\/\/ffyh.unc.edu.ar\/sae\/?page_id=145"},"modified":"2026-02-10T18:58:01","modified_gmt":"2026-02-10T18:58:01","slug":"diversidad-e-inclusion-educativa","status":"publish","type":"page","link":"https:\/\/ffyh.unc.edu.ar\/sae\/vida-estudiantil\/diversidad-e-inclusion-educativa\/","title":{"rendered":"Diversidad e Inclusi\u00f3n Educativa"},"content":{"rendered":"<p><span style=\"font-weight: 400\">La Facultad de Filosof\u00eda y Humanidades se compromete en el acompa\u00f1amiento de las trayectorias estudiantiles en el sentido de garantizar la inclusi\u00f3n y la equidad en condiciones de cursado y rendida para todes les estudiantes en su diversidad. Por cualquier consulta al respecto, acercate a la Secretar\u00eda de Asuntos Estudiantiles en el Patio de Humanidades.<\/span><\/p>\n<ul>\n<li><b>Personas trans y de identidades no binarias<\/b><\/li>\n<\/ul>\n<p><span style=\"font-weight: 400\">Mediante la Ordenanza 9\/11 aprobada por el Consejo Superior, nuestra Universidad reconoce la identidad de g\u00e9nero adoptada y auto percibida de cualquier persona a su solo requerimiento, a\u00fan cuando \u00e9sta no coincida con su nombre y sexo registrales. Esto implica que les estudiantes de la UNC pueden tener consignado en su libreta y en su Sistema Guaran\u00ed el nombre elegido. <\/span><\/p>\n<p><span style=\"font-weight: 400\">Para acceder a este derecho deb\u00e9s presentar una nota por Mesa de Entradas de la FFyH: <\/span><\/p>\n<ul>\n<li style=\"list-style-type: none\">\n<ul>\n<li><span style=\"font-weight: 400\">Nota con car\u00e1cter de declaraci\u00f3n jurada, dirigida al\/ la Decano\/a de la Facultad solicitando el reconocimiento de tu identidad de g\u00e9nero auto percibida y tu nombre elegido. <\/span><a href=\"https:\/\/drive.google.com\/file\/d\/1yROhqZETuLnVxZbr5X5VwcrG8QY2jdTV\/view?usp=sharing\">PODES DESCARGAR EL MODELO DE NOTA AQU\u00cd.<\/a><\/li>\n<\/ul>\n<\/li>\n<\/ul>\n<ul>\n<li style=\"list-style-type: none\">\n<ul>\n<li><span style=\"font-weight: 400\">Enviarla a Mesa de Entradas: mesadeentradas@ffyh.unc.edu.ar\u00a0<\/span><\/li>\n<\/ul>\n<\/li>\n<\/ul>\n<p><span style=\"font-weight: 400\">Adem\u00e1s,\u00a0<\/span>las personas trans y de identidades no binarias pueden solicitar la beca de apuntes que se deduce del<a href=\"https:\/\/ffyh.unc.edu.ar\/sae\/becas\/beca-feip\/\"> FEIP (Fondo Estudiantil por la Inclusi\u00f3n y la Permanencia)<\/a>,\u00a0 formando parte del grupo de prioridad.<\/p>\n<p><a href=\"https:\/\/ffyh.unc.edu.ar\/genero\/contactos\/\">\u00c1reas de G\u00e9nero y Sexualidades en la FFyH: <\/a>Programa de G\u00e9nero, Sexualidades y ESI, \u00c1rea Trans, Travesti y No Binarie y \u00c1rea de Formaci\u00f3n en G\u00e9nero, Sexualidades y ESI.<\/p>\n<ul>\n<li><strong>Espacio de Asesoramiento en Violencia de G\u00e9nero<\/strong><\/li>\n<\/ul>\n<p>Este espacio est\u00e1 pensado para la recepci\u00f3n, escucha, acompa\u00f1amiento y asesoramiento de situaciones de violencias por razones de g\u00e9neros, abierta a toda la comunidad de la FFyH. Est\u00e1 bajo la coordinaci\u00f3n del Programa de G\u00e9neros, Sexualidades y Educaci\u00f3n Sexual Integral de la FFyH y trabaja en articulaci\u00f3n con las distintas \u00e1reas de la Unidad Acad\u00e9mica en particular y de \u00e1reas diversas y propias de la UNC. El espacio se caracteriza por ser confidencial, abierto y atravesado por la perspectiva de G\u00e9neros y Derechos Humanos.<\/p>\n<p><a href=\"https:\/\/ffyh.unc.edu.ar\/genero\/espacio-de-asesoramiento-en-violencia-de-genero\/\">Para mas informaci\u00f3n y contacto CLICK AC\u00c1.<\/a><\/p>\n<p>&nbsp;<\/p>\n<ul>\n<li><b>Personas en situaci\u00f3n de discapacidad<\/b><\/li>\n<\/ul>\n<p><span style=\"font-weight: 400\">Si sos estudiante o quer\u00e9s estudiar en la UNC y est\u00e1s en situaci\u00f3n permanente o transitoria de discapacidad, te contamos que la UNC tiene la responsabilidad de garantizar a todas las personas el derecho a participar de la vida universitaria en condiciones de equidad. Para ello, existen cinco protocolos de accesibilidad que funcionan como un marco de referencia que establece y unifica criterios para que cada unidad acad\u00e9mica pueda definir, sistematizar y priorizar pautas en este sentido.<\/span><\/p>\n<p><span style=\"font-weight: 400\">Adem\u00e1s, la Oficina de Inclusi\u00f3n Educativa de la UNC coordina con cada facultad para brindar servicio de digitalizaci\u00f3n de apuntes y talleres de lectura en pantalla, int\u00e9rpretes de lengua de se\u00f1as para las clases, etc. <\/span><\/p>\n<p><span style=\"font-weight: 400\">A continuaci\u00f3n pod\u00e9s acceder a los protocolos de accesibilidad vigentes. En cada documento se encontrar\u00e1n algunas orientaciones a la pr\u00e1ctica docente, que pueden complementarse con la asesor\u00eda pedag\u00f3gica de la Oficina en caso de ser necesario habida cuenta de la heterogeneidad y singularidad que se puede reconocer en la poblaci\u00f3n estudiantil. A continuaci\u00f3n se detalla sobre cada uno de los documentos \u00a0junto a los enlaces respectivos al Digesto de la UNC:<\/span><\/p>\n<ul>\n<li style=\"list-style-type: none\">\n<ul>\n<li><a href=\"https:\/\/www.unc.edu.ar\/vida-estudiantil\/protocolos-de-accesibilidad\"><b>Protocolos de Accesibilidad en la UNC.<\/b><\/a><\/li>\n<\/ul>\n<\/li>\n<\/ul>\n<p>Por otro lado, en la FFyH contamos con el <strong>Programa de Escucha y Acompa\u00f1amiento a las Trayectorias Estudiantiles<\/strong>.<\/p>\n<p>El mismo se propone garantizar condiciones reales de accesibilidad en el ingreso, la permanencia, el avance y el egreso de nuestras carreras de grado. Para ello, se trabaja de manera articulada con otros programas, \u00e1reas, equipos y oficinas de nuestra facultad y de la UNC.<\/p>\n<p>A su vez, se brindan herramientas para orientar a les estudiantes con consultas vinculadas a salud mental.<\/p>\n<p><b>Consultas a: <\/b><\/p>\n<ul>\n<li style=\"list-style-type: none\">\n<ul>\n<li><a href=\"https:\/\/ffyh.unc.edu.ar\/sae\/programa-escucha-acompanamiento-trayectorias-estudiantiles\/\">Programa de Escucha y Acompa\u00f1amiento a las Trayectorias Estudiantiles \u00a0<\/a><\/li>\n<\/ul>\n<\/li>\n<\/ul>\n<ul>\n<li style=\"list-style-type: none\">\n<ul>\n<li style=\"list-style-type: none\">\n<ul>\n<li>V\u00eda mail: ate.sae@ffyh.unc.edu.ar<\/li>\n<li><span class=\"OYPEnA font-feature-liga-off font-feature-clig-off font-feature-calt-off text-decoration-none text-strikethrough-none\">Whatsapp: 3513148190<\/span><\/li>\n<li>Personalmente en en el 1\u00ba piso de Casa Verde (box al lado de Antropolog\u00eda), los d\u00edas lunes de 15 a 19hs o los viernes de 14 a 18hs.<\/li>\n<\/ul>\n<\/li>\n<\/ul>\n<\/li>\n<\/ul>\n<ul>\n<li style=\"list-style-type: none\">\n<ul>\n<li><span style=\"font-weight: 400\">O<\/span><span style=\"font-weight: 400\">ficina de<a href=\"https:\/\/www.unc.edu.ar\/vida-estudiantil\/inclusi%C3%B3n-educativa\"> Inclusi\u00f3n Educativa de Personas en Situaci\u00f3n de Discapacidad <\/a>\u2013 SAE \u2013 UNC. <\/span>\n<ul>\n<li><span style=\"font-weight: 400\">Email: inclusioneducativa@sae.unc.edu.ar<\/span><\/li>\n<\/ul>\n<\/li>\n<\/ul>\n<\/li>\n<\/ul>\n<p>&nbsp;<\/p>\n<ul>\n<li><b>Laboratorio de Inform\u00e1tica de la FFyH<\/b><\/li>\n<\/ul>\n<p>En este espacio, les estudiantes podr\u00e1n acceder al uso de computadoras para el desarrollo de actividades vinculadas al cursado (lecturas de pdf, redacci\u00f3n de textos, elaboraci\u00f3n de presentaciones), y a la autogesti\u00f3n (guaran\u00ed, aula virtual, postulaci\u00f3n a becas, publicaciones,etc)<\/p>\n<p>El laboratorio cuenta con unx <em>coordinadorx<\/em>\u00a0del uso del espacio que adem\u00e1s brinda apoyo vinculado a:<\/p>\n<ul>\n<li style=\"list-style-type: none\">\n<ul>\n<li dir=\"ltr\">Asistencia para el uso de sistema guaran\u00ed y aulas virtuales.<\/li>\n<li dir=\"ltr\">Colaboraci\u00f3n en la gesti\u00f3n e inscripci\u00f3n a becas.<\/li>\n<li dir=\"ltr\">Asesoramiento en el uso de programas y aplicaciones que apoyen la producci\u00f3n de informes, proyectos, tesis y monograf\u00edas.<\/li>\n<\/ul>\n<\/li>\n<\/ul>\n<p>Est\u00e1 ubicado en Casa Verde, Planta Baja. Podes acercarte en su horario de atenci\u00f3n, los d\u00edas Lunes y Viernes de 11 a 15hs, y<br \/>\nMartes, Mi\u00e9rcoles y Jueves de 10 a 14hs..<\/p>\n<p><b>Consultas a:\u00a0<\/b><\/p>\n<p><a href=\"https:\/\/ffyh.unc.edu.ar\/sae\/laboratorio-de-informatica\/\">Laboratorio de Inform\u00e1tica<\/a> : laboratorio.ffyh@gmail.com<\/p>\n","protected":false},"excerpt":{"rendered":"<p>La Facultad de Filosof\u00eda y Humanidades se compromete en el acompa\u00f1amiento de las trayectorias estudiantiles en el sentido de garantizar<\/p>\n","protected":false},"author":27,"featured_media":0,"parent":21,"menu_order":0,"comment_status":"closed","ping_status":"closed","template":"","meta":{"_acf_changed":false,"saved_in_kubio":false,"colormag_page_container_layout":"default_layout","colormag_page_sidebar_layout":"default_layout","_monsterinsights_skip_tracking":false,"_monsterinsights_sitenote_active":false,"_monsterinsights_sitenote_note":"","_monsterinsights_sitenote_category":0,"footnotes":""},"class_list":["post-145","page","type-page","status-publish","hentry"],"acf":[],"kubio_ai_page_context":{"short_desc":"","purpose":"general"},"_links":{"self":[{"href":"https:\/\/ffyh.unc.edu.ar\/sae\/wp-json\/wp\/v2\/pages\/145","targetHints":{"allow":["GET"]}}],"collection":[{"href":"https:\/\/ffyh.unc.edu.ar\/sae\/wp-json\/wp\/v2\/pages"}],"about":[{"href":"https:\/\/ffyh.unc.edu.ar\/sae\/wp-json\/wp\/v2\/types\/page"}],"author":[{"embeddable":true,"href":"https:\/\/ffyh.unc.edu.ar\/sae\/wp-json\/wp\/v2\/users\/27"}],"replies":[{"embeddable":true,"href":"https:\/\/ffyh.unc.edu.ar\/sae\/wp-json\/wp\/v2\/comments?post=145"}],"version-history":[{"count":14,"href":"https:\/\/ffyh.unc.edu.ar\/sae\/wp-json\/wp\/v2\/pages\/145\/revisions"}],"predecessor-version":[{"id":2396,"href":"https:\/\/ffyh.unc.edu.ar\/sae\/wp-json\/wp\/v2\/pages\/145\/revisions\/2396"}],"up":[{"embeddable":true,"href":"https:\/\/ffyh.unc.edu.ar\/sae\/wp-json\/wp\/v2\/pages\/21"}],"wp:attachment":[{"href":"https:\/\/ffyh.unc.edu.ar\/sae\/wp-json\/wp\/v2\/media?parent=145"}],"curies":[{"name":"wp","href":"https:\/\/api.w.org\/{rel}","templated":true}]}}