{"id":1457,"date":"2023-05-12T17:33:35","date_gmt":"2023-05-12T17:33:35","guid":{"rendered":"https:\/\/ffyh.unc.edu.ar\/sae\/?page_id=1457"},"modified":"2023-05-12T17:39:33","modified_gmt":"2023-05-12T17:39:33","slug":"asesoramiento","status":"publish","type":"page","link":"https:\/\/ffyh.unc.edu.ar\/sae\/asesoramiento\/","title":{"rendered":"Asesoramiento"},"content":{"rendered":"<div>\n<ul>\n<li><a href=\"https:\/\/ffyh.unc.edu.ar\/sae\/programa-escucha-acompanamiento-trayectorias-estudiantiles\/\">Programa de Escucha y Acompa\u00f1amiento a las Trayectorias Estudiantiles<\/a><\/li>\n<\/ul>\n<\/div>\n<div>\n<ul>\n<li><a href=\"https:\/\/ffyh.unc.edu.ar\/sae\/violencia-de-genero\/\"><label for=\"menu-item-checkbox-289\">Violencias de G\u00e9nero<\/label><\/a><\/li>\n<\/ul>\n<\/div>\n<div>\n<ul>\n<li><a href=\"https:\/\/blogs.ffyh.unc.edu.ar\/casaVerde\/horario-de-atencion\/consultas\/\"><label for=\"menu-item-checkbox-290\">Problemas con Guaran\u00ed\u00a0<\/label><\/a><\/li>\n<\/ul>\n<\/div>\n<div>\n<ul>\n<li><a href=\"http:\/\/blogs.ffyh.unc.edu.ar\/tecnoedu\/\"><label for=\"menu-item-checkbox-291\">Problemas con el aula virtual\u00a0<\/label><\/a><\/li>\n<\/ul>\n<\/div>\n<div>\n<ul>\n<li>\n<div><a href=\"https:\/\/www.unc.edu.ar\/vida-estudiantil\/acompa%C3%B1amiento-las-trayectorias-academicas-estudiantiles\"><label for=\"menu-item-checkbox-292\">Problemas para rendir\u00a0<\/label><\/a><\/div>\n<\/li>\n<\/ul>\n<\/div>\n<div>\n<ul>\n<li><a href=\"https:\/\/ffyh.unc.edu.ar\/sae\/la-sae\/\">Problemas con une docente\u00a0<\/a><\/li>\n<\/ul>\n<\/div>\n<div>\n<ul>\n<li><a href=\"https:\/\/ffyh.unc.edu.ar\/sae\/regimen-de-cursado-2\/\">Problemas para asistir a clases\u00a0<\/a><\/li>\n<\/ul>\n<\/div>\n<div>\n<ul>\n<li><a href=\"https:\/\/www.unc.edu.ar\/vida-estudiantil\/consultorio-juridico-universitario\">Contrato de alquiler y problemas jur\u00eddicos\u00a0<\/a><\/li>\n<\/ul>\n<\/div>\n<div>\n<ul>\n<li><a href=\"https:\/\/www.unc.edu.ar\/sobre-la-unc\/defensoria\">Maltrato institucional<\/a><\/li>\n<\/ul>\n<\/div>\n","protected":false},"excerpt":{"rendered":"<p>Programa de Escucha y Acompa\u00f1amiento a las Trayectorias Estudiantiles Violencias de G\u00e9nero Problemas con Guaran\u00ed\u00a0 Problemas con el aula virtual\u00a0<\/p>\n","protected":false},"author":2,"featured_media":0,"parent":0,"menu_order":0,"comment_status":"closed","ping_status":"closed","template":"","meta":{"_acf_changed":false,"saved_in_kubio":false,"colormag_page_container_layout":"default_layout","colormag_page_sidebar_layout":"default_layout","_monsterinsights_skip_tracking":false,"_monsterinsights_sitenote_active":false,"_monsterinsights_sitenote_note":"","_monsterinsights_sitenote_category":0,"footnotes":""},"class_list":["post-1457","page","type-page","status-publish","hentry"],"acf":[],"kubio_ai_page_context":{"short_desc":"","purpose":"general"},"_links":{"self":[{"href":"https:\/\/ffyh.unc.edu.ar\/sae\/wp-json\/wp\/v2\/pages\/1457","targetHints":{"allow":["GET"]}}],"collection":[{"href":"https:\/\/ffyh.unc.edu.ar\/sae\/wp-json\/wp\/v2\/pages"}],"about":[{"href":"https:\/\/ffyh.unc.edu.ar\/sae\/wp-json\/wp\/v2\/types\/page"}],"author":[{"embeddable":true,"href":"https:\/\/ffyh.unc.edu.ar\/sae\/wp-json\/wp\/v2\/users\/2"}],"replies":[{"embeddable":true,"href":"https:\/\/ffyh.unc.edu.ar\/sae\/wp-json\/wp\/v2\/comments?post=1457"}],"version-history":[{"count":3,"href":"https:\/\/ffyh.unc.edu.ar\/sae\/wp-json\/wp\/v2\/pages\/1457\/revisions"}],"predecessor-version":[{"id":1461,"href":"https:\/\/ffyh.unc.edu.ar\/sae\/wp-json\/wp\/v2\/pages\/1457\/revisions\/1461"}],"wp:attachment":[{"href":"https:\/\/ffyh.unc.edu.ar\/sae\/wp-json\/wp\/v2\/media?parent=1457"}],"curies":[{"name":"wp","href":"https:\/\/api.w.org\/{rel}","templated":true}]}}