{"id":151,"date":"2018-10-10T16:35:11","date_gmt":"2018-10-10T16:35:11","guid":{"rendered":"https:\/\/ffyh.unc.edu.ar\/sae\/?page_id=151"},"modified":"2026-03-11T16:43:54","modified_gmt":"2026-03-11T16:43:54","slug":"beca-feip","status":"publish","type":"page","link":"https:\/\/ffyh.unc.edu.ar\/sae\/becas\/beca-feip\/","title":{"rendered":"Becas FEIP"},"content":{"rendered":"<p>Las Becas de apuntes FEIP (Fondo Estudiantil para la Inclusi\u00f3n y la Permanencia), creadas por iniciativa estudiantil y por <a href=\"http:\/\/www.digesto.unc.edu.ar\/ffyh\/honorable-consejo-directivo\/resolucion\/581_2010\/\">resoluci\u00f3n 581\/10 del Consejo Directivo<\/a>, \u00a0est\u00e1n destinadas a les estudiantes de nuestra Facultad que se encuentran en situaciones de vulnerabilidad y\/o con dificultades econ\u00f3micas para garantizar el cursado de las materias, y que pueden encontrar en esta pol\u00edtica de inclusi\u00f3n una ayuda para comenzar, continuar y\/o finalizar sus estudios.<\/p>\n<div class=\"nH if\">\n<div class=\"nH aHU\">\n<div class=\"nH hx\">\n<div class=\"nH\" role=\"list\">\n<div class=\"h7 ie nH oy8Mbf\" role=\"listitem\">\n<div class=\"Bk\">\n<div class=\"G3 G2\">\n<div id=\":2w2\">\n<div class=\"adn ads\" data-message-id=\"#msg-f:1740158319045332180\" data-legacy-message-id=\"182648c57ba34cd4\">\n<div class=\"gs\">\n<div class=\"\">\n<div id=\":1w9\" class=\"ii gt\">\n<div id=\":1wa\" class=\"a3s aiL \">\n<div dir=\"auto\">\n<p>En este sentido, fueron creadas con el principal objetivo de evitar situaciones de deserci\u00f3n estudiantil vinculadas a cuestiones econ\u00f3micas o de acceso a los materiales de estudio. Por esto, apelamos adem\u00e1s a la<strong> responsabilidad de cada estudiante para el retiro de los apuntes que solicitaron<\/strong>.<\/p>\n<hr \/>\n<h2 style=\"text-align: center\"><strong><span style=\"color: #993300\">BECAS FEIP 2026<\/span><\/strong><\/h2>\n<p><strong>IMPORTANTE:<\/strong>\u00a0Los apuntes se ir\u00e1n subiendo al drive a medida que est\u00e9n disponibles:<br \/>\n<a href=\"https:\/\/drive.google.com\/drive\/folders\/1ebgTw2NHWqUfQgy456vxtZBmTOULOIbx\">Link a Apuntes Digitales ya disponibles<\/a><\/p>\n<p><strong>Inscripci\u00f3n a la Beca de Apuntes 2026 para el primer cuatrimestre:<\/strong><\/p>\n<ol>\n<li>Completar el <a href=\"https:\/\/docs.google.com\/forms\/d\/e\/1FAIpQLSeg1z5Ek9fak4s1bILY_jez96TBaWjQFSw-qsyFE82EeHh-Pg\/viewform?usp=preview\">FORMULARIO.<\/a> Ten\u00e9s tiempor hasta el 13\/04.<\/li>\n<li>Enviar la DOCUMENTACI\u00d3N por mail a saefilo@ffyh.unc.edu.ar. Ten\u00e9s tiempor hasta el 20\/04.<\/li>\n<\/ol>\n<p style=\"text-align: left\">Lxs beneficiarixs de las Becas FEIP recibir\u00e1n la bibliograf\u00eda correspondiente a <strong>una asignatura. <\/strong><\/p>\n<p style=\"text-align: left\">Fueron establecidxs en funci\u00f3n de la poblaci\u00f3n estudiantil con mayores necesidades.<\/p>\n<p style=\"text-align: left\"><strong>Destinatarixs y documentaci\u00f3n solicitada en cada caso:<\/strong><\/p>\n<table>\n<tbody>\n<tr>\n<td><\/td>\n<td><b>Destinatarixs\u00a0 \u00a0 \u00a0 \u00a0<\/b><\/td>\n<td><b>\u00bfQu\u00e9 tienen que enviar por mail?<\/b><\/td>\n<\/tr>\n<tr>\n<td><\/td>\n<td>\u2013 Becarixs UNC Fondo \u00danico e Ingresantes que tienen beca de ingreso.<\/p>\n<p>\u2013 Beneficiarixs del Jard\u00edn Maternal Deodoro.<\/p>\n<p>\u2013 Beneficiarixs de la Asignaci\u00f3n Universal por Hijo (AUH) y Asignaci\u00f3n Universal por Embarazo (AUE).<\/p>\n<p>\u2013 Mayores de 25 a\u00f1os sin secundario terminado.<\/p>\n<p>\u2013 Personas trans\/ no binaries.<\/p>\n<p>\u2013 Estudiantes en situaci\u00f3n de discapacidad<\/p>\n<p>\u2013 Beneficiarixs PROGRESAR 2024 y 2025 (secundario o<br \/>\nuniversitario).<\/p>\n<p>\u2013 Mujeres en procedimiento legal por violencia de g\u00e9nero.<\/p>\n<p>\u2013 Estudiantes del Programa Universitario en la C\u00e1rcel alojados en Montecristo.<\/td>\n<td>\u2013 <strong>En todos los casos<\/strong> deben detallar en el mail el motivo\/causal por el cu\u00e1l te inscribiste. Ej: \u00abme inscrib\u00ed porque soy beneficiarix de la AUH\u00bb<\/p>\n<p>\u2013 <strong>En todos los casos<\/strong> deben adjuntar la constancia de inscripci\u00f3n a cursadas (descargarla de guaran\u00ed).<\/p>\n<p>\u2013 Beneficiarixs de Becas de la UNC o Jard\u00edn Deodoro enviar la notificaci\u00f3n de que resultaron beneficiarixs.<\/p>\n<p>\u2013 AUH o AUE adjuntar Negativa de Anses.<\/p>\n<p>\u2013 En caso discapacidad, certificado o nota elaborada por la SAE UNC.<\/p>\n<p>\u2013 En caso de PROGRESAR 2024 adjuntar \u00faltimo comprobante de cobro.<\/p>\n<p>\u2013 Estudiantes de Montecristo presentar nota firmada por el Programa Universitario en la C\u00e1rcel.<\/p>\n<p><strong>! Ante cualquier duda sobre la documentaci\u00f3n a presentar, realizar la consulta por mail antes del cierre de la inscripci\u00f3n. No ser\u00e1n incorporados los casos que se comuniquen por fuera de la fecha de cierre (05\/09).<\/strong><\/td>\n<\/tr>\n<\/tbody>\n<\/table>\n<p>&nbsp;<\/p>\n<p><strong>La Facultad ha fortalecido espacios y recursos para la accesibilidad al material de estudio y la consulta bibliogr\u00e1fica como la <a href=\"https:\/\/ffyh.unc.edu.ar\/biblioteca\/\">Biblioteca<\/a> -con en la compra de ejemplares de bibliograf\u00eda de c\u00e1tedras y la ampliaci\u00f3n de la sala de lectura-; el <a href=\"https:\/\/ffyh.unc.edu.ar\/sae\/laboratorio-de-informatica\/\">Laboratorio de Inform\u00e1tica<\/a> abierto de lunes a viernes de 11 a 15hs con atenci\u00f3n personalizada; el <a href=\"https:\/\/ffyh.unc.edu.ar\/sae\/programa-conexion-humanidades-ffyh\/\">Programa Conexi\u00f3n Humanidades<\/a>, con la entrega de 40 tablets a estudiantes para garantizar el material de manera accesible; y, gracias a un esfuerzo conjunto de la comunidad de la FFYH, el soporte digital de m\u00e1s del 80% de los apuntes de las c\u00e1tedras.<\/strong><\/p>\n<\/div>\n<\/div>\n<\/div>\n<\/div>\n<\/div>\n<\/div>\n<\/div>\n<\/div>\n<\/div>\n<\/div>\n<\/div>\n<\/div>\n<\/div>\n<\/div>\n<hr \/>\n<p><a href=\"https:\/\/drive.google.com\/drive\/folders\/1_k_HafI1GpRDOD6sDsb9REOmT_8tgzAk?usp=sharing\">Informes de gesti\u00f3n de las Becas FEIP &#8211; 2025 y a\u00f1os anteriores CLICK AC\u00c1<\/a><\/p>\n<p>&nbsp;<\/p>\n","protected":false},"excerpt":{"rendered":"<p>Las Becas de apuntes FEIP (Fondo Estudiantil para la Inclusi\u00f3n y la Permanencia), creadas por iniciativa estudiantil y por resoluci\u00f3n<\/p>\n","protected":false},"author":27,"featured_media":0,"parent":18,"menu_order":0,"comment_status":"closed","ping_status":"closed","template":"","meta":{"_acf_changed":false,"saved_in_kubio":false,"colormag_page_container_layout":"default_layout","colormag_page_sidebar_layout":"default_layout","_monsterinsights_skip_tracking":false,"_monsterinsights_sitenote_active":false,"_monsterinsights_sitenote_note":"","_monsterinsights_sitenote_category":0,"footnotes":""},"class_list":["post-151","page","type-page","status-publish","hentry"],"acf":[],"kubio_ai_page_context":{"short_desc":"","purpose":"general"},"_links":{"self":[{"href":"https:\/\/ffyh.unc.edu.ar\/sae\/wp-json\/wp\/v2\/pages\/151","targetHints":{"allow":["GET"]}}],"collection":[{"href":"https:\/\/ffyh.unc.edu.ar\/sae\/wp-json\/wp\/v2\/pages"}],"about":[{"href":"https:\/\/ffyh.unc.edu.ar\/sae\/wp-json\/wp\/v2\/types\/page"}],"author":[{"embeddable":true,"href":"https:\/\/ffyh.unc.edu.ar\/sae\/wp-json\/wp\/v2\/users\/27"}],"replies":[{"embeddable":true,"href":"https:\/\/ffyh.unc.edu.ar\/sae\/wp-json\/wp\/v2\/comments?post=151"}],"version-history":[{"count":99,"href":"https:\/\/ffyh.unc.edu.ar\/sae\/wp-json\/wp\/v2\/pages\/151\/revisions"}],"predecessor-version":[{"id":570,"href":"https:\/\/ffyh.unc.edu.ar\/sae\/wp-json\/wp\/v2\/pages\/151\/revisions\/570"}],"up":[{"embeddable":true,"href":"https:\/\/ffyh.unc.edu.ar\/sae\/wp-json\/wp\/v2\/pages\/18"}],"wp:attachment":[{"href":"https:\/\/ffyh.unc.edu.ar\/sae\/wp-json\/wp\/v2\/media?parent=151"}],"curies":[{"name":"wp","href":"https:\/\/api.w.org\/{rel}","templated":true}]}}