{"id":155,"date":"2018-10-10T16:37:46","date_gmt":"2018-10-10T16:37:46","guid":{"rendered":"https:\/\/ffyh.unc.edu.ar\/sae\/?page_id=155"},"modified":"2025-08-14T17:45:24","modified_gmt":"2025-08-14T17:45:24","slug":"progresar","status":"publish","type":"page","link":"https:\/\/ffyh.unc.edu.ar\/sae\/becas\/progresar\/","title":{"rendered":"PROGRESAR"},"content":{"rendered":"<p>&nbsp;<\/p>\n<p>La beca PROGRESAR no depende de la Facultad ni de la Universidad, sino del nuevo Ministerio de Capital Humano de la Naci\u00f3n, por lo cual no es posible para nosotres interceder en la gesti\u00f3n de la misma ni acceder al sistema a ver situaciones particulares.<\/p>\n<h4><b>INSCRIPCI\u00d3N VIRTUAL 2025\u00a0 \u00a0 \u00a0 \u00a0 \u00a0 \u00a0 \u00a0 \u00a0 \u00a0 \u00a0 \u00a0 \u00a0 \u00a0 \u00a0 \u00a0 \u00a0 \u00a0 \u00a0 \u00a0 \u00a0 \u00a0 \u00a0 \u00a0 \u00a0 \u00a0 \u00a0 \u00a0 \u00a0 \u00a0 \u00a0 \u00a0 \u00a0 \u00a0 \u00a0 \u00a0 \u00a0 \u00a0 \u00a0 \u00a0 \u00a0 \u00a0 \u00a0 \u00a0 \u00a0 \u00a0 \u00a0 \u00a0 \u00a0 \u00a0 \u00a0 \u00a0 \u00a0 \u00a0 \u00a0 \u00a0 \u00a0 \u00a0 \u00a0 \u00a0 \u00a0 \u00a0 \u00a0 \u00a0 \u00a0 \u00a0 \u00a0 \u00a0 \u00a0 \u00a0 \u00a0 \u00a0 \u00a0 \u00a0 \u00a0 \u00a0 \u00a0 \u00a0 \u00a0 \u00a0 \u00a0 \u00a0 \u00a0 \u00a0 \u00a0 \u00a0 \u00a0 \u00a0 \u00a0 \u00a0 \u00a0 \u00a0 \u00a0 \u00a0 \u00a0 \u00a0 \u00a0 \u00a0 \u00a0 \u00a0 \u00a0 \u00a0 \u00a0 \u00a0 \u00a0 \u00a0 \u00a0 \u00a0 \u00a0 \u00a0 \u00a0 \u00a0 \u00a0 \u00a0 \u00a0 \u00a0 \u00a0 \u00a0 \u00a0 \u00a0 \u00a0 \u00a0 \u00a0 \u00a0 \u00a0 \u00a0 \u00a0 \u00a0 \u00a0 \u00a0 \u00a0 \u00a0 \u00a0 \u00a0 \u00a0 \u00a0 \u00a0 \u00a0 \u00a0 \u00a0 \u00a0 \u00a0 \u00a0 \u00a0 \u00a0 \u00a0 \u00a0 \u00a0 \u00a0 \u00a0 \u00a0 \u00a0 \u00a0 \u00a0 \u00a0 \u00a0 \u00a0 \u00a0 \u00a0 \u00a0 \u00a0 \u00a0 \u00a0 \u00a0 \u00a0 \u00a0 \u00a0 \u00a0 \u00a0 \u00a0 \u00a0 \u00a0 \u00a0 \u00a0 \u00a0 \u00a0 \u00a0 \u00a0 \u00a0 \u00a0 \u00a0 \u00a0 \u00a0 \u00a0 \u00a0 \u00a0 \u00a0 \u00a0 \u00a0 \u00a0 \u00a0 \u00a0 \u00a0<\/b><\/h4>\n<p>\ud83d\udc49\ud83c\udffb \ud83c\udf93 BECAS PROGRESAR NIVEL SUPERIOR<br \/>\n\ud83d\udce2 \u00a1Segunda convocatoria 2025!<\/p>\n<p>\ud83d\uddd3\ufe0f Inscripciones del 18 de agosto al 5 de septiembre<br \/>\nCon los mismos requisitos que la convocatoria anterior.<\/p>\n<p>\ud83d\udca1 Para facilitar tu inscripci\u00f3n, te recomendamos tener preparados estos datos:<br \/>\n\u2705 Usuario en Mi Argentina \u2192 argentina.gob.ar\/miargentina<br \/>\n\u2705 CBU o CVU a tu nombre<br \/>\n\u2705 Datos actualizados en ANSES \u2192 anses.gob.ar\/mi-anses<\/p>\n<p>\ud83d\udcde \u00bfTen\u00e9s dudas?<br \/>\nContact\u00e1 al Programa Progresar:<br \/>\n\u260e\ufe0f 0800-999-1066 (Opci\u00f3n 1)<br \/>\n\ud83d\udcf1 (011) 4129-1000 (Opci\u00f3n 1, Internos 6270\/6348)<\/p>\n<p><strong><em>\u21d2 <\/em>\u00a0exclusivamente v\u00eda web, los formularios de Inscripci\u00f3n de ANSES no tienen validez para el nivel universitario y ser\u00e1n rechazados.<\/strong><\/p>\n<p><strong>Postulantes nueves:<\/strong>\u00a0Deben crear previamente un usuario y contrase\u00f1a.<br \/>\n<strong>Quienes ya gozan del beneficio:<\/strong> ingresan con el usuario y la contrase\u00f1a ya registradas en la convocatoria anterior.<\/p>\n<p><a href=\"https:\/\/www.youtube.com\/watch?time_continue=3&amp;v=IanffENNAgU&amp;embeds_referring_euri=https%3A%2F%2Fwww.argentina.gob.ar%2F&amp;embeds_referring_origin=https%3A%2F%2Fwww.argentina.gob.ar&amp;source_ve_path=Mjg2NjIsMjg2NjY&amp;feature=emb_logo\">Si olvidaste tu usuario o clave presiona aqu\u00ed.<\/a><\/p>\n<p>1- Tenes que estar inscripte a las materias que curs\u00e1s este cuatrimestre por sistema guaran\u00ed.<br \/>\n2- Ingres\u00e1 a <a href=\"https:\/\/www.argentina.gob.ar\/educacion\/progresar\">https:\/\/progresar.educacion.gob.ar\/<\/a><br \/>\n3- Selecciona la opci\u00f3n que esta al medio <strong>\u00abProgresar Superior\u00bb<\/strong>.<br \/>\n4- Ingresa tu usuario y contrase\u00f1a.<\/p>\n<p><span style=\"color: #0000ff\"><strong>5- DONDE SOLICITA EL \u00abCUE\u00bb DE LA INSTITUCI\u00d3N poner: 71401408\u00a0\u00a0<\/strong><\/span><\/p>\n<p><strong>IMPORTANTE! <\/strong><\/p>\n<ul>\n<li><strong>Toda la informaci\u00f3n sobre montos, <a href=\"https:\/\/www.argentina.gob.ar\/educacion\/progresar\/requisitos\/progresar-nivel-superior\">requisitos<\/a> as\u00ed como respuestas a las <a href=\"https:\/\/www.argentina.gob.ar\/educacion\/progresar\/preguntas-frecuentes-progresar\/educacion-superior-faq\">preguntas frecuentes<\/a> est\u00e1n en la p\u00e1gina web. Hasta el momento no nos han brindado mails o tel\u00e9fonos para realizar consultas ni reclamos por rechazos.<\/strong><\/li>\n<li>S\u00f3lo pod\u00e9s enviar una solicitud, y una vez enviada no podr\u00e1s modificarla. La informaci\u00f3n proporcionada en dicho formulario tiene car\u00e1cter de DECLARACI\u00d3N JURADA e incurrir en una falta har\u00e1 pasible al postulante de las sanciones administrativas, civiles y penales que correspondan.<\/li>\n<\/ul>\n","protected":false},"excerpt":{"rendered":"<p>&nbsp; La beca PROGRESAR no depende de la Facultad ni de la Universidad, sino del nuevo Ministerio de Capital Humano<\/p>\n","protected":false},"author":27,"featured_media":0,"parent":18,"menu_order":0,"comment_status":"closed","ping_status":"closed","template":"","meta":{"_acf_changed":false,"colormag_page_container_layout":"default_layout","colormag_page_sidebar_layout":"default_layout","_monsterinsights_skip_tracking":false,"_monsterinsights_sitenote_active":false,"_monsterinsights_sitenote_note":"","_monsterinsights_sitenote_category":0,"footnotes":""},"class_list":["post-155","page","type-page","status-publish","hentry"],"acf":[],"_links":{"self":[{"href":"https:\/\/ffyh.unc.edu.ar\/sae\/wp-json\/wp\/v2\/pages\/155","targetHints":{"allow":["GET"]}}],"collection":[{"href":"https:\/\/ffyh.unc.edu.ar\/sae\/wp-json\/wp\/v2\/pages"}],"about":[{"href":"https:\/\/ffyh.unc.edu.ar\/sae\/wp-json\/wp\/v2\/types\/page"}],"author":[{"embeddable":true,"href":"https:\/\/ffyh.unc.edu.ar\/sae\/wp-json\/wp\/v2\/users\/27"}],"replies":[{"embeddable":true,"href":"https:\/\/ffyh.unc.edu.ar\/sae\/wp-json\/wp\/v2\/comments?post=155"}],"version-history":[{"count":30,"href":"https:\/\/ffyh.unc.edu.ar\/sae\/wp-json\/wp\/v2\/pages\/155\/revisions"}],"predecessor-version":[{"id":2137,"href":"https:\/\/ffyh.unc.edu.ar\/sae\/wp-json\/wp\/v2\/pages\/155\/revisions\/2137"}],"up":[{"embeddable":true,"href":"https:\/\/ffyh.unc.edu.ar\/sae\/wp-json\/wp\/v2\/pages\/18"}],"wp:attachment":[{"href":"https:\/\/ffyh.unc.edu.ar\/sae\/wp-json\/wp\/v2\/media?parent=155"}],"curies":[{"name":"wp","href":"https:\/\/api.w.org\/{rel}","templated":true}]}}