{"id":158,"date":"2018-10-10T16:39:12","date_gmt":"2018-10-10T16:39:12","guid":{"rendered":"https:\/\/ffyh.unc.edu.ar\/sae\/?page_id=158"},"modified":"2025-11-27T15:47:46","modified_gmt":"2025-11-27T15:47:46","slug":"158-2","status":"publish","type":"page","link":"https:\/\/ffyh.unc.edu.ar\/sae\/becas\/158-2\/","title":{"rendered":"Beca de estudio SANTANDER"},"content":{"rendered":"<p dir=\"ltr\"><u><strong>CONVOCATORIA BECAS SANTANDER\u00a0<\/strong><\/u><\/p>\n<p dir=\"ltr\">Las Becas de Estudio Santander forman parte de un programa organizado por el Banco Santander R\u00edo S.A. que tiene como objetivo de facilitar el acceso, la permanencia y\/o la finalizaci\u00f3n en los estudios de grado a sectores estudiantiles con necesidades econ\u00f3micas y alto desempe\u00f1o acad\u00e9mico, consistente en el otorgamiento de un determinado monto a pagarse por \u00fanica vez a quienes resulten seleccionados\/as.<\/p>\n<p dir=\"ltr\">Para participar del programa de becas, los\/as estudiantes interesados\/as se inscriben en la plataforma del Banco Santander R\u00edo S.A., y posterior a ello, reciben un mail desde el correo institucional del Departamento de Servicio Social, con un formulario google que deben completar para recabar datos de desempe\u00f1o acad\u00e9mico y socio-econ\u00f3micos, necesarios para la evaluaci\u00f3n por parte del equipo profesional interviniente. Al mismo formulario se adjunta la documentaci\u00f3n respaldatoria.<\/p>\n<p dir=\"ltr\"><strong>INFORMACI\u00d3N, FECHAS DE INSCRIPCI\u00d3N, REQUISITOS en la <a href=\"https:\/\/www.unc.edu.ar\/vida-estudiantil\/becas-de-estudio-santander-1\">web de la BIMO- UNC<\/a>.<\/strong><\/p>\n<hr \/>\n<p dir=\"ltr\"><a href=\"https:\/\/www.unc.edu.ar\/sites\/default\/files\/RR-2023-858-UNC-REC%20Convenio%20Santander.pdf\">Convenio con Santander Resoluci\u00f3n N\u00ba 828\/2023<\/a><\/p>\n<hr \/>\n<div class=\"recuadro_info_dest_2_data\"><u><strong>CONSULTAS<\/strong><\/u><br \/>\nASUNTO: CONVOCATORIA BECAS SANTANDER 2024<br \/>\nDepartamento de Servicio Social &#8211; Direcci\u00f3n de Inclusi\u00f3n Social<br \/>\nSecretar\u00eda de Bienestar Universitario y Modernizaci\u00f3n.<br \/>\nCalle Juan Filloy s\/n &#8211; Planta Alta, Ciudad Universitaria (detr\u00e1s del Comedor Universitario).<br \/>\nLunes a viernes de 9 a 16 horas.<br \/>\nTel\u00e9fono: (54 351) 535-3761 (interno 15404).<br \/>\nCorreo electr\u00f3nico:\u00a0<a href=\"mailto:serviciosocial@estudiantiles.unc.edu.ar\">serviciosocial@estudiantiles.unc.edu.ar<\/a><\/div>\n","protected":false},"excerpt":{"rendered":"<p>CONVOCATORIA BECAS SANTANDER\u00a0 Las Becas de Estudio Santander forman parte de un programa organizado por el Banco Santander R\u00edo S.A.<\/p>\n","protected":false},"author":27,"featured_media":0,"parent":18,"menu_order":0,"comment_status":"closed","ping_status":"closed","template":"","meta":{"_acf_changed":false,"saved_in_kubio":false,"colormag_page_container_layout":"default_layout","colormag_page_sidebar_layout":"default_layout","_monsterinsights_skip_tracking":false,"_monsterinsights_sitenote_active":false,"_monsterinsights_sitenote_note":"","_monsterinsights_sitenote_category":0,"footnotes":""},"class_list":["post-158","page","type-page","status-publish","hentry"],"acf":[],"kubio_ai_page_context":{"short_desc":"","purpose":"general"},"_links":{"self":[{"href":"https:\/\/ffyh.unc.edu.ar\/sae\/wp-json\/wp\/v2\/pages\/158","targetHints":{"allow":["GET"]}}],"collection":[{"href":"https:\/\/ffyh.unc.edu.ar\/sae\/wp-json\/wp\/v2\/pages"}],"about":[{"href":"https:\/\/ffyh.unc.edu.ar\/sae\/wp-json\/wp\/v2\/types\/page"}],"author":[{"embeddable":true,"href":"https:\/\/ffyh.unc.edu.ar\/sae\/wp-json\/wp\/v2\/users\/27"}],"replies":[{"embeddable":true,"href":"https:\/\/ffyh.unc.edu.ar\/sae\/wp-json\/wp\/v2\/comments?post=158"}],"version-history":[{"count":12,"href":"https:\/\/ffyh.unc.edu.ar\/sae\/wp-json\/wp\/v2\/pages\/158\/revisions"}],"predecessor-version":[{"id":2310,"href":"https:\/\/ffyh.unc.edu.ar\/sae\/wp-json\/wp\/v2\/pages\/158\/revisions\/2310"}],"up":[{"embeddable":true,"href":"https:\/\/ffyh.unc.edu.ar\/sae\/wp-json\/wp\/v2\/pages\/18"}],"wp:attachment":[{"href":"https:\/\/ffyh.unc.edu.ar\/sae\/wp-json\/wp\/v2\/media?parent=158"}],"curies":[{"name":"wp","href":"https:\/\/api.w.org\/{rel}","templated":true}]}}