{"id":162,"date":"2018-10-10T16:42:33","date_gmt":"2018-10-10T16:42:33","guid":{"rendered":"https:\/\/ffyh.unc.edu.ar\/sae\/?page_id=162"},"modified":"2025-11-27T15:28:43","modified_gmt":"2025-11-27T15:28:43","slug":"becas-de-deportes","status":"publish","type":"page","link":"https:\/\/ffyh.unc.edu.ar\/sae\/becas-de-deportes\/","title":{"rendered":"Becas de Deportes"},"content":{"rendered":"<p dir=\"ltr\"><strong>BECAS DEPORTIVAS 2025<\/strong><\/p>\n<p dir=\"ltr\">El sistema de Becas Deportivas exime a estudiantes que presenten dificultades socio-econ\u00f3micas, del pago de las cuotas\/aranceles vigentes para las pr\u00e1cticas deportivas recreativas en el ciclo lectivo 2025 (la beca es para una sola disciplina deportiva y al momento de comenzar la pr\u00e1ctica se deber\u00e1 contar con el apto f\u00edsico m\u00e9dico correspondiente).<\/p>\n<p dir=\"ltr\"><strong>VIGENCIA<\/strong> Abril a Diciembre.<\/p>\n<p dir=\"ltr\"><strong>FECHA DE INSCRIPCI\u00d3N 2026 <\/strong>(para estudiantes avanzadas\/os e ingresantes )<\/p>\n<p dir=\"ltr\"><strong>Primer cuatrimestre:<\/strong><\/p>\n<ul>\n<li>Inscripci\u00f3n: 23\/02\/2026 al 02\/03\/2026.<\/li>\n<li>Resultados: 18\/03\/2026.<\/li>\n<\/ul>\n<p dir=\"ltr\"><strong>Segundo cuatrimestre:<\/strong><\/p>\n<ul>\n<li>Inscripci\u00f3n: 27\/07\/2026 AL 03\/08\/2026.<\/li>\n<li>Resultados: 18\/08\/2026<\/li>\n<\/ul>\n<p dir=\"ltr\"><strong>DESTINATARIOS\/AS<\/strong><\/p>\n<ul>\n<li dir=\"ltr\">\n<p dir=\"ltr\" role=\"presentation\">Estudiantes regulares inscriptos\/as a cursar materias en el ciclo lectivo 2025 de carreras de grado o pregrado de las 15 Facultades de la Universidad Nacional de C\u00f3rdoba.<\/p>\n<\/li>\n<li dir=\"ltr\">\n<p dir=\"ltr\" role=\"presentation\">Estudiantes regulares\u00a0 inscriptos\/as\u00a0 a cursar materias en el ciclo lectivo 2025 del nivel\u00a0 terciario de la Escuela Superior de Comercio Manuel Belgrano y el Colegio Nacional de Monserrat.<\/p>\n<\/li>\n<\/ul>\n<p dir=\"ltr\"><strong>REQUISITOS, DOCUMENTACI\u00d3N A PRESENTAR\u00a0<\/strong><\/p>\n<ul>\n<li dir=\"ltr\">\n<p dir=\"ltr\" role=\"presentation\">Ser parte del estudiantado regular activo de las carreras de grado o pregrado de la UNC. y\/o estudiantes regulares activos del nivel terciario de los Colegios PreUniversitarios.<\/p>\n<\/li>\n<li dir=\"ltr\">\n<p dir=\"ltr\" role=\"presentation\">Inscripci\u00f3n a cursar materias en el ciclo lectivo 2025 realizada al momento de la solicitud o la vigente al momento de realizar la solicitud.<\/p>\n<\/li>\n<li dir=\"ltr\">\n<p dir=\"ltr\" role=\"presentation\">Encontrarse en una situaci\u00f3n socioecon\u00f3mica que dificulte el acceso al pago \u00fanico del Carnet Deportivo Anual y\/o arancel para deportes recreativos.<\/p>\n<\/li>\n<li dir=\"ltr\">\n<p dir=\"ltr\" role=\"presentation\">Tener un promedio general de la carrera (incluyendo aplazos), igual o superior a 4 puntos o haber rendido dos materias en el ciclo lectivo anterior inmediato a la solicitud.<\/p>\n<\/li>\n<\/ul>\n<p dir=\"ltr\"><strong>DOCUMENTACI\u00d3N A PRESENTAR PARA TODAS LAS BECAS:\u00a0<\/strong><\/p>\n<p>En la web de la UNC, van a encontrar toda la informaci\u00f3n <a href=\"https:\/\/www.unc.edu.ar\/vida-estudiantil\/becas-deportivas-2025\">DEPORTES UNC\u00a0<\/a><\/p>\n<p dir=\"ltr\"><strong>NUEVA MODALIDAD DE POSTULACI\u00d3N: <\/strong><\/p>\n<p dir=\"ltr\">A trav\u00e9s del nuevo sistema en Guaran\u00ed. <a href=\"https:\/\/drive.google.com\/file\/d\/1Odg0PqsoCKRSs3qJE6aXWT5yKwmIzjSR\/view?usp=drive_link\">TUTORIAL AQU\u00cd<\/a><\/p>\n<p dir=\"ltr\"><b>Instancias de acompa\u00f1amiento para la inscripci\u00f3n:\u00a0<\/b><\/p>\n<p dir=\"ltr\">Para acompa\u00f1ar a las y los estudiantes en el uso del nuevo sistema de inscripci\u00f3n, se desarrollar\u00e1n\u00a0<b>Mesas de Consultas durante la fecha de inscripci\u00f3n, en el Comedor Universitario.<\/b><\/p>\n<p dir=\"ltr\"><strong>La lista de personas beneficiarias<\/strong> ser\u00e1 publicada en la p\u00e1gina web de la Universidad Nacional de C\u00f3rdoba, una vez hecho el dictamen como resoluci\u00f3n final. Adem\u00e1s ser\u00e1 responsabilidad del Departamento de Servicio Social dar notificaci\u00f3n fehaciente a los\/as estudiantes s adjudicados a trav\u00e9s del correo electr\u00f3nico usuario UNC declarado en la convocatoria pertinente. Como tambi\u00e9n ser\u00e1 responsabilidad del beneficiario\/a cumplimentar con la confirmaci\u00f3n y aceptaci\u00f3n del correspondiente beneficio en los plazos establecidos por el presente reglamento.<\/p>\n<p dir=\"ltr\">El otorgamiento de la beca caducar\u00e1 a los 10 (diez) d\u00edas corridos de no producirse la notificaci\u00f3n fehaciente del\/la estudiante, luego de informados los resultados de la evaluaci\u00f3n.<\/p>\n<p>&nbsp;<\/p>\n<div class=\"tabla_title\" dir=\"ltr\">CONTACTO:\u00a0<a href=\"mailto:serviciosocial@estudiantiles.unc.edu.ar\">serviciosocial@estudiantiles.unc.edu.ar<\/a><\/div>\n<div id=\":2dn\" class=\"ii gt\">\n<div id=\":2mp\" class=\"a3s aiL \">\n<div dir=\"ltr\">\n<div><\/div>\n<\/div>\n<\/div>\n<\/div>\n","protected":false},"excerpt":{"rendered":"<p>BECAS DEPORTIVAS 2025 El sistema de Becas Deportivas exime a estudiantes que presenten dificultades socio-econ\u00f3micas, del pago de las cuotas\/aranceles<\/p>\n","protected":false},"author":27,"featured_media":0,"parent":0,"menu_order":0,"comment_status":"closed","ping_status":"closed","template":"","meta":{"_acf_changed":false,"saved_in_kubio":false,"colormag_page_container_layout":"default_layout","colormag_page_sidebar_layout":"default_layout","_monsterinsights_skip_tracking":false,"_monsterinsights_sitenote_active":false,"_monsterinsights_sitenote_note":"","_monsterinsights_sitenote_category":0,"footnotes":""},"class_list":["post-162","page","type-page","status-publish","hentry"],"acf":[],"kubio_ai_page_context":{"short_desc":"","purpose":"general"},"_links":{"self":[{"href":"https:\/\/ffyh.unc.edu.ar\/sae\/wp-json\/wp\/v2\/pages\/162","targetHints":{"allow":["GET"]}}],"collection":[{"href":"https:\/\/ffyh.unc.edu.ar\/sae\/wp-json\/wp\/v2\/pages"}],"about":[{"href":"https:\/\/ffyh.unc.edu.ar\/sae\/wp-json\/wp\/v2\/types\/page"}],"author":[{"embeddable":true,"href":"https:\/\/ffyh.unc.edu.ar\/sae\/wp-json\/wp\/v2\/users\/27"}],"replies":[{"embeddable":true,"href":"https:\/\/ffyh.unc.edu.ar\/sae\/wp-json\/wp\/v2\/comments?post=162"}],"version-history":[{"count":10,"href":"https:\/\/ffyh.unc.edu.ar\/sae\/wp-json\/wp\/v2\/pages\/162\/revisions"}],"predecessor-version":[{"id":2308,"href":"https:\/\/ffyh.unc.edu.ar\/sae\/wp-json\/wp\/v2\/pages\/162\/revisions\/2308"}],"wp:attachment":[{"href":"https:\/\/ffyh.unc.edu.ar\/sae\/wp-json\/wp\/v2\/media?parent=162"}],"curies":[{"name":"wp","href":"https:\/\/api.w.org\/{rel}","templated":true}]}}