{"id":1754,"date":"2024-02-19T18:30:19","date_gmt":"2024-02-19T18:30:19","guid":{"rendered":"https:\/\/ffyh.unc.edu.ar\/sae\/?page_id=1754"},"modified":"2026-03-10T20:15:57","modified_gmt":"2026-03-10T20:15:57","slug":"programa-conexion-humanidades-ffyh","status":"publish","type":"page","link":"https:\/\/ffyh.unc.edu.ar\/sae\/programa-conexion-humanidades-ffyh\/","title":{"rendered":"Programa Conexi\u00f3n Humanidades FFyH"},"content":{"rendered":"<h3><span style=\"color: #993300\"><strong><span style=\"color: #339966\">INSCRIPCIONES 2026\u00b7 Primer Cuatrimestre<\/span><\/strong><\/span><\/h3>\n<div><b>ATENCI\u00d3N<\/b><b>! El programa Conexi\u00f3n Humanidades es incompatible con la Beca FEIP. No pueden solicitarse ambos.\u00a0<\/b><\/div>\n<div><\/div>\n<div>El Programa Conexi\u00f3n Humanidades\u00a0es una iniciativa que surge a partir del an\u00e1lisis de la implementaci\u00f3n de las Becas de Apuntes FEIP, a 14 a\u00f1os de su puesta en marcha, y en pos de fortalecer las pol\u00edtica de becas estudiantiles de la Facultad de Filosof\u00eda y Humanidades.<\/div>\n<p>A su vez, este programa se articula con otras pol\u00edticas dise\u00f1adas a nivel institucional en funci\u00f3n de garantizar la gratuidad de la educaci\u00f3n universitaria y evitar situaciones en las que la deserci\u00f3n de les estudiantes se vincule a condiciones socioecon\u00f3micas.<\/p>\n<p><b>Esta Beca consiste en la entrega en comodato de un dispositivo electr\u00f3nico (tablet), desde\u00a0<u>marzo hasta diciembre de 2026<\/u>.\u00a0Cada equipo se encuentra verificado y en perfecto estado de funcionamiento, cuenta con un sistema operativo preinstalado y aplicaciones para inform\u00e1tica b\u00e1sica. Adem\u00e1s, cada equipo est\u00e1 asegurado por posibles roturas o hurtos.<\/b><\/p>\n<p dir=\"ltr\">All\u00ed, podr\u00e1n descargar todos los apuntes que necesiten para el cursado -desde el drive de apuntes digitales- y tambi\u00e9n podr\u00e1n hacer uso de las distintas aplicaciones para navegaci\u00f3n web, uso de aula virtual, Guaran\u00ed, elaboraci\u00f3n de trabajos pr\u00e1cticos, etc. Por otro lado ponemos a disposici\u00f3n el <b><a href=\"https:\/\/ffyh.unc.edu.ar\/sae\/laboratorio-de-informatica\/\">Laboratorio de Inform\u00e1tica de Casa Verde<\/a> como<\/b><b>\u00a0espacio de consulta<\/b> para optimizar el uso de las tablets y para resolver cualquier duda que pueda surgir durante su uso.<\/p>\n<p dir=\"ltr\">Algunos de los principales objetivos del programa son:<\/p>\n<p dir=\"ltr\">\u2013 Garantizar y promover el acceso, la permanencia y el egreso de les estudiantes de la Facultad de Filosof\u00eda y Humanidades, poniendo a disposici\u00f3n de la comunidad estudiantil herramientas que acompa\u00f1en sus trayectorias acad\u00e9micas.<\/p>\n<p dir=\"ltr\">\u2013 Brindar a les estudiantes una herramienta de estudio que les permita, adem\u00e1s del acceso a los materiales de lectura, el desarrollo de otras actividades vinculadas a su desempe\u00f1o acad\u00e9mico (por ejemplo, realizaci\u00f3n de trabajos pr\u00e1cticos y parciales domiciliarios, redacci\u00f3n de monograf\u00edas u otro tipo de trabajos finales, inscripciones a cursadas y ex\u00e1menes, navegaci\u00f3n en aula virtual, gesti\u00f3n de tr\u00e1mites administrativos, etc.).<\/p>\n<p dir=\"ltr\">\u2013 Disminuir la generaci\u00f3n de apuntes en soporte papel, evitando una subutilizaci\u00f3n del presupuesto y el desperdicio de papel (en el caso de que no sean retirados).<\/p>\n<p dir=\"ltr\">\u2013 Mejorar el acceso a las tecnolog\u00edas digitales en pos de reducir la desigualdad de oportunidades, implementando diversas estrategias orientadas al fortalecimiento de la accesibilidad digital.<\/p>\n<p><b>Los requisitos para inscribirte son:\u00a0<\/b><br \/>\nPertenecer a poblaciones prioritarias:\u00a0\u00a0Becaries UNC Fondo \u00danico e Ingresantes que tienen beca de ingreso,\u00a0\u00a0Beneficiaries del Jard\u00edn Maternal Deodoro,\u00a0\u00a0Beneficiaries de la Asignaci\u00f3n Universal por Hijo (AUH) y Asignaci\u00f3n Universal por Embarazo (AUE),\u00a0Mayores de 25 a\u00f1os sin secundario terminado,\u00a0\u00a0Personas trans\/ no binaries,\u00a0\u00a0Estudiantes en situaci\u00f3n de discapacidad, Jubilade\/pensionade.<\/p>\n<p><strong>INSCRIPCIONES:\u00a0<\/strong><\/p>\n<ol>\n<li><a href=\"https:\/\/docs.google.com\/forms\/d\/1GY6ggROto11HMVQ4XIbrqNeU3izQkqjMxRVvg0-xZUs\/viewform?edit_requested=true\">Complet\u00e1 el Formulario.<\/a> Est\u00e1 abierto hasta el 13\/04.<\/li>\n<li>Envi\u00e1 un mail adjuntando la documentaci\u00f3n correspondiente a\u00a0<a href=\"mailto:saefilo@ffyh.unc.edu.ar\">saefilo@ffyh.unc.edu.ar<\/a>. Ten\u00e9s tiempo hasta el 20\/04.<\/li>\n<\/ol>\n<p style=\"padding-left: 40px\"><b>La documentaci\u00f3n a enviar es la siguiente:\u00a0<\/b><b>\u00a0<\/b><\/p>\n<ul>\n<li>En todos los casos deb\u00e9s detallar en el mail el motivo\/causal por el cu\u00e1l te inscribiste (ej.: \u00abMe inscrib\u00ed porque soy beneficiarie de la AUH\u00bb).<\/li>\n<li>En todos los casos deben adjuntar la constancia de inscripci\u00f3n a cursadas (descargarla de guaran\u00ed).<\/li>\n<li>Solo en caso de AUH o AUE, adjuntar\u00a0Negativa de Ans\u00e9s.<\/li>\n<li>En caso discapacidad, certificado o nota elaborada por la SAE UNC.<\/li>\n<li>En caso de ser jubilade\/pensionade, es necesario el recibo de jubilaci\u00f3n\/pensi\u00f3n.<\/li>\n<\/ul>\n<div><b><u>Sobre la entrega de las tablets<\/u><\/b>: en caso de que el n\u00famero de inscriptes exceda la cantidad de equipos en pr\u00e9stamo, se establecer\u00e1n los mecanismos necesarios para realizar un orden de m\u00e9rito y adjudicar los mismos.<\/div>\n<div>Quienes queden fuera del orden de m\u00e9rito, podr\u00e1n acceder a la beca FEIP.<\/div>\n<div><\/div>\n<div><a href=\"https:\/\/drive.google.com\/file\/d\/1nRMnR3bHJHbowHp0D6EzM0IWCI2Bpcqz\/view?usp=sharing\">INFORME PROGRAMA CONEXI\u00d3N HUMANIDADES 2025<\/a><\/div>\n","protected":false},"excerpt":{"rendered":"<p>INSCRIPCIONES 2026\u00b7 Primer Cuatrimestre ATENCI\u00d3N! El programa Conexi\u00f3n Humanidades es incompatible con la Beca FEIP. No pueden solicitarse ambos.\u00a0 El<\/p>\n","protected":false},"author":27,"featured_media":0,"parent":0,"menu_order":0,"comment_status":"closed","ping_status":"closed","template":"","meta":{"_acf_changed":false,"colormag_page_container_layout":"default_layout","colormag_page_sidebar_layout":"default_layout","_monsterinsights_skip_tracking":false,"_monsterinsights_sitenote_active":false,"_monsterinsights_sitenote_note":"","_monsterinsights_sitenote_category":0,"footnotes":""},"class_list":["post-1754","page","type-page","status-publish","hentry"],"acf":[],"_links":{"self":[{"href":"https:\/\/ffyh.unc.edu.ar\/sae\/wp-json\/wp\/v2\/pages\/1754","targetHints":{"allow":["GET"]}}],"collection":[{"href":"https:\/\/ffyh.unc.edu.ar\/sae\/wp-json\/wp\/v2\/pages"}],"about":[{"href":"https:\/\/ffyh.unc.edu.ar\/sae\/wp-json\/wp\/v2\/types\/page"}],"author":[{"embeddable":true,"href":"https:\/\/ffyh.unc.edu.ar\/sae\/wp-json\/wp\/v2\/users\/27"}],"replies":[{"embeddable":true,"href":"https:\/\/ffyh.unc.edu.ar\/sae\/wp-json\/wp\/v2\/comments?post=1754"}],"version-history":[{"count":14,"href":"https:\/\/ffyh.unc.edu.ar\/sae\/wp-json\/wp\/v2\/pages\/1754\/revisions"}],"predecessor-version":[{"id":2422,"href":"https:\/\/ffyh.unc.edu.ar\/sae\/wp-json\/wp\/v2\/pages\/1754\/revisions\/2422"}],"wp:attachment":[{"href":"https:\/\/ffyh.unc.edu.ar\/sae\/wp-json\/wp\/v2\/media?parent=1754"}],"curies":[{"name":"wp","href":"https:\/\/api.w.org\/{rel}","templated":true}]}}