{"id":2093,"date":"2025-06-06T04:06:54","date_gmt":"2025-06-06T04:06:54","guid":{"rendered":"https:\/\/ffyh.unc.edu.ar\/sae\/?page_id=2093"},"modified":"2025-11-26T18:51:44","modified_gmt":"2025-11-26T18:51:44","slug":"reconocimiento-de-la-identidad-de-genero-adoptada","status":"publish","type":"page","link":"https:\/\/ffyh.unc.edu.ar\/sae\/reconocimiento-de-la-identidad-de-genero-adoptada\/","title":{"rendered":"Identidad de G\u00e9nero"},"content":{"rendered":"<header class=\"cm-entry-header\">\n<h1 class=\"cm-entry-title\"><b style=\"font-size: 16px\">APLICACI\u00d3N OHCS 05\/21 DE ACUERDO A LA LEY 26743 DE IDENTIDAD DE G\u00c9NERO-\u00a0<\/b><\/h1>\n<\/header>\n<div class=\"cm-entry-summary\">\n<p><b>Procedimiento en FFYH \u2013<\/b>\u00a0Tr\u00e1mite para el registro acad\u00e9mico<\/p>\n<p><b>1) ESTUDIANTES INGRESANTES\u00a0<\/b><\/p>\n<p>Quienes deseen hacer uso del derecho al reconocimiento de su identidad de g\u00e9nero<b>\u00a0y\u00a0<\/b>nombre elegido<b>\u00a0\u00a0<\/b><b>pero<\/b>\u00a0<b>NO hayan<\/b>\u00a0<b>solicitado DNI nuevo<\/b>\u00a0con los datos actualizados bajo las prescripciones de la\u00a0<a href=\"https:\/\/servicios.infoleg.gob.ar\/infolegInternet\/anexos\/195000-199999\/197860\/texact.htm\" target=\"_blank\" rel=\"noopener\">Ley N\u00b0 26743<\/a>, podr\u00e1n en el periodo de pre-inscripci\u00f3n a la\/las Carreras, realizarla con el nombre elegido, ya que la validaci\u00f3n institucional ser\u00e1 a trav\u00e9s del n\u00famero de DNI.<\/p>\n<p><b>El procedimiento ser\u00e1 presentar una nota<\/b>, con car\u00e1cter de declaraci\u00f3n jurada, solicitando el reconocimiento de su identidad de g\u00e9nero auto percibida y su nombre elegido, siguiendo el\u00a0<b>modelo anexado<\/b>\u00a0a la presente, dirigida a la Decana\/o\u00a0 al mail de mesa de entradas:\u00a0<a href=\"mailto:mesadeentradas@ffyh.unc.edu.ar\">mesadeentradas@ffyh.unc.edu.ar<\/a><\/p>\n<p><b>2) ESTUDIANTES QUE YA EST\u00c1N CURSANDO CARRERAS FFYH<\/b><\/p>\n<p>Cualquier estudiante que est\u00e9 cursando carreras en la FFyH y desee hacer uso del derecho al reconocimiento de su identidad de g\u00e9nero<b>\u00a0y\u00a0<\/b>nombre elegido<b>\u00a0para sus<\/b>\u00a0futuras actuaciones acad\u00e9micas y tramitaciones varias de la Universidad,\u00a0<b>pero<\/b>\u00a0<b>NO hayan<\/b>\u00a0<b>solicitado DNI nuevo<\/b>, deber\u00e1n presentar la nota modelo anexada, dirigida a Decana\/o,\u00a0 al mail de mesa de entradas:\u00a0<a href=\"mailto:mesadeentradas@ffyh.unc.edu.ar\">mesadeentradas@ffyh.unc.edu.ar<\/a><\/p>\n<p>En ambos casos (1) y (2) la autoridad de la Unidad Acad\u00e9mica dictar\u00e1 una resoluci\u00f3n reconociendo el nombre elegido y su identidad de g\u00e9nero auto percibida. Las copias de dicha resoluci\u00f3n ser\u00e1n remitidas a el\/la\/le interesada\/o\/e y al \u00c1rea Ense\u00f1anza de la Facultad a los efectos de que \u00e9sta tramite las modificaciones necesarias en el sistema inform\u00e1tico (Guaran\u00ed) para que en todos los casos figure el nombre elegido y la identidad de g\u00e9nero autopercibida.<\/p>\n<p>A partir del momento de aprobaci\u00f3n de la mencionada resoluci\u00f3n en toda la documentaci\u00f3n referida a la\/el\/le estudiante en el \u00e1mbito de la UNC se consignar\u00e1 su nombre elegido, incluyendo actas, actuaciones acad\u00e9micas y certificaciones que sean requeridas por el\/la\/le estudiante para ser presentadas fuera de la UNC.<\/p>\n<p>El registro del nombre en el t\u00edtulo y certificado anal\u00edtico final se consignar\u00e1 como indica la\u00a0<a href=\"https:\/\/servicios.infoleg.gob.ar\/infolegInternet\/anexos\/195000-199999\/197860\/texact.htm\" target=\"_blank\" rel=\"noopener\">ley 26743, art\u00edculo. 12<\/a>, si al momento de recibirse no hubiere solicitado su nuevo DNI con los cambios de Identidad de g\u00e9nero.<\/p>\n<div class=\"pdfjs-fullscreen\"><a href=\"https:\/\/sitio.ffyh.unc.edu.ar\/casaverde\/wp-content\/plugins\/pdfjs-viewer-shortcode\/pdfjs\/web\/viewer.php?file=https:\/\/sitio.ffyh.unc.edu.ar\/casaverde\/wp-content\/blogs.dir\/25\/files\/sites\/14\/2025\/06\/Modelo-de-Nota-OHCS-5_21_-Ley-26743.pdf&amp;attachment_id=4592&amp;dButton=true&amp;pButton=true&amp;oButton=false&amp;sButton=true&amp;editButtons=true&amp;pagemode=none&amp;_wpnonce=1cb4cccbc6\">MODELO DE NOTA PARA PRESENTAR<\/a><\/div>\n<div><\/div>\n<\/div>\n","protected":false},"excerpt":{"rendered":"<p>APLICACI\u00d3N OHCS 05\/21 DE ACUERDO A LA LEY 26743 DE IDENTIDAD DE G\u00c9NERO-\u00a0 Procedimiento en FFYH \u2013\u00a0Tr\u00e1mite para el registro<\/p>\n","protected":false},"author":27,"featured_media":0,"parent":0,"menu_order":0,"comment_status":"closed","ping_status":"closed","template":"","meta":{"_acf_changed":false,"saved_in_kubio":false,"colormag_page_container_layout":"default_layout","colormag_page_sidebar_layout":"default_layout","_monsterinsights_skip_tracking":false,"_monsterinsights_sitenote_active":false,"_monsterinsights_sitenote_note":"","_monsterinsights_sitenote_category":0,"footnotes":""},"class_list":["post-2093","page","type-page","status-publish","hentry"],"acf":[],"kubio_ai_page_context":{"short_desc":"","purpose":"general"},"_links":{"self":[{"href":"https:\/\/ffyh.unc.edu.ar\/sae\/wp-json\/wp\/v2\/pages\/2093","targetHints":{"allow":["GET"]}}],"collection":[{"href":"https:\/\/ffyh.unc.edu.ar\/sae\/wp-json\/wp\/v2\/pages"}],"about":[{"href":"https:\/\/ffyh.unc.edu.ar\/sae\/wp-json\/wp\/v2\/types\/page"}],"author":[{"embeddable":true,"href":"https:\/\/ffyh.unc.edu.ar\/sae\/wp-json\/wp\/v2\/users\/27"}],"replies":[{"embeddable":true,"href":"https:\/\/ffyh.unc.edu.ar\/sae\/wp-json\/wp\/v2\/comments?post=2093"}],"version-history":[{"count":4,"href":"https:\/\/ffyh.unc.edu.ar\/sae\/wp-json\/wp\/v2\/pages\/2093\/revisions"}],"predecessor-version":[{"id":2303,"href":"https:\/\/ffyh.unc.edu.ar\/sae\/wp-json\/wp\/v2\/pages\/2093\/revisions\/2303"}],"wp:attachment":[{"href":"https:\/\/ffyh.unc.edu.ar\/sae\/wp-json\/wp\/v2\/media?parent=2093"}],"curies":[{"name":"wp","href":"https:\/\/api.w.org\/{rel}","templated":true}]}}