{"id":236,"date":"2018-12-18T15:32:56","date_gmt":"2018-12-18T15:32:56","guid":{"rendered":"https:\/\/ffyh.unc.edu.ar\/sae\/?page_id=236"},"modified":"2023-12-22T16:42:07","modified_gmt":"2023-12-22T16:42:07","slug":"examenes-finales","status":"publish","type":"page","link":"https:\/\/ffyh.unc.edu.ar\/sae\/examenes-finales\/","title":{"rendered":"Ex\u00e1menes finales"},"content":{"rendered":"<ul>\n<li>\n<h4><strong>Inscripci\u00f3n<\/strong><\/h4>\n<\/li>\n<\/ul>\n<p>La inscripci\u00f3n es \u00fanicamente por Sistema Guaran\u00ed, y \u00fanicamente en la fecha establecida por el <a href=\"https:\/\/ffyh.unc.edu.ar\/calendario-academico\/\">Calendario Acad\u00e9mico.<\/a><\/p>\n<p>Si ten\u00e9s alguna dificultad con el sistema (no te permite ingresar, no te permite inscribirte, no te sale la materia a la que te quer\u00e9s inscribir), envi\u00e1 un correo a despacho de alumnxs (despachocasaverde@ffyh.unc.edu.ar ), indicando en el asunto <em>\u00abInconveniente con inscripci\u00f3n a ex\u00e1men\u00bb<\/em> y en el cuerpo del mail:<\/p>\n<ul>\n<li style=\"list-style-type: none\">\n<ul>\n<li style=\"list-style-type: none\">\n<ul>\n<li style=\"list-style-type: none\">\n<ul>\n<li>Nombre y Apellido;<\/li>\n<li>DNI;<\/li>\n<li>Carrera;<\/li>\n<li>Nombre completo de la materia;<\/li>\n<li>Breve descripci\u00f3n del problema.<\/li>\n<\/ul>\n<\/li>\n<\/ul>\n<\/li>\n<\/ul>\n<\/li>\n<\/ul>\n<ul>\n<li>Horarios y aulas<\/li>\n<\/ul>\n<p>Ser\u00e1n designados por la Secretar\u00eda Acad\u00e9mica de la Facultad, y publicados en cada Blog de Escuela o Departamento antes del comienzo de los ex\u00e1menes:<\/p>\n<ul>\n<li style=\"list-style-type: none\">\n<ul>\n<li style=\"list-style-type: none\">\n<ul>\n<li><a href=\"https:\/\/blogs.ffyh.unc.edu.ar\/antropologia\/estudiantes\/turnos-de-examenes\/\">Antropolog\u00eda<\/a><\/li>\n<li><a href=\"https:\/\/blogs.ffyh.unc.edu.ar\/archivologia\/mesas-de-examenes\/\">Archivolog\u00eda\u00a0<\/a><\/li>\n<li><a href=\"https:\/\/blogs.ffyh.unc.edu.ar\/bibliotecologia\/ano-lectivo-2018\/turnos-de-examen\/\">Bibliotecolog\u00eda<\/a><\/li>\n<li><a href=\"https:\/\/blogs.ffyh.unc.edu.ar\/escuelacienciaseducacion\/mesas-de-examenes\/\">Ciencias de la Educaci\u00f3n<\/a><\/li>\n<li><a href=\"https:\/\/blogs.ffyh.unc.edu.ar\/escueladefilosofia\/examenes\/\">Filosof\u00eda<\/a><\/li>\n<li><a href=\"https:\/\/blogs.ffyh.unc.edu.ar\/deptodegeografia\/recursos\/\">Geograf\u00eda<\/a><\/li>\n<li><a href=\"https:\/\/blogs.ffyh.unc.edu.ar\/escueladehistoria\/estudiantes\/turnos-de-examenes-3\/\">Historia<\/a><\/li>\n<li><a href=\"https:\/\/blogs.ffyh.unc.edu.ar\/escueladeletras\/turnos-de-examen\/\">Letras<\/a><\/li>\n<\/ul>\n<\/li>\n<\/ul>\n<\/li>\n<\/ul>\n<p>Certificado de Ex\u00e1men: <a href=\"https:\/\/blogs.ffyh.unc.edu.ar\/casaVerde\/2016\/05\/12\/formularios\/certificado-de-examen-3\/\">descargalo aqu\u00ed<\/a>, hacelo completar y firmar por le docente a cargo y sellar en la SAE o en la Secretar\u00eda T\u00e9cnica de tu carrera.<\/p>\n<p>&nbsp;<\/p>\n","protected":false},"excerpt":{"rendered":"<p>Inscripci\u00f3n La inscripci\u00f3n es \u00fanicamente por Sistema Guaran\u00ed, y \u00fanicamente en la fecha establecida por el Calendario Acad\u00e9mico. Si ten\u00e9s<\/p>\n","protected":false},"author":27,"featured_media":0,"parent":0,"menu_order":0,"comment_status":"closed","ping_status":"closed","template":"","meta":{"_acf_changed":false,"saved_in_kubio":false,"colormag_page_container_layout":"default_layout","colormag_page_sidebar_layout":"default_layout","_monsterinsights_skip_tracking":false,"_monsterinsights_sitenote_active":false,"_monsterinsights_sitenote_note":"","_monsterinsights_sitenote_category":0,"footnotes":""},"class_list":["post-236","page","type-page","status-publish","hentry"],"acf":[],"kubio_ai_page_context":{"short_desc":"","purpose":"general"},"_links":{"self":[{"href":"https:\/\/ffyh.unc.edu.ar\/sae\/wp-json\/wp\/v2\/pages\/236","targetHints":{"allow":["GET"]}}],"collection":[{"href":"https:\/\/ffyh.unc.edu.ar\/sae\/wp-json\/wp\/v2\/pages"}],"about":[{"href":"https:\/\/ffyh.unc.edu.ar\/sae\/wp-json\/wp\/v2\/types\/page"}],"author":[{"embeddable":true,"href":"https:\/\/ffyh.unc.edu.ar\/sae\/wp-json\/wp\/v2\/users\/27"}],"replies":[{"embeddable":true,"href":"https:\/\/ffyh.unc.edu.ar\/sae\/wp-json\/wp\/v2\/comments?post=236"}],"version-history":[{"count":6,"href":"https:\/\/ffyh.unc.edu.ar\/sae\/wp-json\/wp\/v2\/pages\/236\/revisions"}],"predecessor-version":[{"id":1731,"href":"https:\/\/ffyh.unc.edu.ar\/sae\/wp-json\/wp\/v2\/pages\/236\/revisions\/1731"}],"wp:attachment":[{"href":"https:\/\/ffyh.unc.edu.ar\/sae\/wp-json\/wp\/v2\/media?parent=236"}],"curies":[{"name":"wp","href":"https:\/\/api.w.org\/{rel}","templated":true}]}}