{"id":245,"date":"2018-12-18T15:42:02","date_gmt":"2018-12-18T15:42:02","guid":{"rendered":"https:\/\/ffyh.unc.edu.ar\/sae\/?page_id=245"},"modified":"2025-11-18T18:54:31","modified_gmt":"2025-11-18T18:54:31","slug":"cultura","status":"publish","type":"page","link":"https:\/\/ffyh.unc.edu.ar\/sae\/cultura\/","title":{"rendered":"Becas de Intercambio"},"content":{"rendered":"<p>Para acceder a informaci\u00f3n sobre las Becas de Intercambio disponibles y sus requisitos, deb\u00e9s comunicarte con la <a href=\"https:\/\/ffyh.unc.edu.ar\/prii\/\">Prosecretar\u00eda de Relaciones Internacionales e Interinstitucionales de la Facultad.<\/a><\/p>\n<p><strong>Contacto:<\/strong><\/p>\n<ul>\n<li>Correo electr\u00f3nico:\u00a0interfilo@ffyh.unc.edu.ar<\/li>\n<li>Horario de atenci\u00f3n al p\u00fablico:\n<ul>\n<li>Martes 15hs a 18hs<\/li>\n<li>Mi\u00e9rcoles 10hs a 13hs<\/li>\n<\/ul>\n<\/li>\n<li>Pabell\u00f3n Residencial, Planta baja, Ciudad Universitaria.<\/li>\n<li>Tel\u00e9fono: 0351-5353610 int 50045.<\/li>\n<\/ul>\n<p>&nbsp;<\/p>\n","protected":false},"excerpt":{"rendered":"<p>Para acceder a informaci\u00f3n sobre las Becas de Intercambio disponibles y sus requisitos, deb\u00e9s comunicarte con la Prosecretar\u00eda de Relaciones<\/p>\n","protected":false},"author":27,"featured_media":0,"parent":0,"menu_order":0,"comment_status":"closed","ping_status":"closed","template":"","meta":{"_acf_changed":false,"saved_in_kubio":false,"colormag_page_container_layout":"default_layout","colormag_page_sidebar_layout":"default_layout","_monsterinsights_skip_tracking":false,"_monsterinsights_sitenote_active":false,"_monsterinsights_sitenote_note":"","_monsterinsights_sitenote_category":0,"footnotes":""},"class_list":["post-245","page","type-page","status-publish","hentry"],"acf":[],"kubio_ai_page_context":{"short_desc":"","purpose":"general"},"_links":{"self":[{"href":"https:\/\/ffyh.unc.edu.ar\/sae\/wp-json\/wp\/v2\/pages\/245","targetHints":{"allow":["GET"]}}],"collection":[{"href":"https:\/\/ffyh.unc.edu.ar\/sae\/wp-json\/wp\/v2\/pages"}],"about":[{"href":"https:\/\/ffyh.unc.edu.ar\/sae\/wp-json\/wp\/v2\/types\/page"}],"author":[{"embeddable":true,"href":"https:\/\/ffyh.unc.edu.ar\/sae\/wp-json\/wp\/v2\/users\/27"}],"replies":[{"embeddable":true,"href":"https:\/\/ffyh.unc.edu.ar\/sae\/wp-json\/wp\/v2\/comments?post=245"}],"version-history":[{"count":5,"href":"https:\/\/ffyh.unc.edu.ar\/sae\/wp-json\/wp\/v2\/pages\/245\/revisions"}],"predecessor-version":[{"id":2292,"href":"https:\/\/ffyh.unc.edu.ar\/sae\/wp-json\/wp\/v2\/pages\/245\/revisions\/2292"}],"wp:attachment":[{"href":"https:\/\/ffyh.unc.edu.ar\/sae\/wp-json\/wp\/v2\/media?parent=245"}],"curies":[{"name":"wp","href":"https:\/\/api.w.org\/{rel}","templated":true}]}}