{"id":257,"date":"2018-12-18T17:16:01","date_gmt":"2018-12-18T17:16:01","guid":{"rendered":"https:\/\/ffyh.unc.edu.ar\/sae\/?page_id=257"},"modified":"2026-02-05T18:53:16","modified_gmt":"2026-02-05T18:53:16","slug":"violencia-de-genero","status":"publish","type":"page","link":"https:\/\/ffyh.unc.edu.ar\/sae\/violencia-de-genero\/","title":{"rendered":"Violencias de G\u00e9nero"},"content":{"rendered":"<p style=\"text-align: left\"><a class=\" xil3i\" href=\"https:\/\/www.instagram.com\/explore\/tags\/noest%C3%A1ssola\/\">#NoEst\u00e1sSola<\/a>\u00a0<a class=\" xil3i\" href=\"https:\/\/www.instagram.com\/explore\/tags\/niunamenos\/\">#NiUnaMenos<\/a><br \/>\nDesde la Secretar\u00eda de Asuntos Estudiantiles les informamos que se encuentran abiertas diferentes <strong>l\u00edneas para denunciar, consultar o solicitar acompa\u00f1amiento profesional en caso de violencias de g\u00e9nero.<\/strong><\/p>\n<p style=\"text-align: left\"><span style=\"color: #000000\"><strong>Tel\u00e9fonos \u00faltiles para buscar ayuda:<\/strong><\/span><\/p>\n<ul>\n<li style=\"text-align: left\">\u00a0<strong>144<\/strong> Linea nacional de atenci\u00f3n a v\u00edctimas de violencia de g\u00e9nero. Atenci\u00f3n gratuita y an\u00f3nima las 24hs.<\/li>\n<li style=\"text-align: left\"><strong>911<\/strong> Polic\u00eda Federal Argentina<\/li>\n<li style=\"text-align: left\">Por consultas, solicitud de acompa\u00f1amiento profesional o para realizar una denuncia: <strong>0800 888 9898<\/strong>, disponible las 24hs. (Equipo del Ministerio de la Mujer, Pcia. de Cba.)<\/li>\n<li style=\"text-align: left\"><strong>En la UNC: Para consultas, atenci\u00f3n psicol\u00f3gica y\/o denuncias de la comunidad universitaria: escrib\u00ed a <a href=\"mailto:psico.violenciasdegenero@extension.unc.edu.ar\"><em>psico.violenciasdegenero@extension.unc.edu.ar<\/em><\/a> (Equipo interdisciplinario del Plan de Acciones para prevenir, atender y sancionar las violencias de g\u00e9nero en el \u00e1mbito de la UNC).<\/strong><\/li>\n<li style=\"text-align: left\">Si ten\u00e9s dudas sobre estos recursos o quer\u00e9s realizar una consulta sobre a d\u00f3nde acudir ante una situaci\u00f3n de violencia, escribi a <a href=\"mailto:generoysexualidades@estudiantiles.unc.edu.ar\">generoysexualidades@estudiantiles.unc.edu.ar<\/a><\/li>\n<li style=\"text-align: left\"><strong>En la FFYH: <\/strong>El <strong>Programa de G\u00e9nero, Sexualidades y Educaci\u00f3n Sexual Integral<\/strong> recibe consultas y brinda acompa\u00f1amiento.<\/li>\n<\/ul>\n<hr \/>\n<h4><span style=\"color: #000000\"><strong>PROGRAMA G\u00c9NERO,\u00a0SEXUALIDADES Y EDUCACI\u00d3N\u00a0SEXUAL INTEGRAL &#8211; FFyH-<\/strong><\/span><\/h4>\n<p><b>Si has sufrido o sufr\u00eds situaciones de discriminaci\u00f3n o violencias de g\u00e9nero en el \u00e1mbito universitario pod\u00e9s comunicarte con el Programa. <\/b><\/p>\n<p>Lic. Daniela Bustos<\/p>\n<p>MP 12938<\/p>\n<p><strong>D\u00edas y Horarios de atenci\u00f3n:<\/strong><br \/>\n\u2666 Martes de 9 a 12 hs.<br \/>\n\u2666 Jueves de 13 a 16 hs.<br \/>\n\u2666 Viernes de 9 a 12 hs.<br \/>\nPlanta Baja, Pabell\u00f3n Residencial.<\/p>\n<p>Para m\u00e1s informaci\u00f3n: <a href=\"https:\/\/ffyh.unc.edu.ar\/genero\/espacio-de-asesoramiento-en-violencia-de-genero\/\">Espacio de Asesoramiento en Violencia de G\u00e9nero<\/a><br \/>\n<a href=\"mailto:genero@ffyh.unc.edu.ar\" target=\"_blank\" rel=\"noopener\">genero@ffyh.unc.edu.ar<\/a><\/p>\n<hr \/>\n<h4><span style=\"color: #000000\"><strong>Plan de Acciones y Herramientas para Prevenir, Atender y Sancionar las Violencias de G\u00e9nero en el \u00c1mbito de la UNC.<\/strong><\/span><\/h4>\n<p>La Oficina del Plan de Acciones, donde se realizan consultas y denuncias\u00a0\u00a0se encuentra ubicada en la Sede DASPU de Ciudad Universitaria (Consultorio 133, Planta alta).<\/p>\n<p>Para ponerte en contacto con el equipo del Plan pod\u00e9s hacerlo a trav\u00e9s de estos medios de comunicaci\u00f3n.<\/p>\n<p style=\"padding-left: 40px\">E-mail: violenciasdegenero@rectorado.unc.edu.ar<br \/>\nInstagram: <a href=\"https:\/\/www.instagram.com\/plandeaccionesunc\/\">@plandeaccionesunc<\/a><br \/>\nWhatsapp: 351 652 1473<br \/>\nTel\u00e9fono: 0351 \u2013 5353629<\/p>\n<p>&nbsp;<\/p>\n","protected":false},"excerpt":{"rendered":"<p>#NoEst\u00e1sSola\u00a0#NiUnaMenos Desde la Secretar\u00eda de Asuntos Estudiantiles les informamos que se encuentran abiertas diferentes l\u00edneas para denunciar, consultar o solicitar<\/p>\n","protected":false},"author":27,"featured_media":0,"parent":0,"menu_order":0,"comment_status":"closed","ping_status":"closed","template":"","meta":{"_acf_changed":false,"saved_in_kubio":false,"colormag_page_container_layout":"default_layout","colormag_page_sidebar_layout":"default_layout","_monsterinsights_skip_tracking":false,"_monsterinsights_sitenote_active":false,"_monsterinsights_sitenote_note":"","_monsterinsights_sitenote_category":0,"footnotes":""},"class_list":["post-257","page","type-page","status-publish","hentry"],"acf":[],"kubio_ai_page_context":{"short_desc":"","purpose":"general"},"_links":{"self":[{"href":"https:\/\/ffyh.unc.edu.ar\/sae\/wp-json\/wp\/v2\/pages\/257","targetHints":{"allow":["GET"]}}],"collection":[{"href":"https:\/\/ffyh.unc.edu.ar\/sae\/wp-json\/wp\/v2\/pages"}],"about":[{"href":"https:\/\/ffyh.unc.edu.ar\/sae\/wp-json\/wp\/v2\/types\/page"}],"author":[{"embeddable":true,"href":"https:\/\/ffyh.unc.edu.ar\/sae\/wp-json\/wp\/v2\/users\/27"}],"replies":[{"embeddable":true,"href":"https:\/\/ffyh.unc.edu.ar\/sae\/wp-json\/wp\/v2\/comments?post=257"}],"version-history":[{"count":11,"href":"https:\/\/ffyh.unc.edu.ar\/sae\/wp-json\/wp\/v2\/pages\/257\/revisions"}],"predecessor-version":[{"id":2389,"href":"https:\/\/ffyh.unc.edu.ar\/sae\/wp-json\/wp\/v2\/pages\/257\/revisions\/2389"}],"wp:attachment":[{"href":"https:\/\/ffyh.unc.edu.ar\/sae\/wp-json\/wp\/v2\/media?parent=257"}],"curies":[{"name":"wp","href":"https:\/\/api.w.org\/{rel}","templated":true}]}}