{"id":492,"date":"2019-10-29T20:15:36","date_gmt":"2019-10-29T20:15:36","guid":{"rendered":"https:\/\/ffyh.unc.edu.ar\/sae\/?page_id=492"},"modified":"2026-02-05T18:29:26","modified_gmt":"2026-02-05T18:29:26","slug":"regimen-de-reparcializacion-en-la-ffyh","status":"publish","type":"page","link":"https:\/\/ffyh.unc.edu.ar\/sae\/tramites-administrativos\/regimen-de-reparcializacion-en-la-ffyh\/","title":{"rendered":"R\u00c9GIMEN DE REPARCIALIZACI\u00d3N EN LA FFYH"},"content":{"rendered":"<p><span style=\"color: #000000\"><strong>Este nuevo R\u00e9gimen comenz\u00f3 a implementarse en la FFyH el 2022. <\/strong><\/span><\/p>\n<p><span style=\"color: #000000\"><strong>A continuaci\u00f3n les comentamos en que consta y c\u00f3mo es su implementaci\u00f3n.<\/strong><\/span><\/p>\n<div>\n<div>\n<h3 style=\"text-align: center\"><strong>\u00bfQu\u00e9 es el R\u00e9gimen de Reparcializaci\u00f3n?<\/strong><\/h3>\n<p>Consiste en una instancia evaluativa PARCIAL que le brinda a les estudiantes la posibilidad de alcanzar su REGULARIDAD sin necesidad de RECURSAR\u00a0toda la materia.<\/p>\n<p>Son beneficiaries de la Reparcializaci\u00f3n:<\/p>\n<p>\u2013 Estudiantes que hayan quedado LIBRES a causa de inasistencias o desaprobaci\u00f3n de UN PARCIAL y\/o su correspondiente recuperatorio (no se puede reparcializar m\u00e1s de un parcial).<\/p>\n<p>\u2013 Les estudiantes deben contar con\u00a0<em>el 80% de los Trabajos Pr\u00e1cticos<\/em> aprobados para poder reparcializar.<\/p>\n<p>\u2013 Le estudiante\u00a0podr\u00e1\u00a0reparcializar UNA sola vez la materia, en caso de desaprobaci\u00f3n deber\u00e1 recursar o rendir libre.<\/p>\n<p>\u2013 No rige para el Curso de Nivelaci\u00f3n, Seminarios, Talleres, PPS u otros espacios curriculares que admitan s\u00f3lo la condici\u00f3n promocional.<\/p>\n<p>&nbsp;<\/p>\n<h2 style=\"text-align: center\">\u00bfC\u00f3mo se implementa?<\/h2>\n<p>&#8211; La fecha de Reparcializaci\u00f3n ser\u00e1 el a\u00f1o siguiente, en el cuatrimestre que se dicte la materia.<\/p>\n<p>\u2013 La fecha de la instancia de\u00a0Reparcializaci\u00f3n\u00a0se establecer\u00e1 en el programa de la materia al igual que las dem\u00e1s instancias evaluativas.\u00a0<em>En caso de cambio de programa al a\u00f1o siguiente<\/em>, al momento de la\u00a0reparcializaci\u00f3n\u00a0los contenidos evaluados\u00a0deber\u00e1n\u00a0corresponder al contenido no aprobado.<\/p>\n<p>&#8211; Les estudiantes no deben realizar ning\u00fan tr\u00e1mite en despacho, tienen que informarle al docente que quieren reparcializar ni bien finaliza el cuatrimestre.<\/p>\n<p style=\"padding-left: 200px\">Ej, estoy cursando una materia en el 2\u00ba cuatrimestre, me quedo libre y quiero acceder a la reparcializaci\u00f3n, se la solicito a le docente<strong> ni bien termina el cuatrimestre<\/strong> (noviembre\/diciembre de ese a\u00f1o), para que lo tenga en cuenta al cargar las condiciones finales.<\/p>\n<p>&#8211; Al finalizar el cuatrimestre en el que se curs\u00f3 la materia, les docentes cargan la condici\u00f3n de REPARCIALIZA y guardan en sus registros a le estudiante REPARCIALIZADO y cu\u00e1l es la instancia que reprob\u00f3. En el sistema guaran\u00ed figurar\u00e1 <strong>como libre.<\/strong><\/p>\n<p>&#8211; El a\u00f1o siguiente, cuando vuelve a darse la materia, se vuelven a inscribir a la misma por sistema guaran\u00ed (figurar\u00e1n como libres para poder volver a inscribirse), debiendo comunicarse con le docente para rendir el parcial que reprobaron y aspirar a la regularidad de la materia.<\/p>\n<p>&#8211; Solo pueden reparcializar la materia <strong>una vez<\/strong>, aspirando a quedar regulares. Si les va mal en la reparcializaci\u00f3n deber\u00e1n rendir libre o recursar toda la materia.<\/p>\n<p style=\"text-align: center\"><strong>EJEMPLO<\/strong><\/p>\n<p>&#8211; 1\u00ba cuatrimestre 2026: curs\u00e9 una materia, aprob\u00e9 el 80% de los pr\u00e1cticos y quede libre porque rend\u00ed mal UN parcial.<\/p>\n<p>&#8211; Les docentes cargan la condici\u00f3n de REPARCIALIZA y me guardan en sus registros, asentando la instancia que reprob\u00e9. En el sistema guaran\u00ed figurar\u00e9 como <em>libre<\/em>.<\/p>\n<p>&#8211; 1\u00ba cuatrimestre 2027 (al a\u00f1o siguiente), me inscribo a la materia por guaran\u00ed y me comunico con la c\u00e1tedra para rendir el parcial que me corresponde. Si apruebo quedo REGULAR, si desapruebo tengo que rendir como LIBRE \u00a0o RECURSAR.<\/p>\n<p>&nbsp;<\/p>\n<\/div>\n<div>\n<hr \/>\n<\/div>\n<div>La reglamentaci\u00f3n completa est\u00e1 en la Resoluci\u00f3n <a href=\"https:\/\/digesto.unc.edu.ar\/handle\/123456789\/158219\">(RES_149_2019).<\/a><\/div>\n<div><\/div>\n<\/div>\n","protected":false},"excerpt":{"rendered":"<p>Este nuevo R\u00e9gimen comenz\u00f3 a implementarse en la FFyH el 2022. A continuaci\u00f3n les comentamos en que consta y c\u00f3mo<\/p>\n","protected":false},"author":27,"featured_media":0,"parent":8,"menu_order":1,"comment_status":"closed","ping_status":"closed","template":"","meta":{"_acf_changed":false,"colormag_page_container_layout":"default_layout","colormag_page_sidebar_layout":"default_layout","_monsterinsights_skip_tracking":false,"_monsterinsights_sitenote_active":false,"_monsterinsights_sitenote_note":"","_monsterinsights_sitenote_category":0,"footnotes":""},"class_list":["post-492","page","type-page","status-publish","hentry"],"acf":[],"_links":{"self":[{"href":"https:\/\/ffyh.unc.edu.ar\/sae\/wp-json\/wp\/v2\/pages\/492","targetHints":{"allow":["GET"]}}],"collection":[{"href":"https:\/\/ffyh.unc.edu.ar\/sae\/wp-json\/wp\/v2\/pages"}],"about":[{"href":"https:\/\/ffyh.unc.edu.ar\/sae\/wp-json\/wp\/v2\/types\/page"}],"author":[{"embeddable":true,"href":"https:\/\/ffyh.unc.edu.ar\/sae\/wp-json\/wp\/v2\/users\/27"}],"replies":[{"embeddable":true,"href":"https:\/\/ffyh.unc.edu.ar\/sae\/wp-json\/wp\/v2\/comments?post=492"}],"version-history":[{"count":15,"href":"https:\/\/ffyh.unc.edu.ar\/sae\/wp-json\/wp\/v2\/pages\/492\/revisions"}],"predecessor-version":[{"id":2382,"href":"https:\/\/ffyh.unc.edu.ar\/sae\/wp-json\/wp\/v2\/pages\/492\/revisions\/2382"}],"up":[{"embeddable":true,"href":"https:\/\/ffyh.unc.edu.ar\/sae\/wp-json\/wp\/v2\/pages\/8"}],"wp:attachment":[{"href":"https:\/\/ffyh.unc.edu.ar\/sae\/wp-json\/wp\/v2\/media?parent=492"}],"curies":[{"name":"wp","href":"https:\/\/api.w.org\/{rel}","templated":true}]}}