{"id":610,"date":"2020-04-01T16:47:59","date_gmt":"2020-04-01T16:47:59","guid":{"rendered":"https:\/\/ffyh.unc.edu.ar\/sae\/?page_id=610"},"modified":"2026-02-23T15:59:18","modified_gmt":"2026-02-23T15:59:18","slug":"becas-unc","status":"publish","type":"page","link":"https:\/\/ffyh.unc.edu.ar\/sae\/becas\/becas-unc\/","title":{"rendered":"Becas UNC"},"content":{"rendered":"<h2 style=\"text-align: left\"><strong style=\"font-size: 16px\">\u00a1Importante!<\/strong><span style=\"font-size: 16px;font-weight: 400\">\u00a0<\/span><\/h2>\n<ul>\n<li>Se sugiere tener toda la informaci\u00f3n y documentaci\u00f3n disponible al momento de inscribirse.<\/li>\n<li>La documentaci\u00f3n que se solicita debe adjuntarse en PDF, previa verificaci\u00f3n de que no contengan errores y puedan ser legibles.<\/li>\n<\/ul>\n<p><strong>Contacto para consultas sobre Becas UNC:<\/strong><\/p>\n<p>El Programa de Becas de la UNC est\u00e1 a cargo del Departamento de Servicio Social de la Direcci\u00f3n de Inclusi\u00f3n Social de la <a href=\"https:\/\/www.unc.edu.ar\/vida-estudiantil\">BIMO<\/a> UNC. Para contactarte, pod\u00e9s acercarte a sus oficinas o utilizar alguno de los siguientes medios:<\/p>\n<p style=\"padding-left: 40px\">DIRECCI\u00d3N DE INCLUSI\u00d3N SOCIAL \u2013 BIMO<br \/>\nJUAN FILLOY SIN N\u00daMERO (DETR\u00c1S DEL COMEDOR) \u2013 PRIMER PISO<\/p>\n<p style=\"padding-left: 40px\"><strong>Correo electr\u00f3nico:<\/strong>\u00a0serviciosocial@estudiantiles.unc.edu.ar<br \/>\n<strong>Tel\u00e9fono:<\/strong> 0351-5353761 interno 15404<br \/>\n<strong>Horario de atenci\u00f3n:<\/strong> Lunes a Viernes de 09 a 16horas<\/p>\n<div>\n<div>\n<hr \/>\n<\/div>\n<\/div>\n<div>\n<hr \/>\n<p style=\"text-align: center\"><strong>Como estudiante, cont\u00e1s con distintos programas de becas pensados para ayudarte en tu cursado y garantizar tu permanencia y avance en los estudios universitarios.<\/strong><\/p>\n<h4 style=\"text-align: center\"><strong>CALENDARIO 2026<\/strong><\/h4>\n<\/div>\n<h4><strong>BECAS ECON\u00d3MICAS<\/strong><\/h4>\n<ul>\n<li>Beca de apoyo econ\u00f3mico para <a href=\"https:\/\/www.unc.edu.ar\/vida-estudiantil\/becas-de-apoyo-econ%C3%B3mico-para-ingresantes-2026\">INGRESANTES 2026<\/a>.\n<ul>\n<li>Inscripci\u00f3n: 03\/11\/2025 al 10\/11\/2025.<\/li>\n<li>Resultados: 17\/12\/2025.<\/li>\n<\/ul>\n<\/li>\n<\/ul>\n<ul>\n<li>Beca de apoyo econ\u00f3mico <a href=\"https:\/\/www.unc.edu.ar\/vida-estudiantil\/becas-de-apoyo-econ%C3%B3mico-para-estudiantes-avanzados-2026\">para AVANZADXS<\/a>\n<ul>\n<li>Inscripci\u00f3n: 17\/11\/2025 al 25\/11\/2025<\/li>\n<li>Resultados: 18\/02\/2026<\/li>\n<li><a href=\"http:\/\/chrome-extension:\/\/efaidnbmnnnibpcajpcglclefindmkaj\/https:\/\/www.unc.edu.ar\/sites\/default\/files\/Tutorial%20Becas%202025.pdf\">Tutorial de inscripci\u00f3n.<\/a><\/li>\n<\/ul>\n<\/li>\n<\/ul>\n<hr \/>\n<h4><strong>BECAS NO ECON\u00d3MICAS<\/strong><\/h4>\n<ul>\n<li>Beca de <a href=\"https:\/\/www.unc.edu.ar\/vida-estudiantil\/becas-de-alojamiento-residencia-universitaria-para-ingresantes-2026\">RESIDENCIA<\/a>\n<ul>\n<li>Inscripci\u00f3n: 03\/11\/2025 al 10\/11\/2025.<\/li>\n<li>Resultados: 17\/12\/2025.<\/li>\n<\/ul>\n<\/li>\n<li>Beca <a href=\"https:\/\/www.unc.edu.ar\/vida-estudiantil\/becas-nutrirse-2025\">NUTRIRSE (de Comedor Universitario)<\/a>\n<ul>\n<li>Inscripci\u00f3n: 23\/02\/2026 al 02\/03\/2026.<\/li>\n<li>Resultados: 18\/03\/2026.<\/li>\n<\/ul>\n<\/li>\n<li>Beca <a href=\"https:\/\/www.unc.edu.ar\/vida-estudiantil\/becas-de-conectividad-2025\">CONECTIVIDAD<\/a>\n<ul>\n<li>Inscripci\u00f3n: 23\/02\/2026 al 02\/03\/2026.<\/li>\n<li>Resultados: 18\/03\/2026.<\/li>\n<\/ul>\n<\/li>\n<li>Beca de <a href=\"https:\/\/www.unc.edu.ar\/vida-estudiantil\/becas-deportivas-2025\">DEPORTES<\/a>\n<ul>\n<li>Inscripci\u00f3n: 23\/02\/2026 al 02\/03\/2026.<\/li>\n<li>Resultados: 18\/03\/2026.<\/li>\n<\/ul>\n<\/li>\n<li>Beca <a href=\"https:\/\/www.unc.edu.ar\/vida-estudiantil\/programa-estudiantes-en-l%C3%ADnea\">ESTUDIANTES EN L\u00cdNEA<\/a>\n<ul>\n<li>Inscripci\u00f3n: 23\/02\/2026 al 02\/03\/2026.<\/li>\n<li>Resultados: 18\/03\/2026.<\/li>\n<\/ul>\n<\/li>\n<\/ul>\n<hr \/>\n<h4>BECAS NO ECON\u00d3MICAS- Segunda convocatoria<\/h4>\n<ul>\n<li>Beca <a href=\"https:\/\/www.unc.edu.ar\/vida-estudiantil\/becas-nutrirse-2025\">NUTRIRSE<\/a>\n<ul>\n<li>Inscripci\u00f3n: 27\/07\/2026 AL 03\/08\/2026.<\/li>\n<li>Resultados: 18\/08\/2026.<\/li>\n<\/ul>\n<\/li>\n<li>Beca de <a href=\"https:\/\/www.unc.edu.ar\/vida-estudiantil\/becas-deportivas-2025\">DEPORTES<\/a>\n<ul>\n<li>Inscripci\u00f3n: 27\/07\/2026 AL 03\/08\/2026.<\/li>\n<li>Resultados: 18\/08\/2026.\n<p dir=\"ltr\">\n<\/li>\n<\/ul>\n<\/li>\n<\/ul>\n<div>\n<div>\n<hr \/>\n<hr \/>\n<h4 class=\"tabla_title\"><strong>OTRAS BECAS (no dependen de la UNC)<\/strong><\/h4>\n<p>Becas de Estudio\u00a0<strong>SANTANDER<\/strong>:<\/p>\n<ul>\n<li>Convocatoria CERRADA. Mas informaci\u00f3n <a href=\"https:\/\/www.unc.edu.ar\/vida-estudiantil\/becas-de-estudio-santander-1\">clic aqu\u00ed<\/a><\/li>\n<\/ul>\n<p>Becas\u00a0<strong>PROGRESAR<\/strong>:<\/p>\n<ul>\n<li>Convocatoria CERRADA. Mas informaci\u00f3n\u00a0<a href=\"https:\/\/www.unc.edu.ar\/vida-estudiantil\/becas-progresar-2025\">clic aqu\u00ed<\/a><\/li>\n<\/ul>\n<p>Becas<strong>\u00a0MANUEL BELGRANO<\/strong>:<\/p>\n<ul>\n<li>Convocatoria CERRADA. Mas informaci\u00f3n <a href=\"https:\/\/www.unc.edu.ar\/vida-estudiantil\/becas-manuel-belgrano\">clic aqu\u00ed<\/a><\/li>\n<\/ul>\n<p>&nbsp;<\/p>\n<\/div>\n<hr \/>\n<\/div>\n","protected":false},"excerpt":{"rendered":"<p>\u00a1Importante!\u00a0 Se sugiere tener toda la informaci\u00f3n y documentaci\u00f3n disponible al momento de inscribirse. La documentaci\u00f3n que se solicita debe<\/p>\n","protected":false},"author":27,"featured_media":0,"parent":18,"menu_order":0,"comment_status":"closed","ping_status":"closed","template":"","meta":{"_acf_changed":false,"saved_in_kubio":false,"colormag_page_container_layout":"default_layout","colormag_page_sidebar_layout":"default_layout","_monsterinsights_skip_tracking":false,"_monsterinsights_sitenote_active":false,"_monsterinsights_sitenote_note":"","_monsterinsights_sitenote_category":0,"footnotes":""},"class_list":["post-610","page","type-page","status-publish","hentry"],"acf":[],"kubio_ai_page_context":{"short_desc":"","purpose":"general"},"_links":{"self":[{"href":"https:\/\/ffyh.unc.edu.ar\/sae\/wp-json\/wp\/v2\/pages\/610","targetHints":{"allow":["GET"]}}],"collection":[{"href":"https:\/\/ffyh.unc.edu.ar\/sae\/wp-json\/wp\/v2\/pages"}],"about":[{"href":"https:\/\/ffyh.unc.edu.ar\/sae\/wp-json\/wp\/v2\/types\/page"}],"author":[{"embeddable":true,"href":"https:\/\/ffyh.unc.edu.ar\/sae\/wp-json\/wp\/v2\/users\/27"}],"replies":[{"embeddable":true,"href":"https:\/\/ffyh.unc.edu.ar\/sae\/wp-json\/wp\/v2\/comments?post=610"}],"version-history":[{"count":68,"href":"https:\/\/ffyh.unc.edu.ar\/sae\/wp-json\/wp\/v2\/pages\/610\/revisions"}],"predecessor-version":[{"id":2406,"href":"https:\/\/ffyh.unc.edu.ar\/sae\/wp-json\/wp\/v2\/pages\/610\/revisions\/2406"}],"up":[{"embeddable":true,"href":"https:\/\/ffyh.unc.edu.ar\/sae\/wp-json\/wp\/v2\/pages\/18"}],"wp:attachment":[{"href":"https:\/\/ffyh.unc.edu.ar\/sae\/wp-json\/wp\/v2\/media?parent=610"}],"curies":[{"name":"wp","href":"https:\/\/api.w.org\/{rel}","templated":true}]}}