{"id":75,"date":"2018-08-02T16:29:25","date_gmt":"2018-08-02T16:29:25","guid":{"rendered":"https:\/\/ffyh.unc.edu.ar\/sae\/?page_id=75"},"modified":"2026-02-10T18:56:33","modified_gmt":"2026-02-10T18:56:33","slug":"la-sae","status":"publish","type":"page","link":"https:\/\/ffyh.unc.edu.ar\/sae\/la-sae\/","title":{"rendered":"La SAE"},"content":{"rendered":"<h2><b>Autoridades<\/b><\/h2>\n<p><span style=\"font-weight: 400\">Secretario: Dr. Juan Ezequiel Rogna<br \/>\n<\/span><\/p>\n<p><b>Equipo de trabajo<\/b><span style=\"font-weight: 400\">:<\/span><\/p>\n<p>Julieta Weihm\u00fcller &#8211; Coordinadora de <span style=\"color: #800080\"><a style=\"color: #800080\" href=\"https:\/\/ffyh.unc.edu.ar\/sae\/pasantias\/\">Pasant\u00edas Rentadas FFyH<\/a><\/span><\/p>\n<p>Julia Saiz<\/p>\n<p><span style=\"color: #800080\"><a style=\"color: #800080\" href=\"https:\/\/ffyh.unc.edu.ar\/sae\/programa-escucha-acompanamiento-trayectorias-estudiantiles\/\"><strong>Programa de Escucha y Acompa\u00f1amiento a las Trayectorias Estudiantiles:<\/strong><\/a><\/span><\/p>\n<p>Prof. Laura Muchiut<\/p>\n<p><span style=\"color: #800080\"><strong><a style=\"color: #800080\" href=\"https:\/\/ffyh.unc.edu.ar\/sae\/laboratorio-de-informatica\/\">Laboratorio de Inform\u00e1tica<\/a>:<\/strong><\/span><\/p>\n<p>Clarisa Alba G\u00f3mez<\/p>\n<p>Ramiro P\u00e9rez<\/p>\n<h2><b>Funciones<\/b><\/h2>\n<p><span style=\"font-weight: 400\">La Secretar\u00eda de Asuntos Estudiantiles de la Facultad de Filosof\u00eda y Humanidades tiene como objetivo acompa\u00f1ar las trayectorias de les estudiantes y promover el desarrollo pleno de la vida estudiantil y la ciudadan\u00eda activa. Es el garante institucional de los derechos estudiantiles reconocidos por la UNC en caso de vulneraci\u00f3n o situaciones no previstas por los reglamentos. Adem\u00e1s, asesora a toda persona que aspire a estudiar una carrera de grado en nuestra Facultad. <\/span><\/p>\n<p><span style=\"font-weight: 400\">Para llevar adelante estas funciones esta Secretar\u00eda act\u00faa como articuladora de otras \u00e1reas de la Facultad y la Universidad que comparten total o parcialmente estos objetivos; particularmente, la Secretar\u00eda de Asuntos Estudiantiles de la UNC y la Secretar\u00eda Acad\u00e9mica de la FFyH.<\/span><\/p>\n<p>&nbsp;<\/p>\n<h3><b>Contacto<\/b><span style=\"font-weight: 400\">:<\/span><\/h3>\n<p><span style=\"font-weight: 400\">Ubicaci\u00f3n: <\/span><\/p>\n<p style=\"padding-left: 80px\"><span style=\"font-weight: 400\">Patio de Humanidades <a href=\"https:\/\/goo.gl\/maps\/mamhQqZxBJrcXQcd6\">(UBICACI\u00d3N EN GOOGLE MAPS AQU\u00cd)<\/a><\/span><\/p>\n<p><span style=\"font-weight: 400\">Horarios: <\/span><\/p>\n<p style=\"padding-left: 80px\"><span style=\"font-weight: 400\">Lunes a<\/span> Jueves de 10 a 17hs.<\/p>\n<p style=\"padding-left: 80px\">Viernes de 11 a 15hs.<\/p>\n<p><span style=\"font-weight: 400\">Correo electr\u00f3nico: <\/span><\/p>\n<p style=\"padding-left: 80px\"><a href=\"mailto:saefilo@ffyh.unc.edu.ar\"><span style=\"font-weight: 400\">saefilo@ffyh.unc.edu.ar<\/span><\/a><\/p>\n<p><span style=\"font-weight: 400\">Tel\u00e9fono: <\/span><span style=\"font-weight: 400\">5353610 &#8211; I<\/span><span style=\"font-weight: 400\">nterno 50221.<\/span><\/p>\n<p>Instagram:<\/p>\n<p style=\"padding-left: 80px\"><a href=\"https:\/\/www.instagram.com\/saefilo\/\">https:\/\/www.instagram.com\/saefilo\/<\/a><\/p>\n<p>&nbsp;<\/p>\n<p>Links de inter\u00e9s a tr\u00e1mites y novedades:<\/p>\n<p style=\"padding-left: 80px\"><a href=\"https:\/\/linktr.ee\/saefilo\">https:\/\/linktr.ee\/saefilo\u00a0<\/a><\/p>\n","protected":false},"excerpt":{"rendered":"<p>Autoridades Secretario: Dr. Juan Ezequiel Rogna Equipo de trabajo: Julieta Weihm\u00fcller &#8211; Coordinadora de Pasant\u00edas Rentadas FFyH Julia Saiz Programa<\/p>\n","protected":false},"author":2,"featured_media":0,"parent":0,"menu_order":0,"comment_status":"closed","ping_status":"closed","template":"","meta":{"_acf_changed":false,"saved_in_kubio":false,"colormag_page_container_layout":"default_layout","colormag_page_sidebar_layout":"default_layout","_monsterinsights_skip_tracking":false,"_monsterinsights_sitenote_active":false,"_monsterinsights_sitenote_note":"","_monsterinsights_sitenote_category":0,"footnotes":""},"class_list":["post-75","page","type-page","status-publish","hentry"],"acf":[],"kubio_ai_page_context":{"short_desc":"","purpose":"general"},"_links":{"self":[{"href":"https:\/\/ffyh.unc.edu.ar\/sae\/wp-json\/wp\/v2\/pages\/75","targetHints":{"allow":["GET"]}}],"collection":[{"href":"https:\/\/ffyh.unc.edu.ar\/sae\/wp-json\/wp\/v2\/pages"}],"about":[{"href":"https:\/\/ffyh.unc.edu.ar\/sae\/wp-json\/wp\/v2\/types\/page"}],"author":[{"embeddable":true,"href":"https:\/\/ffyh.unc.edu.ar\/sae\/wp-json\/wp\/v2\/users\/2"}],"replies":[{"embeddable":true,"href":"https:\/\/ffyh.unc.edu.ar\/sae\/wp-json\/wp\/v2\/comments?post=75"}],"version-history":[{"count":27,"href":"https:\/\/ffyh.unc.edu.ar\/sae\/wp-json\/wp\/v2\/pages\/75\/revisions"}],"predecessor-version":[{"id":2395,"href":"https:\/\/ffyh.unc.edu.ar\/sae\/wp-json\/wp\/v2\/pages\/75\/revisions\/2395"}],"wp:attachment":[{"href":"https:\/\/ffyh.unc.edu.ar\/sae\/wp-json\/wp\/v2\/media?parent=75"}],"curies":[{"name":"wp","href":"https:\/\/api.w.org\/{rel}","templated":true}]}}