{"id":811,"date":"2021-09-01T15:42:45","date_gmt":"2021-09-01T15:42:45","guid":{"rendered":"https:\/\/ffyh.unc.edu.ar\/sae\/?page_id=811"},"modified":"2026-03-18T15:17:03","modified_gmt":"2026-03-18T15:17:03","slug":"becas-manuel-belgrano-estudiantes-de-geografia","status":"publish","type":"page","link":"https:\/\/ffyh.unc.edu.ar\/sae\/becas\/becas-manuel-belgrano-estudiantes-de-geografia\/","title":{"rendered":"Becas Manuel Belgrano para Geograf\u00eda y Bibliotecolog\u00eda"},"content":{"rendered":"<div>\n<p>El\u00a0<strong>Programa de Becas Estrat\u00e9gicas Manuel Belgrano\u00a0<\/strong><strong>para carreras cient\u00edficas y t\u00e9cnicas,<\/strong>\u00a0es un sistema de becas de la Secretar\u00eda de Pol\u00edticas Universitarias del Ministerio de la Naci\u00f3n que tiene por fin promover el acceso, la permanencia y la finalizaci\u00f3n de estudios de grado y pregrado en ocho \u00e1reas\u00a0estrat\u00e9gicas para el desarrollo econ\u00f3mico y la igualdad social:\u00a0<strong>Alimentos, Ambiente, Gas, Movilidad y Transporte, Computaci\u00f3n e inform\u00e1tica, Energ\u00eda, Miner\u00eda y Petr\u00f3leo<\/strong>.<\/p>\n<p>Asimismo, las\u00a0<strong>Becas Manuel Belgrano<\/strong>\u00a0tienen como principal objetivo proporcionar un incentivo econ\u00f3mico en forma de Beca de estudio para que j\u00f3venes provenientes de hogares de bajos ingresos realicen una carrera universitaria o una tecnicatura en una disciplina considerada estrat\u00e9gica para el desarrollo econ\u00f3mico y productivo del pa\u00eds.<\/p>\n<p><strong>CARRERAS:<\/strong> Licenciatura en Geograf\u00eda, Profesorado en Geograf\u00eda, Licenciatura en Bibliotecolog\u00eda. Listado completo de <strong><a href=\"https:\/\/becasmanuelbelgrano.educacion.gob.ar\/admin\/listacarreras.php\">Carreras alcanzadas AQU\u00cd.<\/a><\/strong><\/p>\n<p style=\"font-weight: 400\"><strong><u>INSCRIPCI\u00d3NES 2026:<\/u><\/strong><\/p>\n<ul>\n<li style=\"font-weight: 400\">Renovantes: desde el 2 al 20 de marzo.<\/li>\n<li style=\"font-weight: 400\">Nuevos Inscriptxs: desde el 16 de marzo al 3 de abril.<\/li>\n<\/ul>\n<p style=\"font-weight: 400\"><strong>Lugar y fechas de inscripci\u00f3n<\/strong><\/p>\n<p style=\"font-weight: 400\">La inscripci\u00f3n se realiza desde la\u00a0<a href=\"https:\/\/becasmanuelbelgrano.educacion.gob.ar\/ingreso_postulantes.php\" data-saferedirecturl=\"https:\/\/www.google.com\/url?q=https:\/\/becasmanuelbelgrano.educacion.gob.ar\/ingreso_postulantes.php&amp;source=gmail&amp;ust=1773929504554000&amp;usg=AOvVaw3TMrA7DPBTypUew9C0qEUb\">Plataforma del Programa<\/a>.<\/p>\n<p style=\"font-weight: 400\">Se deber\u00e1 ingresar con el usuario y contrase\u00f1a de Mi Argentina, perfil digital ciudadano que respalda los datos personales.<\/p>\n<p><strong>NUEVAS BASES Y CONDICIONES 2026<\/strong><\/p>\n<p><a href=\"https:\/\/drive.google.com\/file\/d\/1TS_4cr53y1o8g0GkEC98cSTmoDbFKwb4\/view?usp=sharing\"><b>Reglamento general<\/b><\/a>, el cual asume un car\u00e1cter permanente para establecer los requisitos del programa en t\u00e9rminos generales. A partir de este ciclo, se publicar\u00e1n\u00a0<a href=\"https:\/\/drive.google.com\/file\/d\/1KK_883aXNo6LeMovhvOUpzTvZkEVjbNG\/view?usp=sharing\"><b>Bases y condiciones<\/b><\/a>\u00a0espec\u00edficas para cada convocatoria, donde se detallar\u00e1n los requisitos y procedimientos vigentes para el a\u00f1o en curso.<\/p>\n<p style=\"font-weight: 400\"><strong>M\u00e1s\u00a0informaci\u00f3n: P\u00e1gina Web:<\/strong>\u00a0<a href=\"https:\/\/www.argentina.gob.ar\/educacion\/becas\/becas-manuel-belgrano\" data-saferedirecturl=\"https:\/\/www.google.com\/url?q=https:\/\/www.argentina.gob.ar\/educacion\/becas\/becas-manuel-belgrano&amp;source=gmail&amp;ust=1773929504554000&amp;usg=AOvVaw1a0EVsr-mM3PBCTEffW0_f\">BECAS\u00a0MANUEL\u00a0BELGRANO\u00a0<\/a><\/p>\n<p style=\"font-weight: 400\"><strong>Preguntas Frencuentes:<\/strong>\u00a0<a href=\"https:\/\/www.argentina.gob.ar\/educacion\/becas\/becas-manuel-belgrano\/preguntas-frecuentes\" data-saferedirecturl=\"https:\/\/www.google.com\/url?q=https:\/\/www.argentina.gob.ar\/educacion\/becas\/becas-manuel-belgrano\/preguntas-frecuentes&amp;source=gmail&amp;ust=1773929504554000&amp;usg=AOvVaw3XBsiIHGAjknoFxIhXlgGo\">https:\/\/www.argentina.gob.ar\/educacion\/becas\/becas-manuel-belgrano\/preguntas-frecuentes<\/a><\/p>\n<\/div>\n<div>\n<p>&nbsp;<\/p>\n<\/div>\n","protected":false},"excerpt":{"rendered":"<p>El\u00a0Programa de Becas Estrat\u00e9gicas Manuel Belgrano\u00a0para carreras cient\u00edficas y t\u00e9cnicas,\u00a0es un sistema de becas de la Secretar\u00eda de Pol\u00edticas Universitarias<\/p>\n","protected":false},"author":27,"featured_media":0,"parent":18,"menu_order":0,"comment_status":"closed","ping_status":"closed","template":"","meta":{"_acf_changed":false,"colormag_page_container_layout":"default_layout","colormag_page_sidebar_layout":"default_layout","_monsterinsights_skip_tracking":false,"_monsterinsights_sitenote_active":false,"_monsterinsights_sitenote_note":"","_monsterinsights_sitenote_category":0,"footnotes":""},"class_list":["post-811","page","type-page","status-publish","hentry"],"acf":[],"_links":{"self":[{"href":"https:\/\/ffyh.unc.edu.ar\/sae\/wp-json\/wp\/v2\/pages\/811","targetHints":{"allow":["GET"]}}],"collection":[{"href":"https:\/\/ffyh.unc.edu.ar\/sae\/wp-json\/wp\/v2\/pages"}],"about":[{"href":"https:\/\/ffyh.unc.edu.ar\/sae\/wp-json\/wp\/v2\/types\/page"}],"author":[{"embeddable":true,"href":"https:\/\/ffyh.unc.edu.ar\/sae\/wp-json\/wp\/v2\/users\/27"}],"replies":[{"embeddable":true,"href":"https:\/\/ffyh.unc.edu.ar\/sae\/wp-json\/wp\/v2\/comments?post=811"}],"version-history":[{"count":15,"href":"https:\/\/ffyh.unc.edu.ar\/sae\/wp-json\/wp\/v2\/pages\/811\/revisions"}],"predecessor-version":[{"id":2435,"href":"https:\/\/ffyh.unc.edu.ar\/sae\/wp-json\/wp\/v2\/pages\/811\/revisions\/2435"}],"up":[{"embeddable":true,"href":"https:\/\/ffyh.unc.edu.ar\/sae\/wp-json\/wp\/v2\/pages\/18"}],"wp:attachment":[{"href":"https:\/\/ffyh.unc.edu.ar\/sae\/wp-json\/wp\/v2\/media?parent=811"}],"curies":[{"name":"wp","href":"https:\/\/api.w.org\/{rel}","templated":true}]}}