{"id":87,"date":"2018-08-02T16:33:06","date_gmt":"2018-08-02T16:33:06","guid":{"rendered":"https:\/\/ffyh.unc.edu.ar\/sae\/?page_id=87"},"modified":"2025-12-12T21:58:56","modified_gmt":"2025-12-12T21:58:56","slug":"pasantias","status":"publish","type":"page","link":"https:\/\/ffyh.unc.edu.ar\/sae\/pasantias\/","title":{"rendered":"Pasant\u00edas rentadas"},"content":{"rendered":"<p><span style=\"font-weight: 400\">El sistema de pasant\u00edas rentadas te permite hacer una pr\u00e1ctica profesional rentada en instituciones p\u00fablicas (excepto en la UNC) o privadas.<\/span><\/p>\n<p>A continuaci\u00f3n, se encuentra la informaci\u00f3n destinada a:<\/p>\n<ol>\n<li style=\"list-style-type: none\">\n<ol>\n<li>Estudiantes de la FFyH que quieren ser pasantes.<\/li>\n<li>Empresas o instituciones que quieren solicitar pasantes de nuestras carreras<\/li>\n<li>Docentes Gu\u00edas de nuestra Facultad.<\/li>\n<\/ol>\n<\/li>\n<\/ol>\n<p>Finalmente se presenta la normativa vigente a nivel nacional y de la UNC, que rige a las pasant\u00edas rentadas.<\/p>\n<hr \/>\n<hr \/>\n<h4><strong>\u00a0 Informaci\u00f3n para ESTUDIANTES de la FFyH<\/strong><\/h4>\n<p><span style=\"font-weight: 400\">Para poder postularte a alguna de las convocatorias vigentes, es necesario que estes inscriptx en el Banco de Pasant\u00edas de la Facultad o que te inscribas en las convocatorias p\u00fablicas en tiempo y forma. Pod\u00e9s inscribirte <strong>entre Marzo y Noviembre de cada a\u00f1o.<\/strong><\/span><\/p>\n<p><span style=\"font-weight: 400\">Es importante mencionar que estar en la base de pasantes no significa estar ya en una pasant\u00eda, sino estar en el listado que se les comparte a las instituciones que solicitan pasantes de nuestras carreras.<\/span><\/p>\n<p><span style=\"font-weight: 400\">Los requisitos de inscripci\u00f3n son:<\/span><\/p>\n<ul>\n<li style=\"font-weight: 400\"><strong>Ser estudiante regular o tesista (estar matriculadx al a\u00f1o lectivo y haber\u00a0aprobado como m\u00ednimo una asigna-<br \/>\ntura el a\u00f1o anterior a su presentaci\u00f3n).<\/strong><\/li>\n<li style=\"font-weight: 400\"><strong>Tener un promedio igual o mayor a 6 puntos incluyendo los aplazos.<\/strong><\/li>\n<li style=\"font-weight: 400\"><strong>Tener m\u00e1s de 12 o 1\/3 de las materias de tu carrera aprobadas.<\/strong><\/li>\n<\/ul>\n<div>\n<div><b><u>Inscripci\u00f3n al Banco de Pasant\u00edas:<\/u><\/b><\/div>\n<\/div>\n<div>\n<div>\n<ol>\n<li>Descargar y completar el\u00a0<a href=\"https:\/\/docs.google.com\/document\/d\/1oUBpBcJHfXFo62D6eSAg7DITqikjajdBe_XnPmpxc4Y\/edit?usp=sharing\">FORMULARIO<\/a>, incluir la foto en el lugar d\u00f3nde se indica.<\/li>\n<li>Adjuntar al mail el formulario y la siguiente documentaci\u00f3n:\n<ul>\n<li style=\"list-style-type: none\">\n<ul>\n<li><strong>Certificado de Alumnx Regular <\/strong>correspondiente al a\u00f1o lectivo, se descargarga de sistema guaran\u00ed.<\/li>\n<li><strong>Anal\u00edtico <\/strong>(se solicita a <a href=\"https:\/\/sitio.ffyh.unc.edu.ar\/casaverde\/estudiantes\/solicitud-de-certificado-analitico\/solicitud-de-certificados-analiticos-via-web\/\">Despacho de Alumnxs<\/a>), <strong>o\u00a0Historia Acad\u00e9mica<\/strong> actualizada d\u00f3nde conste la cantidad de materias aprobadas y el promedio con aplazos (se descarga de guaran\u00ed).<\/li>\n<li><strong>DNI\u00a0<\/strong>(ambas caras).<\/li>\n<li>Constancia de <strong>CUIL<\/strong>, se descarga de\u00a0<a href=\"https:\/\/www.anses.gob.ar\/consulta\/constancia-de-cuil\">ANSES<\/a><\/li>\n<li><strong>Curriculum Vitae Nominativo.\u00a0<\/strong>Debe dar constancia de la experiencia laboral formal e informal y la informaci\u00f3n que no est\u00e9 incluida en la historia acad\u00e9mica, pero de cuenta de contar con formaci\u00f3n para insertarse en el mundo del trabajo (como por ejemplo participaci\u00f3n en equipos de investigaci\u00f3n, pr\u00e1cticas,\u2026). No se debe incluir los certificados.<\/li>\n<\/ul>\n<\/li>\n<\/ul>\n<\/li>\n<li>Enviar por correo a\u00a0<a href=\"mailto:pasantias@ffyh.unc.edu.ar\" target=\"_blank\" rel=\"noopener\">pasantias@ffyh.unc.edu.ar ,<\/a> adjuntando el formulario y la documentaci\u00f3n bajo el asunto \u00abINSCRIPCION A PASANT\u00cdA + Apellido\u00bb.<\/li>\n<\/ol>\n<p>Una vez que se corrobore la documentaci\u00f3n enviada y el cumplimiento de los requisitos se lxs agrega al banco de pasantes de cada escuela o departamento para que reciban las convocatorias que surjan.<\/p>\n<\/div>\n<div><b><u>Funcionamiento de las pasant\u00edas<\/u><\/b><\/div>\n<div>\n<ul>\n<li>Una vez que est\u00e1n en el banco, hay<em> dos posibilidades de acceder a pasant\u00edas:<\/em><\/li>\n<\/ul>\n<p><em>1) <\/em>Mediante<em> convocatoria abierta:<\/em> Las empresas o instituciones solicitan estudiantes de determinada carrera y realizan la selecci\u00f3n de pasantes en base a los CV que est\u00e1n en el banco. Si los CV del banco no fueran suficientes, a pedido de la instituci\u00f3n solicitante de pasantes se abre una convocatoria con plazos para que se incorporen m\u00e1s estudiantes.<em>2) Convocatoria cerrada:<\/em> Las empresas o instituciones tambi\u00e9n pueden solicitar a unx estudiante en particular, con quien ya tengan un v\u00ednculo previo. En ese caso, no se hace una selecci\u00f3n ni se abren convocatorias, sino que una empresa o instituci\u00f3n solicita el convenio para ese estudiante espec\u00edfico. Considerando esta opci\u00f3n, si lxs estudiantes tienen la posibilidad de una pasant\u00eda rentada en una instituci\u00f3n es importante que nos lo comuniquen para poder asesorarlos y darle curso.<\/p>\n<ul>\n<li><em>Propuesta pedag\u00f3gica<\/em><\/li>\n<\/ul>\n<p>A su vez, la pasant\u00eda se engloba en una propuesta pedag\u00f3gica que de cuenta del aporte de la misma a la formaci\u00f3n profesional de lxs estudiantes, esta propuesta debe ser acompa\u00f1ada por unx Docente Gu\u00eda designado por la Facultad, quien deber\u00e1 acompa\u00f1arlxs durante el desarrollo de la misma.<\/p>\n<ul>\n<li><em>Acuerdo individual de Pasant\u00eda<\/em><\/li>\n<\/ul>\n<p>Tanto para convocatorias abiertas como cerradas, debe firmarse un <strong>acuerdo individual de pasant\u00eda<\/strong> (es \u00abel contrato\u00bb), entre la instituci\u00f3n, el\/la pasante seleccionadx y la Facultad otorg\u00e1ndoles una copia a cada parte. No deben comensar ninguna tarea sin este acuerdo firmado.<\/p>\n<p>&nbsp;<\/p>\n<\/div>\n<\/div>\n<ul>\n<li><em>Convenio Marco de Pasant\u00eda<\/em><\/li>\n<\/ul>\n<div>Para que se puedan realizar Pasant\u00edas rentadas las normativas exigen que haya un Convenio Marco espec\u00edfico de Pasant\u00edas entre la FFyH y la instituci\u00f3n o empresa.<\/div>\n<div>En caso de no existir convenios previos, la celebraci\u00f3n de uno nuevo puede demorar de dos a tres meses aproximadamente.<\/div>\n<div>\n<hr \/>\n<hr \/>\n<h4><strong>Informaci\u00f3n para INSTITUCIONES SOLICITANTES<\/strong><\/h4>\n<\/div>\n<p style=\"text-align: center\"><span style=\"font-weight: 400\"><strong>El Alta de Convenios y Acuerdos Individuales de Pasant\u00edas pueden tramitarse en las siguientes fechas:<\/strong><\/span><\/p>\n<p style=\"text-align: center\"><span style=\"font-weight: 400\">1\u00ba cuatrimestre: del 1 de Marzo al 07 de Julio de 2025.<\/span><\/p>\n<p style=\"text-align: center\"><span style=\"font-weight: 400\">2\u00ba cuatrimestre: del 20 de julio al 07 de Noviembre de 2025.<\/span><\/p>\n<p>Las instituciones o empresas que soliciten pasantes de nuestras carreras de nuestra, deber\u00e1n contar con un Convenio Marco espec\u00edfico de Pasant\u00edas rentadas con la Facultad de Filosof\u00eda y Humanidades o, en su defecto, con la Universidad Nacional de C\u00f3rdoba (Rectorado).<\/p>\n<p>En ese sentido hay dos caminos posibles:<\/p>\n<h4><span style=\"font-weight: 400\"><strong><b><u>Instituciones SIN Convenio Marco de Pasant\u00edas previo<\/u><\/b><\/strong><\/span><\/h4>\n<ul>\n<li><span style=\"font-weight: 400\">Demora estimativa hasta el alta de la pasant\u00eda:<\/span><\/li>\n<\/ul>\n<p><span style=\"font-weight: 400\"><strong>De 2 a 3 meses<\/strong> desde la solicitud del Convenio considerando los tiempos para su elaboraci\u00f3n, la selecci\u00f3n de pasantes y la firma del acuerdo individual de pasant\u00eda.\u00a0<\/span><\/p>\n<ul>\n<li>Solicitud de Convenio Marco<\/li>\n<\/ul>\n<p>Enviar a <a href=\"mailto:pasantias@ffyh.unc.edu.ar\">pasantias@ffyh.unc.edu.ar<\/a>\u00a0:<\/p>\n<ul>\n<li style=\"list-style-type: none\">\n<ul>\n<li><a href=\"https:\/\/drive.google.com\/file\/d\/1l-7U7_cGIKjt7qS-QjH1JFxzG_hovPu1\/view?usp=sharing\">Nota de solicitud de Suscripci\u00f3n de Convenio Marco.<\/a><\/li>\n<li><a href=\"https:\/\/docs.google.com\/document\/d\/1uazE4fgyVLS6SiHjA-uGgzfUFgOwYjOx\/edit?usp=sharing&amp;ouid=107193286049220123564&amp;rtpof=true&amp;sd=true\">Formulario de Solicitud de Convenio Marco de Pasant\u00edas.<\/a>\u00a0Adjuntar toda la documentaci\u00f3n que se indica al fnal del formulario considerado lo establecido para toda la UNC por la<a href=\"https:\/\/drive.google.com\/file\/d\/1Yq8w5nXhCGfl5Ze-KdsBEwkq8hHXf-Ap\/view?usp=sharing\">\u00a0Ordenanza 6\/11 del Consejo Superior.<\/a><\/li>\n<li><a href=\"https:\/\/docs.google.com\/document\/d\/1lyfol40QBykVvpzc5ACOvX7z8fDn7KCv\/edit?usp=sharing&amp;ouid=107193286049220123564&amp;rtpof=true&amp;sd=true\">Formulario de Solicitud de Pasante.<\/a><\/li>\n<li>Breve descripci\u00f3n de las tareas y el \u00e1rea en el que se quiere incorporar al\/ la pasante y a partir de qu\u00e9 fecha.<\/li>\n<\/ul>\n<\/li>\n<\/ul>\n<h4><span style=\"font-weight: 400\"><strong><b><u>Instituciones CON Convenio Marco de Pasant\u00edas previo<\/u><\/b><\/strong><\/span><\/h4>\n<ul>\n<li><span style=\"font-weight: 400\">Demora estimativa hasta el alta de la pasant\u00eda:<\/span><\/li>\n<\/ul>\n<p><span style=\"font-weight: 400\"><strong>De 1 a 2 meses<\/strong> considerando el tiempo que lleva la selecci\u00f3n de pasantes, la elaboraci\u00f3n de la propuesta pedag\u00f3gica realizada por unx docente gu\u00eda designadx por la Facultad y unx tutor designadx por la aprte solicitante, la <\/span><span style=\"font-weight: 400\">elaboraci\u00f3n <\/span><span style=\"font-weight: 400\">y firma del acuerdo individual de pasant\u00eda.\u00a0<\/span><\/p>\n<p>No aplican convenios firmados con otras Facultades ni convenios celebrados para pr\u00e1cticas preprofesionales. En caso de tener convenio previo el mismo debe ser espec\u00edfico de pasant\u00edas rentadas y debe estar firmado por el Decano o la Decana (actual o anteriores) de la FFyH, o por el Rector o la Rectora (actual o anteriores) de la UNC.<\/p>\n<ul>\n<li>Solicitud de pasantes:<\/li>\n<\/ul>\n<p>Enviar a <span style=\"font-weight: 400\"> <a href=\"mailto:pasantias@ffyh.unc.edu.ar\">pasantias@ffyh.unc.edu.ar<\/a> <\/span>:<\/p>\n<ul>\n<li style=\"list-style-type: none\">\n<ul>\n<li>Copia del Convenio Marco de Pasant\u00edas vigente.<\/li>\n<li><a href=\"https:\/\/docs.google.com\/document\/d\/1lyfol40QBykVvpzc5ACOvX7z8fDn7KCv\/edit?usp=sharing&amp;ouid=107193286049220123564&amp;rtpof=true&amp;sd=true\">Formulario de Solicitud de Pasante.<\/a><\/li>\n<li>Breve descripci\u00f3n de las tareas y el \u00e1rea en el que se quiere incorporar al\/ la pasante y a partir de qu\u00e9 fecha.<\/li>\n<\/ul>\n<\/li>\n<\/ul>\n<h4><span style=\"font-weight: 400\"><strong><b><u>Alta de lx pasantes y funcionamiento de la pasant\u00eda<\/u><\/b><\/strong><\/span><\/h4>\n<ul>\n<li>Una vez que se firme el acuerdo individual las empresas\/ instituciones deber\u00e1n enviar el alta del\/ la pasante en la obra social y en el ARCA tal cual se indica en el convenio.<\/li>\n<li>Ante cualquier imprevisto administrativo o vinculado a las tareas deber\u00e1n comunicarse con el \u00c1rea de Pasant\u00edas y con el\/la Docente Gu\u00eda.<\/li>\n<\/ul>\n<hr \/>\n<hr \/>\n<h4><strong>Informaci\u00f3n para DOCENTES GU\u00cdAS<\/strong><\/h4>\n<ul>\n<li><strong>Designaci\u00f3n:<\/strong> Desde el \u00c1rea de Pasantias consultamos a las respectivas escuelas y departamentos cuando es necesario designar a un Docente Gu\u00eda. En caso de querer ser docente Gu\u00eda, puede comunicarse con su Escuela o Departamento, o tambi\u00e9n inform\u00e1rnoslo al \u00c1rea de Pasant\u00edas.<\/li>\n<li><strong>Lxs Docentes Gu\u00edas deben:<\/strong>\n<ul>\n<li>Leer las <em>normativas<\/em> que rigen sobre las pasant\u00edas rentadas.<\/li>\n<li>Elaborar la <em>\u00abPropuesta Pedag\u00f3gica\u00bb<\/em>. Considerando lo que indica el ARTICULO 17 de la Ley 26.427:<\/li>\n<\/ul>\n<\/li>\n<\/ul>\n<p style=\"padding-left: 80px\">\u00abEl docente gu\u00eda por parte de la instituci\u00f3n educativa y el tutor por parte del organismo o empresa, en el marco de lo establecido en el art\u00edculo 5\u00ba, elaboran de manera conjunta, un plan de trabajo que determine<em> el proceso educativo del estudiante para alcanzar los objetivos pedag\u00f3gicos.<\/em> Este plan se incorpora al legajo individual de cada pasante, que obra en la instituci\u00f3n u organismo educativo, conforme se establece en el art\u00edculo 10, y ser\u00e1 notificado fehacientemente al pasante.\u00bb<\/p>\n<ul>\n<li style=\"list-style-type: none\">\n<ul>\n<li>Hacer un <em>seguimiento<\/em> de la pasant\u00eda y el desarrollo del plan de trabajo enmarcado en la propuesta pedag\u00f3gica. Mantenerse en contacto con lxs pasantes, acercarse al establecimiento para brindar orientaci\u00f3n respecto al desarrollo de las tareas asignadas.<\/li>\n<li>Enviar <em>informes<\/em> <em>peri\u00f3dicos<\/em> al \u00c1rea de Pasant\u00edas y un <em>informe final<\/em>, al concluir la pasant\u00eda.<\/li>\n<li>Informar al \u00c1rea de Pasant\u00edas ante cualquier inconveniente o duda que pudiera surgir.<\/li>\n<li>El \u00c1rea de Pasant\u00edas proveer\u00e1, si as\u00ed lo solicitan lxs docentes, de insumos para la elaboraci\u00f3n de las propuestas pedag\u00f3gicas y los informes.<\/li>\n<li><em>Ceretificaci\u00f3n<\/em>: desde el \u00c1rea de Pasant\u00edas se certificar\u00e1 la actividad de los Docentes Gu\u00edas que hayan cumplido con la elaboraci\u00f3n y seguimiendo de una propuesta pedag\u00f3gica, as\u00ed como tambi\u00e9n con la presentaci\u00f3n de informes.<\/li>\n<\/ul>\n<\/li>\n<\/ul>\n<hr \/>\n<hr \/>\n<h4><strong>Normativas vigentes<\/strong><\/h4>\n<p>Las pasant\u00edas rentadas se rigen por las siguientes normativas (podr\u00e1n ver all\u00ed la informaci\u00f3n correspondiente requisitos para lxs estudiantes, rol de Docentes Gu\u00edas designadxs por la Facultad, Tutores , Propuesta Pedag\u00f3gica, etc):<\/p>\n<ul>\n<li><a href=\"http:\/\/servicios.infoleg.gob.ar\/infolegInternet\/anexos\/145000-149999\/148599\/norma.htm\">Ley de Pasant\u00edas<\/a><\/li>\n<li>La reglamentaciones nacionales<a href=\"https:\/\/fcc.unc.edu.ar\/wp-content\/uploads\/sites\/9\/2021\/11\/ley_26427_resolucion_conjunta_n_825338.pdf\">\u00a0<strong>825\/2009 y 338\/2009<\/strong><\/a><\/li>\n<li><a href=\"https:\/\/drive.google.com\/file\/d\/1C4P_57-MomC5cEXGCnfKb5lhOI5Cbxl8\/view?usp=sharing\">Ordenanza Honorable Consejo Superior de la UNC (2009)<\/a><\/li>\n<\/ul>\n","protected":false},"excerpt":{"rendered":"<p>El sistema de pasant\u00edas rentadas te permite hacer una pr\u00e1ctica profesional rentada en instituciones p\u00fablicas (excepto en la UNC) o<\/p>\n","protected":false},"author":2,"featured_media":0,"parent":0,"menu_order":0,"comment_status":"closed","ping_status":"closed","template":"","meta":{"_acf_changed":false,"saved_in_kubio":false,"colormag_page_container_layout":"default_layout","colormag_page_sidebar_layout":"default_layout","_monsterinsights_skip_tracking":false,"_monsterinsights_sitenote_active":false,"_monsterinsights_sitenote_note":"","_monsterinsights_sitenote_category":0,"footnotes":""},"class_list":["post-87","page","type-page","status-publish","hentry"],"acf":[],"kubio_ai_page_context":{"short_desc":"","purpose":"general"},"_links":{"self":[{"href":"https:\/\/ffyh.unc.edu.ar\/sae\/wp-json\/wp\/v2\/pages\/87","targetHints":{"allow":["GET"]}}],"collection":[{"href":"https:\/\/ffyh.unc.edu.ar\/sae\/wp-json\/wp\/v2\/pages"}],"about":[{"href":"https:\/\/ffyh.unc.edu.ar\/sae\/wp-json\/wp\/v2\/types\/page"}],"author":[{"embeddable":true,"href":"https:\/\/ffyh.unc.edu.ar\/sae\/wp-json\/wp\/v2\/users\/2"}],"replies":[{"embeddable":true,"href":"https:\/\/ffyh.unc.edu.ar\/sae\/wp-json\/wp\/v2\/comments?post=87"}],"version-history":[{"count":31,"href":"https:\/\/ffyh.unc.edu.ar\/sae\/wp-json\/wp\/v2\/pages\/87\/revisions"}],"predecessor-version":[{"id":2323,"href":"https:\/\/ffyh.unc.edu.ar\/sae\/wp-json\/wp\/v2\/pages\/87\/revisions\/2323"}],"wp:attachment":[{"href":"https:\/\/ffyh.unc.edu.ar\/sae\/wp-json\/wp\/v2\/media?parent=87"}],"curies":[{"name":"wp","href":"https:\/\/api.w.org\/{rel}","templated":true}]}}