{"id":1621,"date":"2016-08-19T11:20:57","date_gmt":"2016-08-19T14:20:57","guid":{"rendered":"http:\/\/secyt.ffyh.unc.edu.ar\/?page_id=1501"},"modified":"2024-08-19T11:34:56","modified_gmt":"2024-08-19T11:34:56","slug":"tramites","status":"publish","type":"page","link":"https:\/\/ffyh.unc.edu.ar\/secyt\/tramites\/","title":{"rendered":"TR\u00c1MITES\/CERTIFICACIONES"},"content":{"rendered":"<p>En la SeICyT trabajamos para simplificar y facilitar el acceso a diversos tr\u00e1mites y certificaciones relacionados con la actividad de investigaci\u00f3n. Todos nuestros tr\u00e1mites se realizan de forma remota, permitiendo una mayor flexibilidad y eficiencia en la gesti\u00f3n de los procesos administrativos.<\/p>\n<h2>Tr\u00e1mites Remotos Disponibles<\/h2>\n<hr \/>\n<h4>1. Certificaci\u00f3n de Desempe\u00f1o en Investigaci\u00f3n<\/h4>\n<p>Este tr\u00e1mite permite a los investigadores obtener una certificaci\u00f3n oficial que acredita su desempe\u00f1o en proyectos de investigaci\u00f3n avalados por SeCyT UNC y radicados en la FFyH. Esta certificaci\u00f3n es \u00fatil para la postulaci\u00f3n a becas, promociones acad\u00e9micas y otros fines profesionales.<\/p>\n<ul>\n<li><a href=\"https:\/\/ffyh.unc.edu.ar\/secyt\/tramites\/certificacion-proyectos-de-investigacion\/\">Solicitar certificaci\u00f3n<\/a><\/li>\n<\/ul>\n<hr \/>\n<h4>2. Presentaci\u00f3n de Informe Final de Beca de Iniciaci\u00f3n en la Investigaci\u00f3n<\/h4>\n<p>Les becaries de iniciaci\u00f3n en la investigaci\u00f3n deben presentar un informe final detallando las actividades realizadas, los resultados obtenidos y el impacto de la beca en su formaci\u00f3n acad\u00e9mica y profesional.<\/p>\n<ul>\n<li><a href=\"https:\/\/ffyh.unc.edu.ar\/secyt\/tramites\/informa-final-beca-de-iniciacion-en-la-investigacion\/\">Presentaci\u00f3n de informe<\/a><\/li>\n<\/ul>\n<hr \/>\n<h4><span style=\"font-size: 1.5rem\">3. Solicitud de avales de \u00e9tica en investigaci\u00f3n<\/span><\/h4>\n<p>El Comit\u00e9 de \u00c9tica de la Facultad de Filosof\u00eda y Humanidades tiene la responsabilidad de emitir avales para proyectos, programas de investigaci\u00f3n y planes de trabajo de becas que cumplan con las pautas, criterios y normativas \u00e9ticas establecidas. Estos avales son esenciales para la presentaci\u00f3n de proyectos ante organismos de promoci\u00f3n cient\u00edfica, tales como UNC, CONICET, MINCyT, FONCyT ANPCYT, OMS, Ministerio de Salud, OPS, entre otros.<\/p>\n<ul>\n<li><a href=\"https:\/\/ffyh.unc.edu.ar\/secyt\/comite-de-etica\/avales\/\">Iniciar proceso de solicitud<\/a><\/li>\n<\/ul>\n<hr \/>\n<h4>4. Altas, Bajas y Cambio de Roles en Proyectos de Investigaci\u00f3n (Tr\u00e1mite SeCyT UNC)<\/h4>\n<p>Este tr\u00e1mite es necesario para gestionar la incorporaci\u00f3n de nuevos integrantes a un proyecto de investigaci\u00f3n, la desvinculaci\u00f3n de miembros, o la modificaci\u00f3n de roles y responsabilidades dentro del equipo de investigaci\u00f3n.<\/p>\n<ul>\n<li><a href=\"https:\/\/ffyh.unc.edu.ar\/secyt\/tramites\/altas-y-bajas-de-integrantes-proyectos\/\">Iniciar proceso<\/a><\/li>\n<\/ul>\n<hr \/>\n<blockquote><p>Verificaci\u00f3n de Firmas Digitales: Los documentos generados por el Sistema de Gesti\u00f3n Documental Electr\u00f3nica (GDE), tales como certificaciones, informes y resoluciones, se emiten con firmas digitales para garantizar su autenticidad y validez legal. Para verificar la firma digital de un documento accede al <a href=\"https:\/\/firma.unc.edu.ar\/verificar\">sistema de verificaci\u00f3n de firmas<\/a>.<\/p><\/blockquote>\n<blockquote><p>Seguimiento de expedientes electr\u00f3nicos: con el n\u00famero de expediente ingresa al <a href=\"https:\/\/www.unc.edu.ar\/gesti%C3%B3n-documental-electr%C3%B3nica\/buscador-de-expedientes\">buscador<\/a> que permite conocer en qu\u00e9 instancia se encuentra el tr\u00e1mite que iniciaste<\/p><\/blockquote>\n<p><strong><img loading=\"lazy\" decoding=\"async\" class=\" wp-image-4467 alignleft\" src=\"http:\/\/ffyh.unc.edu.ar\/secyt\/wp-content\/uploads\/sites\/22\/2024\/08\/WIDGETS-WEB-SEICYT-1.png\" alt=\"\" width=\"95\" height=\"94\" srcset=\"https:\/\/ffyh.unc.edu.ar\/secyt\/wp-content\/uploads\/sites\/22\/2024\/08\/WIDGETS-WEB-SEICYT-1.png 594w, https:\/\/ffyh.unc.edu.ar\/secyt\/wp-content\/uploads\/sites\/22\/2024\/08\/WIDGETS-WEB-SEICYT-1-300x298.png 300w, https:\/\/ffyh.unc.edu.ar\/secyt\/wp-content\/uploads\/sites\/22\/2024\/08\/WIDGETS-WEB-SEICYT-1-150x150.png 150w\" sizes=\"auto, (max-width: 95px) 100vw, 95px\" \/><\/strong><\/p>\n<p><strong>Contacto para Tr\u00e1mites y Certificaciones<\/strong><br \/>\nSi tenes alguna duda o necesitas asistencia para completar un tr\u00e1mite, podes ponerte en contacto con nosotres:<br \/>\n<strong>Correo Electr\u00f3nico<\/strong>: secyt@ffyh.unc.edu.ar<br \/>\n<strong>Tel.:<\/strong> 0351-5353610 (int. 50045) Atenci\u00f3n: lunes a viernes de 10:30 a 13:00 y de 14:00 a 16:30 hs.<\/p>\n<h3><\/h3>\n<p>&nbsp;<\/p>\n","protected":false},"excerpt":{"rendered":"<p>En la SeICyT trabajamos para simplificar y facilitar el acceso a diversos tr\u00e1mites y certificaciones relacionados con la actividad de<\/p>\n","protected":false},"author":1,"featured_media":0,"parent":0,"menu_order":13,"comment_status":"closed","ping_status":"closed","template":"","meta":{"_acf_changed":false,"colormag_page_container_layout":"default_layout","colormag_page_sidebar_layout":"default_layout","footnotes":""},"class_list":["post-1621","page","type-page","status-publish","hentry"],"acf":[],"_links":{"self":[{"href":"https:\/\/ffyh.unc.edu.ar\/secyt\/wp-json\/wp\/v2\/pages\/1621","targetHints":{"allow":["GET"]}}],"collection":[{"href":"https:\/\/ffyh.unc.edu.ar\/secyt\/wp-json\/wp\/v2\/pages"}],"about":[{"href":"https:\/\/ffyh.unc.edu.ar\/secyt\/wp-json\/wp\/v2\/types\/page"}],"author":[{"embeddable":true,"href":"https:\/\/ffyh.unc.edu.ar\/secyt\/wp-json\/wp\/v2\/users\/1"}],"replies":[{"embeddable":true,"href":"https:\/\/ffyh.unc.edu.ar\/secyt\/wp-json\/wp\/v2\/comments?post=1621"}],"version-history":[{"count":77,"href":"https:\/\/ffyh.unc.edu.ar\/secyt\/wp-json\/wp\/v2\/pages\/1621\/revisions"}],"predecessor-version":[{"id":4649,"href":"https:\/\/ffyh.unc.edu.ar\/secyt\/wp-json\/wp\/v2\/pages\/1621\/revisions\/4649"}],"wp:attachment":[{"href":"https:\/\/ffyh.unc.edu.ar\/secyt\/wp-json\/wp\/v2\/media?parent=1621"}],"curies":[{"name":"wp","href":"https:\/\/api.w.org\/{rel}","templated":true}]}}