{"id":1830,"date":"2019-03-21T17:59:09","date_gmt":"2019-03-21T17:59:09","guid":{"rendered":"http:\/\/ffyh.unc.edu.ar\/secyt\/?page_id=1830"},"modified":"2024-08-17T01:28:26","modified_gmt":"2024-08-17T01:28:26","slug":"publicaciones","status":"publish","type":"page","link":"https:\/\/ffyh.unc.edu.ar\/secyt\/publicaciones\/","title":{"rendered":"PUBLICACIONES"},"content":{"rendered":"<p>La SeICyT de la Facultad de Filosof\u00eda y Humanidades (FFyH) se compromete con la generaci\u00f3n de conocimiento y la difusi\u00f3n de la producci\u00f3n acad\u00e9mica y cient\u00edfica en acceso abierto, libre y gratuito. Desde el a\u00f1o 2012, la SeICyT ha desarrollado una serie de publicaciones en formato de libros electr\u00f3nicos que permiten a editores, autores y usuarios acceder de manera sencilla y sin restricciones a los resultados de la investigaci\u00f3n producida en la FFyH. Adem\u00e1s, desde el a\u00f1o 2009 publica la revisa S\u00edntesis.<\/p>\n<hr \/>\n<h4>Revista S\u00edntesis<\/h4>\n<p>La revista S\u00edntesis re\u00fane un conjunto de trabajos producidos por egresados de la Facultad de Filosof\u00eda y Humanidades de la Universidad Nacional de C\u00f3rdoba. Estos trabajos son fruto de investigaciones vinculadas a Trabajos Finales de Licenciatura y Pr\u00e1cticas Profesionales Supervisadas. S\u00edntesis es un espacio para visibilizar una parte crucial del conocimiento generado en nuestras comunidades acad\u00e9micas, especialmente aquel producido por estudiantes de grado. Adem\u00e1s, ofrece a los reci\u00e9n egresados la oportunidad de tener su primera experiencia de publicaci\u00f3n acad\u00e9mica, con el apoyo de un comit\u00e9 de evaluadores externos. La revista es financiada por la Facultad de Filosof\u00eda y Humanidades de la UNC.<\/p>\n<p>Acceder a la revista: <a href=\"https:\/\/revistas.unc.edu.ar\/index.php\/sintesis\/issue\/archive\">Enlace a los n\u00fameros publicados<\/a><\/p>\n<hr \/>\n<p>Las publicaciones no peri\u00f3dicas se organizan en tres series principales:<\/p>\n<h4>Serie Actas de Eventos Cient\u00edfico-Acad\u00e9micos<\/h4>\n<p>Esta serie recoge las actas de los principales eventos organizados por la FFyH, como congresos, jornadas y seminarios. Las actas incluyen ponencias, debates y conclusiones que reflejan el estado del conocimiento en diversas disciplinas de las ciencias humanas y sociales. Publicar en esta serie permite a los participantes de eventos acad\u00e9micos compartir sus aportes con la comunidad cient\u00edfica y el p\u00fablico en general, contribuyendo al avance del conocimiento y a la visibilidad de las investigaciones realizadas.<\/p>\n<p>Acceder a la serie: <a href=\"https:\/\/ffyh.unc.edu.ar\/secyt\/publicaciones\/actas-de-eventos-academicos\/\">Enlace a la serie Actas de eventos cient\u00edfico-acad\u00e9micos<\/a><\/p>\n<hr \/>\n<h4>Serie Resultados de Equipos de Investigaci\u00f3n<\/h4>\n<p>Esta serie se dedica a la publicaci\u00f3n de los resultados de investigaciones desarrolladas por equipos de la FFyH. Los trabajos publicados en esta serie abarcan una amplia gama de disciplinas y enfoques, desde investigaciones en ciencias sociales y humanidades hasta estudios interdisciplinarios que exploran nuevas fronteras del conocimiento. La difusi\u00f3n de estos resultados en formato digital garantiza que los hallazgos puedan ser consultados por investigadores, estudiantes y profesionales de todo el mundo.<\/p>\n<p>Acceder a la serie: <a href=\"https:\/\/ffyh.unc.edu.ar\/secyt\/publicaciones\/serie-colecciones\/\">Enlace a la serie Resultados de equipos de investigaci\u00f3n<\/a><\/p>\n<hr \/>\n<h4>Serie Tesis de Posgrado<\/h4>\n<p>La Serie Tesis de Posgrado agrupa tesis de maestr\u00eda y doctorado defendidas en la FFyH. Estas publicaciones representan aportes originales al conocimiento en diversas \u00e1reas, y su acceso libre contribuye a la formaci\u00f3n de nuevos investigadores y al desarrollo de l\u00edneas de investigaci\u00f3n emergentes. La publicaci\u00f3n de tesis en esta serie no solo valida el trabajo de los estudiantes, sino que tambi\u00e9n lo pone a disposici\u00f3n de una audiencia global, ampliando su impacto acad\u00e9mico.<\/p>\n<p>Acceder a la serie: <a href=\"https:\/\/ffyh.unc.edu.ar\/secyt\/publicaciones\/ebook\/\">Enlace a la serie Tesis de posgrado<\/a><\/p>\n<hr \/>\n<blockquote><p><a href=\"https:\/\/ffyh.unc.edu.ar\/secyt\/publicaciones\/como-publicar\/\">\u00bfC\u00f3mo publicar?<\/a><\/p><\/blockquote>\n","protected":false},"excerpt":{"rendered":"<p>La SeICyT de la Facultad de Filosof\u00eda y Humanidades (FFyH) se compromete con la generaci\u00f3n de conocimiento y la difusi\u00f3n<\/p>\n","protected":false},"author":8,"featured_media":0,"parent":0,"menu_order":9,"comment_status":"closed","ping_status":"closed","template":"","meta":{"_acf_changed":false,"saved_in_kubio":false,"colormag_page_container_layout":"default_layout","colormag_page_sidebar_layout":"default_layout","footnotes":""},"class_list":["post-1830","page","type-page","status-publish","hentry"],"acf":[],"kubio_ai_page_context":{"short_desc":"","purpose":"general"},"_links":{"self":[{"href":"https:\/\/ffyh.unc.edu.ar\/secyt\/wp-json\/wp\/v2\/pages\/1830","targetHints":{"allow":["GET"]}}],"collection":[{"href":"https:\/\/ffyh.unc.edu.ar\/secyt\/wp-json\/wp\/v2\/pages"}],"about":[{"href":"https:\/\/ffyh.unc.edu.ar\/secyt\/wp-json\/wp\/v2\/types\/page"}],"author":[{"embeddable":true,"href":"https:\/\/ffyh.unc.edu.ar\/secyt\/wp-json\/wp\/v2\/users\/8"}],"replies":[{"embeddable":true,"href":"https:\/\/ffyh.unc.edu.ar\/secyt\/wp-json\/wp\/v2\/comments?post=1830"}],"version-history":[{"count":26,"href":"https:\/\/ffyh.unc.edu.ar\/secyt\/wp-json\/wp\/v2\/pages\/1830\/revisions"}],"predecessor-version":[{"id":4479,"href":"https:\/\/ffyh.unc.edu.ar\/secyt\/wp-json\/wp\/v2\/pages\/1830\/revisions\/4479"}],"wp:attachment":[{"href":"https:\/\/ffyh.unc.edu.ar\/secyt\/wp-json\/wp\/v2\/media?parent=1830"}],"curies":[{"name":"wp","href":"https:\/\/api.w.org\/{rel}","templated":true}]}}