{"id":2119,"date":"2020-09-16T15:01:00","date_gmt":"2020-09-16T15:01:00","guid":{"rendered":"http:\/\/ffyh.unc.edu.ar\/secyt\/?page_id=2119"},"modified":"2024-08-16T11:49:27","modified_gmt":"2024-08-16T11:49:27","slug":"actas-de-eventos-academicos","status":"publish","type":"page","link":"https:\/\/ffyh.unc.edu.ar\/secyt\/publicaciones\/actas-de-eventos-academicos\/","title":{"rendered":"Actas de eventos cient\u00edfico-acad\u00e9micos"},"content":{"rendered":"<ul class=\"Normal tm6 tm7\">\n<li><a href=\"http:\/\/ffyh.unc.edu.ar\/secyt\/wp-content\/uploads\/sites\/22\/2021\/04\/JADIPRO_ebook.pdf\">Actas II Jornadas Argentinas de Did\u00e1ctica de la Programaci\u00f3n AA. VV.<\/a><\/li>\n<\/ul>\n<p><img loading=\"lazy\" decoding=\"async\" class=\"wp-image-2215 alignleft\" src=\"http:\/\/ffyh.unc.edu.ar\/secyt\/wp-content\/uploads\/sites\/22\/2021\/02\/didactica-de-la-programacion.png\" alt=\"\" width=\"173\" height=\"246\" srcset=\"https:\/\/ffyh.unc.edu.ar\/secyt\/wp-content\/uploads\/sites\/22\/2021\/02\/didactica-de-la-programacion.png 632w, https:\/\/ffyh.unc.edu.ar\/secyt\/wp-content\/uploads\/sites\/22\/2021\/02\/didactica-de-la-programacion-211x300.png 211w\" sizes=\"auto, (max-width: 173px) 100vw, 173px\" \/><\/p>\n<p>&nbsp;<\/p>\n<p>Las II Jornadas de Did\u00e1ctica de la Programaci\u00f3n en la Universidad Nacional de C\u00f3rdoba que dan origen a esta publicaci\u00f3n, se realizaron en junio del a\u00f1o 2019, y tuvieron como objetivo reunir y escuchar a la comunidad de todo el pa\u00eds que estaba realizando innovaciones que promueven la inclusi\u00f3n de las Ciencias de la Computaci\u00f3n en la escuela.<\/p>\n<p>&nbsp;<\/p>\n<p>&nbsp;<\/p>\n<hr \/>\n<ul class=\"Normal tm6 tm7\">\n<li class=\"tm8\"><u><a href=\"http:\/\/ffyh.unc.edu.ar\/secyt\/wp-content\/uploads\/sites\/22\/2020\/07\/ACTAS_MEMORIA.pdf\">Memorias \u00bfpara qu\u00e9? II Seminario Internacional Memorias Pol\u00edticas en Perspectiva Latinoamericana<\/a><\/u>; Eliana Lacombe (Coord.)<\/li>\n<\/ul>\n<p><img loading=\"lazy\" decoding=\"async\" class=\"wp-image-2216 alignleft\" src=\"http:\/\/ffyh.unc.edu.ar\/secyt\/wp-content\/uploads\/sites\/22\/2021\/02\/memorias-para-que.png\" alt=\"\" width=\"168\" height=\"207\" srcset=\"https:\/\/ffyh.unc.edu.ar\/secyt\/wp-content\/uploads\/sites\/22\/2021\/02\/memorias-para-que.png 707w, https:\/\/ffyh.unc.edu.ar\/secyt\/wp-content\/uploads\/sites\/22\/2021\/02\/memorias-para-que-243x300.png 243w\" sizes=\"auto, (max-width: 168px) 100vw, 168px\" \/><\/p>\n<p>&nbsp;<\/p>\n<p style=\"padding-left: 120px\">Este libro re\u00fane conferencias y ponencias presentadas, originalmente, en el II Seminario Internacional: Memorias Pol\u00edticas en perspectiva latinoamericana, realizado en la Universidad Nacional de C\u00f3rdoba (Argentina), entre el 19 y 22 de septiembre de 2018. La misma fue organizada y desarrollada en un contexto de convulsiones sociopol\u00edticas en la regi\u00f3n.<\/p>\n<p>&nbsp;<\/p>\n<p>&nbsp;<\/p>\n<hr \/>\n<ul class=\"Normal tm6 tm7\">\n<li class=\"Normal tm6 tm8\"><u><a href=\"http:\/\/ffyh.unc.edu.ar\/secyt\/wp-content\/uploads\/sites\/22\/2019\/07\/ACTAS_CARIBE_2019.pdf\">El Caribe en sus literaturas y culturas: perspectivas desde el sur<\/a><\/u>; Nancy Calomarde; Graciela Salto (Coord.)<\/li>\n<\/ul>\n<p><img loading=\"lazy\" decoding=\"async\" class=\"wp-image-2217 alignleft\" src=\"http:\/\/ffyh.unc.edu.ar\/secyt\/wp-content\/uploads\/sites\/22\/2021\/02\/el-caribe-y-sus-literaturas.png\" alt=\"\" width=\"165\" height=\"215\" srcset=\"https:\/\/ffyh.unc.edu.ar\/secyt\/wp-content\/uploads\/sites\/22\/2021\/02\/el-caribe-y-sus-literaturas.png 649w, https:\/\/ffyh.unc.edu.ar\/secyt\/wp-content\/uploads\/sites\/22\/2021\/02\/el-caribe-y-sus-literaturas-229x300.png 229w\" sizes=\"auto, (max-width: 165px) 100vw, 165px\" \/><\/p>\n<p>&nbsp;<\/p>\n<p style=\"padding-left: 160px\">Los textos que integran este volumen configuran el testimonio de un viaje colectivo y la posibilidad de visibilizar el proceso de institucionalizaci\u00f3n de un campo espec\u00edfico: el de los estudios sobre literaturas y culturas del Caribe pensado desde el sur.<\/p>\n<p>&nbsp;<\/p>\n<p>&nbsp;<\/p>\n<hr \/>\n<ul class=\"Normal tm6 tm7\">\n<li class=\"Normal tm6 tm8\"><u><a href=\"http:\/\/ffyh.unc.edu.ar\/editorial\/wp-content\/uploads\/sites\/5\/2019\/02\/ACTAS_SEXTAJORNADA.pdf\">Actas de la Sexta Jornada Taller de Trabajo Final de Licenciatura-TFL : seminarios: cuestiones te\u00f3rico- metodol\u00f3gicas y procesos de investigaci\u00f3n<\/a><\/u>; AA. VV.<\/li>\n<\/ul>\n<p><img loading=\"lazy\" decoding=\"async\" class=\"wp-image-2218 alignleft\" src=\"http:\/\/ffyh.unc.edu.ar\/secyt\/wp-content\/uploads\/sites\/22\/2021\/02\/Actas-6-jornadas-historia.png\" alt=\"\" width=\"161\" height=\"224\" srcset=\"https:\/\/ffyh.unc.edu.ar\/secyt\/wp-content\/uploads\/sites\/22\/2021\/02\/Actas-6-jornadas-historia.png 632w, https:\/\/ffyh.unc.edu.ar\/secyt\/wp-content\/uploads\/sites\/22\/2021\/02\/Actas-6-jornadas-historia-216x300.png 216w\" sizes=\"auto, (max-width: 161px) 100vw, 161px\" \/><\/p>\n<p>&nbsp;<\/p>\n<p style=\"padding-left: 160px\">Las tem\u00e1ticas que fueron recorriendo estas Jornadas\u00a0variaron desde la Pre-Historia y Arqueolog\u00eda hasta nuestro pasado reciente; desde lo local hasta lo internacional. Sumado a esto, se fueron recibiendo trabajos de distintas disciplinas como la archivolog\u00eda, sociolog\u00eda, antropolog\u00eda, geograf\u00eda, letras, entre otras.<\/p>\n<p>&nbsp;<\/p>\n<p>&nbsp;<\/p>\n<hr \/>\n<ul class=\"Normal tm6 tm7\">\n<li class=\"Normal tm6 tm8\"><u><a href=\"http:\/\/ffyh.unc.edu.ar\/editorial\/wp-content\/uploads\/sites\/5\/2018\/05\/Estudios_Interdisciplinarios_Historia_Antigua_V.pdf\">Actas de las V Jornadas Taller de Trabajo Final de Licenciatura\/Seminarios; Denise Reyna Berrotar\u00e1n (Comp.)<\/a><\/u><\/li>\n<\/ul>\n<p><img loading=\"lazy\" decoding=\"async\" class=\"wp-image-2219 alignleft\" src=\"http:\/\/ffyh.unc.edu.ar\/secyt\/wp-content\/uploads\/sites\/22\/2021\/02\/quintas-jorndas-tranajos-finales-historia.png\" alt=\"\" width=\"167\" height=\"231\" srcset=\"https:\/\/ffyh.unc.edu.ar\/secyt\/wp-content\/uploads\/sites\/22\/2021\/02\/quintas-jorndas-tranajos-finales-historia.png 633w, https:\/\/ffyh.unc.edu.ar\/secyt\/wp-content\/uploads\/sites\/22\/2021\/02\/quintas-jorndas-tranajos-finales-historia-217x300.png 217w\" sizes=\"auto, (max-width: 167px) 100vw, 167px\" \/><\/p>\n<p>&nbsp;<\/p>\n<p style=\"padding-left: 160px\">Las Jornadas Taller de Trabajo Final de Licenciatura\/Seminarios tiene el\u00a0objetivo de fomentar el debate en torno a las complejidades y dificultades a los\u00a0recientes egresados en los primeros pasos de la investigaci\u00f3n.<\/p>\n<p>&nbsp;<\/p>\n<p>&nbsp;<\/p>\n<p>&nbsp;<\/p>\n<hr \/>\n<ul class=\"Normal tm6 tm7\">\n<li class=\"Normal tm6 tm8\"><u><a href=\"http:\/\/ffyh.unc.edu.ar\/editorial\/wp-content\/uploads\/sites\/5\/2018\/05\/Estudios_Interdisciplinarios_Historia_Antigua_V.pdf\">Etudios interdisciplinarios de historia antigua V<\/a><\/u>; Cecilia Ames; Marta Sagristani,\u00a0Agust\u00edn Moreno; \u00c1lvaro M.\u00a0Moreno Leoni (Comp.)<\/li>\n<\/ul>\n<p><img loading=\"lazy\" decoding=\"async\" class=\"wp-image-2220 alignleft\" src=\"http:\/\/ffyh.unc.edu.ar\/secyt\/wp-content\/uploads\/sites\/22\/2021\/02\/historia-antigua.png\" alt=\"\" width=\"163\" height=\"226\" srcset=\"https:\/\/ffyh.unc.edu.ar\/secyt\/wp-content\/uploads\/sites\/22\/2021\/02\/historia-antigua.png 632w, https:\/\/ffyh.unc.edu.ar\/secyt\/wp-content\/uploads\/sites\/22\/2021\/02\/historia-antigua-216x300.png 216w\" sizes=\"auto, (max-width: 163px) 100vw, 163px\" \/><\/p>\n<p>&nbsp;<\/p>\n<p style=\"padding-left: 160px\">El presente volumen re\u00fane las contribuciones de conferenciantes invitados y expositores de comunicaciones de las Quintas Jornadas Nacionales de Historia Antigua \u2013IV Internacionales\u2013, que tuvieron lugar en C\u00f3rdoba (Rep\u00fablica Argentina) los d\u00edas 26, 27, 28 y 29 de mayo de 2015, y, asimismo, de expositores de las Cuartas Jornadas Nacionales de Historia Antigua \u2013III Internacionales\u2013, desarrolladas durante los d\u00edas 21, 22, 23 y 24 de mayo de 2012 en la misma ciudad<\/p>\n<p>&nbsp;<\/p>\n<p>&nbsp;<\/p>\n<hr \/>\n<ul class=\"Normal tm6 tm7\">\n<li class=\"Normal tm6 tm8\"><u><a href=\"http:\/\/ffyh.unc.edu.ar\/editorial\/wp-content\/uploads\/sites\/5\/2018\/02\/ACTAS_FILO_2017.pdf\">Actas del VII Coloquio de Filosof\u00eda de la T\u00e9cnica y del I Conversatorio Internacional sobre Tecnoest\u00e9tica y Sensorium Contempor\u00e1neo<\/a><\/u>;\u00a0Agust\u00edn Berti; Anah\u00ed Alejandra R\u00e9 (Comp.)<\/li>\n<\/ul>\n<p><img loading=\"lazy\" decoding=\"async\" class=\"wp-image-2221 alignleft\" src=\"http:\/\/ffyh.unc.edu.ar\/secyt\/wp-content\/uploads\/sites\/22\/2021\/02\/coloquio-filosofia-y-tecnica.png\" alt=\"\" width=\"162\" height=\"226\" srcset=\"https:\/\/ffyh.unc.edu.ar\/secyt\/wp-content\/uploads\/sites\/22\/2021\/02\/coloquio-filosofia-y-tecnica.png 631w, https:\/\/ffyh.unc.edu.ar\/secyt\/wp-content\/uploads\/sites\/22\/2021\/02\/coloquio-filosofia-y-tecnica-215x300.png 215w\" sizes=\"auto, (max-width: 162px) 100vw, 162px\" \/><\/p>\n<p>&nbsp;<\/p>\n<p style=\"padding-left: 160px\">La s\u00e9ptima edici\u00f3n del Coloquio Internacional de Filosof\u00eda de la T\u00e9cnica, realizada en la sede de la Asociaci\u00f3n de Docentes e Investigadores Universitarios de C\u00f3rdoba (ADIUC) entre el 18 y el 21 de octubre de 2016 tuvo como eje las relaciones entre tecnolog\u00eda, pol\u00edtica y cultura en un contexto signado por cambios de paradigma en el sistema de ciencia y t\u00e9cnica nacional. A continuaci\u00f3n, se presenta una selecci\u00f3n de los trabajos presentados que da cuenta de la riqueza de las discusiones en curso, su actualidad y su originalidad.<\/p>\n<p>&nbsp;<\/p>\n<p>&nbsp;<\/p>\n<hr \/>\n<ul class=\"Normal tm6 tm7\">\n<li class=\"Normal tm6 tm8\"><u><a href=\"https:\/\/ffyh.unc.edu.ar\/boletin\/ediciones_anteriores\/archivos\/imagenes\/e-books\/EBOOK_HUMOR.pdf\">El rumor del humor: Jornadas de Investigaci\u00f3n: innovaci\u00f3n, rupturas y transformaciones en la cultura humor\u00edstica argentina<\/a><\/u>, AA. VV.<\/li>\n<\/ul>\n<p><img loading=\"lazy\" decoding=\"async\" class=\"wp-image-2222 alignleft\" src=\"http:\/\/ffyh.unc.edu.ar\/secyt\/wp-content\/uploads\/sites\/22\/2021\/02\/humor.png\" alt=\"\" width=\"166\" height=\"233\" srcset=\"https:\/\/ffyh.unc.edu.ar\/secyt\/wp-content\/uploads\/sites\/22\/2021\/02\/humor.png 610w, https:\/\/ffyh.unc.edu.ar\/secyt\/wp-content\/uploads\/sites\/22\/2021\/02\/humor-214x300.png 214w\" sizes=\"auto, (max-width: 166px) 100vw, 166px\" \/><\/p>\n<p>&nbsp;<\/p>\n<p style=\"padding-left: 160px\">El rumor del humor, el t\u00edtulo elegido para este libro, evoca ese discurso que se diluye, que se interna por laberintos o por orificios por los que se pierde, que se amolda a una concreci\u00f3n que se transforma; el lugar imposible, dice R. Robin a prop\u00f3sito del rumor, que se vincula a la vez con lo impl\u00edcito y lo expl\u00edcito, voces, \u00edndices de la pregnancia de lo ideol\u00f3gico.<\/p>\n<p>&nbsp;<\/p>\n<p>&nbsp;<\/p>\n<hr \/>\n<ul class=\"Normal tm6 tm7\">\n<li class=\"Normal tm6 tm8\"><u><a href=\"http:\/\/ffyh.unc.edu.ar\/editorial\/wp-content\/uploads\/sites\/5\/2013\/05\/EBOOK_JORNADAS_2016.pdf\">Actas Cuartas Jornadas Taller de Trabajo Final de Licenciatura, TFL: seminarios en Historia<\/a><\/u>, AA. VV.<\/li>\n<\/ul>\n<p><img loading=\"lazy\" decoding=\"async\" class=\"wp-image-2223 alignleft\" src=\"http:\/\/ffyh.unc.edu.ar\/secyt\/wp-content\/uploads\/sites\/22\/2021\/02\/cuartas-jornadas-TFL-historia.png\" alt=\"\" width=\"160\" height=\"223\" srcset=\"https:\/\/ffyh.unc.edu.ar\/secyt\/wp-content\/uploads\/sites\/22\/2021\/02\/cuartas-jornadas-TFL-historia.png 626w, https:\/\/ffyh.unc.edu.ar\/secyt\/wp-content\/uploads\/sites\/22\/2021\/02\/cuartas-jornadas-TFL-historia-215x300.png 215w\" sizes=\"auto, (max-width: 160px) 100vw, 160px\" \/><\/p>\n<p>&nbsp;<\/p>\n<p style=\"padding-left: 160px\">La cuarta edici\u00f3n de la Jornada Taller de Trabajos Finales de Licenciatura (TFL) de Historia, tuvo el objetivo de consolidar este espacio integrando a mayores segmentos de estudiantes y graduados recientes en este \u00e1mbito de discusi\u00f3n y fomento de las pr\u00e1cticas investigaci\u00f3n. En esta oportunidad fueron organizadas conjuntamente por el equipo de trabajo del PAMEG (Programa de Apoyo y Mejora para la Ense\u00f1anza de Grado)<\/p>\n<p>&nbsp;<\/p>\n<p>&nbsp;<\/p>\n<hr \/>\n<ul class=\"Normal tm6 tm7\">\n<li class=\"Normal tm6 tm8\"><u><a href=\"https:\/\/ffyh.unc.edu.ar\/boletin\/ediciones_anteriores\/archivos\/imagenes\/e-books\/EBOOK_Moreno_Moreno_Leoni_Discurso.pdf\">Discurso y poder en Grecia y Roma: lecturas desde la historia y la literatura<\/a><\/u>;\u00a0Agust\u00edn Moreno; \u00c1lvaro M.\u00a0Moreno Leoni (Ed.)<\/li>\n<\/ul>\n<p><img loading=\"lazy\" decoding=\"async\" class=\"wp-image-2228 alignleft\" src=\"http:\/\/ffyh.unc.edu.ar\/secyt\/wp-content\/uploads\/sites\/22\/2021\/02\/discurso-y-poder.png\" alt=\"\" width=\"162\" height=\"226\" srcset=\"https:\/\/ffyh.unc.edu.ar\/secyt\/wp-content\/uploads\/sites\/22\/2021\/02\/discurso-y-poder.png 627w, https:\/\/ffyh.unc.edu.ar\/secyt\/wp-content\/uploads\/sites\/22\/2021\/02\/discurso-y-poder-215x300.png 215w\" sizes=\"auto, (max-width: 162px) 100vw, 162px\" \/><\/p>\n<p>&nbsp;<\/p>\n<p style=\"padding-left: 160px\">Discurso y poder en Grecia y Roma: lecturas desde la historia y la literatura, primer n\u00famero de la colecci\u00f3n Interpretatio, Cuadernos del PIEC, re\u00fane entonces trabajos de cinco especialistas del campo de los estudios cl\u00e1sicos grecorromanos discutidos en el III Workshop Nacional de Historia Antigua y Estudios Cl\u00e1sicos \u201cDiscurso y Poder\u201d.<\/p>\n<p>&nbsp;<\/p>\n<p>&nbsp;<\/p>\n<hr \/>\n<ul class=\"Normal tm6 tm7\">\n<li class=\"Normal tm6 tm8\"><u><a href=\"http:\/\/ffyh.unc.edu.ar\/editorial\/wp-content\/uploads\/sites\/5\/2013\/05\/Actas_Foro_2016.pdf\">La investigaci\u00f3n como modo de resistencia. Actas del II Foro de Iniciaci\u00f3n en la investigaci\u00f3n, 2016<\/a><\/u>, AA. VV.<\/li>\n<\/ul>\n<p><img loading=\"lazy\" decoding=\"async\" class=\"wp-image-2225 alignleft\" src=\"http:\/\/ffyh.unc.edu.ar\/secyt\/wp-content\/uploads\/sites\/22\/2021\/02\/investigacion-resistencia.png\" alt=\"\" width=\"170\" height=\"231\" srcset=\"https:\/\/ffyh.unc.edu.ar\/secyt\/wp-content\/uploads\/sites\/22\/2021\/02\/investigacion-resistencia.png 630w, https:\/\/ffyh.unc.edu.ar\/secyt\/wp-content\/uploads\/sites\/22\/2021\/02\/investigacion-resistencia-221x300.png 221w\" sizes=\"auto, (max-width: 170px) 100vw, 170px\" \/><\/p>\n<p>&nbsp;<\/p>\n<p style=\"padding-left: 160px\">El segundo Foro de Iniciaci\u00f3n en la Investigaci\u00f3n organizado por la Secretar\u00eda de Investigaci\u00f3n, Ciencia y T\u00e9cnica de la FFyH tuvo lugar en Octubre de 2016 y convoc\u00f3 a becarios y ex becarios de la FFyH el CIN. La discursivizaci\u00f3n y socializaci\u00f3n de las experiencias investigativas que tuvieron lugar en el marco del foro formaron parte de esas actividades de resistencia a los peligros que amenazaron, en el contexto del desfinanciamiento de la educaci\u00f3n superior, las tareas de producir conocimiento y divulgaci\u00f3n.<\/p>\n<p>&nbsp;<\/p>\n<p>&nbsp;<\/p>\n<hr \/>\n<ul class=\"Normal tm6 tm7\">\n<li class=\"Normal tm6 tm8\"><u><a href=\"http:\/\/ffyh.unc.edu.ar\/editorial\/wp-content\/uploads\/sites\/5\/2013\/05\/EBOOK_ACTAS_HISTORIA.pdf\">Actas Terceras Jornadas Taller de Trabajo Final de Licenciatura (TFL). Seminarios en Historia: cuestiones te\u00f3rico-metodol\u00f3gicas y procesos de investigaci\u00f3n<\/a><\/u>,\u00a0AA. VV.<\/li>\n<\/ul>\n<p><img loading=\"lazy\" decoding=\"async\" class=\"wp-image-2226 alignleft\" src=\"http:\/\/ffyh.unc.edu.ar\/secyt\/wp-content\/uploads\/sites\/22\/2021\/02\/3-jornada-TFL-historia.png\" alt=\"\" width=\"167\" height=\"234\" srcset=\"https:\/\/ffyh.unc.edu.ar\/secyt\/wp-content\/uploads\/sites\/22\/2021\/02\/3-jornada-TFL-historia.png 627w, https:\/\/ffyh.unc.edu.ar\/secyt\/wp-content\/uploads\/sites\/22\/2021\/02\/3-jornada-TFL-historia-214x300.png 214w\" sizes=\"auto, (max-width: 167px) 100vw, 167px\" \/><\/p>\n<p>&nbsp;<\/p>\n<p style=\"padding-left: 160px\">En esta edici\u00f3n de la Jornada Taller de Trabajos Finales de Licenciatura (TFL) de Historia se previ\u00f3 la presentaci\u00f3n de cuatro tipos de contribuciones escritas derivadas de las siguientes instancias: un trabajo final de Seminario, Cursillo o Materia; primeros lineamientos del proyecto de investigaci\u00f3n del TFL; proyecto de TFL aprobado e investigaci\u00f3n en desarrollo; TFL aprobado. As\u00ed, en esta compilaci\u00f3n se encuentran textos que fueron presentados por sus autores en la Tercera Jornada Taller de Trabajos Finales de Licenciatura de Historia.<\/p>\n<p>&nbsp;<\/p>\n<p>&nbsp;<\/p>\n<hr \/>\n<ul class=\"Normal tm6 tm7\">\n<li class=\"Normal tm6 tm8\"><u><a href=\"http:\/\/ffyh.unc.edu.ar\/editorial\/wp-content\/uploads\/sites\/5\/2013\/05\/ACTAS_FORO_2015.pdf\">Actas. Foro de Iniciaci\u00f3n en la Investigaci\u00f3n, 2015<\/a><\/u>,\u00a0AA. VV.<\/li>\n<\/ul>\n<p><img loading=\"lazy\" decoding=\"async\" class=\"wp-image-2227 alignleft\" src=\"http:\/\/ffyh.unc.edu.ar\/secyt\/wp-content\/uploads\/sites\/22\/2021\/02\/1-foro-iniciacion.png\" alt=\"\" width=\"161\" height=\"219\" srcset=\"https:\/\/ffyh.unc.edu.ar\/secyt\/wp-content\/uploads\/sites\/22\/2021\/02\/1-foro-iniciacion.png 630w, https:\/\/ffyh.unc.edu.ar\/secyt\/wp-content\/uploads\/sites\/22\/2021\/02\/1-foro-iniciacion-221x300.png 221w\" sizes=\"auto, (max-width: 161px) 100vw, 161px\" \/><\/p>\n<p>&nbsp;<\/p>\n<p style=\"padding-left: 160px\">El \u201cForo de Iniciaci\u00f3n en la Investigaci\u00f3n\u201d, que tuvo lugar los d\u00edas 1 y 2 de julio de 2015 pretendi\u00f3 propiciar el intercambio entre los estudiantes y egresados becarios de investigaci\u00f3n de la FFyH, divulgando la experiencia y los resultados obtenidos por parte de los becarios salientes y de las inquietudes y expectativas de los nuevos becarios.<\/p>\n<p>&nbsp;<\/p>\n<p>&nbsp;<\/p>\n<hr \/>\n<ul class=\"Normal tm6 tm7\">\n<li class=\"Normal tm6 tm8\"><u><a href=\"http:\/\/ffyh.unc.edu.ar\/editorial\/wp-content\/uploads\/sites\/5\/2013\/05\/EBOOK_SAGRISTANI1.pdf\">Estudios interdisciplinarios de Historia Antigua IV<\/a><\/u>; Cecilia Ames y Marta Sagristani (Compiladoras)<\/li>\n<\/ul>\n<p><img loading=\"lazy\" decoding=\"async\" class=\"wp-image-2224 alignleft\" src=\"http:\/\/ffyh.unc.edu.ar\/secyt\/wp-content\/uploads\/sites\/22\/2021\/02\/1-historia-antigua.png\" alt=\"\" width=\"167\" height=\"233\" srcset=\"https:\/\/ffyh.unc.edu.ar\/secyt\/wp-content\/uploads\/sites\/22\/2021\/02\/1-historia-antigua.png 630w, https:\/\/ffyh.unc.edu.ar\/secyt\/wp-content\/uploads\/sites\/22\/2021\/02\/1-historia-antigua-215x300.png 215w\" sizes=\"auto, (max-width: 167px) 100vw, 167px\" \/><\/p>\n<p>&nbsp;<\/p>\n<p style=\"padding-left: 160px\">El presente volumen re\u00fane las contribuciones de los conferenciantes invitados a las Cuartas Jornadas Nacionales \u2013Terceras Internacionales &#8211; de Historia Antigua, que tuvieron lugar en la ciudad de C\u00f3rdoba (Rep\u00fablica Argentina), durante los d\u00edas 21, 22, 23 y 24 de mayo de 2012<\/p>\n","protected":false},"excerpt":{"rendered":"<p>Actas II Jornadas Argentinas de Did\u00e1ctica de la Programaci\u00f3n AA. VV. &nbsp; Las II Jornadas de Did\u00e1ctica de la Programaci\u00f3n<\/p>\n","protected":false},"author":8,"featured_media":0,"parent":1830,"menu_order":0,"comment_status":"closed","ping_status":"closed","template":"","meta":{"_acf_changed":false,"colormag_page_container_layout":"default_layout","colormag_page_sidebar_layout":"default_layout","footnotes":""},"class_list":["post-2119","page","type-page","status-publish","hentry"],"acf":[],"_links":{"self":[{"href":"https:\/\/ffyh.unc.edu.ar\/secyt\/wp-json\/wp\/v2\/pages\/2119","targetHints":{"allow":["GET"]}}],"collection":[{"href":"https:\/\/ffyh.unc.edu.ar\/secyt\/wp-json\/wp\/v2\/pages"}],"about":[{"href":"https:\/\/ffyh.unc.edu.ar\/secyt\/wp-json\/wp\/v2\/types\/page"}],"author":[{"embeddable":true,"href":"https:\/\/ffyh.unc.edu.ar\/secyt\/wp-json\/wp\/v2\/users\/8"}],"replies":[{"embeddable":true,"href":"https:\/\/ffyh.unc.edu.ar\/secyt\/wp-json\/wp\/v2\/comments?post=2119"}],"version-history":[{"count":23,"href":"https:\/\/ffyh.unc.edu.ar\/secyt\/wp-json\/wp\/v2\/pages\/2119\/revisions"}],"predecessor-version":[{"id":4428,"href":"https:\/\/ffyh.unc.edu.ar\/secyt\/wp-json\/wp\/v2\/pages\/2119\/revisions\/4428"}],"up":[{"embeddable":true,"href":"https:\/\/ffyh.unc.edu.ar\/secyt\/wp-json\/wp\/v2\/pages\/1830"}],"wp:attachment":[{"href":"https:\/\/ffyh.unc.edu.ar\/secyt\/wp-json\/wp\/v2\/media?parent=2119"}],"curies":[{"name":"wp","href":"https:\/\/api.w.org\/{rel}","templated":true}]}}