{"id":2124,"date":"2020-09-16T15:56:37","date_gmt":"2020-09-16T15:56:37","guid":{"rendered":"http:\/\/ffyh.unc.edu.ar\/secyt\/?page_id=2124"},"modified":"2024-08-16T11:49:44","modified_gmt":"2024-08-16T11:49:44","slug":"serie-colecciones","status":"publish","type":"page","link":"https:\/\/ffyh.unc.edu.ar\/secyt\/publicaciones\/serie-colecciones\/","title":{"rendered":"Resultados de equipos de investigaci\u00f3n"},"content":{"rendered":"<p>&nbsp;<\/p>\n<h4><strong>PRODUCCI\u00d3N LITERARIA. ESTUDIOS LITERARIOS, LING\u00dc\u00cdSTICOS Y DEL DISCURSO<\/strong><\/h4>\n<ul class=\"Normal tm6 tm7\">\n<li class=\"Normal tm6 tm8\"><u><a href=\"http:\/\/ffyh.unc.edu.ar\/editorial\/wp-content\/uploads\/sites\/5\/2013\/05\/2-TPyU-ElNuevoTeatro.pdf\">El nuevo teatro cordob\u00e9s. 1969-1975. Teatro Estable de la Universidad Nacional de C\u00f3rdoba (TEUC) \u2013 Libre Teatro Libre (LTL) \u2013 La Chispa, Adriana Musitano (Dir.)<\/a><\/u><\/li>\n<\/ul>\n<p><img decoding=\"async\" class=\"wp-image-2241 alignleft\" src=\"http:\/\/ffyh.unc.edu.ar\/secyt\/wp-content\/uploads\/sites\/22\/2021\/02\/nuevo-tratro-cordobes.png\" alt=\"\" width=\"177\" height=\"220\" srcset=\"https:\/\/ffyh.unc.edu.ar\/secyt\/wp-content\/uploads\/sites\/22\/2021\/02\/nuevo-tratro-cordobes.png 700w, https:\/\/ffyh.unc.edu.ar\/secyt\/wp-content\/uploads\/sites\/22\/2021\/02\/nuevo-tratro-cordobes-241x300.png 241w\" sizes=\"(max-width: 177px) 100vw, 177px\" \/><\/p>\n<p>&nbsp;<\/p>\n<p style=\"padding-left: 200px\">Este libro presenta trabajos producidos en el transcurso la investigaci\u00f3n sobre Teatro, Pol\u00edtica y Universidad, C\u00f3rdoba, 1965-1965, desarrollada por equipos de investigaci\u00f3n con subsidios de SeCyT UNC, entre los a\u00f1os 1996 y 2011. La investigaci\u00f3n se desarroll\u00f3 en relaci\u00f3n al llamado \u201cnuevo teatro cordob\u00e9s\u201d, fen\u00f3meno teatral del per\u00edodo que va desde el Cordobazo, en 1969, hasta el inicio de la dictadura de 1976, con especial enfoque en el teatro universitario, el estudio y an\u00e1lisis de las producciones de los tres grupos ligados a la UNC, el Teatro Estable, elLTL y La Chispa.<\/p>\n<p>&nbsp;<\/p>\n<p>&nbsp;<\/p>\n<ul class=\"Normal tm6 tm7\">\n<li class=\"Normal tm6 tm8\"><u><a href=\"http:\/\/ffyh.unc.edu.ar\/editorial\/wp-content\/uploads\/sites\/5\/2013\/05\/3-TPyU-Entrevistas-1.pdf\">Protagonistas del nuevo teatro cordob\u00e9s.\u00a0Entrevistas. Teatro, Pol\u00edtica y Universidad. 1969-1975.<\/a><\/u> Laura Fobbio (Comp.)<\/li>\n<\/ul>\n<p><img decoding=\"async\" class=\"wp-image-2242 alignleft\" src=\"http:\/\/ffyh.unc.edu.ar\/secyt\/wp-content\/uploads\/sites\/22\/2021\/02\/protagonistas.png\" alt=\"\" width=\"179\" height=\"208\" srcset=\"https:\/\/ffyh.unc.edu.ar\/secyt\/wp-content\/uploads\/sites\/22\/2021\/02\/protagonistas.png 707w, https:\/\/ffyh.unc.edu.ar\/secyt\/wp-content\/uploads\/sites\/22\/2021\/02\/protagonistas-259x300.png 259w\" sizes=\"(max-width: 179px) 100vw, 179px\" \/><\/p>\n<p>&nbsp;<\/p>\n<p style=\"padding-left: 200px\">Aqu\u00ed se presenta la palabra de las y los protagonistas del nuevo teatro cordob\u00e9s, palabra expresada en las entrevistas que fueron realizadas por miembros del equipo de investigaci\u00f3n Teatro, Pol\u00edtica y Universidad, C\u00f3rdoba 1965-1975 (TPU), investigaci\u00f3n desarrollada, entre 1996 y 1999 en el Centro de Estudios Avanzados, con direcci\u00f3n de Horacio Crespo y codirecci\u00f3n de Nora Zaga, y entre 2000 y 2011 dirigida por Adriana Musitano y codirigida por Zaga, en el Centro de Investigaciones de la Facultad de Filosof\u00eda y Humanidades, Universidad Nacional de C\u00f3rdoba, UNC.<\/p>\n<p>&nbsp;<\/p>\n<p>&nbsp;<\/p>\n<ul class=\"Normal tm6 tm7\">\n<li><u><a href=\"http:\/\/ffyh.unc.edu.ar\/editorial\/wp-content\/uploads\/sites\/5\/2013\/05\/1-TPyU-Eldepartam.pdf\">Teatro, Pol\u00edtica y Universidad. El Departamento de Teatro, un escenario moderno. C\u00f3rdoba, 1965-1975.;<\/a> Adriana Musitano (Dir.)<\/u><\/li>\n<\/ul>\n<p><img decoding=\"async\" class=\"wp-image-2243 alignleft\" src=\"http:\/\/ffyh.unc.edu.ar\/secyt\/wp-content\/uploads\/sites\/22\/2021\/02\/teatro-musitano.png\" alt=\"\" width=\"179\" height=\"220\" srcset=\"https:\/\/ffyh.unc.edu.ar\/secyt\/wp-content\/uploads\/sites\/22\/2021\/02\/teatro-musitano.png 706w, https:\/\/ffyh.unc.edu.ar\/secyt\/wp-content\/uploads\/sites\/22\/2021\/02\/teatro-musitano-243x300.png 243w\" sizes=\"(max-width: 179px) 100vw, 179px\" \/><\/p>\n<p>&nbsp;<\/p>\n<p style=\"padding-left: 200px\">Aqu\u00ed convergen miradas y perspectivas, que permiten conocer distintos aspectos del complejo campo teatral universitario, las crisis acad\u00e9micas y los logros de sus producciones, tal como lo manifiestan los distintos an\u00e1lisis<\/p>\n<p>&nbsp;<\/p>\n<p>&nbsp;<\/p>\n<p>&nbsp;<\/p>\n<p>&nbsp;<\/p>\n<ul class=\"Normal tm6 tm7\">\n<li><u><a href=\"https:\/\/ffyh.unc.edu.ar\/boletin\/ediciones_anteriores\/archivos\/imagenes\/e-books\/EBOOK_DICCIONARIOCRITICO.pdf\">Diccionario cr\u00edtico de t\u00e9rminos del humor y breve enciclopedia de la cultura humor\u00edstica argentina<\/a><\/u>; Ana Beatriz Flores (Coord.)<\/li>\n<\/ul>\n<p><img loading=\"lazy\" decoding=\"async\" class=\"wp-image-2245 alignleft\" src=\"http:\/\/ffyh.unc.edu.ar\/secyt\/wp-content\/uploads\/sites\/22\/2021\/02\/diccionario-humor.png\" alt=\"\" width=\"184\" height=\"256\" srcset=\"https:\/\/ffyh.unc.edu.ar\/secyt\/wp-content\/uploads\/sites\/22\/2021\/02\/diccionario-humor.png 625w, https:\/\/ffyh.unc.edu.ar\/secyt\/wp-content\/uploads\/sites\/22\/2021\/02\/diccionario-humor-216x300.png 216w\" sizes=\"(max-width: 184px) 100vw, 184px\" \/><\/p>\n<p>&nbsp;<\/p>\n<p style=\"padding-left: 200px\">El libro consta de dos partes: la primera es un diccionario cr\u00edtico de t\u00e9rminos de estudio del humor que re\u00fane, de una manera sistem\u00e1tica y de f\u00e1cil manejo, las definiciones m\u00e1s corrientes de las categor\u00edas con que se lo estudia. La segunda parte es una breve enciclopedia que da cuenta de algunas producciones humor\u00edsticas argentinas. La selecci\u00f3n reconoce como criterio prioritario la valoraci\u00f3n por las producciones humor\u00edsticas no tan comerciales y\/o productoras de innovaciones est\u00e9ticas (en literatura, teatro, humor gr\u00e1fico, espect\u00e1culos), as\u00ed como de pr\u00e1cticas cotidianas generalmente invisibilizadas.<\/p>\n<p>&nbsp;<\/p>\n<p>&nbsp;<\/p>\n<ul class=\"Normal tm6 tm7\">\n<li class=\"Normal tm6 tm8\"><u><a href=\"https:\/\/ffyh.unc.edu.ar\/boletin\/ediciones_anteriores\/archivos\/imagenes\/e-books\/EBOOK_GUIABIBLIOGRAFICA.pdf\">Gu\u00eda bibliogr\u00e1fica de autores y obras de C\u00f3rdoba siglo XX<\/a><\/u>; Bibiana Egu\u00eda<\/li>\n<\/ul>\n<p><img loading=\"lazy\" decoding=\"async\" class=\"wp-image-2246 alignleft\" src=\"http:\/\/ffyh.unc.edu.ar\/secyt\/wp-content\/uploads\/sites\/22\/2021\/02\/Eguia.png\" alt=\"\" width=\"248\" height=\"176\" srcset=\"https:\/\/ffyh.unc.edu.ar\/secyt\/wp-content\/uploads\/sites\/22\/2021\/02\/Eguia.png 1109w, https:\/\/ffyh.unc.edu.ar\/secyt\/wp-content\/uploads\/sites\/22\/2021\/02\/Eguia-300x213.png 300w, https:\/\/ffyh.unc.edu.ar\/secyt\/wp-content\/uploads\/sites\/22\/2021\/02\/Eguia-1024x728.png 1024w, https:\/\/ffyh.unc.edu.ar\/secyt\/wp-content\/uploads\/sites\/22\/2021\/02\/Eguia-768x546.png 768w, https:\/\/ffyh.unc.edu.ar\/secyt\/wp-content\/uploads\/sites\/22\/2021\/02\/Eguia-750x533.png 750w\" sizes=\"(max-width: 248px) 100vw, 248px\" \/><\/p>\n<p>&nbsp;<\/p>\n<p style=\"padding-left: 280px\">Esta Gu\u00eda Bibliogr\u00e1fica de autores y obras de la Literatura de C\u00f3rdoba es producto de investigaciones en el \u00e1rea. En este sentido, la Gu\u00eda Bibliogr\u00e1fica quiere ofrecer al estudioso de la Literatura de C\u00f3rdoba, datos ordenados sobre lo realizado por \u00a0escritores locales a fin de reducir el margen de exclusi\u00f3n y reclusi\u00f3n de la escritura en la provincia<\/p>\n<p>&nbsp;<\/p>\n<h4><\/h4>\n<h4 class=\"tm6\"><strong>EDUCACI\u00d3N<\/strong><\/h4>\n<ul>\n<li><u><a href=\"https:\/\/ffyh.unc.edu.ar\/boletin\/ediciones_anteriores\/archivos\/imagenes\/e-books\/E_BOOKOPINARYDECIR.pdf\">Opinar y decir lo propio : estrategias para ense\u00f1ar a argumentar en la escuela<\/a><\/u>; Gustavo G\u00edmenes et al.<\/li>\n<\/ul>\n<p><img loading=\"lazy\" decoding=\"async\" class=\"wp-image-2248 alignleft\" src=\"http:\/\/ffyh.unc.edu.ar\/secyt\/wp-content\/uploads\/sites\/22\/2021\/02\/opinar-y-decir-lo-propio.png\" alt=\"\" width=\"175\" height=\"245\" srcset=\"https:\/\/ffyh.unc.edu.ar\/secyt\/wp-content\/uploads\/sites\/22\/2021\/02\/opinar-y-decir-lo-propio.png 625w, https:\/\/ffyh.unc.edu.ar\/secyt\/wp-content\/uploads\/sites\/22\/2021\/02\/opinar-y-decir-lo-propio-215x300.png 215w\" sizes=\"(max-width: 175px) 100vw, 175px\" \/><\/p>\n<p>&nbsp;<\/p>\n<p style=\"padding-left: 200px\">La obra es producto de un equipo de investigaci\u00f3n dedicado a analizar, entre otras cosas, las formas en que los contenidos relativos al lenguaje, los textos, la lengua o el discurso son reconstruidos para su ense\u00f1anza en los manuales escolares de Lengua que circulan en las aulas y clases de Lengua.<\/p>\n<p>&nbsp;<\/p>\n<p>&nbsp;<\/p>\n<p>&nbsp;<\/p>\n<p>&nbsp;<\/p>\n<ul>\n<li><u><a href=\"http:\/\/ffyh.unc.edu.ar\/editorial\/wp-content\/uploads\/sites\/5\/2013\/05\/EBOOK_INSTITUCIONES_SUJETOS.pdf\">Instituciones, sujetos y contextos: recorridos de investigaci\u00f3n educativa en tiempos de transformaciones sociales<\/a><\/u>, Olga Silvia \u00c1vila (Comp.)<\/li>\n<\/ul>\n<p><img loading=\"lazy\" decoding=\"async\" class=\"wp-image-2249 alignleft\" src=\"http:\/\/ffyh.unc.edu.ar\/secyt\/wp-content\/uploads\/sites\/22\/2021\/02\/instituciones-sujetos-avila.png\" alt=\"\" width=\"176\" height=\"262\" srcset=\"https:\/\/ffyh.unc.edu.ar\/secyt\/wp-content\/uploads\/sites\/22\/2021\/02\/instituciones-sujetos-avila.png 573w, https:\/\/ffyh.unc.edu.ar\/secyt\/wp-content\/uploads\/sites\/22\/2021\/02\/instituciones-sujetos-avila-201x300.png 201w\" sizes=\"(max-width: 176px) 100vw, 176px\" \/><\/p>\n<p>&nbsp;<\/p>\n<p style=\"padding-left: 200px\">Este volumen presenta una recopilaci\u00f3n de trabajos elaborados en el marco del proyecto: \u00a0Instituciones, sujetos y transformaciones sociales. Cruces cr\u00edticos y procesos instituyentes en la educaci\u00f3n de ni\u00f1os y j\u00f3venes\u00bb, subsidiado por Secyt- UNC y radicado en el Centro de Investigaciones \u00abMar\u00eda Saleme de Burnich\u00f3n\u00bb de la Facultad de Filosof\u00eda y Humanidades-UNC.<\/p>\n<p>&nbsp;<\/p>\n<p>&nbsp;<\/p>\n<p>&nbsp;<\/p>\n<p>&nbsp;<\/p>\n<ul>\n<li><u><a href=\"http:\/\/ffyh.unc.edu.ar\/editorial\/wp-content\/uploads\/sites\/5\/2013\/05\/EBOOK_FORMACIONPROFESORES.pdf\">Formaci\u00f3n de profesores, curriculum, sujetos y pr\u00e1cticas educativas. La perspectiva de la investigaci\u00f3n en Argentina y Brasil<\/a><\/u>, Estela M. Miranda y Newton A. Paciulli Bryan (Coord.)<\/li>\n<\/ul>\n<p><img loading=\"lazy\" decoding=\"async\" class=\"wp-image-2250 alignleft\" src=\"http:\/\/ffyh.unc.edu.ar\/secyt\/wp-content\/uploads\/sites\/22\/2021\/02\/Miranda.png\" alt=\"\" width=\"178\" height=\"255\" srcset=\"https:\/\/ffyh.unc.edu.ar\/secyt\/wp-content\/uploads\/sites\/22\/2021\/02\/Miranda.png 606w, https:\/\/ffyh.unc.edu.ar\/secyt\/wp-content\/uploads\/sites\/22\/2021\/02\/Miranda-209x300.png 209w\" sizes=\"(max-width: 178px) 100vw, 178px\" \/><\/p>\n<p>&nbsp;<\/p>\n<p style=\"padding-left: 200px\">El libro tiene el prop\u00f3sito dar continuidad a un proyecto colectivo de publicaciones iniciado en (Re)Pensar la Educaci\u00f3n P\u00fablica. Aportes desde Argentina y Brasil, donde se recuperan las producciones de profesores que participaron de cursos, seminarios y conferencias dictados en el marco del Programa Binacional de Centros Asociados de Posgrado Argentina\/Brasil (CAPG-BA), entre el Doctorado en Ciencias de la Educaci\u00f3n de la Universidad Nacional de C\u00f3rdoba y el Doctorado en Educaci\u00f3n de la Universidad Estadual de Campinas (UNICAMP)<\/p>\n<p>&nbsp;<\/p>\n<p>&nbsp;<\/p>\n<p>&nbsp;<\/p>\n<h4 class=\"tm6\">HISTORIA<\/h4>\n<ul class=\"Normal tm6 tm7\">\n<li class=\"tm8\"><u><a href=\"http:\/\/ffyh.unc.edu.ar\/editorial\/wp-content\/uploads\/sites\/5\/2017\/12\/HISTORIAS_RECIENTES_2017.pdf\">Historias recientes de C\u00f3rdoba : pol\u00edtica y derechos humanos en la segunda mitad del siglo XX<\/a><\/u>;\u00a0Silvia Romano (Comp.)<\/li>\n<\/ul>\n<p><img loading=\"lazy\" decoding=\"async\" class=\"wp-image-2254 alignleft\" src=\"http:\/\/ffyh.unc.edu.ar\/secyt\/wp-content\/uploads\/sites\/22\/2021\/02\/historia-recientes-romano.png\" alt=\"\" width=\"171\" height=\"249\" srcset=\"https:\/\/ffyh.unc.edu.ar\/secyt\/wp-content\/uploads\/sites\/22\/2021\/02\/historia-recientes-romano.png 511w, https:\/\/ffyh.unc.edu.ar\/secyt\/wp-content\/uploads\/sites\/22\/2021\/02\/historia-recientes-romano-206x300.png 206w\" sizes=\"(max-width: 171px) 100vw, 171px\" \/><\/p>\n<p>&nbsp;<\/p>\n<p style=\"padding-left: 200px\">El presente volumen re\u00fane textos que abordan dimensiones y problemas en cierto modo diversos, que ameritan el uso de \u201chistorias\u201d en el t\u00edtulo del libro, en tanto constituyen visiones focalizadas en determinados procesos, \u00e1mbitos y temporalidades hist\u00f3ricas y proponen miradas sobre ciertos actores del pasado, o ponen el acento en hacer visible la \u201ctrastienda de la investigaci\u00f3n\u201d que les permite construir sus contribuciones. Pueden pensarse tambi\u00e9n como piezas de un rompecabezas sin pretensiones de componer el todo, unidas por la historia pol\u00edtica y los derechos humanos en sentido amplio.<\/p>\n<p>&nbsp;<\/p>\n<p>&nbsp;<\/p>\n<ul class=\"Normal tm6 tm7\">\n<li class=\"Normal tm6 tm8\"><u><a href=\"https:\/\/ffyh.unc.edu.ar\/boletin\/ediciones_anteriores\/archivos\/imagenes\/e-books\/EBOOK_ROGGIO.pdf\">Relaciones del Estado con el mundo del trabajo. C\u00f3rdoba 1910-1943. Compilaci\u00f3n documental<\/a><\/u>, Patricia Roggio (Dir.)<\/li>\n<\/ul>\n<p><img loading=\"lazy\" decoding=\"async\" class=\"wp-image-2255 alignleft\" src=\"http:\/\/ffyh.unc.edu.ar\/secyt\/wp-content\/uploads\/sites\/22\/2021\/02\/documentos-trabajo.png\" alt=\"\" width=\"171\" height=\"234\" srcset=\"https:\/\/ffyh.unc.edu.ar\/secyt\/wp-content\/uploads\/sites\/22\/2021\/02\/documentos-trabajo.png 626w, https:\/\/ffyh.unc.edu.ar\/secyt\/wp-content\/uploads\/sites\/22\/2021\/02\/documentos-trabajo-219x300.png 219w\" sizes=\"(max-width: 171px) 100vw, 171px\" \/><\/p>\n<p>&nbsp;<\/p>\n<p style=\"padding-left: 200px\">La presente compilaci\u00f3n tiene por objeto difundir fuentes que permiten visualizar las problem\u00e1ticas relativas al mundo del trabajo, expresi\u00f3n que hace referencia a un amplio conjunto de cuestiones: el accionar de las organizaciones sindicales, su orientaci\u00f3n ideol\u00f3gica, los partidos obreros, las condiciones de vida material, los marcos culturales, los modos de relaci\u00f3n de los trabajadores con el Estado y con otros actores sociales. La expresi\u00f3n involucra al Estado, desde la perspectiva de la construcci\u00f3n institucional, a trav\u00e9s de la cual ejerci\u00f3 el papel de mediador entre el capital y el trabajo.<\/p>\n<p>&nbsp;<\/p>\n<p>&nbsp;<\/p>\n<ul class=\"Normal tm6 tm7\">\n<li class=\"Normal tm6 tm8\"><u><a href=\"http:\/\/ffyh.unc.edu.ar\/editorial\/wp-content\/uploads\/sites\/5\/2013\/05\/EBOOK_INNOVACIONEDUCATIVA.pdf\">Innovaci\u00f3n educativa en la clase de historia, y otras ciencias sociales : reflexiones y materiales para profesores : de resistencias y violencias : entre la desperonizaci\u00f3n y el Cordobazo<\/a><\/u>, Laura Valdemarca (Coord.)<\/li>\n<\/ul>\n<p><img loading=\"lazy\" decoding=\"async\" class=\"wp-image-2256 alignleft\" src=\"http:\/\/ffyh.unc.edu.ar\/secyt\/wp-content\/uploads\/sites\/22\/2021\/02\/innovacion-educativa.png\" alt=\"\" width=\"168\" height=\"241\" srcset=\"https:\/\/ffyh.unc.edu.ar\/secyt\/wp-content\/uploads\/sites\/22\/2021\/02\/innovacion-educativa.png 590w, https:\/\/ffyh.unc.edu.ar\/secyt\/wp-content\/uploads\/sites\/22\/2021\/02\/innovacion-educativa-209x300.png 209w\" sizes=\"(max-width: 168px) 100vw, 168px\" \/><\/p>\n<p>&nbsp;<\/p>\n<p style=\"padding-left: 200px\">El libro re\u00fane materiales, m\u00e9todos y reflexiones para la actualizaci\u00f3n y abordaje de contenidos de la historia reciente cordobesa que son de car\u00e1cter obligatorio en el ciclo orientado de la escuela secundaria y sobre los que existe un \u00e1rea de vacancia por la escasez o inexistencia de materiales espec\u00edficos y pertinentes para esa demanda.<\/p>\n<p>&nbsp;<\/p>\n<p>&nbsp;<\/p>\n<p>&nbsp;<\/p>\n<p>&nbsp;<\/p>\n<ul class=\"Normal tm6 tm7\">\n<li class=\"Normal tm6 tm8\"><u><a href=\"http:\/\/ffyh.unc.edu.ar\/editorial\/wp-content\/uploads\/sites\/5\/2013\/05\/EBOOK_40A%C3%91OSGOLPE.pdf\">C\u00f3rdoba a 40 a\u00f1os del Golpe: estudios de la dictadura en clave local<\/a><\/u>; Carol Solis, Pablo Ponza (Comps.)<\/li>\n<\/ul>\n<p><img loading=\"lazy\" decoding=\"async\" class=\"wp-image-2257 alignleft\" src=\"http:\/\/ffyh.unc.edu.ar\/secyt\/wp-content\/uploads\/sites\/22\/2021\/02\/cordoba-a-40-anos-del-golpe.png\" alt=\"\" width=\"168\" height=\"242\" srcset=\"https:\/\/ffyh.unc.edu.ar\/secyt\/wp-content\/uploads\/sites\/22\/2021\/02\/cordoba-a-40-anos-del-golpe.png 595w, https:\/\/ffyh.unc.edu.ar\/secyt\/wp-content\/uploads\/sites\/22\/2021\/02\/cordoba-a-40-anos-del-golpe-209x300.png 209w\" sizes=\"(max-width: 168px) 100vw, 168px\" \/><\/p>\n<p>&nbsp;<\/p>\n<p style=\"padding-left: 200px\">A prop\u00f3sito de cumplirse cuarenta a\u00f1os del \u00faltimo y m\u00e1s fat\u00eddico golpe de estado perpetrado en la Argentina, algunos docentes de la c\u00e1tedra Historia Argentina Contempor\u00e1nea de la Facultad de Ciencias de la Comunicaci\u00f3n, Universidad Nacional de C\u00f3rdoba; editan esta obra que re\u00fane una serie de estudios dispersos en torno a los ejes C\u00f3rdoba y dictadura. En su origen, la idea central fue elaborar un texto que diera cuenta de las preocupaciones investigativas en temas de pasado reciente con un fuerte anclaje territorial, en virtud de reflejar algunas de las singularidades que nos diferencian del resto del pa\u00eds.<\/p>\n<p>&nbsp;<\/p>\n<p>&nbsp;<\/p>\n<ul class=\"Normal tm6 tm7\">\n<li class=\"Normal tm6 tm8\"><u><a href=\"https:\/\/ffyh.unc.edu.ar\/boletin\/ediciones_anteriores\/archivos\/imagenes\/e-books\/COLECTIVOS_PARCIALIDADES.pdf\">Colectivos y parcialidades pol\u00edticas y sociales: los desaparecidos y asesinados de C\u00f3rdoba en los\u00b470<\/a><\/u>, Silvia Romano (Editora)<\/li>\n<\/ul>\n<p><img loading=\"lazy\" decoding=\"async\" class=\"wp-image-2258 alignleft\" src=\"http:\/\/ffyh.unc.edu.ar\/secyt\/wp-content\/uploads\/sites\/22\/2021\/02\/colectivos-y-parcialidades.png\" alt=\"\" width=\"169\" height=\"256\" srcset=\"https:\/\/ffyh.unc.edu.ar\/secyt\/wp-content\/uploads\/sites\/22\/2021\/02\/colectivos-y-parcialidades.png 522w, https:\/\/ffyh.unc.edu.ar\/secyt\/wp-content\/uploads\/sites\/22\/2021\/02\/colectivos-y-parcialidades-199x300.png 199w\" sizes=\"(max-width: 169px) 100vw, 169px\" \/><\/p>\n<p>&nbsp;<\/p>\n<p style=\"padding-left: 200px\">La presente edici\u00f3n tiene por finalidad difundir el estado actual de la investigaci\u00f3n sobre los desaparecidos y asesinados de C\u00f3rdoba entre 1969 y 1983, por la represi\u00f3n ilegal, el terror paraestatal y el terrorismo de Estado. Pensado en t\u00e9rminos de colectivo\/s y parcialidades por cuanto se trata de un universo de sujetos sociales y pol\u00edticos heterog\u00e9neo \u2013de edades, sexos, ocupaciones, estudios y experiencias pol\u00edticas y gremiales diversas\u2013, que tienen en com\u00fan haber sido v\u00edctimas de una espiral de violencia represiva con fines pol\u00edticos que desde mediados de los \u201870 alcanz\u00f3 dimensiones aberrantes e in\u00e9ditas en la historia argentina.<\/p>\n<p>&nbsp;<\/p>\n<p>&nbsp;<\/p>\n<ul class=\"Normal tm6 tm7\">\n<li><u><a href=\"https:\/\/ffyh.unc.edu.ar\/boletin\/ediciones_anteriores\/archivos\/imagenes\/e-books\/EBOOK_RESENABIOGRAFICA.pdf\">Rese\u00f1a biogr\u00e1fica de dirigentes que interpelaron el mundo del trabajo en C\u00f3rdoba 1900-1950<\/a><\/u>; Gardenia Vidal (Dir.)<\/li>\n<\/ul>\n<p><img loading=\"lazy\" decoding=\"async\" class=\"wp-image-2259 alignleft\" src=\"http:\/\/ffyh.unc.edu.ar\/secyt\/wp-content\/uploads\/sites\/22\/2021\/02\/resena-biografica.png\" alt=\"\" width=\"171\" height=\"224\" srcset=\"https:\/\/ffyh.unc.edu.ar\/secyt\/wp-content\/uploads\/sites\/22\/2021\/02\/resena-biografica.png 646w, https:\/\/ffyh.unc.edu.ar\/secyt\/wp-content\/uploads\/sites\/22\/2021\/02\/resena-biografica-229x300.png 229w\" sizes=\"(max-width: 171px) 100vw, 171px\" \/><\/p>\n<p>&nbsp;<\/p>\n<p style=\"padding-left: 200px\">Se trata de un diccionario de dirigentes cordobeses que integraron asociaciones cat\u00f3licas y partidos pol\u00edticos de izquierda (Partidos Socialista y Comunista), adem\u00e1s de unos pocos l\u00edderes de la UCR -de la primera d\u00e9cada del siglo XX- que actuaron durante 1900-1950.<\/p>\n<p>&nbsp;<\/p>\n<p>&nbsp;<\/p>\n<p>&nbsp;<\/p>\n<p>&nbsp;<\/p>\n<h4><strong>ARCHIVOLOG\u00cdA<\/strong><\/h4>\n<ul class=\"Normal tm6 tm7\">\n<li class=\"Normal tm6 tm8\"><u><a href=\"http:\/\/ffyh.unc.edu.ar\/editorial\/wp-content\/uploads\/sites\/5\/2013\/05\/ARCHIVOLOGIAAPORTES_EBOOK.pdf\">Aportes para pensar la archivolog\u00eda en el siglo XXI, desde la investigaci\u00f3n, la extensi\u00f3n y la pr\u00e1ctica<\/a><\/u>, Autores varios<\/li>\n<\/ul>\n<p><img loading=\"lazy\" decoding=\"async\" class=\"wp-image-2251 alignleft\" src=\"http:\/\/ffyh.unc.edu.ar\/secyt\/wp-content\/uploads\/sites\/22\/2021\/02\/archivologia.png\" alt=\"\" width=\"176\" height=\"241\" srcset=\"https:\/\/ffyh.unc.edu.ar\/secyt\/wp-content\/uploads\/sites\/22\/2021\/02\/archivologia.png 625w, https:\/\/ffyh.unc.edu.ar\/secyt\/wp-content\/uploads\/sites\/22\/2021\/02\/archivologia-219x300.png 219w\" sizes=\"(max-width: 176px) 100vw, 176px\" \/><\/p>\n<p>&nbsp;<\/p>\n<p style=\"padding-left: 200px\">Las l\u00edneas de trabajo que aparecen en este libro, son muy heterog\u00e9neas y responden a intereses individuales y\/o grupales diferenciados, que giran en torno a ciertas preocupaciones profesionales de car\u00e1cter pr\u00e1ctico, como a reflexiones te\u00f3ricas m\u00e1s apegadas a la investigaci\u00f3n cient\u00edfica; lo que refleja las dis\u00edmiles trayectorias acad\u00e9micas y profesionales de sus autores y autoras. Los aportes rondan en torno a la vinculaci\u00f3n de los archivos con la sociedad, el uso de las nuevas tecnolog\u00edas, los tipos de archivo en funci\u00f3n de su soporte, la evaluaci\u00f3n de los documentos digitales, el derecho de acceso a la informaci\u00f3n, el derecho al olvido en Internet y nuevas posibilidades curriculares para la carrera de Archivolog\u00eda<\/p>\n<p>&nbsp;<\/p>\n<p>&nbsp;<\/p>\n<h4><strong>MULTIDISCIPLINAR<\/strong><\/h4>\n<ul>\n<li><u><a href=\"http:\/\/ffyh.unc.edu.ar\/editorial\/wp-content\/uploads\/sites\/5\/2013\/05\/CUATROCIENCIA_EBOOK.pdf\">La Facultad de Filosof\u00eda en CUATROCIENCIA, experiencias y saberes compartidos<\/a><\/u>, Autores varios<\/li>\n<\/ul>\n<p><img loading=\"lazy\" decoding=\"async\" class=\"wp-image-2252 alignleft\" src=\"http:\/\/ffyh.unc.edu.ar\/secyt\/wp-content\/uploads\/sites\/22\/2021\/02\/cuatrociencia.png\" alt=\"\" width=\"176\" height=\"246\" srcset=\"https:\/\/ffyh.unc.edu.ar\/secyt\/wp-content\/uploads\/sites\/22\/2021\/02\/cuatrociencia.png 626w, https:\/\/ffyh.unc.edu.ar\/secyt\/wp-content\/uploads\/sites\/22\/2021\/02\/cuatrociencia-214x300.png 214w\" sizes=\"(max-width: 176px) 100vw, 176px\" \/><\/p>\n<p>&nbsp;<\/p>\n<p style=\"padding-left: 200px\">Entre el 15 de marzo y el 14 de abril de 2013 y en el marco de las celebraciones por los 400 a\u00f1os de la UNC se desarroll\u00f3 Cuatrociencia. Se trat\u00f3 de una gran fiesta de la ciencia, la tecnolog\u00eda y las artes, con la que se busc\u00f3 compartir con la comunidad, los conocimientos producidos en la UNC, en todas sus \u00e1reas disciplinarias y en marco de la vigencia de fuertes pol\u00edticas de promoci\u00f3n de la ciencia y la tecnolog\u00eda a nivel nacional. Se generaron a tal fin espacios en los que, a partir de propuestas especialmente elaboradas, esos conocimientos se vincularon con un conjunto heterog\u00e9neo de personas con edades, recorridos, formaciones, perspectivas, procedencias y preguntas de una enorme diversidad.<\/p>\n","protected":false},"excerpt":{"rendered":"<p>&nbsp; PRODUCCI\u00d3N LITERARIA. ESTUDIOS LITERARIOS, LING\u00dc\u00cdSTICOS Y DEL DISCURSO El nuevo teatro cordob\u00e9s. 1969-1975. Teatro Estable de la Universidad Nacional<\/p>\n","protected":false},"author":8,"featured_media":0,"parent":1830,"menu_order":0,"comment_status":"closed","ping_status":"closed","template":"","meta":{"_acf_changed":false,"saved_in_kubio":false,"colormag_page_container_layout":"default_layout","colormag_page_sidebar_layout":"default_layout","footnotes":""},"class_list":["post-2124","page","type-page","status-publish","hentry"],"acf":[],"kubio_ai_page_context":{"short_desc":"","purpose":"general"},"_links":{"self":[{"href":"https:\/\/ffyh.unc.edu.ar\/secyt\/wp-json\/wp\/v2\/pages\/2124","targetHints":{"allow":["GET"]}}],"collection":[{"href":"https:\/\/ffyh.unc.edu.ar\/secyt\/wp-json\/wp\/v2\/pages"}],"about":[{"href":"https:\/\/ffyh.unc.edu.ar\/secyt\/wp-json\/wp\/v2\/types\/page"}],"author":[{"embeddable":true,"href":"https:\/\/ffyh.unc.edu.ar\/secyt\/wp-json\/wp\/v2\/users\/8"}],"replies":[{"embeddable":true,"href":"https:\/\/ffyh.unc.edu.ar\/secyt\/wp-json\/wp\/v2\/comments?post=2124"}],"version-history":[{"count":10,"href":"https:\/\/ffyh.unc.edu.ar\/secyt\/wp-json\/wp\/v2\/pages\/2124\/revisions"}],"predecessor-version":[{"id":4429,"href":"https:\/\/ffyh.unc.edu.ar\/secyt\/wp-json\/wp\/v2\/pages\/2124\/revisions\/4429"}],"up":[{"embeddable":true,"href":"https:\/\/ffyh.unc.edu.ar\/secyt\/wp-json\/wp\/v2\/pages\/1830"}],"wp:attachment":[{"href":"https:\/\/ffyh.unc.edu.ar\/secyt\/wp-json\/wp\/v2\/media?parent=2124"}],"curies":[{"name":"wp","href":"https:\/\/api.w.org\/{rel}","templated":true}]}}