{"id":2672,"date":"2021-08-02T11:46:03","date_gmt":"2021-08-02T11:46:03","guid":{"rendered":"https:\/\/ffyh.unc.edu.ar\/secyt\/?page_id=2672"},"modified":"2025-04-24T15:11:07","modified_gmt":"2025-04-24T15:11:07","slug":"comisiones-evaluadoras-secyt-unc","status":"publish","type":"page","link":"https:\/\/ffyh.unc.edu.ar\/secyt\/vinculacion-secyt-unc\/comisiones-evaluadoras-secyt-unc\/","title":{"rendered":"Comisiones Evaluadoras"},"content":{"rendered":"<p>Nuevo dise\u00f1o de las Comisiones Evaluadoras en SECYT UNC<\/p>\n<p>Desde finales de 2020 y durante el primer cuatrimestre de 2021, el Consejo Asesor de la SECYT-UNC trabaj\u00f3 en la reestructuraci\u00f3n de las Comisiones Evaluadoras de Programas y Proyectos de Investigaci\u00f3n, Desarrollo Tecnol\u00f3gico y Art\u00edstico, as\u00ed como de las Becas de Posgrado. La Facultad de Filosof\u00eda y Humanidades (FFyH) tuvo una participaci\u00f3n activa en este proceso, contribuyendo en diversas instancias de debate para reflejar las necesidades espec\u00edficas de sus postulaciones y el diagn\u00f3stico realizado junto a sus evaluadores en las Comisiones.<\/p>\n<p>El objetivo del redise\u00f1o fue actualizar las denominaciones, alcances y conformaci\u00f3n de las Comisiones para mejorar el proceso de evaluaci\u00f3n de los aspectos cient\u00edfico-acad\u00e9micos, asegurando que respondan adecuadamente a la din\u00e1mica actual de las actividades de investigaci\u00f3n, desarrollo tecnol\u00f3gico y art\u00edstico. Este proceso de revisi\u00f3n, que comenz\u00f3 a fines de 2020 en cada Unidad Acad\u00e9mica, culmin\u00f3 en abril de 2021 con la finalizaci\u00f3n de un documento de balance y el nuevo esquema de las Comisiones, que qued\u00f3 registrado en la Resoluci\u00f3n RHCS-2021-177-E-UNC-REC.<\/p>\n<p>En la web de la SECYT-UNC se encuentran disponibles los alcances completos de todas las Comisiones. A continuaci\u00f3n, se detallan \u00fanicamente las Comisiones en las que la FFyH tendr\u00e1 representaci\u00f3n:<\/p>\n<h2>Comisi\u00f3n de Ciencias Humanas<\/h2>\n<p>(11 integrantes de la FFyH)<br \/>\nEsta Comisi\u00f3n abarca un amplio espectro de las Humanidades, incluyendo temas como la educaci\u00f3n, filosof\u00eda, historia, archivolog\u00eda, bibliotecolog\u00eda, antropolog\u00eda, geograf\u00eda, literaturas y ling\u00fc\u00edstica. Los alcances espec\u00edficos fueron construidos colectivamente en la FFyH, involucrando a evaluadores, autoridades de Escuelas y Departamentos, con el objetivo de asegurar una representaci\u00f3n adecuada en las \u00e1reas tem\u00e1ticas pertinentes.<\/p>\n<h4>Subdisciplinas y \u00e1reas tem\u00e1ticas destacadas:<\/h4>\n<ul>\n<li>Historia: Local, nacional y global, abarcando distintas perspectivas y temporalidades, desde la prehistoria hasta la historia contempor\u00e1nea.<\/li>\n<li>Educaci\u00f3n: Historia, pol\u00edticas educativas, procesos de escolarizaci\u00f3n y evaluaci\u00f3n de sistemas educativos.<\/li>\n<li>Filosof\u00eda: Historia de la filosof\u00eda, metaf\u00edsica, \u00e9tica, est\u00e9tica, filosof\u00eda pol\u00edtica y del derecho, epistemolog\u00eda, l\u00f3gica, entre otras.<\/li>\n<li>Ling\u00fc\u00edstica y Literatura: Estudios sobre lenguaje, socioling\u00fc\u00edstica, literaturas diversas, traducci\u00f3n, an\u00e1lisis del discurso, estudios cl\u00e1sicos y teor\u00eda literaria.<\/li>\n<li>Archivolog\u00eda y Bibliotecolog\u00eda: Gesti\u00f3n documental, estudios de usuarios, conservaci\u00f3n y preservaci\u00f3n, pol\u00edticas archiv\u00edsticas y bibliotecarias.<\/li>\n<li>Geograf\u00eda: Estudios hist\u00f3ricos, geograf\u00eda humana, cultural y pol\u00edtica, cartograf\u00eda y did\u00e1ctica de la geograf\u00eda.<\/li>\n<\/ul>\n<h2>Comisi\u00f3n de Ciencias Sociales<\/h2>\n<p>(4 integrantes de la FFyH)<br \/>\nEsta Comisi\u00f3n incluye disciplinas como Ciencia Pol\u00edtica, Sociolog\u00eda, Trabajo Social, Relaciones Internacionales, Administraci\u00f3n P\u00fablica, Demograf\u00eda, Estudios Sociales Urbanos, Regionales y Ambientales, y Estudios de G\u00e9nero. Los alcances fueron trabajados conjuntamente con la Facultad de Ciencias Sociales.<\/p>\n<h4>Subdisciplinas y \u00e1reas tem\u00e1ticas destacadas:<\/h4>\n<ul>\n<li>Ciencia Pol\u00edtica y Sociolog\u00eda: Estado, gobierno, administraci\u00f3n p\u00fablica, pol\u00edticas p\u00fablicas, teor\u00eda social, intervenci\u00f3n social y estudios sobre desigualdades.<\/li>\n<li>Relaciones Internacionales: Pol\u00edtica internacional, cooperaci\u00f3n, migraciones, din\u00e1micas transnacionales y estudios regionales.<\/li>\n<li>G\u00e9nero y Diversidades: Estudios sobre g\u00e9neros, sexualidades, diversidades y sus intersecciones con otros \u00e1mbitos sociales y culturales.<\/li>\n<\/ul>\n<h2>Otras Comisiones con participaci\u00f3n de la FFyH<\/h2>\n<ul>\n<li>Investigaci\u00f3n y Producci\u00f3n en Artes: Investigaci\u00f3n creativa, multidisciplinar e interdisciplinaria, abarcando la relaci\u00f3n entre arte y tecnolog\u00eda.<\/li>\n<li>Ciencias Naturales: Investigaci\u00f3n en Biolog\u00eda, Geolog\u00eda, Antropolog\u00eda Biol\u00f3gica, Biotecnolog\u00eda, entre otros.<\/li>\n<li>Comunicaci\u00f3n Social y Procesos de Mediatizaci\u00f3n: Estudios sobre medios, procesos de mediatizaci\u00f3n, an\u00e1lisis del discurso y comunicaci\u00f3n p\u00fablica.<\/li>\n<li>Derecho y Ciencias Jur\u00eddicas: Investigaci\u00f3n en derecho, filosof\u00eda del derecho, derechos humanos, criminolog\u00eda y metodolog\u00edas jur\u00eddicas.<\/li>\n<li>Econom\u00eda y Ciencias Administrativas y Contables: Investigaci\u00f3n en micro y macroeconom\u00eda, econom\u00eda internacional, administraci\u00f3n y contabilidad.<\/li>\n<li>H\u00e1bitat Humano: Investigaci\u00f3n en arquitectura, urbanismo, ingenier\u00eda civil, ciencias ambientales y gesti\u00f3n territorial.<\/li>\n<li>Psicolog\u00eda: Investigaci\u00f3n en diversas \u00e1reas de la psicolog\u00eda, abordajes transdisciplinarios y enfoques \u00e9ticos.<\/li>\n<li>Investigaci\u00f3n en Procesos Educativos: Estudios en did\u00e1ctica, pedagog\u00eda, virtualidad, evaluaci\u00f3n educativa y pol\u00edticas p\u00fablicas.<\/li>\n<\/ul>\n<blockquote><p><a href=\"https:\/\/drive.google.com\/file\/d\/15m-Kj4R01jA0veGhHNlQqNsBJ4wpXj_I\/view?usp=sharing\">VER LA DESCRIPCI\u00d3N COMPLETA DEL ALCANCE TEM\u00c1TICO DE LAS COMISIONES<\/a><\/p><\/blockquote>\n<p>&nbsp;<\/p>\n<p>Integrantes <a href=\"http:\/\/ffyh.unc.edu.ar\/secyt\/wp-content\/uploads\/sites\/22\/2021\/09\/descarga.pdf\">Resoluci\u00f3n de designaci\u00f3n 2019<\/a>\u00a0 | <a href=\"https:\/\/drive.google.com\/file\/d\/1vez1kPrdt4k2VNQf-7jqfs-dYg4ozbFN\/view?usp=sharing\">Resoluci\u00f3n designaci\u00f3n 2024<\/a><\/p>\n<p>Comisi\u00f3n de Ciencias Humanas:<span style=\"color: #333333\"> SABO, Mar\u00eda Jos\u00e9 (Letras); MASSOLO, Alba (Filosof\u00eda); TORRES CASTA\u00d1OS, Sebasti\u00e1n (Filosof\u00eda); DAN\u00d3N, Laura (Filosof\u00eda); SALAZAR, Juli\u00e1n (Historia); TELL, Sonia (Historia) &#8211;<em>en licencia hasta 31\/08\/2025<\/em>-; GAY, Mar\u00eda Eugenia (Historia); MARTINEZ, Mar\u00eda Cecilia (Cs. De la Educaci\u00f3n); CARMIGNANI, Marcos (Letras); ORTUZAR, Silvia (Cs. De la Educaci\u00f3n); ORTIZ BERGIA, Mar\u00eda Jos\u00e9 (Historia); MASSA, Jimena (Dpto. Antropolog\u00eda)<\/span><\/p>\n<p>Comisi\u00f3n de Ciencias Sociales: \u00c1LVAREZ \u00c1VILA, Carolina<span style=\"color: #333333\"> (Depto. Antropolog\u00eda); SANTILL\u00c1N, Gustavo (Esc. Historia); COSACOV, Natalia (Esc. de Historia); PALLADINO, Lucas (Depto Geograf\u00eda).<\/span><\/p>\n<p>Comisi\u00f3n de Investigaci\u00f3n y Producci\u00f3n en Artes: GARC\u00cdA GARC\u00cdA, Luis (Esc. Letras).<\/p>\n<p>Comisi\u00f3n de Ciencias Naturales: SARIO, Gisela (Depto. Antropolog\u00eda).<\/p>\n<p>Comisi\u00f3n de Comunicaci\u00f3n Social y Procesos de Mediatizaci\u00f3n: MAR\u00cdN, Marcela (Esc. Letras).<\/p>\n<p>Comisi\u00f3n de Derecho y Ciencias Jur\u00eddicas: ETCHICHURY, Horacio (Esc. Archivolog\u00eda).<\/p>\n<p>Comisi\u00f3n de Econom\u00eda y Ciencias Administrativas y Contables: CAPOGROSSI, Mar\u00eda Lorena (Esc. Historia).<\/p>\n<p>Comisi\u00f3n de H\u00e1bitat Humano: CAPDEVIELLE, Julieta (Depto. Geograf\u00eda).<\/p>\n<p>Comisi\u00f3n de Psicolog\u00eda: BRUNSTEINS, Patricia (Esc. Filosof\u00eda).<\/p>\n<p>Comisi\u00f3n de Investigaci\u00f3n en Procesos Educativos: CASTRO, Alejandra (Esc. Cs. Educaci\u00f3n).<\/p>\n","protected":false},"excerpt":{"rendered":"<p>Nuevo dise\u00f1o de las Comisiones Evaluadoras en SECYT UNC Desde finales de 2020 y durante el primer cuatrimestre de 2021,<\/p>\n","protected":false},"author":8,"featured_media":0,"parent":4360,"menu_order":0,"comment_status":"closed","ping_status":"closed","template":"","meta":{"_acf_changed":false,"colormag_page_container_layout":"default_layout","colormag_page_sidebar_layout":"default_layout","footnotes":""},"class_list":["post-2672","page","type-page","status-publish","hentry"],"acf":[],"_links":{"self":[{"href":"https:\/\/ffyh.unc.edu.ar\/secyt\/wp-json\/wp\/v2\/pages\/2672","targetHints":{"allow":["GET"]}}],"collection":[{"href":"https:\/\/ffyh.unc.edu.ar\/secyt\/wp-json\/wp\/v2\/pages"}],"about":[{"href":"https:\/\/ffyh.unc.edu.ar\/secyt\/wp-json\/wp\/v2\/types\/page"}],"author":[{"embeddable":true,"href":"https:\/\/ffyh.unc.edu.ar\/secyt\/wp-json\/wp\/v2\/users\/8"}],"replies":[{"embeddable":true,"href":"https:\/\/ffyh.unc.edu.ar\/secyt\/wp-json\/wp\/v2\/comments?post=2672"}],"version-history":[{"count":35,"href":"https:\/\/ffyh.unc.edu.ar\/secyt\/wp-json\/wp\/v2\/pages\/2672\/revisions"}],"predecessor-version":[{"id":5218,"href":"https:\/\/ffyh.unc.edu.ar\/secyt\/wp-json\/wp\/v2\/pages\/2672\/revisions\/5218"}],"up":[{"embeddable":true,"href":"https:\/\/ffyh.unc.edu.ar\/secyt\/wp-json\/wp\/v2\/pages\/4360"}],"wp:attachment":[{"href":"https:\/\/ffyh.unc.edu.ar\/secyt\/wp-json\/wp\/v2\/media?parent=2672"}],"curies":[{"name":"wp","href":"https:\/\/api.w.org\/{rel}","templated":true}]}}