{"id":2785,"date":"2021-09-26T21:33:54","date_gmt":"2021-09-26T21:33:54","guid":{"rendered":"https:\/\/ffyh.unc.edu.ar\/secyt\/?page_id=2785"},"modified":"2026-03-20T18:18:13","modified_gmt":"2026-03-20T18:18:13","slug":"proyectos-y-programas-de-investigacion-rendicion-contable","status":"publish","type":"page","link":"https:\/\/ffyh.unc.edu.ar\/secyt\/vinculacion-secyt-unc\/proyectos-y-programas-de-investigacion-rendicion-contable\/","title":{"rendered":"Proyectos y programas: Rendici\u00f3n contable e informes acad\u00e9micos"},"content":{"rendered":"<h2>INFORMES ACAD\u00c9MICOS<\/h2>\n<p><span style=\"font-family: georgia, palatino, serif;font-size: 12pt\">Los informes acad\u00e9micos de proyectos y programas se presentan por medio de SIGEVA-UNC: <a href=\"https:\/\/www.unc.edu.ar\/inform%C3%A1tica\/sigeva\">ingresar<\/a><\/span><\/p>\n<p><span style=\"font-family: georgia, palatino, serif;font-size: 12pt\">Presentaci\u00f3n de informes acad\u00e9micos finales de proyectos:<\/span><\/p>\n<ul>\n<li><span style=\"font-family: georgia, palatino, serif\"><span style=\"font-size: 14pt;color: #0013c2\">Proyectos Consolidar 2023:<\/span><strong><br \/>\n<\/strong>Informe parcial: 1 al 15 de abril de 2026.<\/span><br \/>\n<span style=\"font-family: georgia, palatino, serif\">Informe final: marzo 2028.<\/span><\/li>\n<li><span style=\"font-size: 14pt;color: #0013c2;font-family: georgia, palatino, serif\">Proyectos Formar, Estimular 2023:<\/span><br \/>\n<span style=\"font-family: georgia, palatino, serif\">Informe final: 1 al <\/span><span style=\"font-family: georgia, palatino, serif\">15 de abril de 2026.<\/span><\/li>\n<li><span style=\"font-size: 14pt;color: #0013c2;font-family: georgia, palatino, serif\">Proyectos Consolidar 2020:<\/span><br \/>\n<span style=\"font-family: georgia, palatino, serif\">Informe final: 1 al 15 de abril de 2026.<br \/>\n<\/span><\/li>\n<\/ul>\n<p><span style=\"font-family: georgia, palatino, serif\"><span style=\"font-size: 14pt\"><strong>\u2192<span style=\"color: #0013c2;font-size: 12pt\"> Instructivo para carga y env\u00edo de informes:<\/span><\/strong><\/span> <a href=\"http:\/\/ffyh.unc.edu.ar\/secyt\/wp-content\/uploads\/sites\/22\/2025\/11\/Instructivo-SIGEVA-Informe-Academico-2026-de-Proyectos-Secyt.pdf\">Descargar<br \/>\n<\/a><\/span><\/p>\n<div><span style=\"font-size: 10pt;font-family: georgia, palatino, serif\"><u><span style=\"font-size: 12pt\">Informaci\u00f3n importante<\/span><\/u><span style=\"font-size: 12pt\"> (p\u00e1g. 8 del instructivo):<\/span><\/span><\/div>\n<div><span style=\"font-size: 10pt;font-family: georgia, palatino, serif\"><u><\/u><span style=\"font-size: 12pt\">\u2192 <span style=\"color: #0013c2\">Para los Proyectos Consolidar: <\/span>el director deber\u00e1 adjuntar dos archivos<\/span><strong><u><br \/>\n<\/u><\/strong><\/span><\/div>\n<div style=\"padding-left: 40px\"><span style=\"font-size: 10pt;font-family: georgia, palatino, serif\"><strong>(1)<\/strong> <b>Archivo adjunto 1: Informe del Director\u00a0<\/b><\/span><\/div>\n<div style=\"padding-left: 40px\"><span style=\"font-size: 10pt;font-family: georgia, palatino, serif\">Se deber\u00e1n resumir los principales logros del proyecto o programa, las dificultades encontradas, e indicar el grado de avance alcanzado en forma comparativa con las actividades programadas para el periodo informado. Adem\u00e1s los directores de proyecto (pero no los directores de programa) deber\u00e1n realizar un breve informe de los aspectos sobresalientes y l\u00edneas de trabajo de cada uno de los miembros del equipo. <strong>IMPORTANTE<\/strong>: por una falla en el m\u00f3dulo de Informes Acad\u00e9micos, el sistema SIGEVA UNC no recolecta toda la informaci\u00f3n de manera autom\u00e1tica de los a\u00f1os 2023 y 2024, por lo que se deber\u00e1 detallar la producci\u00f3n faltante en el archivo adjunto \u00abInforme del Director\u00bb, agregando todas las p\u00e1ginas que sean necesarias a las 10 hojas establecidas originalmente como l\u00edmite para el informe del director.<\/span><br \/>\n<span style=\"font-size: 10pt;font-family: georgia, palatino, serif\"><span style=\"font-size: 10pt\"><span style=\"font-size: 10pt\"><b>(2) Archivo adjunto 2: Informes individuales (Solo proyectos Consolidar)<br \/>\n<\/b>No deber\u00e1 superar 1 p\u00e1gina por integrante. Cada integrante del proyecto deber\u00e1 efectuar un informe detallando su producci\u00f3n cient\u00edfico-acad\u00e9mica en el per\u00edodo, su aporte al proyecto acreditado y su actividad docente. Se deber\u00e1n unir en un solo archivo los informes individuales de los integrantes para poder adjuntarlos al informe.<\/span><\/span><\/span><\/div>\n<div><span style=\"font-size: 10pt\"><span style=\"font-size: 12pt;font-family: georgia, palatino, serif\">\u2192 <span style=\"color: #0013c2\">Para los Proyectos Formar, Estimular y Programas:<\/span> se adjunta un solo archivo\u00a0<\/span><\/span><\/div>\n<div>\n<div style=\"padding-left: 40px\"><span style=\"font-size: 10pt;font-family: georgia, palatino, serif\"><strong>(1)<\/strong> <b>Archivo adjunto 1: Informe del Director\u00a0<\/b><\/span><\/div>\n<div style=\"padding-left: 40px\"><span style=\"font-size: 10pt;font-family: georgia, palatino, serif\">Se deber\u00e1n resumir los principales logros del proyecto o programa, las dificultades encontradas, e indicar el grado de avance alcanzado en forma comparativa con las actividades programadas para el periodo informado. Adem\u00e1s los directores de proyecto (pero no los directores de programa) deber\u00e1n realizar un breve informe de los aspectos sobresalientes y l\u00edneas de trabajo de cada uno de los miembros del equipo. <strong>IMPORTANTE<\/strong>: por una falla en el m\u00f3dulo de Informes Acad\u00e9micos, el sistema SIGEVA UNC no recolecta toda la informaci\u00f3n de manera autom\u00e1tica de los a\u00f1os 2023 y 2024, por lo que se deber\u00e1 detallar la producci\u00f3n faltante en el archivo adjunto \u00abInforme del Director\u00bb, agregando todas las p\u00e1ginas que sean necesarias a las 10 hojas establecidas originalmente como l\u00edmite para el informe del director.<\/span><\/div>\n<\/div>\n<h2>RENDICIONES CONTABLES<\/h2>\n<p style=\"font-weight: 400\"><strong>Presentaci\u00f3n de informes contables de proyectos:<br \/>\n<\/strong><\/p>\n<ul>\n<li style=\"font-weight: 400\"><span style=\"font-family: georgia, palatino, serif\"><span style=\"font-size: 14pt;color: #0013c2\">Proyectos Consolidar 2023:<\/span><strong><br \/>\n<\/strong>Rendici\u00f3n Parcial (A\u00f1os 2023 [desde octubre], 2024 y 2025): 1 al 15 de abril de 2026.<\/span><br \/>\n<span style=\"font-family: georgia, palatino, serif\">Rendici\u00f3n Final: marzo 2028.<\/span><\/li>\n<li style=\"font-weight: 400\"><span style=\"font-family: georgia, palatino, serif\"><span style=\"font-size: 14pt;color: #0013c2\">Proyectos Formar, Estimular 2023:<\/span><strong><br \/>\n<\/strong>Rendici\u00f3n final: 1 al 15 de abril de 2026.<strong><br \/>\n<\/strong><\/span><\/li>\n<li style=\"font-weight: 400\"><span style=\"font-size: 14pt;color: #0013c2;font-family: georgia, palatino, serif\">Proyectos Consolidar 2020:<\/span><br \/>\n<span style=\"font-family: georgia, palatino, serif\">Rendici\u00f3n final: 1 al 15 de abril de 2026.<br \/>\n<\/span><\/li>\n<\/ul>\n<p><span style=\"font-family: georgia, palatino, serif\">Las rendiciones econ\u00f3micas de subsidios de SeCyT UNC a proyectos y programas de investigaci\u00f3n se realizan a trav\u00e9s del sistema WEKE, nueva versi\u00f3n:<\/span><\/p>\n<ul>\n<li><span style=\"font-family: georgia, palatino, serif\">Enlace a WEKE 2.0 para rendici\u00f3n Proyectos <a href=\"https:\/\/admin.weke.unc.edu.ar\/\">admin.weke.unc.edu.ar<\/a><\/span><\/li>\n<\/ul>\n<p style=\"font-weight: 400\"><span style=\"font-family: georgia, palatino, serif\"><strong><u><span style=\"color: #0013c2\">Importante<\/span><\/u>: La rendici\u00f3n contable de los proyectos CONSOLIDAR 2020 se realiza <\/strong>a trav\u00e9s de WEKE 1.0 (viejo): <a href=\"https:\/\/weke.secyt.unc.edu.ar\/login.php\" data-saferedirecturl=\"https:\/\/www.google.com\/url?q=https:\/\/weke.secyt.unc.edu.ar\/login.php&amp;source=gmail&amp;ust=1763479877116000&amp;usg=AOvVaw1XYKrw3S_lgsUfAmN3UrOH\">https:\/\/weke.secyt.unc.edu.ar\/login.php <\/a>(FECHAS DE LAS FACTURAS: desde 01\/01\/2020 hasta el 31\/12\/2025)<\/span><\/p>\n<p><span style=\"font-family: georgia, palatino, serif\">Manual de usuario WEKE: <a href=\"http:\/\/ffyh.unc.edu.ar\/secyt\/wp-content\/uploads\/sites\/22\/2025\/09\/Manual-de-Usuario-Rol-Investigador.pdf\" data-saferedirecturl=\"https:\/\/www.google.com\/url?q=https:\/\/www.unc.edu.ar\/sites\/default\/files\/Manuales%2520de%2520usuarios%2520Weke.zip&amp;source=gmail&amp;ust=1632778350143000&amp;usg=AFQjCNFl_2L7Z5DvMZb3HFp5kHRKV332Vg\">ingresar ac\u00e1.\u00a0<\/a><\/span><\/p>\n<ul>\n<li><span style=\"font-family: georgia, palatino, serif\"><strong>Montos de vi\u00e1ticos<\/strong><\/span><\/li>\n<\/ul>\n<p><span style=\"font-family: georgia, palatino, serif\">Los montos de\u00a0vi\u00e1ticos\u00a0se determinan de acuerdo a la Resoluci\u00f3n RHCS 453\/17, que establece \u201cAutorizar a otorgar al Personal con relaci\u00f3n de dependencia de la universidad Docente y Nodocente (de planta o contratado) el monto del vi\u00e1tico (alojamiento, comida y movilidad) diario\u00a0<strong>no superior al 10% de la remuneraci\u00f3n b\u00e1sica de un profesor Asistente de dedicaci\u00f3n exclusiva, ni inferior al 10 % de la retribuci\u00f3n b\u00e1sica de un profesor Adjunto dedicaci\u00f3n Semiexclusiva\u201d<\/strong>.<\/span><\/p>\n<p style=\"font-weight: 400\"><span style=\"font-family: georgia, palatino, serif\">El c\u00e1lculo del monto de las remuneraciones se realiza en base al\u00a0<b>recibo de sueldo\u00a0<\/b>de cada agente beneficiario del vi\u00e1tico y de acuerdo a la fecha que corresponda, para realizar el c\u00e1lculo se puede utilizar el simulador salarial de ADIUC <a href=\"https:\/\/adiuc.org.ar\/gremial\/salario\/\" data-saferedirecturl=\"https:\/\/www.google.com\/url?q=https:\/\/adiuc.org.ar\/gremial\/salario\/&amp;source=gmail&amp;ust=1758979061413000&amp;usg=AOvVaw1fJIVDD73T2kdGUmR_ecgB\">https:\/\/adiuc.org.ar\/gremial\/salario\/<\/a><\/span><\/p>\n<p><span style=\"font-family: georgia, palatino, serif\">Para integrantes que no tengan cargo docente en UNC se asigna el monto m\u00ednimo: <em>10 % de la retribuci\u00f3n b\u00e1sica de un profesor Adjunto dedicaci\u00f3n Semiexclusiva<\/em><\/span><\/p>\n<p><span style=\"font-family: georgia, palatino, serif\"><a href=\"https:\/\/ffyh.unc.edu.ar\/secyt\/wp-content\/uploads\/sites\/22\/2026\/03\/Topes-max-y-min-VIATICOS-diarios.xlsx\">Ver planilla de montos topes de vi\u00e1ticos de agosto 2018\u00a0 &#8211; diciembre 2025<\/a><\/span><\/p>\n<p><span style=\"font-family: georgia, palatino, serif\"><a href=\"http:\/\/ffyh.unc.edu.ar\/secyt\/wp-content\/uploads\/sites\/22\/2025\/09\/S.SECYT-Guia-Rendicion-2024-3.pdf\" data-saferedirecturl=\"https:\/\/www.google.com\/url?q=https:\/\/www.unc.edu.ar\/sites\/default\/files\/S.SECYT-Guia%2520rendici%25C3%25B3n%25202021.pdf&amp;source=gmail&amp;ust=1632778350143000&amp;usg=AFQjCNHNIRyrgEgCZBGmnnUZ-C_LB_HGnA\">Gu\u00eda de Rendici\u00f3n Contable<\/a><\/span><\/p>\n<ul>\n<li><span style=\"font-family: georgia, palatino, serif\"><strong>Procedimiento\u00a0para el \u201cAlta de bienes\u201d (donaci\u00f3n de bienes de capital y bibliograf\u00eda) <\/strong><\/span><\/li>\n<\/ul>\n<p><span style=\"font-family: georgia, palatino, serif\">Generar planilla de donaci\u00f3n en WEKE y enviar a Mesa de Entradas de la Facultad (<a href=\"mailto:mesadeentradas@ffyh.unc.edu.ar\">mesadeentradas@ffyh.unc.edu.ar<\/a>), con copia de la factura de compra. El n\u00famero del expediente generado se carga en WEKE, tal como lo requiere el sistema, y el tr\u00e1mite prosigue de manera electr\u00f3nica.<\/span><\/p>\n<p><span style=\"font-family: georgia, palatino, serif\"><em>Nota tarjetas corporativas:<\/em> los equipos que, de manera excepcional, recibieron las cuotas del subsidio por medio de las tarjetas corporativas, no deber\u00e1n realizar el procedimiento previo para la donaci\u00f3n ya que al cargarse los gastos en el sistema WEKE, se genera un interfaz en el Sistema Pilaga y desde all\u00ed al Sistema Diaguita Patrimonio.<\/span><\/p>\n<ul>\n<li><span style=\"font-family: georgia, palatino, serif\"><strong>Presentaci\u00f3n de rendici\u00f3n contable finalizada<\/strong><\/span><\/li>\n<\/ul>\n<p><span style=\"font-family: georgia, palatino, serif\">Presentaci\u00f3n virtual por WEKE<\/span><\/p>\n<p><span style=\"font-family: georgia, palatino, serif\"><strong>Contactos<\/strong><\/span><\/p>\n<p><span style=\"font-family: georgia, palatino, serif\">Por\u00a0consultas generales sobre el \u00c1rea contable dirigirse a\u00a0<a href=\"mailto:contable@secyt.unc.edu.ar\">contable@secyt.unc.edu.ar<\/a><\/span><\/p>\n<p><span style=\"font-family: georgia, palatino, serif\">Por dudas y consultas referidas a la utilizaci\u00f3n de tarjetas prepagas institucionales de la SeCyT dirigirse a:\u00a0<a href=\"mailto:tarjetas@secyt.unc.edu.ar\">tarjetas@secyt.unc.edu.ar<\/a><\/span><\/p>\n<p>&nbsp;<\/p>\n<blockquote><p><span style=\"color: #ffffff;font-size: 14pt;font-family: georgia, palatino, serif\">Tutorial WEKE 2<\/span><\/p><\/blockquote>\n<a href=\"https:\/\/ffyh.unc.edu.ar\/secyt\/wp-content\/uploads\/sites\/22\/2025\/12\/Presentacion-de-informes-academicos-y-economicos-2026.pdf\" class=\"pdfemb-viewer\" style=\"\" data-width=\"max\" data-height=\"max\" data-toolbar=\"bottom\" data-toolbar-fixed=\"off\">Presentaci\u00f3n de informes acad\u00e9micos y econ\u00f3micos 2026<\/a>\n<blockquote><p><span style=\"font-family: georgia, palatino, serif;color: #ffffff;font-size: 14pt\">Microtutoriales WEKE 1 (versi\u00f3n anterior)<\/span><\/p><\/blockquote>\n<div style=\"width: 800px;\" class=\"wp-video\"><video class=\"wp-video-shortcode\" id=\"video-2785-1\" width=\"800\" height=\"450\" preload=\"metadata\" controls=\"controls\"><source type=\"video\/mp4\" src=\"http:\/\/ffyh.unc.edu.ar\/secyt\/wp-content\/uploads\/sites\/22\/2022\/12\/WEKE_01_Reapertura.mp4?_=1\" \/><a href=\"http:\/\/ffyh.unc.edu.ar\/secyt\/wp-content\/uploads\/sites\/22\/2022\/12\/WEKE_01_Reapertura.mp4\">http:\/\/ffyh.unc.edu.ar\/secyt\/wp-content\/uploads\/sites\/22\/2022\/12\/WEKE_01_Reapertura.mp4<\/a><\/video><\/div>\n<div style=\"width: 800px;\" class=\"wp-video\"><video class=\"wp-video-shortcode\" id=\"video-2785-2\" width=\"800\" height=\"450\" preload=\"metadata\" controls=\"controls\"><source type=\"video\/mp4\" src=\"http:\/\/ffyh.unc.edu.ar\/secyt\/wp-content\/uploads\/sites\/22\/2022\/12\/WEKE_02_Comprobantes.mp4?_=2\" \/><a href=\"http:\/\/ffyh.unc.edu.ar\/secyt\/wp-content\/uploads\/sites\/22\/2022\/12\/WEKE_02_Comprobantes.mp4\">http:\/\/ffyh.unc.edu.ar\/secyt\/wp-content\/uploads\/sites\/22\/2022\/12\/WEKE_02_Comprobantes.mp4<\/a><\/video><\/div>\n<div style=\"width: 800px;\" class=\"wp-video\"><video class=\"wp-video-shortcode\" id=\"video-2785-3\" width=\"800\" height=\"450\" preload=\"metadata\" controls=\"controls\"><source type=\"video\/mp4\" src=\"http:\/\/ffyh.unc.edu.ar\/secyt\/wp-content\/uploads\/sites\/22\/2022\/12\/WEKE_03_Alta_Bienes.mp4?_=3\" \/><a href=\"http:\/\/ffyh.unc.edu.ar\/secyt\/wp-content\/uploads\/sites\/22\/2022\/12\/WEKE_03_Alta_Bienes.mp4\">http:\/\/ffyh.unc.edu.ar\/secyt\/wp-content\/uploads\/sites\/22\/2022\/12\/WEKE_03_Alta_Bienes.mp4<\/a><\/video><\/div>\n<div style=\"width: 800px;\" class=\"wp-video\"><video class=\"wp-video-shortcode\" id=\"video-2785-4\" width=\"800\" height=\"450\" preload=\"metadata\" controls=\"controls\"><source type=\"video\/mp4\" src=\"http:\/\/ffyh.unc.edu.ar\/secyt\/wp-content\/uploads\/sites\/22\/2022\/12\/WEKE_04_viaticos.mp4?_=4\" \/><a href=\"http:\/\/ffyh.unc.edu.ar\/secyt\/wp-content\/uploads\/sites\/22\/2022\/12\/WEKE_04_viaticos.mp4\">http:\/\/ffyh.unc.edu.ar\/secyt\/wp-content\/uploads\/sites\/22\/2022\/12\/WEKE_04_viaticos.mp4<\/a><\/video><\/div>\n<p>&nbsp;<\/p>\n","protected":false},"excerpt":{"rendered":"<p>INFORMES ACAD\u00c9MICOS Los informes acad\u00e9micos de proyectos y programas se presentan por medio de SIGEVA-UNC: ingresar Presentaci\u00f3n de informes acad\u00e9micos<\/p>\n","protected":false},"author":8,"featured_media":0,"parent":4360,"menu_order":3,"comment_status":"closed","ping_status":"closed","template":"","meta":{"_acf_changed":false,"colormag_page_container_layout":"default_layout","colormag_page_sidebar_layout":"default_layout","footnotes":""},"class_list":["post-2785","page","type-page","status-publish","hentry"],"acf":[],"_links":{"self":[{"href":"https:\/\/ffyh.unc.edu.ar\/secyt\/wp-json\/wp\/v2\/pages\/2785","targetHints":{"allow":["GET"]}}],"collection":[{"href":"https:\/\/ffyh.unc.edu.ar\/secyt\/wp-json\/wp\/v2\/pages"}],"about":[{"href":"https:\/\/ffyh.unc.edu.ar\/secyt\/wp-json\/wp\/v2\/types\/page"}],"author":[{"embeddable":true,"href":"https:\/\/ffyh.unc.edu.ar\/secyt\/wp-json\/wp\/v2\/users\/8"}],"replies":[{"embeddable":true,"href":"https:\/\/ffyh.unc.edu.ar\/secyt\/wp-json\/wp\/v2\/comments?post=2785"}],"version-history":[{"count":80,"href":"https:\/\/ffyh.unc.edu.ar\/secyt\/wp-json\/wp\/v2\/pages\/2785\/revisions"}],"predecessor-version":[{"id":5616,"href":"https:\/\/ffyh.unc.edu.ar\/secyt\/wp-json\/wp\/v2\/pages\/2785\/revisions\/5616"}],"up":[{"embeddable":true,"href":"https:\/\/ffyh.unc.edu.ar\/secyt\/wp-json\/wp\/v2\/pages\/4360"}],"wp:attachment":[{"href":"https:\/\/ffyh.unc.edu.ar\/secyt\/wp-json\/wp\/v2\/media?parent=2785"}],"curies":[{"name":"wp","href":"https:\/\/api.w.org\/{rel}","templated":true}]}}