{"id":3097,"date":"2021-11-30T16:28:12","date_gmt":"2021-11-30T16:28:12","guid":{"rendered":"https:\/\/ffyh.unc.edu.ar\/secyt\/?page_id=3097"},"modified":"2025-10-30T18:48:56","modified_gmt":"2025-10-30T18:48:56","slug":"comite-de-etica","status":"publish","type":"page","link":"https:\/\/ffyh.unc.edu.ar\/secyt\/comite-de-etica\/","title":{"rendered":"COMIT\u00c9 DE \u00c9TICA"},"content":{"rendered":"<blockquote><p><a href=\"https:\/\/ffyh.unc.edu.ar\/secyt\/comite-de-etica\/avales\/\">LINEAMIENTOS PARA EL OTORGAMIENTO DE AVALES<\/a><\/p><\/blockquote>\n<hr \/>\n<h4><img loading=\"lazy\" decoding=\"async\" class=\"wp-image-5356 aligncenter\" src=\"http:\/\/ffyh.unc.edu.ar\/secyt\/wp-content\/uploads\/sites\/22\/2025\/08\/Banner-blog-mail-poet.jpg\" alt=\"\" width=\"504\" height=\"126\" srcset=\"https:\/\/ffyh.unc.edu.ar\/secyt\/wp-content\/uploads\/sites\/22\/2025\/08\/Banner-blog-mail-poet.jpg 1024w, https:\/\/ffyh.unc.edu.ar\/secyt\/wp-content\/uploads\/sites\/22\/2025\/08\/Banner-blog-mail-poet-300x75.jpg 300w, https:\/\/ffyh.unc.edu.ar\/secyt\/wp-content\/uploads\/sites\/22\/2025\/08\/Banner-blog-mail-poet-768x192.jpg 768w\" sizes=\"auto, (max-width: 504px) 100vw, 504px\" \/>Objetivos<\/h4>\n<p>El Comit\u00e9 de \u00c9tica de la Facultad de Filosof\u00eda y Humanidades, creado por el Honorable Consejo Directivo en octubre de 2021 (<a href=\"https:\/\/ffyh.unc.edu.ar\/secyt\/wp-content\/uploads\/sites\/22\/2023\/05\/RES_321_2021.pdf\">RES_321_2021<\/a>), tiene como misi\u00f3n asesorar, valorar, discutir y difundir aspectos \u00e9ticos relacionados con las actividades de investigaci\u00f3n en ciencias humanas y sociales. Este comit\u00e9 surge en respuesta a la creciente necesidad de un \u00f3rgano especializado que aborde las complejidades \u00e9ticas que emergen en diversas disciplinas.<\/p>\n<h4>Justificaci\u00f3n de su Creaci\u00f3n<\/h4>\n<p>La formaci\u00f3n de un Comit\u00e9 de \u00c9tica propio en la Facultad responde a la necesidad de abordar, de manera aut\u00f3noma y espec\u00edfica, los desaf\u00edos \u00e9ticos en la investigaci\u00f3n de las ciencias humanas y sociales. En los \u00faltimos a\u00f1os, ha habido un aumento en la regulaci\u00f3n del acceso, uso y manejo de datos sensibles, patrimonios culturales, restos humanos, y otros aspectos vinculados a estas disciplinas. Este contexto ha motivado la creaci\u00f3n de comit\u00e9s de \u00e9tica y la elaboraci\u00f3n de c\u00f3digos \u00e9ticos a nivel institucional.<\/p>\n<h4>Estructura y Funcionamiento<\/h4>\n<p>El Comit\u00e9 est\u00e1 conformado por 12 integrantes, representando a cada Escuela y Departamento de la Facultad, as\u00ed como a otros centros de investigaci\u00f3n como el CIFFyH y el Museo de Antropolog\u00eda, y a las Unidades Ejecutoras de doble dependencia (CONICET-UNC): el Instituto de Humanidades (IDH) y el Instituto de Antropolog\u00eda de C\u00f3rdoba (IDACOR).<\/p>\n<h4>Funciones<\/h4>\n<ol>\n<li>Valoraci\u00f3n:\u00a0Valorar los aspectos \u00e9ticos en becas, proyectos y programas de investigaci\u00f3n que soliciten aval.<\/li>\n<li>Asesoramiento: Orientar a equipos de investigaci\u00f3n y becarios sobre la dimensi\u00f3n \u00e9tica de sus proyectos.<\/li>\n<li>Investigaci\u00f3n y Documentaci\u00f3n: Recabar y analizar normativas y documentos sobre \u00e9tica en ciencias humanas y sociales.<\/li>\n<li>Fomento de Redes y Capacitaci\u00f3n: Promover la creaci\u00f3n de redes y espacios de formaci\u00f3n sobre \u00e9tica en investigaci\u00f3n.<\/li>\n<li>Difusi\u00f3n y Comunicaci\u00f3n: Impulsar la comunicaci\u00f3n de temas \u00e9ticos relacionados con las investigaciones en humanidades y ciencias sociales.<\/li>\n<li>Otorgamiento de Avales: Emitir avales para proyectos que cumplan con los est\u00e1ndares \u00e9ticos requeridos.<\/li>\n<li>Recomendaciones: Proponer ajustes en proyectos para alinearlos con los principios \u00e9ticos pertinentes.<\/li>\n<\/ol>\n<h4>Requisitos para su Integraci\u00f3n<\/h4>\n<p>Los integrantes deben poseer un t\u00edtulo de Doctor\/a o m\u00e9ritos acad\u00e9micos equivalentes, y demostrar experiencia en direcci\u00f3n o co-direcci\u00f3n de proyectos de investigaci\u00f3n. Los miembros son designados por un per\u00edodo de dos a\u00f1os, renovable por dos m\u00e1s.<\/p>\n<h4>Reuniones y Asesoramiento<\/h4>\n<p>El Comit\u00e9 se re\u00fane el <strong>primer jueves de cada mes<\/strong>, de <strong>14:00 a 16:00 hs.<\/strong>, en el Pabell\u00f3n Residencial de la FFyH.<br \/>\nPara asistir o solicitar asesoramiento, es necesario enviar un correo a <a rel=\"noopener\">secyt@ffyh.unc.edu.ar<\/a>, detallando el motivo de la consulta.<\/p>\n<h4>Integrantes (2025)<\/h4>\n<ul>\n<li>Depto. de Antropolog\u00eda: M\u00aa Celeste Rita Bianciotti<\/li>\n<li>Esc. de Archivolog\u00eda: Candelaria De Olmos<\/li>\n<li>Esc. de Bibliotecolog\u00eda: Silvina Angelozzi<\/li>\n<li>Esc. de Ciencias de la Educaci\u00f3n: Laura Arese<\/li>\n<li>Esc. de Filosof\u00eda: Julia Monge<\/li>\n<li>Depto. de Geograf\u00eda: Diego Omar<\/li>\n<li>Esc. de Historia: Pablo Molina<\/li>\n<li>Esc. de Letras: Facundo Boccardi<\/li>\n<li>Centro de Investigaciones FFyH: M\u00aa. Gabriela Lugones<\/li>\n<li>Museo de Antropolog\u00eda: Mariela Zabala<\/li>\n<li>Instituto de Humanidades: Fernando Aiziczon<\/li>\n<li>Instituto de Antropolog\u00eda de C\u00f3rdoba: Ver\u00f3nica Lema<\/li>\n<\/ul>\n<p>Resoluci\u00f3n de designaci\u00f3n: <a href=\"https:\/\/ffyh.unc.edu.ar\/secyt\/wp-content\/uploads\/sites\/22\/2024\/07\/descarga.pdf\">Res. 162\/24<\/a> y <a href=\"http:\/\/ffyh.unc.edu.ar\/secyt\/wp-content\/uploads\/sites\/22\/2025\/05\/reso-nombramiento-de-Olmos-y-Omar-Comite-de-etica.pdf\">Res. 125\/25<\/a><\/p>\n<p>&nbsp;<\/p>\n","protected":false},"excerpt":{"rendered":"<p>LINEAMIENTOS PARA EL OTORGAMIENTO DE AVALES Objetivos El Comit\u00e9 de \u00c9tica de la Facultad de Filosof\u00eda y Humanidades, creado por<\/p>\n","protected":false},"author":8,"featured_media":0,"parent":0,"menu_order":5,"comment_status":"closed","ping_status":"closed","template":"","meta":{"_acf_changed":false,"colormag_page_container_layout":"default_layout","colormag_page_sidebar_layout":"default_layout","footnotes":""},"class_list":["post-3097","page","type-page","status-publish","hentry"],"acf":[],"_links":{"self":[{"href":"https:\/\/ffyh.unc.edu.ar\/secyt\/wp-json\/wp\/v2\/pages\/3097","targetHints":{"allow":["GET"]}}],"collection":[{"href":"https:\/\/ffyh.unc.edu.ar\/secyt\/wp-json\/wp\/v2\/pages"}],"about":[{"href":"https:\/\/ffyh.unc.edu.ar\/secyt\/wp-json\/wp\/v2\/types\/page"}],"author":[{"embeddable":true,"href":"https:\/\/ffyh.unc.edu.ar\/secyt\/wp-json\/wp\/v2\/users\/8"}],"replies":[{"embeddable":true,"href":"https:\/\/ffyh.unc.edu.ar\/secyt\/wp-json\/wp\/v2\/comments?post=3097"}],"version-history":[{"count":36,"href":"https:\/\/ffyh.unc.edu.ar\/secyt\/wp-json\/wp\/v2\/pages\/3097\/revisions"}],"predecessor-version":[{"id":5482,"href":"https:\/\/ffyh.unc.edu.ar\/secyt\/wp-json\/wp\/v2\/pages\/3097\/revisions\/5482"}],"wp:attachment":[{"href":"https:\/\/ffyh.unc.edu.ar\/secyt\/wp-json\/wp\/v2\/media?parent=3097"}],"curies":[{"name":"wp","href":"https:\/\/api.w.org\/{rel}","templated":true}]}}