{"id":359,"date":"2011-04-26T14:41:04","date_gmt":"2011-04-26T17:41:04","guid":{"rendered":"http:\/\/secyt.ffyh.unc.edu.ar\/?page_id=359"},"modified":"2024-08-18T02:26:35","modified_gmt":"2024-08-18T02:26:35","slug":"reglamento","status":"publish","type":"page","link":"https:\/\/ffyh.unc.edu.ar\/secyt\/reglamento\/","title":{"rendered":"REGLAMENTOS"},"content":{"rendered":"<hr \/>\n<h4><span style=\"font-family: helvetica, arial, sans-serif\"><b>Consejo Asesor de la Secretar\u00eda de Investigaci\u00f3n, Ciencia y T\u00e9cnica de la FFyH<\/b><\/span><\/h4>\n<ul>\n<li><span style=\"font-family: helvetica, arial, sans-serif\">Resoluci\u00f3n de creaci\u00f3n: <a href=\"http:\/\/ffyh.unc.edu.ar\/secyt\/wp-content\/uploads\/sites\/22\/2021\/04\/RES_54_2018.pdf\">descargar<\/a><\/span><\/li>\n<\/ul>\n<hr \/>\n<h4><span style=\"font-family: helvetica, arial, sans-serif\"><strong>Comit\u00e9 de \u00e9tica en investigaci\u00f3n<\/strong><\/span><\/h4>\n<ul>\n<li><span style=\"font-family: helvetica, arial, sans-serif\">Resoluci\u00f3n de creaci\u00f3n y reglamento: <a href=\"http:\/\/ffyh.unc.edu.ar\/secyt\/wp-content\/uploads\/sites\/22\/2023\/11\/RES_321_2021.pdf\">ingresar<\/a><\/span><\/li>\n<\/ul>\n<hr \/>\n<h4><span style=\"font-family: helvetica, arial, sans-serif\"><strong>Becas<\/strong><\/span><\/h4>\n<ul>\n<li><span style=\"font-family: helvetica, arial, sans-serif\">Reglamento de Becas de iniciaci\u00f3n en la investigaci\u00f3n:\u00a0<a href=\"http:\/\/ffyh.unc.edu.ar\/secyt\/wp-content\/uploads\/sites\/22\/2018\/03\/ORD_1_2015.pdf\" target=\"_blank\" rel=\"noopener noreferrer\">descargar<\/a><\/span><\/li>\n<li><span style=\"font-family: helvetica, arial, sans-serif\">Reglamento:\u00a0Becas de Doctorado y Maestr\u00eda: <a href=\"http:\/\/ffyh.unc.edu.ar\/secyt\/wp-content\/uploads\/sites\/22\/2020\/10\/REGLAMENTO_BECAS_SeCyT_2017_0.pdf\" target=\"_blank\" rel=\"noopener noreferrer\">descargar<\/a><\/span><\/li>\n<li><span style=\"font-family: helvetica, arial, sans-serif\">Becas Posdoctorales: <a href=\"http:\/\/ffyh.unc.edu.ar\/secyt\/wp-content\/uploads\/sites\/22\/2020\/10\/REGLAMENTO_BECAS_SeCyT_2017_0.pdf\" target=\"_blank\" rel=\"noopener noreferrer\">descargar<\/a><\/span><\/li>\n<\/ul>\n<p><span style=\"font-family: helvetica, arial, sans-serif\"><em>(M\u00e1s informaci\u00f3n sobre Becas Secyt: <a href=\"https:\/\/www.unc.edu.ar\/ciencia-y-tecnolog%C3%ADa\/becas-secyt\" target=\"_blank\" rel=\"noopener noreferrer\">ingresar)<\/a><\/em><\/span><\/p>\n<ul>\n<li><span style=\"font-family: helvetica, arial, sans-serif\">Reglamento de Becas de Innovaci\u00f3n Tecnol\u00f3gica o Social:\u00a0<a href=\"https:\/\/www.unc.edu.ar\/ciencia-y-tecnolog%C3%ADa\/programa-de-becas-de-innovaci%C3%B3n-tecnol%C3%B3gica-socio-productiva\" target=\"_blank\" rel=\"noopener noreferrer\">descargar<\/a><\/span><\/li>\n<li><span style=\"font-family: helvetica, arial, sans-serif\">Reglamento Beca Est\u00edmulo a las Vocaciones Cient\u00edficas: <a href=\"https:\/\/drive.google.com\/file\/d\/1NmBgjOZf1KMcKlxipCLoLK9dDCGqrvkC\/view?usp=sharing\" target=\"_blank\" rel=\"noopener noreferrer\">descargar<\/a> &#8211; Modificaci\u00f3n Reglamento 2020: <a href=\"http:\/\/ffyh.unc.edu.ar\/secyt\/wp-content\/uploads\/sites\/22\/2020\/10\/Nuevo-Reglamento-apoyos-econo.-Institucionales-y-publicaciones_1.pdf\" target=\"_blank\" rel=\"noopener noreferrer\">descargar<\/a><\/span><\/li>\n<\/ul>\n<hr \/>\n<h4><span style=\"font-family: helvetica, arial, sans-serif\"><strong>Proyectos y programas de investigaci\u00f3n o desarrollo tecnol\u00f3gico SeCyT UNC:<\/strong><\/span><\/h4>\n<ul>\n<li><span style=\"font-family: helvetica, arial, sans-serif\">Convocatoria 2023: Reglamento: <a href=\"http:\/\/ffyh.unc.edu.ar\/secyt\/wp-content\/uploads\/sites\/22\/2024\/05\/Nuevo-Reglamento-2023-modificado-_0.pdf\">descargar<\/a> | Bases: <a href=\"http:\/\/ffyh.unc.edu.ar\/secyt\/wp-content\/uploads\/sites\/22\/2024\/05\/BASES-de-la-Convocatoria-PIDTA-2023.pdf\">descargar<\/a><\/span><\/li>\n<\/ul>\n<hr \/>\n<h4><span style=\"font-family: helvetica, arial, sans-serif\"><strong>Apoyos Econ\u00f3micos<\/strong><\/span><\/h4>\n<ul>\n<li><span style=\"font-family: helvetica, arial, sans-serif\">Eventos institucionales: <a href=\"http:\/\/ffyh.unc.edu.ar\/secyt\/wp-content\/uploads\/sites\/22\/2020\/10\/Nuevo-Reglamento-apoyos-econo.-Institucionales-y-publicaciones_1.pdf\" target=\"_blank\" rel=\"noopener noreferrer\">descargar<\/a><\/span><\/li>\n<li><span style=\"font-family: helvetica, arial, sans-serif\">Publicaciones: <a href=\"http:\/\/ffyh.unc.edu.ar\/secyt\/wp-content\/uploads\/sites\/22\/2020\/10\/Nuevo-Reglamento-apoyos-econo.-Institucionales-y-publicaciones_1.pdf\" target=\"_blank\" rel=\"noopener noreferrer\">descargar<\/a><\/span><\/li>\n<li><span style=\"font-family: helvetica, arial, sans-serif\">Viajes al exterior: <a href=\"http:\/\/ffyh.unc.edu.ar\/secyt\/wp-content\/uploads\/sites\/22\/2020\/10\/Nuevo-Reglamento-apoyos-econo.-Institucionales-y-publicaciones_1.pdf\" target=\"_blank\" rel=\"noopener noreferrer\">descargar<\/a><\/span><\/li>\n<\/ul>\n<p><span style=\"font-family: helvetica, arial, sans-serif\">M\u00e1s informaci\u00f3n: <a href=\"https:\/\/www.unc.edu.ar\/ciencia-y-tecnolog%C3%ADa\/apoyos-econ%C3%B3micos\" target=\"_blank\" rel=\"noopener noreferrer\">ingresar<\/a><\/span><\/p>\n<hr \/>\n<h4><strong>Categorizaci\u00f3n<\/strong><\/h4>\n<ul>\n<li>Manual de Procedimiento 2008 (<a href=\"http:\/\/ffyh.unc.edu.ar\/secyt\/wp-content\/uploads\/sites\/22\/2011\/04\/NUEVO_MANUAL_RM1879081.pdf\" target=\"_blank\" rel=\"noopener noreferrer\">Descargar<\/a>)<br \/>\nGrilla \u00a0de Categorizaci\u00f3n (<a href=\"http:\/\/secyt.ffyh.unc.edu.ar\/files\/2011\/04\/grilla_de_categorizacion.pdf\" target=\"_blank\" rel=\"noopener noreferrer\">Descargar<\/a>)<\/li>\n<\/ul>\n<hr \/>\n<p>&nbsp;<\/p>\n","protected":false},"excerpt":{"rendered":"<p>Consejo Asesor de la Secretar\u00eda de Investigaci\u00f3n, Ciencia y T\u00e9cnica de la FFyH Resoluci\u00f3n de creaci\u00f3n: descargar Comit\u00e9 de \u00e9tica<\/p>\n","protected":false},"author":1,"featured_media":0,"parent":0,"menu_order":15,"comment_status":"closed","ping_status":"closed","template":"","meta":{"_acf_changed":false,"colormag_page_container_layout":"default_layout","colormag_page_sidebar_layout":"default_layout","footnotes":""},"class_list":["post-359","page","type-page","status-publish","hentry"],"acf":[],"_links":{"self":[{"href":"https:\/\/ffyh.unc.edu.ar\/secyt\/wp-json\/wp\/v2\/pages\/359","targetHints":{"allow":["GET"]}}],"collection":[{"href":"https:\/\/ffyh.unc.edu.ar\/secyt\/wp-json\/wp\/v2\/pages"}],"about":[{"href":"https:\/\/ffyh.unc.edu.ar\/secyt\/wp-json\/wp\/v2\/types\/page"}],"author":[{"embeddable":true,"href":"https:\/\/ffyh.unc.edu.ar\/secyt\/wp-json\/wp\/v2\/users\/1"}],"replies":[{"embeddable":true,"href":"https:\/\/ffyh.unc.edu.ar\/secyt\/wp-json\/wp\/v2\/comments?post=359"}],"version-history":[{"count":18,"href":"https:\/\/ffyh.unc.edu.ar\/secyt\/wp-json\/wp\/v2\/pages\/359\/revisions"}],"predecessor-version":[{"id":4540,"href":"https:\/\/ffyh.unc.edu.ar\/secyt\/wp-json\/wp\/v2\/pages\/359\/revisions\/4540"}],"wp:attachment":[{"href":"https:\/\/ffyh.unc.edu.ar\/secyt\/wp-json\/wp\/v2\/media?parent=359"}],"curies":[{"name":"wp","href":"https:\/\/api.w.org\/{rel}","templated":true}]}}