{"id":367,"date":"2011-04-26T14:43:57","date_gmt":"2011-04-26T17:43:57","guid":{"rendered":"http:\/\/secyt.ffyh.unc.edu.ar\/?page_id=367"},"modified":"2026-03-26T19:36:34","modified_gmt":"2026-03-26T19:36:34","slug":"resoluciones","status":"publish","type":"page","link":"https:\/\/ffyh.unc.edu.ar\/secyt\/resoluciones\/","title":{"rendered":"RESOLUCIONES"},"content":{"rendered":"<div>\n<h4>Resoluciones vinculadas a la investigaci\u00f3n en la FFyH y la UNC<\/h4>\n<hr \/>\n<h4><strong>Ortogamiento de Becas de Iniciaci\u00f3n en la Investigaci\u00f3n<\/strong><\/h4>\n<\/div>\n<div>\n<ul>\n<li>Becas de Iniciaci\u00f3n en la Investigaci\u00f3n 2025: <a href=\"http:\/\/ffyh.unc.edu.ar\/secyt\/wp-content\/uploads\/sites\/22\/2025\/11\/RS-2025-00999255-UNC-DEC_FFYH.pdf\">Descargar<\/a><\/li>\n<li>Becas de Iniciaci\u00f3n en la Investigaci\u00f3n 2024: <a href=\"http:\/\/ffyh.unc.edu.ar\/secyt\/wp-content\/uploads\/sites\/22\/2025\/09\/RD-2024-1689-E-UNC-DECFFYH-5.pdf\">Descargar<\/a><\/li>\n<li>Becas de Iniciaci\u00f3n en la Investigaci\u00f3n 2023: <a href=\"http:\/\/ffyh.unc.edu.ar\/secyt\/wp-content\/uploads\/sites\/22\/2023\/12\/RHCD-2022-197.pdf\">Descargar<\/a><\/li>\n<li>Becas de Iniciaci\u00f3n en la Investigaci\u00f3n 2022: <a href=\"http:\/\/ffyh.unc.edu.ar\/secyt\/wp-content\/uploads\/sites\/22\/2023\/12\/RHCD-2022-197.pdf\">Descargar<\/a><\/li>\n<li>Becas de Iniciaci\u00f3n en la Investigaci\u00f3n 2021: <a href=\"http:\/\/ffyh.unc.edu.ar\/secyt\/wp-content\/uploads\/sites\/22\/2021\/07\/Resolucion-designacion.pdf\" target=\"_blank\" rel=\"noopener\">Descargar<\/a><\/li>\n<li>Becas de Iniciaci\u00f3n en la Investigaci\u00f3n 2020: <a href=\"http:\/\/ffyh.unc.edu.ar\/secyt\/wp-content\/uploads\/sites\/22\/2021\/04\/RES_140_2020-Orden-de-merito-BI-2020.pdf\" target=\"_blank\" rel=\"noopener\">Descargar<\/a><\/li>\n<li>Becas de Iniciaci\u00f3n en la Investigaci\u00f3n 2019: <a href=\"http:\/\/ffyh.unc.edu.ar\/secyt\/wp-content\/uploads\/sites\/22\/2020\/09\/RES_138_2019.pdf\">Descargar<\/a><\/li>\n<li>Becas de Iniciaci\u00f3n en la Investigaci\u00f3n 2018: <a href=\"http:\/\/ffyh.unc.edu.ar\/secyt\/wp-content\/uploads\/sites\/22\/2020\/09\/RES_127_2018.pdf\">Descargar<\/a><\/li>\n<li>Becas de Iniciaci\u00f3n en la Investigaci\u00f3n 2017: <a href=\"http:\/\/ffyh.unc.edu.ar\/secyt\/wp-content\/uploads\/sites\/22\/2011\/04\/RES_111_2017-Otorgamiento.pdf\" target=\"_blank\" rel=\"noopener noreferrer\">Descargar<\/a><\/li>\n<li>Becas de Iniciaci\u00f3n en la Investigaci\u00f3n 2016: <a href=\"http:\/\/ffyh.unc.edu.ar\/secyt\/wp-content\/uploads\/sites\/22\/2011\/04\/RES_103_2016-Becas-iniciaci\u00f3n.pdf\" target=\"_blank\" rel=\"noopener noreferrer\">Descargar<\/a><\/li>\n<li>Becas de Iniciaci\u00f3n en la Investigaci\u00f3n 2015: <a href=\"http:\/\/ffyh.unc.edu.ar\/secyt\/wp-content\/uploads\/sites\/22\/2011\/04\/RES_285_2015_Otorga-Beca-iniciaci\u00f3n.pdf\" target=\"_blank\" rel=\"noopener noreferrer\">Descargar<\/a><\/li>\n<li>Becas de Iniciaci\u00f3n en la Investigaci\u00f3n 2014: <a href=\"http:\/\/ffyh.unc.edu.ar\/secyt\/wp-content\/uploads\/sites\/22\/2011\/04\/RES_125_2014-Nueva-adjudicaci\u00f3n.pdf\" target=\"_blank\" rel=\"noopener noreferrer\">Descargar<\/a><\/li>\n<li>Becas de Iniciaci\u00f3n en la Investigaci\u00f3n 2013: <a href=\"http:\/\/www.digesto.unc.edu.ar\/ffyh\/decanato\/resolucion\/118_2013\/at_download\/file\" target=\"_blank\" rel=\"noopener noreferrer\">Descargar<\/a><\/li>\n<li>Becas de Iniciaci\u00f3n en la Investigaci\u00f3n 2012:\u00a0<a href=\"http:\/\/ffyh.unc.edu.ar\/secyt\/wp-content\/uploads\/sites\/22\/2011\/04\/RES_540_2012.pdf\" target=\"_blank\" rel=\"noopener noreferrer\">Descargar<\/a><\/li>\n<li>Becas de Iniciaci\u00f3n en la Investigaci\u00f3n 2011:\u00a0<a href=\"http:\/\/ffyh.unc.edu.ar\/secyt\/wp-content\/uploads\/sites\/22\/2011\/04\/res_245_2011.pdf\" target=\"_blank\" rel=\"noopener noreferrer\">Descargar<\/a><\/li>\n<li>Becas de Iniciaci\u00f3n en la Investigaci\u00f3n 2010: <a href=\"http:\/\/ffyh.unc.edu.ar\/secyt\/wp-content\/uploads\/sites\/22\/2011\/04\/res-becas-iniciacion-2010-71-20102.pdf\" target=\"_blank\" rel=\"noopener noreferrer\">Descargar<\/a><\/li>\n<\/ul>\n<\/div>\n<hr \/>\n<h4><strong>Gratuidad de las carreras de Doctorado para Becarixs SeCyT UNC:<\/strong><\/h4>\n<ul>\n<li><a href=\"http:\/\/ffyh.unc.edu.ar\/secyt\/wp-content\/uploads\/sites\/22\/2024\/07\/RHCS-2024-324-UNC-REC.pdf\">Res. 324\/24<\/a><\/li>\n<\/ul>\n<hr \/>\n<h4 id=\"otorgamiento\"><strong>Otorgamiento de subsidios y avales a proyectos y programas SECyT-UNC:<\/strong><\/h4>\n<ul>\n<li><strong>A\u00f1o 2026:<\/strong> <span style=\"color: #0000ff\"><a style=\"color: #0000ff\" href=\"http:\/\/ffyh.unc.edu.ar\/secyt\/wp-content\/uploads\/sites\/22\/2026\/03\/Resol-54-2026-Financiamiento-1\u00b0-cuota-PIDTA-2026.pdf\">RESOL-2026-54-E-UNC-SECYT#ACTIP<\/a><\/span><em><br \/>\n<\/em><span style=\"color: #0000ff\"><a style=\"color: #0000ff\" href=\"http:\/\/ffyh.unc.edu.ar\/secyt\/wp-content\/uploads\/sites\/22\/2026\/03\/Anexo-1-Consolidar-2026.pdf\">Proyectos Consolidar<\/a> <\/span><br \/>\n<span style=\"color: #0000ff\"><a style=\"color: #0000ff\" href=\"http:\/\/ffyh.unc.edu.ar\/secyt\/wp-content\/uploads\/sites\/22\/2026\/03\/Anexo-2-Formar-2026.pdf\">Proyectos Formar<\/a><\/span><br \/>\n<span style=\"color: #0000ff\"><a style=\"color: #0000ff\" href=\"http:\/\/ffyh.unc.edu.ar\/secyt\/wp-content\/uploads\/sites\/22\/2026\/03\/Anexo-3-Estimular-2026.pdf\">Proyectos Estimular\u00a0<\/a><\/span><br \/>\n<span style=\"color: #0000ff\"><a style=\"color: #0000ff\" href=\"http:\/\/ffyh.unc.edu.ar\/secyt\/wp-content\/uploads\/sites\/22\/2026\/03\/Anexo-5-Aval-Academico-a-Programas-2026.pdf\">Programas de investigaci\u00f3n y desarrollo tecnol\u00f3gico<\/a><\/span><\/li>\n<\/ul>\n<ul>\n<li><strong>A\u00f1o 2023:<\/strong> <span style=\"color: #0000ff\"><a style=\"color: #0000ff\" href=\"http:\/\/ffyh.unc.edu.ar\/secyt\/wp-content\/uploads\/sites\/22\/2023\/12\/Resol-258-23-PIDTA-aprobados-conv-2023.pdf\" target=\"_blank\" rel=\"noopener\">Res. 258\/23<\/a><\/span><\/li>\n<\/ul>\n<ul>\n<li><strong><strong>A\u00f1o 2020:<\/strong><\/strong><span style=\"color: #0000ff\"><a style=\"color: #0000ff\" href=\"https:\/\/www.unc.edu.ar\/sites\/default\/files\/RS-2020-00214370-UNC-SECYT%25ACTIP%20solicitudes%202020%20aprobadas.pdf\" target=\"_blank\" rel=\"noopener\">Proyectos asignados (Res. 233\/2020)\u00a0<\/a><\/span><br \/>\n<span style=\"color: #0000ff\"><a style=\"color: #0000ff\" href=\"https:\/\/www.unc.edu.ar\/sites\/default\/files\/Anexo_I_Proyectos_aprobados_Consolidar_2020-2023.pdf\" target=\"_blank\" rel=\"noopener\">Proyectos Consolidar (Anexo I)<\/a><\/span><br \/>\n<span style=\"color: #0000ff\"><a style=\"color: #0000ff\" href=\"https:\/\/www.unc.edu.ar\/sites\/default\/files\/Anexo_II_Proyectos_aprobados_Formar_2020-2021.pdf\" target=\"_blank\" rel=\"noopener\">Proyectos Formar (Anexo II)<\/a><\/span><br \/>\n<span style=\"color: #0000ff\"><a style=\"color: #0000ff\" href=\"https:\/\/www.unc.edu.ar\/sites\/default\/files\/Anexo_III_Proyectos_aprobados_Estimular_2020-2021.pdf\" target=\"_blank\" rel=\"noopener\">Proyectos Estimular (Anexo III)<\/a><\/span><br \/>\n<span style=\"color: #0000ff\"><a style=\"color: #0000ff\" href=\"https:\/\/www.unc.edu.ar\/sites\/default\/files\/Anexo_IV_Proyectos_aprobados_Programas_2020-2021.pdf\" target=\"_blank\" rel=\"noopener\">Programas (Anexo IV)<\/a><\/span><\/li>\n<\/ul>\n<ul>\n<li><strong>A\u00f1o 2018: <\/strong>Resoluci\u00f3n SeCyT\u00a0411\/18:\u00a0<a href=\"https:\/\/www.unc.edu.ar\/sites\/default\/files\/Proyectos%20SeCyT%20admitidos%20Convocatoria%202018.pdf\" target=\"_blank\" rel=\"noopener noreferrer\">descargar<\/a><\/li>\n<\/ul>\n<ul>\n<li><strong><strong>A\u00f1o 2016-2017:<br \/>\n<\/strong><\/strong>&#8211; 1\u00ba<span style=\"color: #0000ff\">\u00a0<a style=\"color: #0000ff\" href=\"https:\/\/www.unc.edu.ar\/sites\/default\/files\/Res.Secyt_313_16_Subsidios_2016.pdf\" target=\"_blank\" rel=\"noopener noreferrer\">Resoluci\u00f3n SECyT\u00a0313\/16<br \/>\n<\/a><a style=\"color: #0000ff\" href=\"https:\/\/www.unc.edu.ar\/sites\/default\/files\/Res.Secyt_313_16_Anexo_I_ProyectosA.pdf\" target=\"_blank\" rel=\"noopener noreferrer\">Anexo I &#8211; Subsidios a Proyectos Categor\u00eda \u00abA\u00bb<br \/>\n<\/a><a style=\"color: #0000ff\" href=\"https:\/\/www.unc.edu.ar\/sites\/default\/files\/Res.Secyt_313_16_Anexo_II_ProyectosB.pdf\" target=\"_blank\" rel=\"noopener noreferrer\">Anexo II &#8211; Subsidios a Proyectos Categor\u00eda \u00abB\u00bb<br \/>\n<\/a><\/span><a href=\"https:\/\/www.unc.edu.ar\/sites\/default\/files\/Res.Secyt_313_16_Anexo_III_Programas.pdf\" target=\"_blank\" rel=\"noopener noreferrer\"><span style=\"color: #0000ff\">Anexo III &#8211; Subsidios a Programas<\/span><br \/>\n<\/a>&#8211; 2\u00ba Resoluci\u00f3n Secyt 366\/16 y anexos: <a href=\"http:\/\/ffyh.unc.edu.ar\/secyt\/wp-content\/uploads\/sites\/22\/2011\/04\/SUB_366_2016.pdf\" target=\"_blank\" rel=\"noopener noreferrer\">descargar<\/a><br \/>\nResoluci\u00f3n Rectoral 65\/2017 (convalida Res. Secyt 366\/16): <a href=\"http:\/\/ffyh.unc.edu.ar\/secyt\/wp-content\/uploads\/sites\/22\/2011\/04\/RR_65_2017-1.pdf\" target=\"_blank\" rel=\"noopener noreferrer\">descargar<\/a><\/li>\n<\/ul>\n<ul>\n<li><strong>A\u00f1o 2014-2015:<\/strong> Res. 1565\/2014 (<a href=\"http:\/\/ffyh.unc.edu.ar\/secyt\/wp-content\/uploads\/sites\/22\/2011\/04\/RR_1565_2014.pdf\" target=\"_blank\" rel=\"noopener noreferrer\">Descargar RES<\/a> &#8211; <a href=\"https:\/\/drive.google.com\/file\/d\/0BxTOBr5RPIozbjc1S3lyMk9kbHM\/view?usp=sharing\" target=\"_blank\" rel=\"noopener noreferrer\">Descargar ANEXO<\/a>)<\/li>\n<\/ul>\n<ul>\n<li><strong>A\u00f1o 2012-2013:<\/strong> Res. Secyt 162\/12 (<a href=\"http:\/\/ffyh.unc.edu.ar\/secyt\/wp-content\/uploads\/sites\/22\/2011\/04\/Res.-Proyectos-Secyt-2012-2013.pdf\" target=\"_blank\" rel=\"noopener noreferrer\">Descargar<\/a>)<br \/>\n&#8211;<a href=\"http:\/\/www.unc.edu.ar\/investigacion\/subsidios-e-incentivos\/parainvestigacion\/docs\/2012_anexo1_proyectosA.pdf\" target=\"_blank\" rel=\"noopener noreferrer\">Anexo 1: Asignaci\u00f3n de Subsidios a Proyectos Categor\u00eda \u00abA\u00bb<\/a><br \/>\n&#8211;\u00a0<a href=\"http:\/\/www.unc.edu.ar\/investigacion\/subsidios-e-incentivos\/parainvestigacion\/docs\/2012_anexo2_proyectosB.pdf\" target=\"_blank\" rel=\"noopener noreferrer\">Anexo 2: Asignaci\u00f3n de Subsidios a Proyectos Categor\u00eda \u00abB\u00bb<\/a><br \/>\n&#8211;\u00a0<a href=\"http:\/\/www.unc.edu.ar\/investigacion\/subsidios-e-incentivos\/parainvestigacion\/docs\/2012_anexo3_programas.pdf\" target=\"_blank\" rel=\"noopener noreferrer\">Anexo 3: Asignaci\u00f3n de Subsidios a Programas<\/a><br \/>\n&#8211;\u00a0<a href=\"http:\/\/www.unc.edu.ar\/investigacion\/subsidios-e-incentivos\/parainvestigacion\/docs\/2012_anexo4_avalacademico.pdf\" target=\"_blank\" rel=\"noopener noreferrer\">Anexo 4: Asignaci\u00f3n de Avales Acad\u00e9micos<\/a><\/li>\n<\/ul>\n<ul>\n<li><strong>A\u00f1o 2010-2011<\/strong> &#8211; Resoluci\u00f3n \u00a0(<a href=\"http:\/\/ffyh.unc.edu.ar\/secyt\/wp-content\/uploads\/sites\/22\/2011\/04\/resolucion-proyectos-2010.pdf\" target=\"_blank\" rel=\"noopener noreferrer\">Descargar<\/a>)<br \/>\n-Categor\u00eda A: I parte (<a href=\"http:\/\/ffyh.unc.edu.ar\/secyt\/wp-content\/uploads\/sites\/22\/2011\/04\/rr_2472-10_rs_214-10_anexoi_cata.pdf\" target=\"_blank\" rel=\"noopener noreferrer\">Descargar<\/a>) II parte \u00a0(<a href=\"http:\/\/ffyh.unc.edu.ar\/secyt\/wp-content\/uploads\/sites\/22\/2011\/04\/rs_314-10_anexoi_cata.pdf\">Descargar)<\/a><br \/>\n-Categor\u00eda B: I parte (<a href=\"http:\/\/ffyh.unc.edu.ar\/secyt\/wp-content\/uploads\/sites\/22\/2011\/04\/rr_2472-10_rs_214-10_anexoii_catb.pdf\" target=\"_blank\" rel=\"noopener noreferrer\">Descargar<\/a>) II parte (<a href=\"http:\/\/ffyh.unc.edu.ar\/secyt\/wp-content\/uploads\/sites\/22\/2011\/04\/rs_314-10_anexoii_catb.pdf\">Descargar<\/a>)<br \/>\n-Avales: I parte (<a href=\"http:\/\/ffyh.unc.edu.ar\/secyt\/wp-content\/uploads\/sites\/22\/2011\/04\/rr_2472-10_rs_214-10_anexoiii_avales.pdf\" target=\"_blank\" rel=\"noopener noreferrer\">Descargar<\/a>) II parte (<a href=\"http:\/\/ffyh.unc.edu.ar\/secyt\/wp-content\/uploads\/sites\/22\/2011\/04\/rs_314-10_anexoiii_avales.pdf\">Descargar<\/a>)<\/li>\n<\/ul>\n<ul>\n<li><strong>A\u00f1o 2008-2009<\/strong> (<a href=\"http:\/\/ffyh.unc.edu.ar\/secyt\/wp-content\/uploads\/sites\/22\/2011\/04\/subsidio-secyt-069-2008.pdf\" target=\"_blank\" rel=\"noopener noreferrer\">Descargar<\/a>)<\/li>\n<\/ul>\n<hr \/>\n<h4><strong>Designaci\u00f3n de integrantes de Comisiones Evaluadoras\u00a0 SECyT-UNC:<\/strong><\/h4>\n<ul>\n<li>Res. SeCyT n\u00ba <a href=\"http:\/\/ffyh.unc.edu.ar\/secyt\/wp-content\/uploads\/sites\/22\/2024\/07\/RS-2024-00418912-UNC-SECYT_ACTIP-56.pdf\">56\/24<\/a> y su rectificatoria <a href=\"http:\/\/ffyh.unc.edu.ar\/secyt\/wp-content\/uploads\/sites\/22\/2024\/07\/RS-2024-00501574-UNC-SECYT_ACTIP-81.pdf\">81\/24<\/a> &#8211; Anexo <a href=\"http:\/\/ffyh.unc.edu.ar\/secyt\/wp-content\/uploads\/sites\/22\/2024\/07\/Anexo-1-1-1.pdf\">I<\/a>, <a href=\"http:\/\/ffyh.unc.edu.ar\/secyt\/wp-content\/uploads\/sites\/22\/2024\/07\/Anexo-2-1-1.pdf\">II<\/a> y <a href=\"http:\/\/ffyh.unc.edu.ar\/secyt\/wp-content\/uploads\/sites\/22\/2024\/07\/Anexo-3-1-1.pdf\">III<\/a><\/li>\n<li>Res. SeCyT n\u00b0 357\/21 <a href=\"http:\/\/ffyh.unc.edu.ar\/secyt\/wp-content\/uploads\/sites\/22\/2021\/09\/descarga.pdf\">(Descargar)<\/a><\/li>\n<li>Res. SeCyT n\u00b0 299\/20<a href=\"http:\/\/ffyh.unc.edu.ar\/secyt\/wp-content\/uploads\/sites\/22\/2021\/09\/RES_299_2020.pdf\">(Descargar)<\/a><\/li>\n<\/ul>\n<hr \/>\n<h4>M\u00e1s resoluciones:<\/h4>\n<p><a href=\"https:\/\/digesto.unc.edu.ar\/\"><img decoding=\"async\" src=\"https:\/\/encrypted-tbn0.gstatic.com\/images?q=tbn:ANd9GcQ5RvK7dUo_TtBi-UdF7FSDOagqM4zayvUTdQ&amp;s\" alt=\"Digesto Electr\u00f3nico | Universidad Nacional de C\u00f3rdoba\" \/><\/a><\/p>\n","protected":false},"excerpt":{"rendered":"<p>Resoluciones vinculadas a la investigaci\u00f3n en la FFyH y la UNC Ortogamiento de Becas de Iniciaci\u00f3n en la Investigaci\u00f3n Becas<\/p>\n","protected":false},"author":1,"featured_media":0,"parent":0,"menu_order":17,"comment_status":"closed","ping_status":"closed","template":"","meta":{"_acf_changed":false,"colormag_page_container_layout":"default_layout","colormag_page_sidebar_layout":"default_layout","footnotes":""},"class_list":["post-367","page","type-page","status-publish","hentry"],"acf":[],"_links":{"self":[{"href":"https:\/\/ffyh.unc.edu.ar\/secyt\/wp-json\/wp\/v2\/pages\/367","targetHints":{"allow":["GET"]}}],"collection":[{"href":"https:\/\/ffyh.unc.edu.ar\/secyt\/wp-json\/wp\/v2\/pages"}],"about":[{"href":"https:\/\/ffyh.unc.edu.ar\/secyt\/wp-json\/wp\/v2\/types\/page"}],"author":[{"embeddable":true,"href":"https:\/\/ffyh.unc.edu.ar\/secyt\/wp-json\/wp\/v2\/users\/1"}],"replies":[{"embeddable":true,"href":"https:\/\/ffyh.unc.edu.ar\/secyt\/wp-json\/wp\/v2\/comments?post=367"}],"version-history":[{"count":29,"href":"https:\/\/ffyh.unc.edu.ar\/secyt\/wp-json\/wp\/v2\/pages\/367\/revisions"}],"predecessor-version":[{"id":5627,"href":"https:\/\/ffyh.unc.edu.ar\/secyt\/wp-json\/wp\/v2\/pages\/367\/revisions\/5627"}],"wp:attachment":[{"href":"https:\/\/ffyh.unc.edu.ar\/secyt\/wp-json\/wp\/v2\/media?parent=367"}],"curies":[{"name":"wp","href":"https:\/\/api.w.org\/{rel}","templated":true}]}}