{"id":4080,"date":"2024-05-02T18:19:04","date_gmt":"2024-05-02T18:19:04","guid":{"rendered":"https:\/\/ffyh.unc.edu.ar\/secyt\/?page_id=4080"},"modified":"2026-02-23T14:56:18","modified_gmt":"2026-02-23T14:56:18","slug":"certificacion-proyectos-de-investigacion","status":"publish","type":"page","link":"https:\/\/ffyh.unc.edu.ar\/secyt\/tramites\/certificacion-proyectos-de-investigacion\/","title":{"rendered":"Participaci\u00f3n en proyectos de investigaci\u00f3n"},"content":{"rendered":"<hr \/>\n<h3><img loading=\"lazy\" decoding=\"async\" class=\"aligncenter wp-image-2803 size-full\" src=\"http:\/\/ffyh.unc.edu.ar\/secyt\/wp-content\/uploads\/sites\/22\/2021\/09\/2-e1632701556619.png\" alt=\"\" width=\"1920\" height=\"393\" srcset=\"https:\/\/ffyh.unc.edu.ar\/secyt\/wp-content\/uploads\/sites\/22\/2021\/09\/2-e1632701556619.png 1920w, https:\/\/ffyh.unc.edu.ar\/secyt\/wp-content\/uploads\/sites\/22\/2021\/09\/2-e1632701556619-300x61.png 300w, https:\/\/ffyh.unc.edu.ar\/secyt\/wp-content\/uploads\/sites\/22\/2021\/09\/2-e1632701556619-1024x210.png 1024w, https:\/\/ffyh.unc.edu.ar\/secyt\/wp-content\/uploads\/sites\/22\/2021\/09\/2-e1632701556619-768x157.png 768w, https:\/\/ffyh.unc.edu.ar\/secyt\/wp-content\/uploads\/sites\/22\/2021\/09\/2-e1632701556619-1536x314.png 1536w\" sizes=\"auto, (max-width: 1920px) 100vw, 1920px\" \/><\/h3>\n<blockquote><p>Modelos de Certificado<\/p><\/blockquote>\n<ul>\n<li><strong>Director\/a de Proyecto\/Programa de Investigaci\u00f3n<\/strong>:\n<ul>\n<li><a href=\"https:\/\/docs.google.com\/document\/d\/1tQQ35BSrReKH0w4aK09aGuVMWixhaRYqfMhJVEJ7oeU\/edit?usp=sharing\" rel=\"noopener\">Descargar Modelo<\/a><\/li>\n<li>Instrucciones: Una vez completados los campos entre corchetes, enviar en formato Word al correo: <a rel=\"noopener\">secyt@ffyh.unc.edu.ar<\/a><\/li>\n<\/ul>\n<\/li>\n<li><strong>Co-Director\/a e integrantes de Proyecto de Investigaci\u00f3n<\/strong>:\n<ul>\n<li><a href=\"https:\/\/docs.google.com\/document\/d\/19JGfWWF2wTPA7XAt7y7YtFc-NdGXEGje9S_GQwIMksc\/edit?usp=sharing\" rel=\"noopener\">Descargar Modelo<\/a><\/li>\n<li>Instrucciones para Completar:\n<ul>\n<li>Rellenar los campos entre corchetes con la informaci\u00f3n correspondiente.<\/li>\n<li>Firma del Director\/a: Solicitar la firma del\/a Director\/a del proyecto (y del\/a Director\/a del programa, si aplica) antes de enviar el documento.<\/li>\n<li>Env\u00edo: Una vez completado y firmado, enviar el certificado en formato Word al correo <a rel=\"noopener\">secyt@ffyh.unc.edu.ar<\/a>.<\/li>\n<\/ul>\n<\/li>\n<\/ul>\n<\/li>\n<\/ul>\n<blockquote><p>Verificaci\u00f3n de Informaci\u00f3n<\/p><\/blockquote>\n<p>La SeICyT verifica todos los datos completados en el sistema SIGEVA y los informes acad\u00e9micos correspondientes. Solo se certifica el desempe\u00f1o formal en proyectos que cuenten con el alta correspondiente y donde el\/la interesade est\u00e9 vinculado en SIGEVA.<\/p>\n<blockquote><p>Tiempo de Procesamiento de Certificaciones<\/p><\/blockquote>\n<p>Debido al control de datos y al volumen de solicitudes que recibimos, la emisi\u00f3n de certificaciones de desempe\u00f1o en investigaci\u00f3n puede demorar hasta 48 horas h\u00e1biles. Recomendamos prever este tiempo al realizar las solicitudes.<\/p>\n<blockquote><p>ACLARACIONES IMPORTANTES<\/p><\/blockquote>\n<p><strong>Certificaci\u00f3n en Programas de Investigaci\u00f3n<\/strong>:<\/p>\n<ul>\n<li>No se certifica el desempe\u00f1o individual en programas. Los programas est\u00e1n compuestos por proyectos, no por personas. En caso de ser necesario, el certificado indicar\u00e1 que el proyecto forma parte del programa \u00abX\u00bb. Si el\/la Director\/a del proyecto no es la misma persona que el\/la Director\/a del programa, ambos deben firmar el certificado.<\/li>\n<\/ul>\n<p><strong>Periodos de Vigencia de los Proyectos:<\/strong><\/p>\n<ul>\n<li>Consolidar 2026: 01\/01\/2026 &#8211; 31\/12\/2029<\/li>\n<li>Formar, Estimular y Programas 2026: 01\/01\/2026 &#8211; 31\/12\/2027<\/li>\n<li>Consolidar 2023: 01\/10\/2023 &#8211; 31\/12\/2027<\/li>\n<li>Formar, Estimular y Programas 2023: 01\/10\/2023 &#8211; 31\/12\/2025<\/li>\n<li>Consolidar 2020: 01\/01\/2020 &#8211; 31\/12\/2025<\/li>\n<li>Formar, Estimular y Programas 2020: 01\/01\/2020 &#8211; 30\/09\/2023<\/li>\n<li>Consolidar 2018: 01\/01\/2018 &#8211; 30\/09\/2023<\/li>\n<li>Proyectos Categor\u00eda A y B 2016: 01\/01\/2016 &#8211; 31\/12\/2017 (aplicable a programas)<\/li>\n<li>Proyectos Categor\u00eda A y B 2014: 01\/01\/2014 &#8211; 31\/12\/2015 (aplicable a programas)<\/li>\n<li>Proyectos Categor\u00eda A y B 2012: 01\/01\/2012 &#8211; 31\/12\/2013 (aplicable a programas)<\/li>\n<\/ul>\n<p><strong>Resoluciones de aprobaci\u00f3n de Proyectos: <a href=\"https:\/\/ffyh.unc.edu.ar\/secyt\/resoluciones\/\">consultar<\/a><\/strong><\/p>\n<p>&nbsp;<\/p>\n<p><strong><img loading=\"lazy\" decoding=\"async\" class=\" wp-image-4467 alignleft\" src=\"http:\/\/ffyh.unc.edu.ar\/secyt\/wp-content\/uploads\/sites\/22\/2024\/08\/WIDGETS-WEB-SEICYT-1.png\" alt=\"\" width=\"95\" height=\"94\" srcset=\"https:\/\/ffyh.unc.edu.ar\/secyt\/wp-content\/uploads\/sites\/22\/2024\/08\/WIDGETS-WEB-SEICYT-1.png 594w, https:\/\/ffyh.unc.edu.ar\/secyt\/wp-content\/uploads\/sites\/22\/2024\/08\/WIDGETS-WEB-SEICYT-1-300x298.png 300w, https:\/\/ffyh.unc.edu.ar\/secyt\/wp-content\/uploads\/sites\/22\/2024\/08\/WIDGETS-WEB-SEICYT-1-150x150.png 150w\" sizes=\"auto, (max-width: 95px) 100vw, 95px\" \/><\/strong><\/p>\n<p><strong>Contacto para Tr\u00e1mites y Certificaciones<\/strong><br \/>\nSi tenes alguna duda o necesitas asistencia para completar un tr\u00e1mite, podes ponerte en contacto con nosotres:<br \/>\n<strong>Correo Electr\u00f3nico<\/strong>: secyt@ffyh.unc.edu.ar<br \/>\n<strong>Tel.:<\/strong> 0351-5353610 (int. 50045) Atenci\u00f3n: lunes a viernes de 10:30 a 13:00 y de 14:00 a 16:30 hs.<\/p>\n","protected":false},"excerpt":{"rendered":"<p>Modelos de Certificado Director\/a de Proyecto\/Programa de Investigaci\u00f3n: Descargar Modelo Instrucciones: Una vez completados los campos entre corchetes, enviar en<\/p>\n","protected":false},"author":8,"featured_media":0,"parent":1621,"menu_order":0,"comment_status":"closed","ping_status":"closed","template":"","meta":{"_acf_changed":false,"colormag_page_container_layout":"default_layout","colormag_page_sidebar_layout":"default_layout","footnotes":""},"class_list":["post-4080","page","type-page","status-publish","hentry"],"acf":[],"_links":{"self":[{"href":"https:\/\/ffyh.unc.edu.ar\/secyt\/wp-json\/wp\/v2\/pages\/4080","targetHints":{"allow":["GET"]}}],"collection":[{"href":"https:\/\/ffyh.unc.edu.ar\/secyt\/wp-json\/wp\/v2\/pages"}],"about":[{"href":"https:\/\/ffyh.unc.edu.ar\/secyt\/wp-json\/wp\/v2\/types\/page"}],"author":[{"embeddable":true,"href":"https:\/\/ffyh.unc.edu.ar\/secyt\/wp-json\/wp\/v2\/users\/8"}],"replies":[{"embeddable":true,"href":"https:\/\/ffyh.unc.edu.ar\/secyt\/wp-json\/wp\/v2\/comments?post=4080"}],"version-history":[{"count":34,"href":"https:\/\/ffyh.unc.edu.ar\/secyt\/wp-json\/wp\/v2\/pages\/4080\/revisions"}],"predecessor-version":[{"id":5575,"href":"https:\/\/ffyh.unc.edu.ar\/secyt\/wp-json\/wp\/v2\/pages\/4080\/revisions\/5575"}],"up":[{"embeddable":true,"href":"https:\/\/ffyh.unc.edu.ar\/secyt\/wp-json\/wp\/v2\/pages\/1621"}],"wp:attachment":[{"href":"https:\/\/ffyh.unc.edu.ar\/secyt\/wp-json\/wp\/v2\/media?parent=4080"}],"curies":[{"name":"wp","href":"https:\/\/api.w.org\/{rel}","templated":true}]}}