{"id":4087,"date":"2024-05-03T13:53:42","date_gmt":"2024-05-03T13:53:42","guid":{"rendered":"https:\/\/ffyh.unc.edu.ar\/secyt\/?page_id=4087"},"modified":"2025-10-01T16:15:03","modified_gmt":"2025-10-01T16:15:03","slug":"altas-y-bajas-de-integrantes-proyectos","status":"publish","type":"page","link":"https:\/\/ffyh.unc.edu.ar\/secyt\/tramites\/altas-y-bajas-de-integrantes-proyectos\/","title":{"rendered":"Altas y bajas de integrantes de Proyectos"},"content":{"rendered":"<h3><img loading=\"lazy\" decoding=\"async\" class=\"aligncenter wp-image-2805 size-full\" src=\"http:\/\/ffyh.unc.edu.ar\/secyt\/wp-content\/uploads\/sites\/22\/2021\/09\/3-e1632701616567.png\" alt=\"\" width=\"1920\" height=\"355\" srcset=\"https:\/\/ffyh.unc.edu.ar\/secyt\/wp-content\/uploads\/sites\/22\/2021\/09\/3-e1632701616567.png 1920w, https:\/\/ffyh.unc.edu.ar\/secyt\/wp-content\/uploads\/sites\/22\/2021\/09\/3-e1632701616567-300x55.png 300w, https:\/\/ffyh.unc.edu.ar\/secyt\/wp-content\/uploads\/sites\/22\/2021\/09\/3-e1632701616567-1024x189.png 1024w, https:\/\/ffyh.unc.edu.ar\/secyt\/wp-content\/uploads\/sites\/22\/2021\/09\/3-e1632701616567-768x142.png 768w, https:\/\/ffyh.unc.edu.ar\/secyt\/wp-content\/uploads\/sites\/22\/2021\/09\/3-e1632701616567-1536x284.png 1536w\" sizes=\"auto, (max-width: 1920px) 100vw, 1920px\" \/><\/h3>\n<p>IMPORTANTE:<\/p>\n<ul>\n<li>Los cambios de Director\/a o Codirector\/a se solicitan por Expediente Electr\u00f3nico, no por esta v\u00eda.<\/li>\n<li>Los cambios de rol s\u00f3lo se admiten en los proyectos Consolidar. El cambio impactar\u00e1 en la conformaci\u00f3n del equipo de trabajo a los dos a\u00f1os (medio t\u00e9rmino) de ejecuci\u00f3n del proyecto.<\/li>\n<\/ul>\n<p><em><strong>Instrucciones<\/strong><\/em><\/p>\n<ol>\n<li>Descargar los formularios:\u00a0<a href=\"https:\/\/ffyh.unc.edu.ar\/secyt\/wp-content\/uploads\/sites\/22\/2025\/03\/Solicitud-de-cambio-de-rol-de-integrante.doc\">Cambio de rol<\/a>\/\u00a0<a href=\"https:\/\/ffyh.unc.edu.ar\/secyt\/wp-content\/uploads\/sites\/22\/2021\/04\/Solicitud-de-alta-de-integrante_1.doc\">Alta<\/a>\u00a0\/\u00a0<a href=\"https:\/\/ffyh.unc.edu.ar\/secyt\/wp-content\/uploads\/sites\/22\/2021\/04\/Solicitud-de-baja-de-integrante_1.doc\">Baja\u00a0<\/a><\/li>\n<li>Completar la planilla correspondiente de alta, baja o cambio de rol (1 planilla por persona)<\/li>\n<li>Completar las firmas solicitadas (se puede firmar en el pdf, firmar en papel y escanear, o firmar electr\u00f3nicamente en GDE haciendo una nota GEDO con la planilla como documento embebido)<\/li>\n<li>Enviar la planilla por email a <a href=\"mailto:subsidios@secyt.unc.edu.ar\">subsidios@secyt.unc.edu.ar<\/a> con copia a <a href=\"mailto:secyt@ffyh.unc.edu.ar\">secyt@ffyh.unc.edu.ar<\/a>, teniendo en cuenta lo siguiente:<\/li>\n<\/ol>\n<ul>\n<li>El email debe ser enviado desde la cuenta de email del director o codirector del proyecto.<\/li>\n<li>En el \u00abAsunto\u00bb del email escribir el tipo de solicitud, apellido y nombre del director, apellido y nombre del integrante.<\/li>\n<\/ul>\n<p>Ejemplos:<\/p>\n<p>\u00abAlta \u2013 Giacomelli Carla \u2013 Cano Viviana\u00bb<\/p>\n<p>\u00abBaja \u2013 Giacomelli Carla \u2013 Vasti Cecilia\u00bb<\/p>\n<p>\u00abCambio de rol \u2013 Giacomelli Carla \u2013 Mart\u00edn Laura\u00bb<\/p>\n<ul>\n<li>Se debe enviar 1 sola planilla en cada email (si se quieren hacer 2 altas y 1 baja, se tienen que enviar 3 emails)<\/li>\n<li>En caso de ser un alta o cambio de rol de un \u201cInvestigador Responsable\u201d, adjuntar tambi\u00e9n un CV del integrante, para corroborar que cumple con los requisitos establecidos en el reglamento de Programas y Proyectos de investigaci\u00f3n, desarrollo tecnol\u00f3gico y art\u00edstico de Secyt UNC (RHCS 250\/2018).<\/li>\n<li>Requisitos necesarios para ALTAS de integrantes (no se efectivizar\u00e1 el alta si no se cumple alguno de ellos)<\/li>\n<li>El nuevo integrante deber\u00e1 completar en el Banco de Datos de SIGEVA UNC como m\u00ednimo:<\/li>\n<\/ul>\n<ol>\n<li>\u00a0Datos Personales<\/li>\n<li>Direcci\u00f3n Residencial<\/li>\n<li>\u00a0Lugar de Trabajo<\/li>\n<li>Subir un CV en formato .doc o .pdf en el \u00edtem \u201cCurriculum Vitae\u201d<\/li>\n<\/ol>\n<ul>\n<li>Cumplir lo establecido en el Art.19 del Reglamento, respecto a la incompatibilidad al participar en otro proyecto de investigaci\u00f3n, desarrollo tecnol\u00f3gico y art\u00edstico de Secyt UNC (RHCS 250\/2018).<\/li>\n<li>Cambio de tipolog\u00eda de Proyectos Consolidar: se efect\u00faan solamente cuando se cumplen los 2 primeros a\u00f1os del per\u00edodo de vigencia del proyecto y se abre la convocatoria para los proyectos Formar, Estimular y Programas.<\/li>\n<\/ul>\n<hr \/>\n","protected":false},"excerpt":{"rendered":"<p>IMPORTANTE: Los cambios de Director\/a o Codirector\/a se solicitan por Expediente Electr\u00f3nico, no por esta v\u00eda. Los cambios de rol<\/p>\n","protected":false},"author":8,"featured_media":0,"parent":1621,"menu_order":1,"comment_status":"closed","ping_status":"closed","template":"","meta":{"_acf_changed":false,"colormag_page_container_layout":"default_layout","colormag_page_sidebar_layout":"default_layout","footnotes":""},"class_list":["post-4087","page","type-page","status-publish","hentry"],"acf":[],"_links":{"self":[{"href":"https:\/\/ffyh.unc.edu.ar\/secyt\/wp-json\/wp\/v2\/pages\/4087","targetHints":{"allow":["GET"]}}],"collection":[{"href":"https:\/\/ffyh.unc.edu.ar\/secyt\/wp-json\/wp\/v2\/pages"}],"about":[{"href":"https:\/\/ffyh.unc.edu.ar\/secyt\/wp-json\/wp\/v2\/types\/page"}],"author":[{"embeddable":true,"href":"https:\/\/ffyh.unc.edu.ar\/secyt\/wp-json\/wp\/v2\/users\/8"}],"replies":[{"embeddable":true,"href":"https:\/\/ffyh.unc.edu.ar\/secyt\/wp-json\/wp\/v2\/comments?post=4087"}],"version-history":[{"count":5,"href":"https:\/\/ffyh.unc.edu.ar\/secyt\/wp-json\/wp\/v2\/pages\/4087\/revisions"}],"predecessor-version":[{"id":5437,"href":"https:\/\/ffyh.unc.edu.ar\/secyt\/wp-json\/wp\/v2\/pages\/4087\/revisions\/5437"}],"up":[{"embeddable":true,"href":"https:\/\/ffyh.unc.edu.ar\/secyt\/wp-json\/wp\/v2\/pages\/1621"}],"wp:attachment":[{"href":"https:\/\/ffyh.unc.edu.ar\/secyt\/wp-json\/wp\/v2\/media?parent=4087"}],"curies":[{"name":"wp","href":"https:\/\/api.w.org\/{rel}","templated":true}]}}