{"id":4089,"date":"2024-05-03T13:55:09","date_gmt":"2024-05-03T13:55:09","guid":{"rendered":"https:\/\/ffyh.unc.edu.ar\/secyt\/?page_id=4089"},"modified":"2025-11-06T15:58:03","modified_gmt":"2025-11-06T15:58:03","slug":"informa-final-beca-de-iniciacion-en-la-investigacion","status":"publish","type":"page","link":"https:\/\/ffyh.unc.edu.ar\/secyt\/tramites\/informa-final-beca-de-iniciacion-en-la-investigacion\/","title":{"rendered":"Informe final Beca de iniciaci\u00f3n en la investigaci\u00f3n"},"content":{"rendered":"<p><img loading=\"lazy\" decoding=\"async\" class=\"alignnone size-full wp-image-5478\" src=\"http:\/\/ffyh.unc.edu.ar\/secyt\/wp-content\/uploads\/sites\/22\/2025\/10\/Sin-titulo-1920-x-412-px-1-scaled.png\" alt=\"\" width=\"2560\" height=\"580\" srcset=\"https:\/\/ffyh.unc.edu.ar\/secyt\/wp-content\/uploads\/sites\/22\/2025\/10\/Sin-titulo-1920-x-412-px-1-scaled.png 2560w, https:\/\/ffyh.unc.edu.ar\/secyt\/wp-content\/uploads\/sites\/22\/2025\/10\/Sin-titulo-1920-x-412-px-1-300x68.png 300w, https:\/\/ffyh.unc.edu.ar\/secyt\/wp-content\/uploads\/sites\/22\/2025\/10\/Sin-titulo-1920-x-412-px-1-1024x232.png 1024w, https:\/\/ffyh.unc.edu.ar\/secyt\/wp-content\/uploads\/sites\/22\/2025\/10\/Sin-titulo-1920-x-412-px-1-768x174.png 768w, https:\/\/ffyh.unc.edu.ar\/secyt\/wp-content\/uploads\/sites\/22\/2025\/10\/Sin-titulo-1920-x-412-px-1-1536x348.png 1536w, https:\/\/ffyh.unc.edu.ar\/secyt\/wp-content\/uploads\/sites\/22\/2025\/10\/Sin-titulo-1920-x-412-px-1-2048x464.png 2048w, https:\/\/ffyh.unc.edu.ar\/secyt\/wp-content\/uploads\/sites\/22\/2025\/10\/Sin-titulo-1920-x-412-px-1-1320x299.png 1320w\" sizes=\"auto, (max-width: 2560px) 100vw, 2560px\" \/><\/p>\n<hr \/>\n<p><span style=\"font-size: 12pt\"><span style=\"font-weight: 400\">El informe final de Beca de Iniciaci\u00f3n a la Investigaci\u00f3n debe presentarse a trav\u00e9s de <strong>expediente virtual<\/strong>, gestionado por la Mesa de Entradas Digital de la Facultad\u00a0 de Filosof\u00eda y Humanidades. Para ello, existe un formulario creado por Mesa de Entradas para facilitar la tarea. Ingresa a <\/span><a href=\"https:\/\/blogs.ffyh.unc.edu.ar\/operativaymesadeentradas\/tramites-on-line\/aprobacion-de-informe-final-de-beca-de-iniciacion-en-la-investigacion\/\"><span style=\"font-weight: 400\">Tr\u00e1mite &#8211; Informe Final de Beca de Iniciaci\u00f3n en la Investigaci\u00f3n<\/span><\/a><span style=\"font-weight: 400\"> y adjunta la documentaci\u00f3n correspondiente <em>(unificar documentaci\u00f3n en un solo archivo)<\/em>, seg\u00fan se trate de Beca para estudiantes o Beca para egresades.<\/span><\/span><\/p>\n<hr \/>\n<h3><b><br \/>\n\ud83d\udcda <span style=\"font-size: 14pt\">Para ESTUDIANTES<\/span><\/b><\/h3>\n<div>\n<p><span style=\"font-weight: 400;font-size: 12pt\">El objetivo de la beca es acompa\u00f1ar el trayecto formativo en investigaci\u00f3n que termina con la elaboraci\u00f3n del Trabajo Final de Licenciatura (TFL) o el Informe de Pr\u00e1ctica Profesional Supervisada (PPS). Esto requiere presentar el Trabajo Final de Licenciatura (TFL) o el Informe de Pr\u00e1ctica Profesional Supervisada en la Escuela o Departamento correspondiente.<\/span><\/p>\n<p>&nbsp;<\/p>\n<\/div>\n<div>\n<p><b>Qu\u00e9 hacer:<\/b><\/p>\n<ul>\n<li style=\"font-weight: 400\"><span style=\"font-weight: 400\">Si ya aprobaste el informe de la pr\u00e1ctica o defendiste tu TFL<\/span>\n<ol>\n<li style=\"font-weight: 400\"><span style=\"font-weight: 400\">\u00a1Felicitaciones!<\/span><\/li>\n<li style=\"font-weight: 400\"><span style=\"font-weight: 400\">Debes adjuntar documentaci\u00f3n que nos permita corroborar la aprobaci\u00f3n.<\/span><\/li>\n<\/ol>\n<\/li>\n<li style=\"font-weight: 400\">Si a\u00fan no pudiste defender el informe de la Pr\u00e1ctica o el Trabajo Final de Licenciatura, pero el trabajo se encuentra en etapa de evaluaci\u00f3n conforme a los lineamientos establecidos por cada Escuela o Departamento, d<span style=\"font-weight: 400\">eber\u00e1s pedir a la Escuela o Departamento que certifique la recepci\u00f3n de tu trabajo final.<\/span><\/li>\n<li style=\"font-weight: 400\"><span style=\"font-weight: 400\">Si todav\u00eda el trabajo final est\u00e1 en curso, debes presentar un pedido de pr\u00f3rroga del informe de la beca, detallando las actividades realizadas, el estado de avance de la redacci\u00f3n y posible fecha de entrega, con el aval de director\/a y\/o codirector\/a si hubiere.<\/span><\/li>\n<\/ul>\n<p><b>Plazo de presentaci\u00f3n de documentaci\u00f3n:<\/b><span style=\"font-weight: 400\"> 3 meses posteriores a la finalizaci\u00f3n de la beca (31\/10\/2025)<\/span><\/p>\n<p><b>Documentaci\u00f3n a presentar:<\/b><\/p>\n<ul>\n<li style=\"font-weight: 400\"><span style=\"font-weight: 400\">Nota de elevaci\u00f3n (<a href=\"https:\/\/docs.google.com\/document\/d\/1biXCSxK0DGCETKg8ewt-x4yp57gPH-oGQv_Y26UDL0A\/copy\">ver modelo<\/a>) con:<\/span>\n<ul>\n<li style=\"font-weight: 400\"><span style=\"font-weight: 400\">Datos personales del\/la becario\/a<\/span><\/li>\n<li style=\"font-weight: 400\"><span style=\"font-weight: 400\">Datos de la beca<\/span><\/li>\n<li style=\"font-weight: 400\"><span style=\"font-weight: 400\">Aval del director\/a de la beca (y codirecto\/ar si hubiere).\u00a0<\/span><\/li>\n<\/ul>\n<\/li>\n<li style=\"font-weight: 400\"><span style=\"font-weight: 400\">\u00a0<\/span><b>Uno<\/b><span style=\"font-weight: 400\"> de los siguientes documentos probatorios:<\/span>\n<ul>\n<li style=\"font-weight: 400\"><span style=\"font-weight: 400\">Constancia emitida por la Escuela o Departamento,\u00a0 <\/span><b>O<\/b><\/li>\n<li style=\"font-weight: 400\"><span style=\"font-weight: 400\">Dictamen de defensa del TFL o Pr\u00e1ctica Profesional con firma de la Escuela o Departamento, <\/span><b>O<\/b><\/li>\n<li style=\"font-weight: 400\"><span style=\"font-weight: 400\">Certificado anal\u00edtico. <\/span><\/li>\n<\/ul>\n<\/li>\n<\/ul>\n<\/div>\n<div>\n<hr \/>\n<\/div>\n<h3><b>\ud83c\udf93 <span style=\"font-size: 14pt\">Para EGRESADES<\/span><\/b><\/h3>\n<div>\n<p><b>Plazo:<\/b><span style=\"font-weight: 400\"> 2 meses posteriores a la finalizaci\u00f3n de la beca (31\/10\/2025)<\/span><\/p>\n<p><b>Documentaci\u00f3n a presentar:<\/b><\/p>\n<ol>\n<li style=\"font-weight: 400\"><b>Informe Final<\/b><span style=\"font-weight: 400\"> sobre la labor realizada<\/span><\/li>\n<li style=\"font-weight: 400\"><b>Nota de aval<\/b><span style=\"font-weight: 400\"> del\/la Director\/a (y co-director\/a si correspondiere).<\/span><\/li>\n<\/ol>\n<p><b>Contenido del Informe Final:<\/b><\/p>\n<p><span style=\"font-weight: 400\">El informe debe describir logros y dificultades durante la investigaci\u00f3n, siguiendo esta estructura. Algunos campos son opcionales (como el 3), dependiendo de si se hab\u00eda planificado en el proyecto de la beca.<\/span><\/p>\n<ol>\n<li style=\"font-weight: 400\"><b>Tema investigado<\/b>\n<ul>\n<li style=\"font-weight: 400\"><span style=\"font-weight: 400\">T\u00edtulo<\/span><\/li>\n<li style=\"font-weight: 400\"><span style=\"font-weight: 400\">Breve descripci\u00f3n<\/span><\/li>\n<li style=\"font-weight: 400\"><span style=\"font-weight: 400\">Hip\u00f3tesis (si corresponde)<\/span><\/li>\n<\/ul>\n<\/li>\n<li style=\"font-weight: 400\"><b>Resultados alcanzados<\/b>\n<ul>\n<li style=\"font-weight: 400\"><span style=\"font-weight: 400\">Resumen de la investigaci\u00f3n.<\/span><\/li>\n<li style=\"font-weight: 400\"><span style=\"font-weight: 400\">Publicaciones (planificadas, enviadas, publicadas)<\/span><\/li>\n<li style=\"font-weight: 400\"><span style=\"font-weight: 400\">Presentaciones en congresos<\/span><\/li>\n<li style=\"font-weight: 400\"><span style=\"font-weight: 400\">Participaci\u00f3n en equipos de investigaci\u00f3n<\/span><\/li>\n<\/ul>\n<\/li>\n<li style=\"font-weight: 400\"><b>Proyecci\u00f3n acad\u00e9mica<\/b>\n<ul>\n<li style=\"font-weight: 400\"><span style=\"font-weight: 400\">Anteproyectos elaborados para inscripci\u00f3n a maestr\u00eda o doctorado<\/span><\/li>\n<\/ul>\n<\/li>\n<li style=\"font-weight: 400\"><b>Dificultades encontradas<\/b>\n<ul>\n<li style=\"font-weight: 400\"><span style=\"font-weight: 400\">Obst\u00e1culos durante el proceso de investigaci\u00f3n<\/span><\/li>\n<\/ul>\n<\/li>\n<li style=\"font-weight: 400\"><b>Otras actividades relacionadas<\/b><\/li>\n<\/ol>\n<\/div>\n","protected":false},"excerpt":{"rendered":"<p>El informe final de Beca de Iniciaci\u00f3n a la Investigaci\u00f3n debe presentarse a trav\u00e9s de expediente virtual, gestionado por la<\/p>\n","protected":false},"author":8,"featured_media":0,"parent":1621,"menu_order":2,"comment_status":"closed","ping_status":"closed","template":"","meta":{"_acf_changed":false,"colormag_page_container_layout":"default_layout","colormag_page_sidebar_layout":"default_layout","footnotes":""},"class_list":["post-4089","page","type-page","status-publish","hentry"],"acf":[],"_links":{"self":[{"href":"https:\/\/ffyh.unc.edu.ar\/secyt\/wp-json\/wp\/v2\/pages\/4089","targetHints":{"allow":["GET"]}}],"collection":[{"href":"https:\/\/ffyh.unc.edu.ar\/secyt\/wp-json\/wp\/v2\/pages"}],"about":[{"href":"https:\/\/ffyh.unc.edu.ar\/secyt\/wp-json\/wp\/v2\/types\/page"}],"author":[{"embeddable":true,"href":"https:\/\/ffyh.unc.edu.ar\/secyt\/wp-json\/wp\/v2\/users\/8"}],"replies":[{"embeddable":true,"href":"https:\/\/ffyh.unc.edu.ar\/secyt\/wp-json\/wp\/v2\/comments?post=4089"}],"version-history":[{"count":14,"href":"https:\/\/ffyh.unc.edu.ar\/secyt\/wp-json\/wp\/v2\/pages\/4089\/revisions"}],"predecessor-version":[{"id":5486,"href":"https:\/\/ffyh.unc.edu.ar\/secyt\/wp-json\/wp\/v2\/pages\/4089\/revisions\/5486"}],"up":[{"embeddable":true,"href":"https:\/\/ffyh.unc.edu.ar\/secyt\/wp-json\/wp\/v2\/pages\/1621"}],"wp:attachment":[{"href":"https:\/\/ffyh.unc.edu.ar\/secyt\/wp-json\/wp\/v2\/media?parent=4089"}],"curies":[{"name":"wp","href":"https:\/\/api.w.org\/{rel}","templated":true}]}}