{"id":4224,"date":"2024-08-05T18:52:33","date_gmt":"2024-08-05T18:52:33","guid":{"rendered":"https:\/\/ffyh.unc.edu.ar\/secyt\/?page_id=4224"},"modified":"2025-11-05T15:37:22","modified_gmt":"2025-11-05T15:37:22","slug":"avales","status":"publish","type":"page","link":"https:\/\/ffyh.unc.edu.ar\/secyt\/comite-de-etica\/avales\/","title":{"rendered":"Avales"},"content":{"rendered":"<p><strong>Del otorgamiento de avales<\/strong><\/p>\n<p>El Comit\u00e9 de \u00c9tica de la Facultad de Filosof\u00eda y Humanidades tiene la responsabilidad de emitir avales para proyectos, programas de investigaci\u00f3n y planes de trabajo de becas que cumplan con las pautas, criterios y normativas \u00e9ticas establecidas. Estos avales son esenciales para la presentaci\u00f3n de proyectos ante organismos de promoci\u00f3n cient\u00edfica, tales como UNC, CONICET, MINCyT, FONCyT ANPCyT, OMS, Ministerio de Salud, OPS, entre otros.<\/p>\n<p>El Comit\u00e9 evaluar\u00e1 las solicitudes de aquellos proyectos que hayan cumplimentado los requisitos de admisibilidad de la convocatoria o del programa al cual postulan. En caso de que sea necesario, el Comit\u00e9 podr\u00e1 requerir la reformulaci\u00f3n del proyecto para asegurar el cumplimiento de los est\u00e1ndares \u00e9ticos. El aval se emitir\u00e1 una vez que las observaciones hayan sido debidamente atendidas. Adem\u00e1s, el Comit\u00e9 podr\u00e1 revisar, si lo considera pertinente, el cumplimiento de los aspectos \u00e9ticos tanto en la presentaci\u00f3n inicial como en los informes parciales y finales de los proyectos que cuenten con su aval.<\/p>\n<p><strong>Funcionamiento del Comit\u00e9<\/strong><\/p>\n<p>Las reuniones plenarias del Comit\u00e9 ser\u00e1n convocadas por la Secretar\u00eda de Investigaci\u00f3n, Ciencia y T\u00e9cnica (SeICyT) de la FFyH. El qu\u00f3rum para la toma de decisiones se establece con la presencia de la mitad m\u00e1s uno de los integrantes del Comit\u00e9. En caso de no alcanzarse un consenso, las decisiones se someter\u00e1n a votaci\u00f3n, resolvi\u00e9ndose por mayor\u00eda simple.<\/p>\n<p><strong>Requisitos para la solicitud de avales<\/strong><\/p>\n<p>Cualquier investigador\/a, equipo de investigaci\u00f3n, becario\/a o postulante que necesite un aval del Comit\u00e9 de \u00c9tica, en relaci\u00f3n con aspectos \u00e9ticos de su proyecto, puede solicitarlo siguiendo los requisitos y plazos definidos por el Comit\u00e9. Esto garantiza que las observaciones pertinentes puedan ser incorporadas al proyecto antes de su presentaci\u00f3n ante los organismos financiadores.<\/p>\n<blockquote><p>Documentaci\u00f3n y Aspectos a Considerar para la Solicitud:<\/p><\/blockquote>\n<p>Para solicitar un aval, se debe presentar una nota en la Mesa de Entradas de la FFyH que incluya la siguiente informaci\u00f3n:<\/p>\n<p>\u2714 T\u00edtulo del proyecto.<br \/>\n\u2714 Direcci\u00f3n y co-direcci\u00f3n (si corresponde).<br \/>\n\u2714 Duraci\u00f3n del proyecto.<br \/>\n\u2714 Correo electr\u00f3nico de contacto.<br \/>\n\u2714 Explicitar ante qui\u00e9n ser\u00e1 presentado y las motivaciones del aval solicitado.<br \/>\n\u2714 Explicitar la trayectoria de la investigaci\u00f3n y si es continuidad de proyectos anteriores.<br \/>\n\u2714 Adjuntar a la nota el plan de trabajo\/proyecto de investigaci\u00f3n.<br \/>\n\u2714 Si existe un enlace con informaci\u00f3n y que permita localizar al proyecto en su contexto institucional incluirlo en la informaci\u00f3n presentada.<br \/>\n\u2714 Si es un proyecto de investigaci\u00f3n en el marco de una carrera de Grado o Posgrado de esta facultad, indicar:<br \/>\n&#8211; Nombre de la carrera.<br \/>\n&#8211; Documentaci\u00f3n probatoria de aprobaci\u00f3n del plan de trabajo.<\/p>\n<p><img loading=\"lazy\" decoding=\"async\" class=\"wp-image-4519 alignleft\" src=\"http:\/\/ffyh.unc.edu.ar\/secyt\/wp-content\/uploads\/sites\/22\/2024\/08\/WIDGETS-WEB-SEICYT-2.png\" alt=\"\" width=\"95\" height=\"95\" srcset=\"https:\/\/ffyh.unc.edu.ar\/secyt\/wp-content\/uploads\/sites\/22\/2024\/08\/WIDGETS-WEB-SEICYT-2.png 571w, https:\/\/ffyh.unc.edu.ar\/secyt\/wp-content\/uploads\/sites\/22\/2024\/08\/WIDGETS-WEB-SEICYT-2-300x298.png 300w, https:\/\/ffyh.unc.edu.ar\/secyt\/wp-content\/uploads\/sites\/22\/2024\/08\/WIDGETS-WEB-SEICYT-2-150x150.png 150w\" sizes=\"(max-width: 95px) 100vw, 95px\" \/><\/p>\n<p>&nbsp;<\/p>\n<p style=\"text-align: left\">Mesa de Entradas y Salidas:<br \/>\nmesadeentradas@ffyh.unc.edu.ar<\/p>\n<p>&nbsp;<\/p>\n<p><strong>Entrevistas y Asesoramiento Adicional<\/strong><\/p>\n<p>El Comit\u00e9 puede solicitar entrevistas con el\/la postulante del proyecto y\/o su director\/a si lo considera necesario para clarificar o profundizar en aspectos \u00e9ticos espec\u00edficos.<\/p>\n<p><strong><img loading=\"lazy\" decoding=\"async\" class=\" wp-image-4467 alignleft\" src=\"http:\/\/ffyh.unc.edu.ar\/secyt\/wp-content\/uploads\/sites\/22\/2024\/08\/WIDGETS-WEB-SEICYT-1.png\" alt=\"\" width=\"95\" height=\"94\" srcset=\"https:\/\/ffyh.unc.edu.ar\/secyt\/wp-content\/uploads\/sites\/22\/2024\/08\/WIDGETS-WEB-SEICYT-1.png 594w, https:\/\/ffyh.unc.edu.ar\/secyt\/wp-content\/uploads\/sites\/22\/2024\/08\/WIDGETS-WEB-SEICYT-1-300x298.png 300w, https:\/\/ffyh.unc.edu.ar\/secyt\/wp-content\/uploads\/sites\/22\/2024\/08\/WIDGETS-WEB-SEICYT-1-150x150.png 150w\" sizes=\"(max-width: 95px) 100vw, 95px\" \/><\/strong><\/p>\n<p><strong>Contacto para Tr\u00e1mites y Certificaciones<\/strong><br \/>\nSi tenes alguna duda o necesitas asistencia para completar un tr\u00e1mite, pod\u00e9s ponerte en contacto con el equipo de la SEICyT acerc\u00e1ndote al Pabell\u00f3n Residencial.<br \/>\n<strong>Correo Electr\u00f3nico<\/strong>: secyt@ffyh.unc.edu.ar<br \/>\n<strong>Tel.:<\/strong> 0351-5353610 (int. 50045)<\/p>\n","protected":false},"excerpt":{"rendered":"<p>Del otorgamiento de avales El Comit\u00e9 de \u00c9tica de la Facultad de Filosof\u00eda y Humanidades tiene la responsabilidad de emitir<\/p>\n","protected":false},"author":8,"featured_media":0,"parent":3097,"menu_order":0,"comment_status":"closed","ping_status":"closed","template":"","meta":{"_acf_changed":false,"saved_in_kubio":false,"colormag_page_container_layout":"default_layout","colormag_page_sidebar_layout":"default_layout","footnotes":""},"class_list":["post-4224","page","type-page","status-publish","hentry"],"acf":[],"kubio_ai_page_context":{"short_desc":"","purpose":"general"},"_links":{"self":[{"href":"https:\/\/ffyh.unc.edu.ar\/secyt\/wp-json\/wp\/v2\/pages\/4224","targetHints":{"allow":["GET"]}}],"collection":[{"href":"https:\/\/ffyh.unc.edu.ar\/secyt\/wp-json\/wp\/v2\/pages"}],"about":[{"href":"https:\/\/ffyh.unc.edu.ar\/secyt\/wp-json\/wp\/v2\/types\/page"}],"author":[{"embeddable":true,"href":"https:\/\/ffyh.unc.edu.ar\/secyt\/wp-json\/wp\/v2\/users\/8"}],"replies":[{"embeddable":true,"href":"https:\/\/ffyh.unc.edu.ar\/secyt\/wp-json\/wp\/v2\/comments?post=4224"}],"version-history":[{"count":22,"href":"https:\/\/ffyh.unc.edu.ar\/secyt\/wp-json\/wp\/v2\/pages\/4224\/revisions"}],"predecessor-version":[{"id":5485,"href":"https:\/\/ffyh.unc.edu.ar\/secyt\/wp-json\/wp\/v2\/pages\/4224\/revisions\/5485"}],"up":[{"embeddable":true,"href":"https:\/\/ffyh.unc.edu.ar\/secyt\/wp-json\/wp\/v2\/pages\/3097"}],"wp:attachment":[{"href":"https:\/\/ffyh.unc.edu.ar\/secyt\/wp-json\/wp\/v2\/media?parent=4224"}],"curies":[{"name":"wp","href":"https:\/\/api.w.org\/{rel}","templated":true}]}}