{"id":4528,"date":"2024-08-18T02:06:03","date_gmt":"2024-08-18T02:06:03","guid":{"rendered":"https:\/\/ffyh.unc.edu.ar\/secyt\/?page_id=4528"},"modified":"2025-10-23T17:57:05","modified_gmt":"2025-10-23T17:57:05","slug":"sigeva-weke","status":"publish","type":"page","link":"https:\/\/ffyh.unc.edu.ar\/secyt\/sigeva-weke\/","title":{"rendered":"SIGEVA \/ WEKE"},"content":{"rendered":"<p><img decoding=\"async\" class=\"alignleft\" src=\"https:\/\/www.unc.edu.ar\/sites\/default\/files\/sigeva-escudo.png\" width=\"171\" height=\"71\" \/><\/p>\n<p>El SIGEVA (Sistema Integral de Gesti\u00f3n y Evaluaci\u00f3n de la Actividad Cient\u00edfica y Acad\u00e9mica) es una plataforma que centraliza y gestiona toda la informaci\u00f3n relacionada con la actividad acad\u00e9mica e investigadora. A trav\u00e9s de SIGEVA, les usuaries pueden registrar sus antecedentes, desde la formaci\u00f3n acad\u00e9mica hasta la producci\u00f3n cient\u00edfica, facilitando la evaluaci\u00f3n y el seguimiento de su trayectoria profesional. Este sistema es esencial para quienes desean integrarse a equipos de investigaci\u00f3n, aplicar a becas o proyectos y mantenerse vinculados al\u00a0 \u00e1mbito acad\u00e9mico.<\/p>\n<ul>\n<li style=\"list-style-type: none\">\n<ul>\n<li style=\"list-style-type: none\">\n<ul>\n<li style=\"list-style-type: none\">\n<ul>\n<li style=\"list-style-type: none\">\n<ul>\n<li style=\"list-style-type: none\">\n<ul>\n<li style=\"list-style-type: none\">\n<ul>\n<li><a href=\"https:\/\/sigeva.unc.edu.ar\/auth\/\">INGRESAR AL SISTEMA<\/a><\/li>\n<li><a href=\"https:\/\/www.unc.edu.ar\/sites\/default\/files\/manual-banco-datos.pdf\">MANUAL DE USUARIO<\/a><\/li>\n<\/ul>\n<\/li>\n<\/ul>\n<\/li>\n<\/ul>\n<\/li>\n<\/ul>\n<\/li>\n<\/ul>\n<\/li>\n<\/ul>\n<\/li>\n<\/ul>\n<p style=\"text-align: left\"><img decoding=\"async\" class=\"alignleft\" src=\"https:\/\/encrypted-tbn0.gstatic.com\/images?q=tbn:ANd9GcSdEtoMPwalLUT-QFYdm4kkg7JGHt-1vGSYHg&amp;s\" alt=\"MANUAL DE USUARIO\" width=\"108\" height=\"169\" \/><\/p>\n<p>&nbsp;<\/p>\n<p style=\"text-align: left\">Weke es un Sistema Web destinado a les investigadores de la Universidad Nacional de C\u00f3rdoba, a trav\u00e9s del cual\u00a0 podr\u00e1n realizar la rendici\u00f3n Contable a los subsidios otorgados a proyectos y programas de investigaci\u00f3n.<\/p>\n<ul>\n<li style=\"list-style-type: none\">\n<ul>\n<li style=\"list-style-type: none\">\n<ul>\n<li style=\"list-style-type: none\">\n<ul>\n<li style=\"list-style-type: none\">\n<ul>\n<li style=\"list-style-type: none\">\n<ul>\n<li><a href=\"https:\/\/admin.weke.unc.edu.ar\/#\/\">INGRESAR AL SISTEMA<\/a><\/li>\n<li><a href=\"http:\/\/ffyh.unc.edu.ar\/secyt\/wp-content\/uploads\/sites\/22\/2025\/09\/Manual-de-Usuario-Rol-Investigador.pdf\">MANUAL DE USUARIO<\/a><\/li>\n<\/ul>\n<\/li>\n<\/ul>\n<\/li>\n<\/ul>\n<\/li>\n<\/ul>\n<\/li>\n<\/ul>\n<\/li>\n<\/ul>\n<p>&nbsp;<\/p>\n<p>Procedimiento rendici\u00f3n acad\u00e9mica y contable: <a href=\"https:\/\/ffyh.unc.edu.ar\/secyt\/vinculacion-secyt-unc\/proyectos-y-programas-de-investigacion-rendicion-contable\/\">ingresar<\/a><\/p>\n","protected":false},"excerpt":{"rendered":"<p>El SIGEVA (Sistema Integral de Gesti\u00f3n y Evaluaci\u00f3n de la Actividad Cient\u00edfica y Acad\u00e9mica) es una plataforma que centraliza y<\/p>\n","protected":false},"author":8,"featured_media":0,"parent":0,"menu_order":18,"comment_status":"closed","ping_status":"closed","template":"","meta":{"_acf_changed":false,"colormag_page_container_layout":"default_layout","colormag_page_sidebar_layout":"default_layout","footnotes":""},"class_list":["post-4528","page","type-page","status-publish","hentry"],"acf":[],"_links":{"self":[{"href":"https:\/\/ffyh.unc.edu.ar\/secyt\/wp-json\/wp\/v2\/pages\/4528","targetHints":{"allow":["GET"]}}],"collection":[{"href":"https:\/\/ffyh.unc.edu.ar\/secyt\/wp-json\/wp\/v2\/pages"}],"about":[{"href":"https:\/\/ffyh.unc.edu.ar\/secyt\/wp-json\/wp\/v2\/types\/page"}],"author":[{"embeddable":true,"href":"https:\/\/ffyh.unc.edu.ar\/secyt\/wp-json\/wp\/v2\/users\/8"}],"replies":[{"embeddable":true,"href":"https:\/\/ffyh.unc.edu.ar\/secyt\/wp-json\/wp\/v2\/comments?post=4528"}],"version-history":[{"count":15,"href":"https:\/\/ffyh.unc.edu.ar\/secyt\/wp-json\/wp\/v2\/pages\/4528\/revisions"}],"predecessor-version":[{"id":5472,"href":"https:\/\/ffyh.unc.edu.ar\/secyt\/wp-json\/wp\/v2\/pages\/4528\/revisions\/5472"}],"wp:attachment":[{"href":"https:\/\/ffyh.unc.edu.ar\/secyt\/wp-json\/wp\/v2\/media?parent=4528"}],"curies":[{"name":"wp","href":"https:\/\/api.w.org\/{rel}","templated":true}]}}