{"id":5213,"date":"2025-04-22T16:05:24","date_gmt":"2025-04-22T16:05:24","guid":{"rendered":"https:\/\/ffyh.unc.edu.ar\/secyt\/?page_id=5213"},"modified":"2025-08-26T18:45:36","modified_gmt":"2025-08-26T18:45:36","slug":"internacionalizacion","status":"publish","type":"page","link":"https:\/\/ffyh.unc.edu.ar\/secyt\/internacionalizacion\/","title":{"rendered":"Internacionalizaci\u00f3n"},"content":{"rendered":"<p>El<b> \u00c1rea de internalizaci\u00f3n de la ciencia\u00a0<\/b>es un espacio que funciona en el marco de la Secretar\u00eda de Investigaci\u00f3n, Ciencia y T\u00e9cnica de la Facultad, en articulaci\u00f3n con SECyT y la Prosecretar\u00eda de Relaciones Internacionales de la UNC.<\/p>\n<p>Los objetivos del \u00e1rea son:<\/p>\n<ul>\n<li style=\"font-weight: 400\"><span style=\"font-weight: 400\">Identificar y difundir oportunidades de vinculaci\u00f3n internacional pertinentes a los perfiles de investigaci\u00f3n de la FFyH.<\/span><\/li>\n<li style=\"font-weight: 400\"><span style=\"font-weight: 400\">Visibilizar las acciones de cooperaci\u00f3n internacional de les investigadores de la FFyH, buscando fortalecer la redes ya existentes y estimulando la formaci\u00f3n de otras nuevas.\u00a0<\/span><\/li>\n<li style=\"font-weight: 400\"><span style=\"font-weight: 400\">Habilitar un espacio institucional para la formalizar las relaciones y acciones de cooperaci\u00f3n internacional que realizan les investigadores de la FFyH.\u00a0<\/span><\/li>\n<li style=\"font-weight: 400\"><span style=\"font-weight: 400\">Llevar un registro estad\u00edstico sobre la internacionalizaci\u00f3n de la ciencia en la FFyH.<\/span><\/li>\n<\/ul>\n<p>Las actividades que se realizan desde este espacio incluyen:<\/p>\n<ul>\n<li style=\"font-weight: 400\"><span style=\"font-weight: 400\">Producci\u00f3n de <a href=\"https:\/\/ffyh.unc.edu.ar\/secyt\/listado-de-proyectos-y-programas\/portafolios-area-de-internacionalizacion-de-la-ciencia\/\">portafolios institucionales<\/a> por equipos y \u00e1reas de investigaci\u00f3n.<\/span><\/li>\n<li style=\"font-weight: 400\"><span style=\"font-weight: 400\">Relevamiento de la geolocalizaci\u00f3n de las actividades de vinculaci\u00f3n internacional presentadas en el <a href=\"https:\/\/ffyh.unc.edu.ar\/secyt\/mapa-de-internacionalizacion\/\">mapa interactivo de internacionalizaci\u00f3n.<\/a><\/span><\/li>\n<li><span style=\"font-weight: 400\">B\u00fasqueda de convocatorias de financiamiento generales para las \u00e1reas de la FFyH y personalizadas para equipos. <\/span><\/li>\n<li>Socializaci\u00f3n de experiencias de internacionalizaci\u00f3n de la ciencia.<\/li>\n<\/ul>\n<p>&nbsp;<\/p>\n<p>Para cualquier consulta o env\u00edo de portafolios puede dirigirse al correo del \u00c1rea de Internacionalizaci\u00f3n de la Ciencia: <a href=\"mailto:internacionalizacion@ffyh.unc.edu.ar\">internacionalizacion@ffyh.unc.edu.ar<\/a><\/p>\n<p style=\"padding-left: 40px\">\n<p>&nbsp;<\/p>\n","protected":false},"excerpt":{"rendered":"<p>El \u00c1rea de internalizaci\u00f3n de la ciencia\u00a0es un espacio que funciona en el marco de la Secretar\u00eda de Investigaci\u00f3n, Ciencia<\/p>\n","protected":false},"author":8,"featured_media":5352,"parent":0,"menu_order":0,"comment_status":"closed","ping_status":"closed","template":"","meta":{"_acf_changed":false,"colormag_page_container_layout":"default_layout","colormag_page_sidebar_layout":"default_layout","footnotes":""},"class_list":["post-5213","page","type-page","status-publish","has-post-thumbnail","hentry"],"acf":[],"_links":{"self":[{"href":"https:\/\/ffyh.unc.edu.ar\/secyt\/wp-json\/wp\/v2\/pages\/5213","targetHints":{"allow":["GET"]}}],"collection":[{"href":"https:\/\/ffyh.unc.edu.ar\/secyt\/wp-json\/wp\/v2\/pages"}],"about":[{"href":"https:\/\/ffyh.unc.edu.ar\/secyt\/wp-json\/wp\/v2\/types\/page"}],"author":[{"embeddable":true,"href":"https:\/\/ffyh.unc.edu.ar\/secyt\/wp-json\/wp\/v2\/users\/8"}],"replies":[{"embeddable":true,"href":"https:\/\/ffyh.unc.edu.ar\/secyt\/wp-json\/wp\/v2\/comments?post=5213"}],"version-history":[{"count":3,"href":"https:\/\/ffyh.unc.edu.ar\/secyt\/wp-json\/wp\/v2\/pages\/5213\/revisions"}],"predecessor-version":[{"id":5350,"href":"https:\/\/ffyh.unc.edu.ar\/secyt\/wp-json\/wp\/v2\/pages\/5213\/revisions\/5350"}],"wp:featuredmedia":[{"embeddable":true,"href":"https:\/\/ffyh.unc.edu.ar\/secyt\/wp-json\/wp\/v2\/media\/5352"}],"wp:attachment":[{"href":"https:\/\/ffyh.unc.edu.ar\/secyt\/wp-json\/wp\/v2\/media?parent=5213"}],"curies":[{"name":"wp","href":"https:\/\/api.w.org\/{rel}","templated":true}]}}