{"id":5383,"date":"2025-09-10T17:42:42","date_gmt":"2025-09-10T17:42:42","guid":{"rendered":"https:\/\/ffyh.unc.edu.ar\/secyt\/?page_id=5383"},"modified":"2026-03-03T18:19:46","modified_gmt":"2026-03-03T18:19:46","slug":"actas-consejo-asesor-de-ciencia-y-tecnica","status":"publish","type":"page","link":"https:\/\/ffyh.unc.edu.ar\/secyt\/actas-consejo-asesor-de-ciencia-y-tecnica\/","title":{"rendered":"Actas | Consejo Asesor de Ciencia y T\u00e9cnica"},"content":{"rendered":"<ul>\n<li><span style=\"color: #0037db\"><a style=\"color: #0037db\" href=\"http:\/\/ffyh.unc.edu.ar\/secyt\/wp-content\/uploads\/sites\/22\/2026\/03\/Acta-de-Consejo-Asesor-Interno-24-de-febrero-2026.pdf\">Reuni\u00f3n Consejo Asesor interno 24 de febrero de 2025<\/a><\/span><\/li>\n<li><span style=\"color: #0037db\"><a style=\"color: #0037db\" href=\"http:\/\/ffyh.unc.edu.ar\/secyt\/wp-content\/uploads\/sites\/22\/2025\/11\/Acta-Consejo-Asesor-Interno-11-de-noviembre-de-2025_temario.pdf\">Reuni\u00f3n Consejo Asesor interno 11 de noviembre de 2025<\/a><\/span><\/li>\n<li><span style=\"color: #0037db\"><a style=\"color: #0037db\" href=\"http:\/\/ffyh.unc.edu.ar\/secyt\/wp-content\/uploads\/sites\/22\/2025\/11\/Minuta-reunion-de-Consejo-Asesor-Interno-14-de-octubre-de-2025_temario.pdf\">Reuni\u00f3n Consejo Asesor interno 14 de octubre de 2025<\/a><\/span><\/li>\n<li><span style=\"color: #0037db\"><a style=\"color: #0037db\" href=\"http:\/\/ffyh.unc.edu.ar\/secyt\/wp-content\/uploads\/sites\/22\/2025\/09\/ACTA-Reunion-Consejo-asesor-interno-09_09_25.pdf\">Reuni\u00f3n Consejo Asesor interno 9 de septiembre de 2025<\/a><\/span><\/li>\n<li><span style=\"color: #0037db\"><a style=\"color: #0037db\" href=\"http:\/\/ffyh.unc.edu.ar\/secyt\/wp-content\/uploads\/sites\/22\/2025\/09\/ACTA-Reunion-Consejo-asesor-interno-21_08_25.pdf\">Reuni\u00f3n Consejo Asesor interno 21 de agosto de 2025<\/a><\/span><\/li>\n<\/ul>\n<hr \/>\n","protected":false},"excerpt":{"rendered":"<p>Reuni\u00f3n Consejo Asesor interno 24 de febrero de 2025 Reuni\u00f3n Consejo Asesor interno 11 de noviembre de 2025 Reuni\u00f3n Consejo<\/p>\n","protected":false},"author":8,"featured_media":0,"parent":0,"menu_order":0,"comment_status":"closed","ping_status":"closed","template":"","meta":{"_acf_changed":false,"colormag_page_container_layout":"default_layout","colormag_page_sidebar_layout":"default_layout","footnotes":""},"class_list":["post-5383","page","type-page","status-publish","hentry"],"acf":[],"_links":{"self":[{"href":"https:\/\/ffyh.unc.edu.ar\/secyt\/wp-json\/wp\/v2\/pages\/5383","targetHints":{"allow":["GET"]}}],"collection":[{"href":"https:\/\/ffyh.unc.edu.ar\/secyt\/wp-json\/wp\/v2\/pages"}],"about":[{"href":"https:\/\/ffyh.unc.edu.ar\/secyt\/wp-json\/wp\/v2\/types\/page"}],"author":[{"embeddable":true,"href":"https:\/\/ffyh.unc.edu.ar\/secyt\/wp-json\/wp\/v2\/users\/8"}],"replies":[{"embeddable":true,"href":"https:\/\/ffyh.unc.edu.ar\/secyt\/wp-json\/wp\/v2\/comments?post=5383"}],"version-history":[{"count":11,"href":"https:\/\/ffyh.unc.edu.ar\/secyt\/wp-json\/wp\/v2\/pages\/5383\/revisions"}],"predecessor-version":[{"id":5592,"href":"https:\/\/ffyh.unc.edu.ar\/secyt\/wp-json\/wp\/v2\/pages\/5383\/revisions\/5592"}],"wp:attachment":[{"href":"https:\/\/ffyh.unc.edu.ar\/secyt\/wp-json\/wp\/v2\/media?parent=5383"}],"curies":[{"name":"wp","href":"https:\/\/api.w.org\/{rel}","templated":true}]}}