{"id":5388,"date":"2025-09-10T17:50:03","date_gmt":"2025-09-10T17:50:03","guid":{"rendered":"https:\/\/ffyh.unc.edu.ar\/secyt\/?page_id=5388"},"modified":"2025-09-19T14:49:03","modified_gmt":"2025-09-19T14:49:03","slug":"consejo-asesor-de-ciencia-y-tecnica","status":"publish","type":"page","link":"https:\/\/ffyh.unc.edu.ar\/secyt\/consejo-asesor-de-ciencia-y-tecnica\/","title":{"rendered":"Consejo Asesor de Ciencia y T\u00e9cnica"},"content":{"rendered":"<p>Desde 2018, la Facultad cuenta con un Consejo Asesor propio, conformado por directores de centros e institutos de investigaci\u00f3n y unidades ejecutoras de doble dependencia (<a href=\"\/\/ffyh.unc.edu.ar\/secyt\/wp-content\/uploads\/sites\/22\/2021\/04\/RES_54_2018.pdf\">Res. HCD 54\/18<\/a>). El Consejo, coordinado por la SeICyT, se enfoca en:<\/p>\n<ul>\n<li>Coordinar pol\u00edticas de investigaci\u00f3n a nivel institucional.<\/li>\n<li>Generar acuerdos en puntos clave de la agenda de la Secretar\u00eda.<\/li>\n<li>Comunicar novedades y convocatorias de la SeCyT UNC y otros organismos de promoci\u00f3n cient\u00edfica.<\/li>\n<\/ul>\n<h2><span style=\"color: #3b56d1;font-size: 14pt\">Integrantes:<\/span><\/h2>\n<p style=\"padding-left: 40px\">Lic. Isabel Castro Ola\u00f1eta, Directora del Centro de Investigaciones Mar\u00eda Saleme de Burnichon<br \/>\nMgter. Celina Hafford, Directora del Museo de Antropolog\u00edas<br \/>\nDra. Ariela Batt\u00e1n\u00a0Horenstein, Directora del Instituto de Humanidades<br \/>\nDr. Andr\u00e9s Izeta, Director del Instituto de Antropolog\u00eda de C\u00f3rdoba<\/p>\n<blockquote><p><strong>Actas reuniones: <a href=\"https:\/\/ffyh.unc.edu.ar\/secyt\/actas-consejo-asesor-de-ciencia-y-tecnica\/\">consultar<\/a><\/strong><\/p><\/blockquote>\n","protected":false},"excerpt":{"rendered":"<p>Desde 2018, la Facultad cuenta con un Consejo Asesor propio, conformado por directores de centros e institutos de investigaci\u00f3n y<\/p>\n","protected":false},"author":8,"featured_media":0,"parent":0,"menu_order":0,"comment_status":"closed","ping_status":"closed","template":"","meta":{"_acf_changed":false,"colormag_page_container_layout":"default_layout","colormag_page_sidebar_layout":"default_layout","footnotes":""},"class_list":["post-5388","page","type-page","status-publish","hentry"],"acf":[],"_links":{"self":[{"href":"https:\/\/ffyh.unc.edu.ar\/secyt\/wp-json\/wp\/v2\/pages\/5388","targetHints":{"allow":["GET"]}}],"collection":[{"href":"https:\/\/ffyh.unc.edu.ar\/secyt\/wp-json\/wp\/v2\/pages"}],"about":[{"href":"https:\/\/ffyh.unc.edu.ar\/secyt\/wp-json\/wp\/v2\/types\/page"}],"author":[{"embeddable":true,"href":"https:\/\/ffyh.unc.edu.ar\/secyt\/wp-json\/wp\/v2\/users\/8"}],"replies":[{"embeddable":true,"href":"https:\/\/ffyh.unc.edu.ar\/secyt\/wp-json\/wp\/v2\/comments?post=5388"}],"version-history":[{"count":8,"href":"https:\/\/ffyh.unc.edu.ar\/secyt\/wp-json\/wp\/v2\/pages\/5388\/revisions"}],"predecessor-version":[{"id":5407,"href":"https:\/\/ffyh.unc.edu.ar\/secyt\/wp-json\/wp\/v2\/pages\/5388\/revisions\/5407"}],"wp:attachment":[{"href":"https:\/\/ffyh.unc.edu.ar\/secyt\/wp-json\/wp\/v2\/media?parent=5388"}],"curies":[{"name":"wp","href":"https:\/\/api.w.org\/{rel}","templated":true}]}}