{"id":183,"date":"2025-10-23T18:55:10","date_gmt":"2025-10-23T16:55:10","guid":{"rendered":"https:\/\/ffyh.unc.edu.ar\/tosco50\/?page_id=183"},"modified":"2025-10-29T16:05:23","modified_gmt":"2025-10-29T15:05:23","slug":"institucional","status":"publish","type":"page","link":"https:\/\/ffyh.unc.edu.ar\/tosco50\/institucional\/","title":{"rendered":"Institucional"},"content":{"rendered":"<p>El 5 de noviembre de 2025 se cumplen 50 a\u00f1os del fallecimiento de Agust\u00edn Tosco, figura fundamental de las luchas populares cordobesas y pieza fundamental en la construcci\u00f3n de v\u00ednculos de solidaridad entre el movimiento obrero y estudiantil durante las d\u00e9cadas centrales del siglo XX. En vistas a esa conmemoraci\u00f3n la Facultad de Filosof\u00eda y Humanidades solicit\u00f3 que se declare de inter\u00e9s de la Universidad la constituci\u00f3n de una Comisi\u00f3n de Homenaje y las actividades que se desarrollen con motivo del 50 aniversario.<\/p>\n<p>La Comisi\u00f3n, aprobada por Resoluci\u00f3n Rectoral 2139, tiene como objetivo realizar distintas acciones de memoria que involucran a la comunidad educativa de la Facultad de Filosof\u00eda y Humanidades y a otras instituciones participantes y que tienen por objeto visibilizar acciones, lugares, intervenciones, que hacen a la evocaci\u00f3n del dirigente gremial en nuestra instituci\u00f3n. Estas acciones se re\u00fanen bajo el lema: \u201cHuellas de Agust\u00edn Tosco en la Facultad de Filosof\u00eda y Humanidades \u2013 UNC: presente en la memoria colectiva a 50 a\u00f1os de su fallecimiento\u201d.<\/p>\n<p>Esta comisi\u00f3n integra a graduades, docentes, nodocentes y estudiantes interesades en participar en las actividades propuestas y posee como coordinadoras a Ana Elisa Arriaga, Bianca Tosco, M\u00f3nica Gordillo, Marcela Cena, Fulvio Stanis y Agostina Gentili.<\/p>\n<p>Descarg\u00e1 la resoluci\u00f3n completa haciendo clic en la imagen.<\/p>\n<p><a href=\"http:\/\/ffyh.unc.edu.ar\/tosco50\/wp-content\/uploads\/sites\/53\/2025\/10\/RR-2025-2139-UNC-REC.pdf\" target=\"_blank\" rel=\"attachment noopener wp-att-244\"><img loading=\"lazy\" decoding=\"async\" class=\"wp-image-244 aligncenter\" src=\"http:\/\/ffyh.unc.edu.ar\/tosco50\/wp-content\/uploads\/sites\/53\/2025\/10\/res-comision-240x300.jpg\" alt=\"\" width=\"400\" height=\"500\" srcset=\"https:\/\/ffyh.unc.edu.ar\/tosco50\/wp-content\/uploads\/sites\/53\/2025\/10\/res-comision-240x300.jpg 240w, https:\/\/ffyh.unc.edu.ar\/tosco50\/wp-content\/uploads\/sites\/53\/2025\/10\/res-comision-768x960.jpg 768w, https:\/\/ffyh.unc.edu.ar\/tosco50\/wp-content\/uploads\/sites\/53\/2025\/10\/res-comision.jpg 800w\" sizes=\"auto, (max-width: 400px) 100vw, 400px\" \/><\/a><\/p>\n<p>&nbsp;<\/p>\n<p>&nbsp;<\/p>\n","protected":false},"excerpt":{"rendered":"<p>El 5 de noviembre de 2025 se cumplen 50 a\u00f1os del fallecimiento de Agust\u00edn Tosco, figura fundamental de las luchas<\/p>\n","protected":false},"author":3,"featured_media":0,"parent":0,"menu_order":0,"comment_status":"closed","ping_status":"closed","template":"","meta":{"_acf_changed":false,"colormag_page_container_layout":"default_layout","colormag_page_sidebar_layout":"default_layout","footnotes":""},"class_list":["post-183","page","type-page","status-publish","hentry"],"acf":[],"yoast_head":"<!-- This site is optimized with the Yoast SEO plugin v27.1.1 - https:\/\/yoast.com\/product\/yoast-seo-wordpress\/ -->\n<title>Institucional - Agust\u00edn Tosco | A 50 a\u00f1os de su fallecimiento<\/title>\n<meta name=\"robots\" content=\"index, follow, max-snippet:-1, max-image-preview:large, max-video-preview:-1\" \/>\n<link rel=\"canonical\" href=\"https:\/\/ffyh.unc.edu.ar\/tosco50\/institucional\/\" \/>\n<meta property=\"og:locale\" content=\"es_ES\" \/>\n<meta property=\"og:type\" content=\"article\" \/>\n<meta property=\"og:title\" content=\"Institucional - Agust\u00edn Tosco | A 50 a\u00f1os de su fallecimiento\" \/>\n<meta property=\"og:description\" content=\"El 5 de noviembre de 2025 se cumplen 50 a\u00f1os del fallecimiento de Agust\u00edn Tosco, figura fundamental de las luchas\" \/>\n<meta property=\"og:url\" content=\"https:\/\/ffyh.unc.edu.ar\/tosco50\/institucional\/\" \/>\n<meta property=\"og:site_name\" content=\"Agust\u00edn Tosco | A 50 a\u00f1os de su fallecimiento\" \/>\n<meta property=\"article:publisher\" content=\"https:\/\/www.facebook.com\/ffyh.unc\/\" \/>\n<meta property=\"article:modified_time\" content=\"2025-10-29T15:05:23+00:00\" \/>\n<meta property=\"og:image\" content=\"https:\/\/ffyh.unc.edu.ar\/tosco50\/wp-content\/uploads\/sites\/53\/2025\/10\/res-comision.jpg\" \/>\n\t<meta property=\"og:image:width\" content=\"800\" \/>\n\t<meta property=\"og:image:height\" content=\"1000\" \/>\n\t<meta property=\"og:image:type\" content=\"image\/jpeg\" \/>\n<meta name=\"twitter:card\" content=\"summary_large_image\" \/>\n<meta name=\"twitter:label1\" content=\"Tiempo de lectura\" \/>\n\t<meta name=\"twitter:data1\" content=\"2 minutos\" \/>\n<script type=\"application\/ld+json\" class=\"yoast-schema-graph\">{\"@context\":\"https:\/\/schema.org\",\"@graph\":[{\"@type\":\"WebPage\",\"@id\":\"https:\/\/ffyh.unc.edu.ar\/tosco50\/institucional\/\",\"url\":\"https:\/\/ffyh.unc.edu.ar\/tosco50\/institucional\/\",\"name\":\"Institucional - Agust\u00edn Tosco | A 50 a\u00f1os de su fallecimiento\",\"isPartOf\":{\"@id\":\"https:\/\/ffyh.unc.edu.ar\/tosco50\/#website\"},\"primaryImageOfPage\":{\"@id\":\"https:\/\/ffyh.unc.edu.ar\/tosco50\/institucional\/#primaryimage\"},\"image\":{\"@id\":\"https:\/\/ffyh.unc.edu.ar\/tosco50\/institucional\/#primaryimage\"},\"thumbnailUrl\":\"http:\/\/ffyh.unc.edu.ar\/tosco50\/wp-content\/uploads\/sites\/53\/2025\/10\/res-comision-240x300.jpg\",\"datePublished\":\"2025-10-23T16:55:10+00:00\",\"dateModified\":\"2025-10-29T15:05:23+00:00\",\"breadcrumb\":{\"@id\":\"https:\/\/ffyh.unc.edu.ar\/tosco50\/institucional\/#breadcrumb\"},\"inLanguage\":\"es\",\"potentialAction\":[{\"@type\":\"ReadAction\",\"target\":[\"https:\/\/ffyh.unc.edu.ar\/tosco50\/institucional\/\"]}]},{\"@type\":\"ImageObject\",\"inLanguage\":\"es\",\"@id\":\"https:\/\/ffyh.unc.edu.ar\/tosco50\/institucional\/#primaryimage\",\"url\":\"https:\/\/ffyh.unc.edu.ar\/tosco50\/wp-content\/uploads\/sites\/53\/2025\/10\/res-comision.jpg\",\"contentUrl\":\"https:\/\/ffyh.unc.edu.ar\/tosco50\/wp-content\/uploads\/sites\/53\/2025\/10\/res-comision.jpg\",\"width\":800,\"height\":1000},{\"@type\":\"BreadcrumbList\",\"@id\":\"https:\/\/ffyh.unc.edu.ar\/tosco50\/institucional\/#breadcrumb\",\"itemListElement\":[{\"@type\":\"ListItem\",\"position\":1,\"name\":\"Portada\",\"item\":\"https:\/\/ffyh.unc.edu.ar\/tosco50\/\"},{\"@type\":\"ListItem\",\"position\":2,\"name\":\"Institucional\"}]},{\"@type\":\"WebSite\",\"@id\":\"https:\/\/ffyh.unc.edu.ar\/tosco50\/#website\",\"url\":\"https:\/\/ffyh.unc.edu.ar\/tosco50\/\",\"name\":\"Agust\u00edn Tosco | A 50 a\u00f1os de su fallecimiento\",\"description\":\"\",\"potentialAction\":[{\"@type\":\"SearchAction\",\"target\":{\"@type\":\"EntryPoint\",\"urlTemplate\":\"https:\/\/ffyh.unc.edu.ar\/tosco50\/?s={search_term_string}\"},\"query-input\":{\"@type\":\"PropertyValueSpecification\",\"valueRequired\":true,\"valueName\":\"search_term_string\"}}],\"inLanguage\":\"es\"}]}<\/script>\n<!-- \/ Yoast SEO plugin. -->","yoast_head_json":{"title":"Institucional - Agust\u00edn Tosco | A 50 a\u00f1os de su fallecimiento","robots":{"index":"index","follow":"follow","max-snippet":"max-snippet:-1","max-image-preview":"max-image-preview:large","max-video-preview":"max-video-preview:-1"},"canonical":"https:\/\/ffyh.unc.edu.ar\/tosco50\/institucional\/","og_locale":"es_ES","og_type":"article","og_title":"Institucional - Agust\u00edn Tosco | A 50 a\u00f1os de su fallecimiento","og_description":"El 5 de noviembre de 2025 se cumplen 50 a\u00f1os del fallecimiento de Agust\u00edn Tosco, figura fundamental de las luchas","og_url":"https:\/\/ffyh.unc.edu.ar\/tosco50\/institucional\/","og_site_name":"Agust\u00edn Tosco | A 50 a\u00f1os de su fallecimiento","article_publisher":"https:\/\/www.facebook.com\/ffyh.unc\/","article_modified_time":"2025-10-29T15:05:23+00:00","og_image":[{"width":800,"height":1000,"url":"https:\/\/ffyh.unc.edu.ar\/tosco50\/wp-content\/uploads\/sites\/53\/2025\/10\/res-comision.jpg","type":"image\/jpeg"}],"twitter_card":"summary_large_image","twitter_misc":{"Tiempo de lectura":"2 minutos"},"schema":{"@context":"https:\/\/schema.org","@graph":[{"@type":"WebPage","@id":"https:\/\/ffyh.unc.edu.ar\/tosco50\/institucional\/","url":"https:\/\/ffyh.unc.edu.ar\/tosco50\/institucional\/","name":"Institucional - Agust\u00edn Tosco | A 50 a\u00f1os de su fallecimiento","isPartOf":{"@id":"https:\/\/ffyh.unc.edu.ar\/tosco50\/#website"},"primaryImageOfPage":{"@id":"https:\/\/ffyh.unc.edu.ar\/tosco50\/institucional\/#primaryimage"},"image":{"@id":"https:\/\/ffyh.unc.edu.ar\/tosco50\/institucional\/#primaryimage"},"thumbnailUrl":"http:\/\/ffyh.unc.edu.ar\/tosco50\/wp-content\/uploads\/sites\/53\/2025\/10\/res-comision-240x300.jpg","datePublished":"2025-10-23T16:55:10+00:00","dateModified":"2025-10-29T15:05:23+00:00","breadcrumb":{"@id":"https:\/\/ffyh.unc.edu.ar\/tosco50\/institucional\/#breadcrumb"},"inLanguage":"es","potentialAction":[{"@type":"ReadAction","target":["https:\/\/ffyh.unc.edu.ar\/tosco50\/institucional\/"]}]},{"@type":"ImageObject","inLanguage":"es","@id":"https:\/\/ffyh.unc.edu.ar\/tosco50\/institucional\/#primaryimage","url":"https:\/\/ffyh.unc.edu.ar\/tosco50\/wp-content\/uploads\/sites\/53\/2025\/10\/res-comision.jpg","contentUrl":"https:\/\/ffyh.unc.edu.ar\/tosco50\/wp-content\/uploads\/sites\/53\/2025\/10\/res-comision.jpg","width":800,"height":1000},{"@type":"BreadcrumbList","@id":"https:\/\/ffyh.unc.edu.ar\/tosco50\/institucional\/#breadcrumb","itemListElement":[{"@type":"ListItem","position":1,"name":"Portada","item":"https:\/\/ffyh.unc.edu.ar\/tosco50\/"},{"@type":"ListItem","position":2,"name":"Institucional"}]},{"@type":"WebSite","@id":"https:\/\/ffyh.unc.edu.ar\/tosco50\/#website","url":"https:\/\/ffyh.unc.edu.ar\/tosco50\/","name":"Agust\u00edn Tosco | A 50 a\u00f1os de su fallecimiento","description":"","potentialAction":[{"@type":"SearchAction","target":{"@type":"EntryPoint","urlTemplate":"https:\/\/ffyh.unc.edu.ar\/tosco50\/?s={search_term_string}"},"query-input":{"@type":"PropertyValueSpecification","valueRequired":true,"valueName":"search_term_string"}}],"inLanguage":"es"}]}},"_links":{"self":[{"href":"https:\/\/ffyh.unc.edu.ar\/tosco50\/wp-json\/wp\/v2\/pages\/183","targetHints":{"allow":["GET"]}}],"collection":[{"href":"https:\/\/ffyh.unc.edu.ar\/tosco50\/wp-json\/wp\/v2\/pages"}],"about":[{"href":"https:\/\/ffyh.unc.edu.ar\/tosco50\/wp-json\/wp\/v2\/types\/page"}],"author":[{"embeddable":true,"href":"https:\/\/ffyh.unc.edu.ar\/tosco50\/wp-json\/wp\/v2\/users\/3"}],"replies":[{"embeddable":true,"href":"https:\/\/ffyh.unc.edu.ar\/tosco50\/wp-json\/wp\/v2\/comments?post=183"}],"version-history":[{"count":3,"href":"https:\/\/ffyh.unc.edu.ar\/tosco50\/wp-json\/wp\/v2\/pages\/183\/revisions"}],"predecessor-version":[{"id":245,"href":"https:\/\/ffyh.unc.edu.ar\/tosco50\/wp-json\/wp\/v2\/pages\/183\/revisions\/245"}],"wp:attachment":[{"href":"https:\/\/ffyh.unc.edu.ar\/tosco50\/wp-json\/wp\/v2\/media?parent=183"}],"curies":[{"name":"wp","href":"https:\/\/api.w.org\/{rel}","templated":true}]}}