{"id":22,"date":"2025-10-22T15:40:44","date_gmt":"2025-10-22T13:40:44","guid":{"rendered":"https:\/\/ffyh.unc.edu.ar\/tosco50\/?page_id=22"},"modified":"2025-11-05T13:31:13","modified_gmt":"2025-11-05T12:31:13","slug":"huellas-de-tosco-unc","status":"publish","type":"page","link":"https:\/\/ffyh.unc.edu.ar\/tosco50\/huellas-de-tosco-unc\/","title":{"rendered":"Huellas de Tosco"},"content":{"rendered":"<p><em>A lo largo de su historia reciente, la <strong data-start=\"761\" data-end=\"800\">Facultad de Filosof\u00eda y Humanidades<\/strong> ha sostenido una relaci\u00f3n profunda con la memoria de <strong data-start=\"854\" data-end=\"871\">Agust\u00edn Tosco<\/strong>, s\u00edmbolo del compromiso social y la defensa de los derechos de trabajadores y trabajadoras. En el texto que sigue, <strong data-start=\"987\" data-end=\"1006\">M\u00f3nica Gordillo<\/strong> reconstruye, a partir de resoluciones y documentos institucionales, las distintas acciones que mantuvieron vivo su legado dentro del \u00e1mbito universitario.<\/em><\/p>\n<p>Haciendo Clic en las im\u00e1genes de las resoluciones puede descargarlas.<\/p>\n<h3 style=\"text-align: center\"><em>Acciones institucionales de la FFyH con relaci\u00f3n a la figura de Agust\u00edn Tosco<\/em><\/h3>\n<h5 style=\"text-align: center\"><em>Por M\u00f3nica Gordillo<\/em><\/h5>\n<hr \/>\n<h4 style=\"text-align: center\">Resoluciones del Honorable Consejo Directivo (HCD) de la Facultad de Filosof\u00eda y Humanidades<\/h4>\n<h5 style=\"text-align: center\"><em><strong>Archivo Central de la FFyH<\/strong><\/em><\/h5>\n<table style=\"border-collapse: collapse;width: 100%;height: 707px\">\n<tbody>\n<tr style=\"height: 507px\">\n<td style=\"width: 32.2592%;height: 507px\"><a href=\"http:\/\/ffyh.unc.edu.ar\/tosco50\/wp-content\/uploads\/sites\/53\/2025\/10\/Resoluc.-N.o-245-del-15.9.1997.-.pdf\" target=\"_blank\" rel=\"attachment noopener wp-att-204\"><img loading=\"lazy\" decoding=\"async\" class=\"alignnone wp-image-204\" src=\"http:\/\/ffyh.unc.edu.ar\/tosco50\/wp-content\/uploads\/sites\/53\/2025\/10\/huellas-240x300.jpg\" alt=\"\" width=\"400\" height=\"500\" srcset=\"https:\/\/ffyh.unc.edu.ar\/tosco50\/wp-content\/uploads\/sites\/53\/2025\/10\/huellas-240x300.jpg 240w, https:\/\/ffyh.unc.edu.ar\/tosco50\/wp-content\/uploads\/sites\/53\/2025\/10\/huellas-768x960.jpg 768w, https:\/\/ffyh.unc.edu.ar\/tosco50\/wp-content\/uploads\/sites\/53\/2025\/10\/huellas.jpg 800w\" sizes=\"auto, (max-width: 400px) 100vw, 400px\" \/><\/a><\/td>\n<td style=\"width: 67.7408%;height: 507px\">1) Resoluci\u00f3n N.\u00ba 245 del 15\/9\/1997. Expediente 12\/96\/03846. Colocaci\u00f3n del nombre al actual Pabell\u00f3n Agust\u00edn Tosco. Iniciativa de alumnos, docentes y egresades de la Escuela de Historia.<\/td>\n<\/tr>\n<tr style=\"height: 48px\">\n<td style=\"width: 32.2592%;height: 48px\"><a href=\"http:\/\/ffyh.unc.edu.ar\/tosco50\/wp-content\/uploads\/sites\/53\/2025\/11\/EXP.-PROF.-MONICA-GORDILLO.pdf\" rel=\"attachment wp-att-328\"><img loading=\"lazy\" decoding=\"async\" class=\"alignnone wp-image-330\" src=\"http:\/\/ffyh.unc.edu.ar\/tosco50\/wp-content\/uploads\/sites\/53\/2025\/11\/18-1-240x300.jpg\" alt=\"\" width=\"400\" height=\"500\" srcset=\"https:\/\/ffyh.unc.edu.ar\/tosco50\/wp-content\/uploads\/sites\/53\/2025\/11\/18-1-240x300.jpg 240w, https:\/\/ffyh.unc.edu.ar\/tosco50\/wp-content\/uploads\/sites\/53\/2025\/11\/18-1-120x150.jpg 120w, https:\/\/ffyh.unc.edu.ar\/tosco50\/wp-content\/uploads\/sites\/53\/2025\/11\/18-1-768x960.jpg 768w, https:\/\/ffyh.unc.edu.ar\/tosco50\/wp-content\/uploads\/sites\/53\/2025\/11\/18-1.jpg 800w\" sizes=\"auto, (max-width: 400px) 100vw, 400px\" \/><\/a><\/td>\n<td style=\"width: 67.7408%;height: 48px\">2) Resoluci\u00f3n N.\u00ba 18 del 9\/3\/1998. Expediente 12\/98\/07606. Creaci\u00f3n de la c\u00e1tedra \u201cAgust\u00edn Tosco\u201d en la FFyH bajo el r\u00e9gimen de docencia libre, a cargo de Vicente Zito Lema y Pablo Pozzi, en el primer cuatrimestre de 1998.<\/td>\n<\/tr>\n<tr style=\"height: 48px\">\n<td style=\"width: 32.2592%;height: 48px\"><a href=\"http:\/\/ffyh.unc.edu.ar\/tosco50\/wp-content\/uploads\/sites\/53\/2025\/10\/Resoluc.-556-del-21.11.2005.pdf\" target=\"_blank\" rel=\"attachment noopener wp-att-206\"><img loading=\"lazy\" decoding=\"async\" class=\"alignnone wp-image-206\" src=\"http:\/\/ffyh.unc.edu.ar\/tosco50\/wp-content\/uploads\/sites\/53\/2025\/10\/556-240x300.jpg\" alt=\"\" width=\"400\" height=\"500\" srcset=\"https:\/\/ffyh.unc.edu.ar\/tosco50\/wp-content\/uploads\/sites\/53\/2025\/10\/556-240x300.jpg 240w, https:\/\/ffyh.unc.edu.ar\/tosco50\/wp-content\/uploads\/sites\/53\/2025\/10\/556-768x960.jpg 768w, https:\/\/ffyh.unc.edu.ar\/tosco50\/wp-content\/uploads\/sites\/53\/2025\/10\/556.jpg 800w\" sizes=\"auto, (max-width: 400px) 100vw, 400px\" \/><\/a><\/td>\n<td style=\"width: 67.7408%;height: 48px\">3) Resoluci\u00f3n N.\u00ba 556 del 21\/11\/2005. Expediente 12\/05\/34378. Adhesi\u00f3n al homenaje a Agust\u00edn Tosco a los 30 a\u00f1os de su fallecimiento, colocaci\u00f3n de la placa en el Pabell\u00f3n.<\/td>\n<\/tr>\n<tr style=\"height: 80px\">\n<td style=\"width: 32.2592%;height: 80px\"><a href=\"http:\/\/ffyh.unc.edu.ar\/tosco50\/wp-content\/uploads\/sites\/53\/2025\/10\/Resolucion-N.o-7-del-HCD-el-25.2.2008.pdf\" target=\"_blank\" rel=\"attachment noopener wp-att-207\"><img loading=\"lazy\" decoding=\"async\" class=\"alignnone wp-image-207\" src=\"http:\/\/ffyh.unc.edu.ar\/tosco50\/wp-content\/uploads\/sites\/53\/2025\/10\/7-240x300.jpg\" alt=\"\" width=\"400\" height=\"500\" srcset=\"https:\/\/ffyh.unc.edu.ar\/tosco50\/wp-content\/uploads\/sites\/53\/2025\/10\/7-240x300.jpg 240w, https:\/\/ffyh.unc.edu.ar\/tosco50\/wp-content\/uploads\/sites\/53\/2025\/10\/7-768x960.jpg 768w, https:\/\/ffyh.unc.edu.ar\/tosco50\/wp-content\/uploads\/sites\/53\/2025\/10\/7.jpg 800w\" sizes=\"auto, (max-width: 400px) 100vw, 400px\" \/><\/a><\/td>\n<td style=\"width: 67.7408%;height: 80px\">4) Resoluci\u00f3n N.\u00ba 7 del 25\/2\/2008. Expediente 12\/07\/39757. Colocaci\u00f3n del nombre Cordobazo a la calle que pasa frente al Pabell\u00f3n Espa\u00f1a. Iniciativa de la Escuela de Letras, en el marco de la Comisi\u00f3n de Homenaje de los 60 a\u00f1os de la FFyH.<\/td>\n<\/tr>\n<tr style=\"height: 24px\">\n<td style=\"width: 32.2592%;height: 24px\"><a href=\"http:\/\/ffyh.unc.edu.ar\/tosco50\/wp-content\/uploads\/sites\/53\/2025\/10\/RES_381_2013.pdf\" target=\"_blank\" rel=\"attachment noopener wp-att-208\"><img loading=\"lazy\" decoding=\"async\" class=\"alignnone wp-image-208\" src=\"http:\/\/ffyh.unc.edu.ar\/tosco50\/wp-content\/uploads\/sites\/53\/2025\/10\/381-240x300.jpg\" alt=\"\" width=\"400\" height=\"500\" srcset=\"https:\/\/ffyh.unc.edu.ar\/tosco50\/wp-content\/uploads\/sites\/53\/2025\/10\/381-240x300.jpg 240w, https:\/\/ffyh.unc.edu.ar\/tosco50\/wp-content\/uploads\/sites\/53\/2025\/10\/381-768x960.jpg 768w, https:\/\/ffyh.unc.edu.ar\/tosco50\/wp-content\/uploads\/sites\/53\/2025\/10\/381.jpg 800w\" sizes=\"auto, (max-width: 400px) 100vw, 400px\" \/><\/a><\/td>\n<td style=\"width: 67.7408%;height: 24px\">5) Resoluci\u00f3n N.\u00ba 381 del 24\/4\/2013 Reconocimiento del Seminario \u201cTosco vive. Vigencia del pensamiento de Agust\u00edn Tosco\u201d como actividad de extensi\u00f3n realizada entre los meses de agosto y noviembre del 2012.<\/td>\n<\/tr>\n<\/tbody>\n<\/table>\n<h4 style=\"text-align: center\"><strong>Breve s\u00edntesis de la tramitaci\u00f3n de los Expedientes<\/strong><\/h4>\n<p>1) El 19\/8\/1996, un colectivo conformado por estudiantes, docentes y egresades de la Escuela de Historia elev\u00f3 una nota a la Directora de la Escuela de Historia, Norma Galv\u00e1n, y por su intermedio al HCD de la Facultad, solicitando cambiar el nombre del Pabell\u00f3n Espa\u00f1a donde funciona la Escuela por el de Agust\u00edn Tosco, con motivo de cumplirse el 5 de noviembre un nuevo aniversario de su fallecimiento. Se destacaba como fundamento que su accionar hab\u00eda trascendido el campo gremial para convertirlo en un referente en el orden social y pol\u00edtico y, por lo tanto, en un personaje hist\u00f3rico merecedor del reconocimiento de la sociedad, en particular, de la comunidad universitaria.<\/p>\n<p>La solicitud fue acompa\u00f1ada con notas en apoyo de la iniciativa de distintos referentes de gremios y profesiones (por ejemplo de trabajadores, comisiones directivas y delegados de la Direcci\u00f3n de Aguas Sanitaris, Sindicato del Personal de Obras Sanitarias, Central de Trabajadores de la Argentina, Asociaci\u00f3n de Trabajadores del Estado, Uni\u00f3n de Educadores de la Provincia de C\u00f3rdoba), abogados, \u201cUni\u00f3n de Trabajadores de Luz y Fuerza\u201d (entre los que est\u00e1n Juan Leyr\u00eda y S\u00faarez). Tambi\u00e9n adhirieron HIJOS, la Coordinadora Antirrepresiva de C\u00f3rdoba y Abuelas de Plaza de Mayo Filial C\u00f3rdoba. Con fecha 13 de septiembre adhirieron ,Griselda Ferreyra y Santiago Mart\u00ednez, Presidenta y Secretario General del Centro de Estudiantes de la FFYH; Fernando Gonz\u00e1lez, Presidente del Centro de Estudiantes de la Escuela de Ciencias de la Informaci\u00f3n; Roxana Bustos (ECI), concialiaria estudiantil en el Honorable Consejo Superior (HCS) de la UNC); Gabriela Gonz\u00e1lez Ramos del Centro de Estudiantes de la Escuela de Trabajo Social y Claudio Rodas, Secretario General del Centro de Estudiantes de la Facultad de Matem\u00e1ticas, Astronom\u00eda y F\u00edsica y conciliario estudiantil en el el Honorable Consejo Superior de la UNC.<\/p>\n<p>El 6 de noviembre de ese a\u00f1o, la directora de la Escuela, Ana In\u00e9s Punta, elev\u00f3 al HCD la resoluci\u00f3n del Consejo de Historia por la que se avalaba la propuesta por mayor\u00eda (5 votos a favor y dos en contra).<\/p>\n<p>En ese mismo mes, el Centro de Estudiantes y la Secretar\u00eda de Asuntos Estudiantiles de la FFyH, en conjunto con la Cooperativa Integral Regional (COOPI) de Villa Carlos Paz, organizaron paneles de discusi\u00f3n en el Pabell\u00f3n Espa\u00f1a, los d\u00edas 14 y 15 de noviembre con una gran concurrencia.<\/p>\n<p>Finalmente el 15 de septiembre de 1997 se aprob\u00f3 la resoluci\u00f3n que otorgaba el nombre de Agust\u00edn Tosco al pabell\u00f3n conocido como Bater\u00edas C cuando \u00e9ste fuera inaugurado.<\/p>\n<p>2) El 20 de febrero de 1998 un grupo de estudiantes y egresados de la FFyH y de la Escuela de Ciencias de la Informaci\u00f3n, en conjunto con la Secretar\u00eda de Prensa del Sindicato de Luz y Fuerza de C\u00f3rdoba (SLyF), elev\u00f3 al HCD el proyecto de creaci\u00f3n de la c\u00e1tedra libre Agust\u00edn Tosco, adjuntando un programa con los fundamentos de su creaci\u00f3n. La solicitud fue firmada por Jorge Astrada, Secretario de Prensa del SlyF, Oscar \u00c1lvarez ex integrante del Consejo Directivo del SlyF, Cecilia Merch\u00e1n, Licenciada en Comunicaci\u00f3n Social y Adri\u00e1n Jaime, estudiante de Cine y TV. En el Expediente N.\u00ba 12\/98\/07606 se propon\u00eda como docentes encargados a Vicente Zito Lima y Pablo Pozzi para desarrollar la materia en el primer cuatrimestre de ese a\u00f1o lectivo. El 9 de marzo de 1998 se aprob\u00f3 su creaci\u00f3n.<\/p>\n<p>3) El HCD de la FFyH adhiri\u00f3 a la Resoluci\u00f3n del HCS de la UNC que dispuso realizar un acto de conmemoraci\u00f3n al cumplirse los treinta a\u00f1os del fallecimiento de Agust\u00edn Tosco y concedi\u00f3 a la decana, Liliana Aguiar, todo el apoyo necesario para cumplimentar el acto de homenaje.<\/p>\n<p>4) La Comisi\u00f3n de Homenaje por los 60 a\u00f1os de la FFyH invit\u00f3 a sus Escuelas a enviar propuestas de nombre para sus tres calles internas: 1) desde la laguna de los patos a la Avenida Medina Allende; 2) desde el pabell\u00f3n Residencial al Pabell\u00f3n Francia y 3) desde el teatrino a la laguna de los patos. El 4 de octubre de 2007 se elevaron al HCD las propuestas recibidas que fueron: para la primera la Escuela de Letras propuso los nombres de El Cordobazo y V\u00eda de los Fil\u00f3sofos; la de Archivolog\u00eda el nombre de Aurelio Tanodi; la de Ciencias de la Educaci\u00f3n el de Adelmo Montenegro y la de Artes V\u00eda de las Artes. Para la segunda, la Escuela de Letras eligi\u00f3 Mar\u00eda Saleme y V\u00eda de los poetas; la de Ciencias de la Educaci\u00f3n propuso el nombre de Mar\u00eda Saleme. Para la tercera, la Escuela de Letras sugiri\u00f3 como nombres La Reforma y V\u00eda de los artistas. (F.1 Expediente 12\/07\/39757).<\/p>\n<p>Las propuestas fueron giradas a la Comisi\u00f3n de Homenaje que finalmente propuso: Cordobazo; V\u00eda de las Humanidades y V\u00eda de las Artes. Estos nombres fueron aprobados por resoluci\u00f3n del 6 de mayo de 2008.<\/p>\n<h4 style=\"text-align: center\"><strong>Resoluciones Rectorales y del HCS UNC<\/strong><\/h4>\n<table style=\"border-collapse: collapse;width: 100%\">\n<tbody>\n<tr>\n<td style=\"width: 29.7972%\"><a href=\"http:\/\/ffyh.unc.edu.ar\/tosco50\/wp-content\/uploads\/sites\/53\/2025\/10\/RR_2070_2015.pdf\" target=\"_blank\" rel=\"attachment noopener wp-att-233\"><img loading=\"lazy\" decoding=\"async\" class=\"alignnone wp-image-233\" src=\"http:\/\/ffyh.unc.edu.ar\/tosco50\/wp-content\/uploads\/sites\/53\/2025\/10\/2070-240x300.jpg\" alt=\"\" width=\"400\" height=\"500\" srcset=\"https:\/\/ffyh.unc.edu.ar\/tosco50\/wp-content\/uploads\/sites\/53\/2025\/10\/2070-240x300.jpg 240w, https:\/\/ffyh.unc.edu.ar\/tosco50\/wp-content\/uploads\/sites\/53\/2025\/10\/2070-768x960.jpg 768w, https:\/\/ffyh.unc.edu.ar\/tosco50\/wp-content\/uploads\/sites\/53\/2025\/10\/2070.jpg 800w\" sizes=\"auto, (max-width: 400px) 100vw, 400px\" \/><\/a><\/td>\n<td style=\"width: 70.2028%\">1) Resoluci\u00f3n Rectoral N.\u00ba 2070 del 22\/10\/2015, firmada por el Rector Francisco Tamarit, por la que se declara de inter\u00e9s universitario el Concurso de Pintura Mural \u201c40 a\u00f1os en 40 murales\u201d, atento a lo propuesto por Resoluci\u00f3n del HCD de la Facultad de Artes N.\u00ba 294\/15, y lo dispuesto por RHCS N\u00b0 344\/99, con motivo de cumplirse el 40\u00b0 aniversario de la muerte de Agust\u00edn Tosco<\/td>\n<\/tr>\n<tr>\n<td style=\"width: 29.7972%\"><a href=\"http:\/\/ffyh.unc.edu.ar\/tosco50\/wp-content\/uploads\/sites\/53\/2025\/10\/DHCS_9_2018.pdf\" target=\"_blank\" rel=\"attachment noopener wp-att-236\"><img loading=\"lazy\" decoding=\"async\" class=\"alignnone wp-image-236\" src=\"http:\/\/ffyh.unc.edu.ar\/tosco50\/wp-content\/uploads\/sites\/53\/2025\/10\/9-240x300.jpg\" alt=\"\" width=\"400\" height=\"500\" srcset=\"https:\/\/ffyh.unc.edu.ar\/tosco50\/wp-content\/uploads\/sites\/53\/2025\/10\/9-240x300.jpg 240w, https:\/\/ffyh.unc.edu.ar\/tosco50\/wp-content\/uploads\/sites\/53\/2025\/10\/9-768x960.jpg 768w, https:\/\/ffyh.unc.edu.ar\/tosco50\/wp-content\/uploads\/sites\/53\/2025\/10\/9.jpg 800w\" sizes=\"auto, (max-width: 400px) 100vw, 400px\" \/><\/a><\/td>\n<td style=\"width: 70.2028%\">2) Declaraci\u00f3n H. Consejo Superior N.\u00ba DHCS-2018-9-E-UNC-REC, del 22\/5\/2018, firmada por el Vicerrector Ram\u00f3n Yanzi Ferreira, con motivo de cumplirse el 88\u00b0 aniversario del nacimiento de Agust\u00edn Tosco. Referencia: CUDAP: EXP-UNC:0027636\/2018<\/td>\n<\/tr>\n<\/tbody>\n<\/table>\n<p>&nbsp;<\/p>\n<p>&nbsp;<\/p>\n","protected":false},"excerpt":{"rendered":"<p>A lo largo de su historia reciente, la Facultad de Filosof\u00eda y Humanidades ha sostenido una relaci\u00f3n profunda con la<\/p>\n","protected":false},"author":3,"featured_media":0,"parent":0,"menu_order":0,"comment_status":"closed","ping_status":"closed","template":"","meta":{"_acf_changed":false,"colormag_page_container_layout":"default_layout","colormag_page_sidebar_layout":"default_layout","footnotes":""},"class_list":["post-22","page","type-page","status-publish","hentry"],"acf":[],"yoast_head":"<!-- This site is optimized with the Yoast SEO plugin v27.1.1 - https:\/\/yoast.com\/product\/yoast-seo-wordpress\/ -->\n<title>Huellas de Tosco - Agust\u00edn Tosco | A 50 a\u00f1os de su fallecimiento<\/title>\n<meta name=\"robots\" content=\"index, follow, max-snippet:-1, max-image-preview:large, max-video-preview:-1\" \/>\n<link rel=\"canonical\" href=\"https:\/\/ffyh.unc.edu.ar\/tosco50\/huellas-de-tosco-unc\/\" \/>\n<meta property=\"og:locale\" content=\"es_ES\" \/>\n<meta property=\"og:type\" content=\"article\" \/>\n<meta property=\"og:title\" content=\"Huellas de Tosco - Agust\u00edn Tosco | A 50 a\u00f1os de su fallecimiento\" \/>\n<meta property=\"og:description\" content=\"A lo largo de su historia reciente, la Facultad de Filosof\u00eda y Humanidades ha sostenido una relaci\u00f3n profunda con la\" \/>\n<meta property=\"og:url\" content=\"https:\/\/ffyh.unc.edu.ar\/tosco50\/huellas-de-tosco-unc\/\" \/>\n<meta property=\"og:site_name\" content=\"Agust\u00edn Tosco | A 50 a\u00f1os de su fallecimiento\" \/>\n<meta property=\"article:publisher\" content=\"https:\/\/www.facebook.com\/ffyh.unc\/\" \/>\n<meta property=\"article:modified_time\" content=\"2025-11-05T12:31:13+00:00\" \/>\n<meta property=\"og:image\" content=\"https:\/\/ffyh.unc.edu.ar\/tosco50\/wp-content\/uploads\/sites\/53\/2025\/10\/huellas.jpg\" \/>\n\t<meta property=\"og:image:width\" content=\"800\" \/>\n\t<meta property=\"og:image:height\" content=\"1000\" \/>\n\t<meta property=\"og:image:type\" content=\"image\/jpeg\" \/>\n<meta name=\"twitter:card\" content=\"summary_large_image\" \/>\n<meta name=\"twitter:label1\" content=\"Tiempo de lectura\" \/>\n\t<meta name=\"twitter:data1\" content=\"7 minutos\" \/>\n<script type=\"application\/ld+json\" class=\"yoast-schema-graph\">{\"@context\":\"https:\/\/schema.org\",\"@graph\":[{\"@type\":\"WebPage\",\"@id\":\"https:\/\/ffyh.unc.edu.ar\/tosco50\/huellas-de-tosco-unc\/\",\"url\":\"https:\/\/ffyh.unc.edu.ar\/tosco50\/huellas-de-tosco-unc\/\",\"name\":\"Huellas de Tosco - Agust\u00edn Tosco | A 50 a\u00f1os de su fallecimiento\",\"isPartOf\":{\"@id\":\"https:\/\/ffyh.unc.edu.ar\/tosco50\/#website\"},\"primaryImageOfPage\":{\"@id\":\"https:\/\/ffyh.unc.edu.ar\/tosco50\/huellas-de-tosco-unc\/#primaryimage\"},\"image\":{\"@id\":\"https:\/\/ffyh.unc.edu.ar\/tosco50\/huellas-de-tosco-unc\/#primaryimage\"},\"thumbnailUrl\":\"http:\/\/ffyh.unc.edu.ar\/tosco50\/wp-content\/uploads\/sites\/53\/2025\/10\/huellas-240x300.jpg\",\"datePublished\":\"2025-10-22T13:40:44+00:00\",\"dateModified\":\"2025-11-05T12:31:13+00:00\",\"breadcrumb\":{\"@id\":\"https:\/\/ffyh.unc.edu.ar\/tosco50\/huellas-de-tosco-unc\/#breadcrumb\"},\"inLanguage\":\"es\",\"potentialAction\":[{\"@type\":\"ReadAction\",\"target\":[\"https:\/\/ffyh.unc.edu.ar\/tosco50\/huellas-de-tosco-unc\/\"]}]},{\"@type\":\"ImageObject\",\"inLanguage\":\"es\",\"@id\":\"https:\/\/ffyh.unc.edu.ar\/tosco50\/huellas-de-tosco-unc\/#primaryimage\",\"url\":\"https:\/\/ffyh.unc.edu.ar\/tosco50\/wp-content\/uploads\/sites\/53\/2025\/10\/huellas.jpg\",\"contentUrl\":\"https:\/\/ffyh.unc.edu.ar\/tosco50\/wp-content\/uploads\/sites\/53\/2025\/10\/huellas.jpg\",\"width\":800,\"height\":1000},{\"@type\":\"BreadcrumbList\",\"@id\":\"https:\/\/ffyh.unc.edu.ar\/tosco50\/huellas-de-tosco-unc\/#breadcrumb\",\"itemListElement\":[{\"@type\":\"ListItem\",\"position\":1,\"name\":\"Portada\",\"item\":\"https:\/\/ffyh.unc.edu.ar\/tosco50\/\"},{\"@type\":\"ListItem\",\"position\":2,\"name\":\"Huellas de Tosco\"}]},{\"@type\":\"WebSite\",\"@id\":\"https:\/\/ffyh.unc.edu.ar\/tosco50\/#website\",\"url\":\"https:\/\/ffyh.unc.edu.ar\/tosco50\/\",\"name\":\"Agust\u00edn Tosco | A 50 a\u00f1os de su fallecimiento\",\"description\":\"\",\"potentialAction\":[{\"@type\":\"SearchAction\",\"target\":{\"@type\":\"EntryPoint\",\"urlTemplate\":\"https:\/\/ffyh.unc.edu.ar\/tosco50\/?s={search_term_string}\"},\"query-input\":{\"@type\":\"PropertyValueSpecification\",\"valueRequired\":true,\"valueName\":\"search_term_string\"}}],\"inLanguage\":\"es\"}]}<\/script>\n<!-- \/ Yoast SEO plugin. -->","yoast_head_json":{"title":"Huellas de Tosco - Agust\u00edn Tosco | A 50 a\u00f1os de su fallecimiento","robots":{"index":"index","follow":"follow","max-snippet":"max-snippet:-1","max-image-preview":"max-image-preview:large","max-video-preview":"max-video-preview:-1"},"canonical":"https:\/\/ffyh.unc.edu.ar\/tosco50\/huellas-de-tosco-unc\/","og_locale":"es_ES","og_type":"article","og_title":"Huellas de Tosco - Agust\u00edn Tosco | A 50 a\u00f1os de su fallecimiento","og_description":"A lo largo de su historia reciente, la Facultad de Filosof\u00eda y Humanidades ha sostenido una relaci\u00f3n profunda con la","og_url":"https:\/\/ffyh.unc.edu.ar\/tosco50\/huellas-de-tosco-unc\/","og_site_name":"Agust\u00edn Tosco | A 50 a\u00f1os de su fallecimiento","article_publisher":"https:\/\/www.facebook.com\/ffyh.unc\/","article_modified_time":"2025-11-05T12:31:13+00:00","og_image":[{"width":800,"height":1000,"url":"https:\/\/ffyh.unc.edu.ar\/tosco50\/wp-content\/uploads\/sites\/53\/2025\/10\/huellas.jpg","type":"image\/jpeg"}],"twitter_card":"summary_large_image","twitter_misc":{"Tiempo de lectura":"7 minutos"},"schema":{"@context":"https:\/\/schema.org","@graph":[{"@type":"WebPage","@id":"https:\/\/ffyh.unc.edu.ar\/tosco50\/huellas-de-tosco-unc\/","url":"https:\/\/ffyh.unc.edu.ar\/tosco50\/huellas-de-tosco-unc\/","name":"Huellas de Tosco - Agust\u00edn Tosco | A 50 a\u00f1os de su fallecimiento","isPartOf":{"@id":"https:\/\/ffyh.unc.edu.ar\/tosco50\/#website"},"primaryImageOfPage":{"@id":"https:\/\/ffyh.unc.edu.ar\/tosco50\/huellas-de-tosco-unc\/#primaryimage"},"image":{"@id":"https:\/\/ffyh.unc.edu.ar\/tosco50\/huellas-de-tosco-unc\/#primaryimage"},"thumbnailUrl":"http:\/\/ffyh.unc.edu.ar\/tosco50\/wp-content\/uploads\/sites\/53\/2025\/10\/huellas-240x300.jpg","datePublished":"2025-10-22T13:40:44+00:00","dateModified":"2025-11-05T12:31:13+00:00","breadcrumb":{"@id":"https:\/\/ffyh.unc.edu.ar\/tosco50\/huellas-de-tosco-unc\/#breadcrumb"},"inLanguage":"es","potentialAction":[{"@type":"ReadAction","target":["https:\/\/ffyh.unc.edu.ar\/tosco50\/huellas-de-tosco-unc\/"]}]},{"@type":"ImageObject","inLanguage":"es","@id":"https:\/\/ffyh.unc.edu.ar\/tosco50\/huellas-de-tosco-unc\/#primaryimage","url":"https:\/\/ffyh.unc.edu.ar\/tosco50\/wp-content\/uploads\/sites\/53\/2025\/10\/huellas.jpg","contentUrl":"https:\/\/ffyh.unc.edu.ar\/tosco50\/wp-content\/uploads\/sites\/53\/2025\/10\/huellas.jpg","width":800,"height":1000},{"@type":"BreadcrumbList","@id":"https:\/\/ffyh.unc.edu.ar\/tosco50\/huellas-de-tosco-unc\/#breadcrumb","itemListElement":[{"@type":"ListItem","position":1,"name":"Portada","item":"https:\/\/ffyh.unc.edu.ar\/tosco50\/"},{"@type":"ListItem","position":2,"name":"Huellas de Tosco"}]},{"@type":"WebSite","@id":"https:\/\/ffyh.unc.edu.ar\/tosco50\/#website","url":"https:\/\/ffyh.unc.edu.ar\/tosco50\/","name":"Agust\u00edn Tosco | A 50 a\u00f1os de su fallecimiento","description":"","potentialAction":[{"@type":"SearchAction","target":{"@type":"EntryPoint","urlTemplate":"https:\/\/ffyh.unc.edu.ar\/tosco50\/?s={search_term_string}"},"query-input":{"@type":"PropertyValueSpecification","valueRequired":true,"valueName":"search_term_string"}}],"inLanguage":"es"}]}},"_links":{"self":[{"href":"https:\/\/ffyh.unc.edu.ar\/tosco50\/wp-json\/wp\/v2\/pages\/22","targetHints":{"allow":["GET"]}}],"collection":[{"href":"https:\/\/ffyh.unc.edu.ar\/tosco50\/wp-json\/wp\/v2\/pages"}],"about":[{"href":"https:\/\/ffyh.unc.edu.ar\/tosco50\/wp-json\/wp\/v2\/types\/page"}],"author":[{"embeddable":true,"href":"https:\/\/ffyh.unc.edu.ar\/tosco50\/wp-json\/wp\/v2\/users\/3"}],"replies":[{"embeddable":true,"href":"https:\/\/ffyh.unc.edu.ar\/tosco50\/wp-json\/wp\/v2\/comments?post=22"}],"version-history":[{"count":33,"href":"https:\/\/ffyh.unc.edu.ar\/tosco50\/wp-json\/wp\/v2\/pages\/22\/revisions"}],"predecessor-version":[{"id":399,"href":"https:\/\/ffyh.unc.edu.ar\/tosco50\/wp-json\/wp\/v2\/pages\/22\/revisions\/399"}],"wp:attachment":[{"href":"https:\/\/ffyh.unc.edu.ar\/tosco50\/wp-json\/wp\/v2\/media?parent=22"}],"curies":[{"name":"wp","href":"https:\/\/api.w.org\/{rel}","templated":true}]}}