{"id":379,"date":"2025-11-04T14:30:49","date_gmt":"2025-11-04T13:30:49","guid":{"rendered":"https:\/\/ffyh.unc.edu.ar\/tosco50\/?page_id=379"},"modified":"2025-11-05T14:12:44","modified_gmt":"2025-11-05T13:12:44","slug":"tosco-en-la-biblio","status":"publish","type":"page","link":"https:\/\/ffyh.unc.edu.ar\/tosco50\/tosco-en-la-biblio\/","title":{"rendered":"Tosco en la biblio"},"content":{"rendered":"<p>Durante todo el mes de noviembre, en la sala Deodoro Roca de la biblioteca \u00abElma Kohlmeyer de Estrabou\u00bb, habr\u00e1 una vitrina dedicada a los libros con los que cuenta nuestra biblioteca y est\u00e1n relacionados con Agust\u00edn Tosco.<\/p>\n<style type=\"text\/css\">\n#foogallery-gallery-405.fg-masonry { --fg-gutter: 10px; }<\/style>\n\t\t\t<div class=\"foogallery foogallery-container foogallery-masonry foogallery-lightbox-foogallery fg-center fg-masonry fg-ready fg-light fg-border-medium fg-round-small fg-shadow-small fg-loading-default fg-loaded-fade-in fg-hover-semi-zoomed fg-captions-bottom fg-hover-fade fg-col3\" id=\"foogallery-gallery-405\" data-foogallery=\"{&quot;item&quot;:{&quot;showCaptionTitle&quot;:true,&quot;showCaptionDescription&quot;:true},&quot;lazy&quot;:true}\" data-foogallery-lightbox=\"{&quot;thumbs&quot;:&quot;bottom&quot;,&quot;thumbsCaptions&quot;:false,&quot;thumbsBestFit&quot;:false,&quot;thumbsSmall&quot;:false,&quot;thumbsCaptionsAlign&quot;:&quot;default&quot;,&quot;info&quot;:&quot;bottom&quot;,&quot;infoVisible&quot;:true,&quot;infoOverlay&quot;:true,&quot;infoAlign&quot;:&quot;default&quot;,&quot;transition&quot;:&quot;fade&quot;,&quot;hoverButtons&quot;:false,&quot;fitMedia&quot;:false,&quot;noScrollbars&quot;:true,&quot;preserveButtonSpace&quot;:true,&quot;buttons&quot;:{&quot;fullscreen&quot;:true,&quot;info&quot;:true,&quot;thumbs&quot;:false},&quot;video&quot;:{&quot;autoPlay&quot;:true}}\" style=\"--fg-title-line-clamp: 1; --fg-description-line-clamp: 2;\" >\n\t\t<div class=\"fg-column-width\"><\/div>\n\t<div class=\"fg-gutter-width\"><\/div>\n\t\t<div class=\"fg-item fg-type-image fg-idle\"><figure class=\"fg-item-inner\"><a href=\"https:\/\/ffyh.unc.edu.ar\/tosco50\/wp-content\/uploads\/sites\/53\/2025\/11\/vitrina-03-scaled.jpg\" data-attachment-id=\"404\" data-type=\"image\" class=\"fg-thumb\"><span class=\"fg-image-wrap\"><img fetchpriority=\"high\" decoding=\"async\" width=\"400\" height=\"300\" class=\"skip-lazy fg-image\" data-src-fg=\"https:\/\/ffyh.unc.edu.ar\/tosco50\/wp-content\/uploads\/sites\/53\/cache\/2025\/11\/vitrina-03-scaled\/4060888218.jpg\" src=\"data:image\/svg+xml,%3Csvg%20xmlns%3D%22http%3A%2F%2Fwww.w3.org%2F2000%2Fsvg%22%20width%3D%22400%22%20height%3D%22300%22%20viewBox%3D%220%200%20400%20300%22%3E%3C%2Fsvg%3E\" loading=\"eager\"><\/span><span class=\"fg-image-overlay\"><\/span><\/a><\/figure><div class=\"fg-loader\"><\/div><\/div><div class=\"fg-item fg-type-image fg-idle\"><figure class=\"fg-item-inner\"><a href=\"https:\/\/ffyh.unc.edu.ar\/tosco50\/wp-content\/uploads\/sites\/53\/2025\/11\/vitrina-02-scaled.jpg\" data-attachment-id=\"403\" data-type=\"image\" class=\"fg-thumb\"><span class=\"fg-image-wrap\"><img decoding=\"async\" width=\"400\" height=\"300\" class=\"skip-lazy fg-image\" data-src-fg=\"https:\/\/ffyh.unc.edu.ar\/tosco50\/wp-content\/uploads\/sites\/53\/cache\/2025\/11\/vitrina-02-scaled\/2575892685.jpg\" src=\"data:image\/svg+xml,%3Csvg%20xmlns%3D%22http%3A%2F%2Fwww.w3.org%2F2000%2Fsvg%22%20width%3D%22400%22%20height%3D%22300%22%20viewBox%3D%220%200%20400%20300%22%3E%3C%2Fsvg%3E\" loading=\"eager\"><\/span><span class=\"fg-image-overlay\"><\/span><\/a><\/figure><div class=\"fg-loader\"><\/div><\/div><div class=\"fg-item fg-type-image fg-idle\"><figure class=\"fg-item-inner\"><a href=\"https:\/\/ffyh.unc.edu.ar\/tosco50\/wp-content\/uploads\/sites\/53\/2025\/11\/vitrina-01-scaled.jpg\" data-attachment-id=\"402\" data-type=\"image\" class=\"fg-thumb\"><span class=\"fg-image-wrap\"><img decoding=\"async\" width=\"400\" height=\"300\" class=\"skip-lazy fg-image\" data-src-fg=\"https:\/\/ffyh.unc.edu.ar\/tosco50\/wp-content\/uploads\/sites\/53\/cache\/2025\/11\/vitrina-01-scaled\/3863018534.jpg\" src=\"data:image\/svg+xml,%3Csvg%20xmlns%3D%22http%3A%2F%2Fwww.w3.org%2F2000%2Fsvg%22%20width%3D%22400%22%20height%3D%22300%22%20viewBox%3D%220%200%20400%20300%22%3E%3C%2Fsvg%3E\" loading=\"eager\"><\/span><span class=\"fg-image-overlay\"><\/span><\/a><\/figure><div class=\"fg-loader\"><\/div><\/div><\/div>\n<p>Aqu\u00ed compartimos esa n\u00f3mina de publicaciones exhibidas.<\/p>\n<p>\u2022 Agust\u00edn Tosco : vida y circunstancia \u2013 Por: Lusardi, Doralice<br \/>\n\u2022 Agust\u00edn Tosco : escritos y discursos \u2013 Colaborador(es): Lannot, Jorge O [selecci\u00f3n], Amantea, Adriana [selecci\u00f3n] y Sguiglia, Eduardo [selecci\u00f3n]<br \/>\n\u2022 Agust\u00edn Tosco : textos reunidos \u2013 Colaborador(es): Gordillo, M\u00f3nica Beatriz, Arriaga, Ana Elisa y Camarero, Hern\u00e1n<br \/>\n\u2022 Agust\u00edn Tosco, conducta de un dirigente obrero \u2013 Colaborador(es): Lannot, Jorge O , Amantea, Adriana y Sguiglia, Eduardo<br \/>\n\u2022 Argentina : de factor\u00eda agropecuaria a neodependencia industrial \u2013 Por: Aldao, Andr\u00e9s<br \/>\n\u2022 CGT de los Argentinos : por una patria justa, libre y soberana, la patria socialista : s\u00f3lo el pueblo salvar\u00e1 al pueblo \u2013 Colaborador(es): Ongaro, Raimundo, 1924- [compilador]<br \/>\n\u2022 Clase obrera, sindicatos y Estado : Argentina [1955-2010] \u2013 Colaborador(es): Schneider, Alejandro [compilador] y Ghigliani, Pablo [compilador]<br \/>\n\u2022 C\u00f3rdoba en los &#8217;60 : la experiencia del sindicalismo combativo \u2013 Por: Gordillo, M\u00f3nica Beatriz<br \/>\n\u2022 C\u00f3rdoba historias sencillas : y sus complejos protagonistas \u2013 Por: Lusardi, Doralice<br \/>\n\u2022 C\u00f3rdoba obrera : el sindicato en la f\u00e1brica, 1968-1973 \u2013 Por: Mignon, Carlos<br \/>\n\u2022 C\u00f3rdoba rebelde : el Cordobazo, el clasismo y la movilizaci\u00f3n social \u2013 Por: Brennan, James<br \/>\n\u2022 Crisis y protesta social : C\u00f3rdoba 1969 \u2013 Por: Delich, Francisco Jos\u00e9<br \/>\n\u2022 Cuadernos de Historia : Serie Econom\u00eda y Sociedad \/ Universidad Nacional de C\u00f3rdoba, Facultad de Filosof\u00eda y Humanidades, Centro de Investigaciones, \u00c1rea de Historia<br \/>\n\u2022 El Cordobazo \u2013 Por: Villar, Daniel<br \/>\n\u2022 El Cordobazo organizado : la historia sin mitos \u2013 Por: Torres, Elpidio<br \/>\n\u2022 El gobierno de Ongan\u00eda : cr\u00f3nica \u2013 Por: Bra, Gerardo<br \/>\n\u2022 Hablame de Tosco \u2013 Por: Carranza, Reyna<br \/>\n\u2022 Historias populares cordobesas \/ Ministerio de Gobierno, Coordinaci\u00f3n y Pol\u00edticas Regionales. Gobierno de la Provincia de C\u00f3rdoba.<br \/>\n\u2022 Insurgencia obrera en la Argentina, 1969-1976 : clasismo, coordinadoras interfabriles y estrategias de la izquierda \u2013 Ruth Werner y Facundo Aguirre.<br \/>\n\u2022 La larga historia de los saqueos en la Argentina : de la independencia a nuestros d\u00edas \u2013 Colaborador(es): Di Meglio, Gabriel, 1973- [compilador] y Serulnikov, Sergio, 1961- [compilador]<br \/>\n\u2022 Los ni\u00f1os del Cordobazo \u2013 Por: Gonz\u00e1lez, Juan Ignacio<br \/>\n\u2022 Lucha de calles, lucha de clases : elementos para su an\u00e1lisis, C\u00f3rdoba 1971-1969 \u2013 Colaborador(es): Balv\u00e9, Beba C y Marin, Juan Carlos<br \/>\n\u2022 Tosco : (teatro) 2013 \u2013 Por: Finzi, Alejandro<br \/>\n\u2022 Tosco-Rucci : el debate \u2013 V\u00e1zquez, Guillermo [editor, Comentarista]<br \/>\n\u2022 Un acontecimiento escurridizo : el Cordobazo : sentidos en disputa \u2013 Por: Garc\u00eda, Diego<br \/>\n\u2022 El 69 huelga pol\u00edtica de masas \u2013 Balv\u00e9, Beba C y Blave, Beatriz S.<br \/>\n\u2022 1969 : Protesta y liberaci\u00f3n \u2013 Gordillo M\u00f3nica<br \/>\n\u2022 [Agust\u00edn J. Tosco] : por la clase obrera y la liberaci\u00f3n nacional \u2013 Brennan, James<br \/>\n\u2022 El Cordobazo: memorias, testimonios , reflexiones \u2013 Bergstein, Jorge<br \/>\n\u2022 C\u00f3rdoba 1975 : Tosco o Lacabanne \u2013 Monest\u00e9s, Carlos<br \/>\n\u2022 Hacia un 2001 sindical : las contiendas contra la privatizaci\u00f3n de los servicios p\u00fablico en C\u00f3rdoba \u2013 Arriaga, Ana Elisa.<br \/>\n\u2022 Agust\u00edn Tosco y el sindicato de la luz y fuerza de C\u00f3rdoba : Ideario Pol\u00edtico \u2013 \u00c1lvarez, Oscar J.<\/p>\n<p>Esta vitrina fue producida por el personal de la biblioteca.<\/p>\n<p>&nbsp;<\/p>\n","protected":false},"excerpt":{"rendered":"<p>Durante todo el mes de noviembre, en la sala Deodoro Roca de la biblioteca \u00abElma Kohlmeyer de Estrabou\u00bb, habr\u00e1 una<\/p>\n","protected":false},"author":3,"featured_media":0,"parent":0,"menu_order":0,"comment_status":"closed","ping_status":"closed","template":"","meta":{"_acf_changed":false,"colormag_page_container_layout":"default_layout","colormag_page_sidebar_layout":"default_layout","footnotes":""},"class_list":["post-379","page","type-page","status-publish","hentry"],"acf":[],"yoast_head":"<!-- This site is optimized with the Yoast SEO plugin v27.1.1 - https:\/\/yoast.com\/product\/yoast-seo-wordpress\/ -->\n<title>Tosco en la biblio - Agust\u00edn Tosco | A 50 a\u00f1os de su fallecimiento<\/title>\n<meta name=\"robots\" content=\"index, follow, max-snippet:-1, max-image-preview:large, max-video-preview:-1\" \/>\n<link rel=\"canonical\" href=\"https:\/\/ffyh.unc.edu.ar\/tosco50\/tosco-en-la-biblio\/\" \/>\n<meta property=\"og:locale\" content=\"es_ES\" \/>\n<meta property=\"og:type\" content=\"article\" \/>\n<meta property=\"og:title\" content=\"Tosco en la biblio - Agust\u00edn Tosco | A 50 a\u00f1os de su fallecimiento\" \/>\n<meta property=\"og:description\" content=\"Durante todo el mes de noviembre, en la sala Deodoro Roca de la biblioteca \u00abElma Kohlmeyer de Estrabou\u00bb, habr\u00e1 una\" \/>\n<meta property=\"og:url\" content=\"https:\/\/ffyh.unc.edu.ar\/tosco50\/tosco-en-la-biblio\/\" \/>\n<meta property=\"og:site_name\" content=\"Agust\u00edn Tosco | A 50 a\u00f1os de su fallecimiento\" \/>\n<meta property=\"article:publisher\" content=\"https:\/\/www.facebook.com\/ffyh.unc\/\" \/>\n<meta property=\"article:modified_time\" content=\"2025-11-05T13:12:44+00:00\" \/>\n<meta name=\"twitter:card\" content=\"summary_large_image\" \/>\n<meta name=\"twitter:label1\" content=\"Tiempo de lectura\" \/>\n\t<meta name=\"twitter:data1\" content=\"3 minutos\" \/>\n<script type=\"application\/ld+json\" class=\"yoast-schema-graph\">{\"@context\":\"https:\/\/schema.org\",\"@graph\":[{\"@type\":\"WebPage\",\"@id\":\"https:\/\/ffyh.unc.edu.ar\/tosco50\/tosco-en-la-biblio\/\",\"url\":\"https:\/\/ffyh.unc.edu.ar\/tosco50\/tosco-en-la-biblio\/\",\"name\":\"Tosco en la biblio - Agust\u00edn Tosco | A 50 a\u00f1os de su fallecimiento\",\"isPartOf\":{\"@id\":\"https:\/\/ffyh.unc.edu.ar\/tosco50\/#website\"},\"datePublished\":\"2025-11-04T13:30:49+00:00\",\"dateModified\":\"2025-11-05T13:12:44+00:00\",\"breadcrumb\":{\"@id\":\"https:\/\/ffyh.unc.edu.ar\/tosco50\/tosco-en-la-biblio\/#breadcrumb\"},\"inLanguage\":\"es\",\"potentialAction\":[{\"@type\":\"ReadAction\",\"target\":[\"https:\/\/ffyh.unc.edu.ar\/tosco50\/tosco-en-la-biblio\/\"]}]},{\"@type\":\"BreadcrumbList\",\"@id\":\"https:\/\/ffyh.unc.edu.ar\/tosco50\/tosco-en-la-biblio\/#breadcrumb\",\"itemListElement\":[{\"@type\":\"ListItem\",\"position\":1,\"name\":\"Portada\",\"item\":\"https:\/\/ffyh.unc.edu.ar\/tosco50\/\"},{\"@type\":\"ListItem\",\"position\":2,\"name\":\"Tosco en la biblio\"}]},{\"@type\":\"WebSite\",\"@id\":\"https:\/\/ffyh.unc.edu.ar\/tosco50\/#website\",\"url\":\"https:\/\/ffyh.unc.edu.ar\/tosco50\/\",\"name\":\"Agust\u00edn Tosco | A 50 a\u00f1os de su fallecimiento\",\"description\":\"\",\"potentialAction\":[{\"@type\":\"SearchAction\",\"target\":{\"@type\":\"EntryPoint\",\"urlTemplate\":\"https:\/\/ffyh.unc.edu.ar\/tosco50\/?s={search_term_string}\"},\"query-input\":{\"@type\":\"PropertyValueSpecification\",\"valueRequired\":true,\"valueName\":\"search_term_string\"}}],\"inLanguage\":\"es\"}]}<\/script>\n<!-- \/ Yoast SEO plugin. -->","yoast_head_json":{"title":"Tosco en la biblio - Agust\u00edn Tosco | A 50 a\u00f1os de su fallecimiento","robots":{"index":"index","follow":"follow","max-snippet":"max-snippet:-1","max-image-preview":"max-image-preview:large","max-video-preview":"max-video-preview:-1"},"canonical":"https:\/\/ffyh.unc.edu.ar\/tosco50\/tosco-en-la-biblio\/","og_locale":"es_ES","og_type":"article","og_title":"Tosco en la biblio - Agust\u00edn Tosco | A 50 a\u00f1os de su fallecimiento","og_description":"Durante todo el mes de noviembre, en la sala Deodoro Roca de la biblioteca \u00abElma Kohlmeyer de Estrabou\u00bb, habr\u00e1 una","og_url":"https:\/\/ffyh.unc.edu.ar\/tosco50\/tosco-en-la-biblio\/","og_site_name":"Agust\u00edn Tosco | A 50 a\u00f1os de su fallecimiento","article_publisher":"https:\/\/www.facebook.com\/ffyh.unc\/","article_modified_time":"2025-11-05T13:12:44+00:00","twitter_card":"summary_large_image","twitter_misc":{"Tiempo de lectura":"3 minutos"},"schema":{"@context":"https:\/\/schema.org","@graph":[{"@type":"WebPage","@id":"https:\/\/ffyh.unc.edu.ar\/tosco50\/tosco-en-la-biblio\/","url":"https:\/\/ffyh.unc.edu.ar\/tosco50\/tosco-en-la-biblio\/","name":"Tosco en la biblio - Agust\u00edn Tosco | A 50 a\u00f1os de su fallecimiento","isPartOf":{"@id":"https:\/\/ffyh.unc.edu.ar\/tosco50\/#website"},"datePublished":"2025-11-04T13:30:49+00:00","dateModified":"2025-11-05T13:12:44+00:00","breadcrumb":{"@id":"https:\/\/ffyh.unc.edu.ar\/tosco50\/tosco-en-la-biblio\/#breadcrumb"},"inLanguage":"es","potentialAction":[{"@type":"ReadAction","target":["https:\/\/ffyh.unc.edu.ar\/tosco50\/tosco-en-la-biblio\/"]}]},{"@type":"BreadcrumbList","@id":"https:\/\/ffyh.unc.edu.ar\/tosco50\/tosco-en-la-biblio\/#breadcrumb","itemListElement":[{"@type":"ListItem","position":1,"name":"Portada","item":"https:\/\/ffyh.unc.edu.ar\/tosco50\/"},{"@type":"ListItem","position":2,"name":"Tosco en la biblio"}]},{"@type":"WebSite","@id":"https:\/\/ffyh.unc.edu.ar\/tosco50\/#website","url":"https:\/\/ffyh.unc.edu.ar\/tosco50\/","name":"Agust\u00edn Tosco | A 50 a\u00f1os de su fallecimiento","description":"","potentialAction":[{"@type":"SearchAction","target":{"@type":"EntryPoint","urlTemplate":"https:\/\/ffyh.unc.edu.ar\/tosco50\/?s={search_term_string}"},"query-input":{"@type":"PropertyValueSpecification","valueRequired":true,"valueName":"search_term_string"}}],"inLanguage":"es"}]}},"_links":{"self":[{"href":"https:\/\/ffyh.unc.edu.ar\/tosco50\/wp-json\/wp\/v2\/pages\/379","targetHints":{"allow":["GET"]}}],"collection":[{"href":"https:\/\/ffyh.unc.edu.ar\/tosco50\/wp-json\/wp\/v2\/pages"}],"about":[{"href":"https:\/\/ffyh.unc.edu.ar\/tosco50\/wp-json\/wp\/v2\/types\/page"}],"author":[{"embeddable":true,"href":"https:\/\/ffyh.unc.edu.ar\/tosco50\/wp-json\/wp\/v2\/users\/3"}],"replies":[{"embeddable":true,"href":"https:\/\/ffyh.unc.edu.ar\/tosco50\/wp-json\/wp\/v2\/comments?post=379"}],"version-history":[{"count":6,"href":"https:\/\/ffyh.unc.edu.ar\/tosco50\/wp-json\/wp\/v2\/pages\/379\/revisions"}],"predecessor-version":[{"id":408,"href":"https:\/\/ffyh.unc.edu.ar\/tosco50\/wp-json\/wp\/v2\/pages\/379\/revisions\/408"}],"wp:attachment":[{"href":"https:\/\/ffyh.unc.edu.ar\/tosco50\/wp-json\/wp\/v2\/media?parent=379"}],"curies":[{"name":"wp","href":"https:\/\/api.w.org\/{rel}","templated":true}]}}